{"id":8266,"date":"2016-10-25T10:25:47","date_gmt":"2016-10-25T10:25:47","guid":{"rendered":"http:\/\/www.kunnskap.de\/?page_id=8266"},"modified":"2021-06-25T12:49:02","modified_gmt":"2021-06-25T10:49:02","slug":"gebrochener-termin","status":"publish","type":"page","link":"https:\/\/prudentwater.com\/en\/gebrochener-termin\/","title":{"rendered":"Gebrochener Termin"},"content":{"rendered":"<p>Ein gebrochener Termin ist ein F\u00e4lligkeitstag f\u00fcr ein Termingesch\u00e4ft, der zwischen den standardisierten Terminen liegt. Standardm\u00e4\u00dfig werden Terminkurse f\u00fcr 1, 2, 3, 6 und 12 Monate quotiert. Termine dazwischen werden somit als &#8216;gebrochen&#8217; bezeichnet. Die M\u00e4rkte f\u00fcr gebrochene Termine leiden oftmals aufgrund ihrer Seltenheit unter geringer Liquidit\u00e4t, weshalb die standardm\u00e4\u00dfigen Termine zu bevorzugen sind. Kommt es zu Diskrepanzen der F\u00e4lligkeiten des Kundengesch\u00e4ftes von Finanzinstituten, k\u00f6nnen diese durch kurzfristige Swapgesch\u00e4fte \u00fcberbr\u00fcckt werden. <\/p>\n","protected":false},"excerpt":{"rendered":"<p>Ein gebrochener Termin ist ein F\u00e4lligkeitstag f\u00fcr ein Termingesch\u00e4ft, der zwischen den standardisierten Terminen liegt. Standardm\u00e4\u00dfig werden Terminkurse f\u00fcr 1, 2, 3, 6 und 12 Monate quotiert. Termine dazwischen werden somit als &#8216;gebrochen&#8217; bezeichnet. Die M\u00e4rkte f\u00fcr gebrochene Termine leiden oftmals aufgrund ihrer Seltenheit unter geringer Liquidit\u00e4t, weshalb die standardm\u00e4\u00dfigen Termine zu bevorzugen sind. Kommt [&hellip;]<\/p>\n","protected":false},"author":1,"featured_media":0,"parent":0,"menu_order":0,"comment_status":"closed","ping_status":"closed","template":"","meta":{"site-sidebar-layout":"default","site-content-layout":"","ast-site-content-layout":"","site-content-style":"default","site-sidebar-style":"default","ast-global-header-display":"","ast-banner-title-visibility":"","ast-main-header-display":"","ast-hfb-above-header-display":"","ast-hfb-below-header-display":"","ast-hfb-mobile-header-display":"","site-post-title":"","ast-breadcrumbs-content":"","ast-featured-img":"","footer-sml-layout":"","theme-transparent-header-meta":"","adv-header-id-meta":"","stick-header-meta":"","header-above-stick-meta":"","header-main-stick-meta":"","header-below-stick-meta":"","astra-migrate-meta-layouts":"default","ast-page-background-enabled":"default","ast-page-background-meta":{"desktop":{"background-color":"","background-image":"","background-repeat":"repeat","background-position":"center center","background-size":"auto","background-attachment":"scroll","background-type":"","background-media":"","overlay-type":"","overlay-color":"","overlay-opacity":"","overlay-gradient":""},"tablet":{"background-color":"","background-image":"","background-repeat":"repeat","background-position":"center center","background-size":"auto","background-attachment":"scroll","background-type":"","background-media":"","overlay-type":"","overlay-color":"","overlay-opacity":"","overlay-gradient":""},"mobile":{"background-color":"","background-image":"","background-repeat":"repeat","background-position":"center center","background-size":"auto","background-attachment":"scroll","background-type":"","background-media":"","overlay-type":"","overlay-color":"","overlay-opacity":"","overlay-gradient":""}},"ast-content-background-meta":{"desktop":{"background-color":"var(--ast-global-color-5)","background-image":"","background-repeat":"repeat","background-position":"center center","background-size":"auto","background-attachment":"scroll","background-type":"","background-media":"","overlay-type":"","overlay-color":"","overlay-opacity":"","overlay-gradient":""},"tablet":{"background-color":"var(--ast-global-color-5)","background-image":"","background-repeat":"repeat","background-position":"center center","background-size":"auto","background-attachment":"scroll","background-type":"","background-media":"","overlay-type":"","overlay-color":"","overlay-opacity":"","overlay-gradient":""},"mobile":{"background-color":"var(--ast-global-color-5)","background-image":"","background-repeat":"repeat","background-position":"center center","background-size":"auto","background-attachment":"scroll","background-type":"","background-media":"","overlay-type":"","overlay-color":"","overlay-opacity":"","overlay-gradient":""}},"footnotes":""},"class_list":["post-8266","page","type-page","status-publish","hentry"],"translation":{"provider":"WPGlobus","version":"3.0.2","language":"en","enabled_languages":["de","en"],"languages":{"de":{"title":true,"content":true,"excerpt":false},"en":{"title":false,"content":false,"excerpt":false}}},"featured_image_urls_v2":{"full":"","thumbnail":"","medium":"","medium_large":"","large":"","1536x1536":"","2048x2048":""},"post_excerpt_stackable_v2":"<p>Ein gebrochener Termin ist ein F\u00e4lligkeitstag f\u00fcr ein Termingesch\u00e4ft, der zwischen den standardisierten Terminen liegt. Standardm\u00e4\u00dfig werden Terminkurse f\u00fcr 1, 2, 3, 6 und 12 Monate quotiert. Termine dazwischen werden somit als &#8216;gebrochen&#8217; bezeichnet. Die M\u00e4rkte f\u00fcr gebrochene Termine leiden oftmals aufgrund ihrer Seltenheit unter geringer Liquidit\u00e4t, weshalb die standardm\u00e4\u00dfigen Termine zu bevorzugen sind. Kommt es zu Diskrepanzen der F\u00e4lligkeiten des Kundengesch\u00e4ftes von Finanzinstituten, k\u00f6nnen diese durch kurzfristige Swapgesch\u00e4fte \u00fcberbr\u00fcckt werden.<\/p>\n","category_list_v2":"","author_info_v2":{"name":"PrudentWater","url":"https:\/\/prudentwater.com\/en\/author\/niklas33\/"},"comments_num_v2":"0 comments","_links":{"self":[{"href":"https:\/\/prudentwater.com\/en\/wp-json\/wp\/v2\/pages\/8266","targetHints":{"allow":["GET"]}}],"collection":[{"href":"https:\/\/prudentwater.com\/en\/wp-json\/wp\/v2\/pages"}],"about":[{"href":"https:\/\/prudentwater.com\/en\/wp-json\/wp\/v2\/types\/page"}],"author":[{"embeddable":true,"href":"https:\/\/prudentwater.com\/en\/wp-json\/wp\/v2\/users\/1"}],"replies":[{"embeddable":true,"href":"https:\/\/prudentwater.com\/en\/wp-json\/wp\/v2\/comments?post=8266"}],"version-history":[{"count":0,"href":"https:\/\/prudentwater.com\/en\/wp-json\/wp\/v2\/pages\/8266\/revisions"}],"wp:attachment":[{"href":"https:\/\/prudentwater.com\/en\/wp-json\/wp\/v2\/media?parent=8266"}],"curies":[{"name":"wp","href":"https:\/\/api.w.org\/{rel}","templated":true}]}}