{"id":827,"date":"2014-09-16T20:07:26","date_gmt":"2014-09-16T20:07:26","guid":{"rendered":"http:\/\/www.kunnskap.de\/?page_id=827"},"modified":"2021-06-25T12:49:34","modified_gmt":"2021-06-25T10:49:34","slug":"leverage-effekt","status":"publish","type":"page","link":"https:\/\/prudentwater.com\/en\/leverage-effekt\/","title":{"rendered":"Leverage Effekt"},"content":{"rendered":"<div class=\"perfect-pullquote vcard pullquote-align-full pullquote-border-placement-top\" style=\"font-size:21px !important;\"><blockquote><p style=\"font-size:21px !important;\">Der Leverage Effekt beschreibt die Steigerung der Eigenkapitalrendite durch die Aufnahme von kosteng\u00fcnstigem Fremdkapital. Voraussetzung daf\u00fcr ist jedoch, dass die Fremdkapitalkosten unter der erzielten Rendite jener Investition liegen, die mit dem zus\u00e4tzlich aufgenommenen Fremdkapital finanziert wurde.<\/p><\/blockquote><\/div>\n<h5>Erfolgreicher Leverage Effekt:<\/h5>\n<p>Gesamtrendite der Investition: 10 Prozent<br \/>\nFremdkapitalzins: 6 Prozent<br \/>\nKonsequenz: Steigerung der Eigenkapitalrendite<\/p>\n<hr>\n<h5>Gescheiterter Leverage Effekt:<\/h5>\n<p>Gesamtrendite der Investition: 4 Prozent<br \/>\nFremdkapitalzins: 7 Prozent<br \/>\nKonsequenz: Minderung der Eigenkapitalrendite<\/p>\n<hr>\n<h6>Zum Beispiel:<\/h6>\n<p>Eine Investition hat einen Wert von 100 Euro. 50 Euro wurden durch Eigenkapital, 50 Euro wurden durch Fremdkapital finanziert. Der Wert der Investition steigt nun um 10 Prozent p.a. auf 110 Euro. Liegt nun der Fremdkapitalzins bei 6 %, so sind auf das Fremdkapital von 50 Euro j\u00e4hrlich 3 Euro Zinsen zu bezahlen. Nach Abzug dieser Zinskosten liegt der Gewinn bei 7 Euro. Die Gesamtkapitalrendite liegt somit bei 7 %. Die Eigenkapitalrendite hingegen liegt bei 14 % (Gewinn \/ Eigenkapital = 7 \u20ac \/ 50 \u20ac = 14 %). H\u00e4tte man jedoch die Investition nur durch Eigenkapital (also 100 Euro Eigenkapital) finanziert, w\u00fcrde die Eigenkapitalrendite bei einem Gewinn von 10 Euro nur bei 10 % liegen. Durch die Aufnahme von Fremdkapital konnte somit durch eine Verringerung des Eigenkapitals die Eigenkapitalrendite gesteigert (gehebelt) werden.<\/p>\n<h4>Sinn des Leverage Effekt<\/h4>\n<p>Es kann durchaus Sinn machen, Schulden aufzunehmen, um die Eigenkapitalrendite zu steigern. Fremdkapital kann als Eigenkapitalrenditehebel dienen. Steigt der Wert einer Investition, die zu 50 Prozent mit Eigenkapital und zu 50 Prozent mit Fremdkapital finanziert wurde, um 10 Prozent, sp steigt die Rendite auf das eingesetzte Kapital um 20 Prozent (ohne Ber\u00fccksichtigung von Fremdkapitalzinsen). Allerdings gilt auch, dass je st\u00e4rker vom Leverage-Effekt Gebrauch gemacht wird (also je h\u00f6her der Fremdkapitalanteil am Gesamtkapital), desto h\u00f6her das Risiko f\u00fcr das Unternehmen im Falle steigender Zinsen. Steigt der Marktzins und macht das jeweilige Unternehmen stark vom Leverage-Effekt Gebrauch, so steigen einerseits die Fremdkapitalkosten an, anderseits f\u00fchrt dies zu einer Verringerung der Eigenkapitalrendite, da nun die Zinszahlungen auf das Fremdkapital einen gr\u00f6\u00dferen Kostenfaktor darstellen und so letztendlich den Gewinn verringern.<br \/>\nBeabsichtigt ein Unternehmen konkret die Eigenkapitalrendite zu steigern, kann es als weitere M\u00f6glichkeit auch schlicht Eigenkapital reduzieren und so die Eigenkapitalquote senken. Dies ist beispielsweise durch den Aktienr\u00fcckkauf m\u00f6glich. Daraus folgt, dass das Eigenkapital hinterher einen geringeren Anteil am Gesamtkapital ausmacht, das Fremdkapital hingegen macht anschlie\u00dfend einen gr\u00f6\u00dferen Anteil am Fremdkapital aus.<\/p>\n","protected":false},"excerpt":{"rendered":"<p>Erfolgreicher Leverage Effekt: Gesamtrendite der Investition: 10 Prozent Fremdkapitalzins: 6 Prozent Konsequenz: Steigerung der Eigenkapitalrendite Gescheiterter Leverage Effekt: Gesamtrendite der Investition: 4 Prozent Fremdkapitalzins: 7 Prozent Konsequenz: Minderung der Eigenkapitalrendite Zum Beispiel: Eine Investition hat einen Wert von 100 Euro. 50 Euro wurden durch Eigenkapital, 50 Euro wurden durch Fremdkapital finanziert. Der Wert der Investition [&hellip;]<\/p>\n","protected":false},"author":1,"featured_media":0,"parent":0,"menu_order":0,"comment_status":"closed","ping_status":"closed","template":"","meta":{"site-sidebar-layout":"default","site-content-layout":"","ast-site-content-layout":"","site-content-style":"default","site-sidebar-style":"default","ast-global-header-display":"","ast-banner-title-visibility":"","ast-main-header-display":"","ast-hfb-above-header-display":"","ast-hfb-below-header-display":"","ast-hfb-mobile-header-display":"","site-post-title":"","ast-breadcrumbs-content":"","ast-featured-img":"","footer-sml-layout":"","theme-transparent-header-meta":"","adv-header-id-meta":"","stick-header-meta":"","header-above-stick-meta":"","header-main-stick-meta":"","header-below-stick-meta":"","astra-migrate-meta-layouts":"default","ast-page-background-enabled":"default","ast-page-background-meta":{"desktop":{"background-color":"","background-image":"","background-repeat":"repeat","background-position":"center center","background-size":"auto","background-attachment":"scroll","background-type":"","background-media":"","overlay-type":"","overlay-color":"","overlay-opacity":"","overlay-gradient":""},"tablet":{"background-color":"","background-image":"","background-repeat":"repeat","background-position":"center center","background-size":"auto","background-attachment":"scroll","background-type":"","background-media":"","overlay-type":"","overlay-color":"","overlay-opacity":"","overlay-gradient":""},"mobile":{"background-color":"","background-image":"","background-repeat":"repeat","background-position":"center center","background-size":"auto","background-attachment":"scroll","background-type":"","background-media":"","overlay-type":"","overlay-color":"","overlay-opacity":"","overlay-gradient":""}},"ast-content-background-meta":{"desktop":{"background-color":"var(--ast-global-color-5)","background-image":"","background-repeat":"repeat","background-position":"center center","background-size":"auto","background-attachment":"scroll","background-type":"","background-media":"","overlay-type":"","overlay-color":"","overlay-opacity":"","overlay-gradient":""},"tablet":{"background-color":"var(--ast-global-color-5)","background-image":"","background-repeat":"repeat","background-position":"center center","background-size":"auto","background-attachment":"scroll","background-type":"","background-media":"","overlay-type":"","overlay-color":"","overlay-opacity":"","overlay-gradient":""},"mobile":{"background-color":"var(--ast-global-color-5)","background-image":"","background-repeat":"repeat","background-position":"center center","background-size":"auto","background-attachment":"scroll","background-type":"","background-media":"","overlay-type":"","overlay-color":"","overlay-opacity":"","overlay-gradient":""}},"footnotes":""},"class_list":["post-827","page","type-page","status-publish","hentry"],"translation":{"provider":"WPGlobus","version":"3.0.2","language":"en","enabled_languages":["de","en"],"languages":{"de":{"title":true,"content":true,"excerpt":false},"en":{"title":false,"content":false,"excerpt":false}}},"featured_image_urls_v2":{"full":"","thumbnail":"","medium":"","medium_large":"","large":"","1536x1536":"","2048x2048":""},"post_excerpt_stackable_v2":"<p>Der Leverage Effekt beschreibt die Steigerung der Eigenkapitalrendite durch die Aufnahme von kosteng\u00fcnstigem Fremdkapital. Voraussetzung daf\u00fcr ist jedoch, dass die Fremdkapitalkosten unter der erzielten Rendite jener Investition liegen, die mit dem zus\u00e4tzlich aufgenommenen Fremdkapital finanziert wurde. Erfolgreicher Leverage Effekt: Gesamtrendite der Investition: 10 Prozent Fremdkapitalzins: 6 Prozent Konsequenz: Steigerung der Eigenkapitalrendite Gescheiterter Leverage Effekt: Gesamtrendite der Investition: 4 Prozent Fremdkapitalzins: 7 Prozent Konsequenz: Minderung der Eigenkapitalrendite Zum Beispiel: Eine Investition hat einen Wert von 100 Euro. 50 Euro wurden durch Eigenkapital, 50 Euro wurden durch Fremdkapital finanziert. Der Wert der Investition steigt nun um 10 Prozent p.a. auf 110 Euro.&hellip;<\/p>\n","category_list_v2":"","author_info_v2":{"name":"PrudentWater","url":"https:\/\/prudentwater.com\/en\/author\/niklas33\/"},"comments_num_v2":"0 comments","_links":{"self":[{"href":"https:\/\/prudentwater.com\/en\/wp-json\/wp\/v2\/pages\/827","targetHints":{"allow":["GET"]}}],"collection":[{"href":"https:\/\/prudentwater.com\/en\/wp-json\/wp\/v2\/pages"}],"about":[{"href":"https:\/\/prudentwater.com\/en\/wp-json\/wp\/v2\/types\/page"}],"author":[{"embeddable":true,"href":"https:\/\/prudentwater.com\/en\/wp-json\/wp\/v2\/users\/1"}],"replies":[{"embeddable":true,"href":"https:\/\/prudentwater.com\/en\/wp-json\/wp\/v2\/comments?post=827"}],"version-history":[{"count":0,"href":"https:\/\/prudentwater.com\/en\/wp-json\/wp\/v2\/pages\/827\/revisions"}],"wp:attachment":[{"href":"https:\/\/prudentwater.com\/en\/wp-json\/wp\/v2\/media?parent=827"}],"curies":[{"name":"wp","href":"https:\/\/api.w.org\/{rel}","templated":true}]}}