{"id":8274,"date":"2016-10-27T07:26:19","date_gmt":"2016-10-27T07:26:19","guid":{"rendered":"http:\/\/www.kunnskap.de\/?page_id=8274"},"modified":"2021-06-25T12:50:09","modified_gmt":"2021-06-25T10:50:09","slug":"roll-over-kredit","status":"publish","type":"page","link":"https:\/\/prudentwater.com\/en\/roll-over-kredit\/","title":{"rendered":"Roll-Over-Kredit"},"content":{"rendered":"<p>Bei einem Roll-Over-Kredit wird der zu zahlende Zinssatz periodisch an die neue Zinsentwicklung angepasst. Der Roll-Over-Kredit ist dadurch mit einer variablen Verzinsung ausgestattet. Als Grundlage gilt dabei ein Referenzzinssatz wie zum Beispiel der LIBOR oder der EURIBOR. Nun wird beim Roll-Over-Kredit einer dieser Zinss\u00e4tze als Grundlage genommen und dazu ein Aufschlag verlangt, welcher das Bonit\u00e4tsrisiko des Schuldners (oft Staat oder Unternehmen) ausdr\u00fcckt. Dadurch, dass sich EURIOR und LIBOR st\u00e4ndig ver\u00e4ndern und sich dabei an das aktuelle Zinsniveau anpassen, ver\u00e4ndert sich zwangsl\u00e4ufig auch der zu zahlende Zinssatz f\u00fcr den Kredit. Die Zinsanpassung findet in der Regel alle 3-6 Monate statt. Bei einem Roll-Over-Kredit tr\u00e4gt der Kreditnehmer das Risiko einer Zinssteigerung, profitiert jedoch im umgekehrten Fall von sinkenden Zinsen.<\/p>\n","protected":false},"excerpt":{"rendered":"<p>Bei einem Roll-Over-Kredit wird der zu zahlende Zinssatz periodisch an die neue Zinsentwicklung angepasst. Der Roll-Over-Kredit ist dadurch mit einer variablen Verzinsung ausgestattet. Als Grundlage gilt dabei ein Referenzzinssatz wie zum Beispiel der LIBOR oder der EURIBOR. Nun wird beim Roll-Over-Kredit einer dieser Zinss\u00e4tze als Grundlage genommen und dazu ein Aufschlag verlangt, welcher das Bonit\u00e4tsrisiko [&hellip;]<\/p>\n","protected":false},"author":1,"featured_media":0,"parent":0,"menu_order":0,"comment_status":"closed","ping_status":"closed","template":"","meta":{"site-sidebar-layout":"default","site-content-layout":"","ast-site-content-layout":"","site-content-style":"default","site-sidebar-style":"default","ast-global-header-display":"","ast-banner-title-visibility":"","ast-main-header-display":"","ast-hfb-above-header-display":"","ast-hfb-below-header-display":"","ast-hfb-mobile-header-display":"","site-post-title":"","ast-breadcrumbs-content":"","ast-featured-img":"","footer-sml-layout":"","theme-transparent-header-meta":"","adv-header-id-meta":"","stick-header-meta":"","header-above-stick-meta":"","header-main-stick-meta":"","header-below-stick-meta":"","astra-migrate-meta-layouts":"default","ast-page-background-enabled":"default","ast-page-background-meta":{"desktop":{"background-color":"","background-image":"","background-repeat":"repeat","background-position":"center center","background-size":"auto","background-attachment":"scroll","background-type":"","background-media":"","overlay-type":"","overlay-color":"","overlay-opacity":"","overlay-gradient":""},"tablet":{"background-color":"","background-image":"","background-repeat":"repeat","background-position":"center center","background-size":"auto","background-attachment":"scroll","background-type":"","background-media":"","overlay-type":"","overlay-color":"","overlay-opacity":"","overlay-gradient":""},"mobile":{"background-color":"","background-image":"","background-repeat":"repeat","background-position":"center center","background-size":"auto","background-attachment":"scroll","background-type":"","background-media":"","overlay-type":"","overlay-color":"","overlay-opacity":"","overlay-gradient":""}},"ast-content-background-meta":{"desktop":{"background-color":"var(--ast-global-color-5)","background-image":"","background-repeat":"repeat","background-position":"center center","background-size":"auto","background-attachment":"scroll","background-type":"","background-media":"","overlay-type":"","overlay-color":"","overlay-opacity":"","overlay-gradient":""},"tablet":{"background-color":"var(--ast-global-color-5)","background-image":"","background-repeat":"repeat","background-position":"center center","background-size":"auto","background-attachment":"scroll","background-type":"","background-media":"","overlay-type":"","overlay-color":"","overlay-opacity":"","overlay-gradient":""},"mobile":{"background-color":"var(--ast-global-color-5)","background-image":"","background-repeat":"repeat","background-position":"center center","background-size":"auto","background-attachment":"scroll","background-type":"","background-media":"","overlay-type":"","overlay-color":"","overlay-opacity":"","overlay-gradient":""}},"footnotes":""},"class_list":["post-8274","page","type-page","status-publish","hentry"],"translation":{"provider":"WPGlobus","version":"3.0.2","language":"en","enabled_languages":["de","en"],"languages":{"de":{"title":true,"content":true,"excerpt":false},"en":{"title":false,"content":false,"excerpt":false}}},"featured_image_urls_v2":{"full":"","thumbnail":"","medium":"","medium_large":"","large":"","1536x1536":"","2048x2048":""},"post_excerpt_stackable_v2":"<p>Bei einem Roll-Over-Kredit wird der zu zahlende Zinssatz periodisch an die neue Zinsentwicklung angepasst. Der Roll-Over-Kredit ist dadurch mit einer variablen Verzinsung ausgestattet. Als Grundlage gilt dabei ein Referenzzinssatz wie zum Beispiel der LIBOR oder der EURIBOR. Nun wird beim Roll-Over-Kredit einer dieser Zinss\u00e4tze als Grundlage genommen und dazu ein Aufschlag verlangt, welcher das Bonit\u00e4tsrisiko des Schuldners (oft Staat oder Unternehmen) ausdr\u00fcckt. Dadurch, dass sich EURIOR und LIBOR st\u00e4ndig ver\u00e4ndern und sich dabei an das aktuelle Zinsniveau anpassen, ver\u00e4ndert sich zwangsl\u00e4ufig auch der zu zahlende Zinssatz f\u00fcr den Kredit. Die Zinsanpassung findet in der Regel alle 3-6 Monate statt. Bei&hellip;<\/p>\n","category_list_v2":"","author_info_v2":{"name":"PrudentWater","url":"https:\/\/prudentwater.com\/en\/author\/niklas33\/"},"comments_num_v2":"0 comments","_links":{"self":[{"href":"https:\/\/prudentwater.com\/en\/wp-json\/wp\/v2\/pages\/8274","targetHints":{"allow":["GET"]}}],"collection":[{"href":"https:\/\/prudentwater.com\/en\/wp-json\/wp\/v2\/pages"}],"about":[{"href":"https:\/\/prudentwater.com\/en\/wp-json\/wp\/v2\/types\/page"}],"author":[{"embeddable":true,"href":"https:\/\/prudentwater.com\/en\/wp-json\/wp\/v2\/users\/1"}],"replies":[{"embeddable":true,"href":"https:\/\/prudentwater.com\/en\/wp-json\/wp\/v2\/comments?post=8274"}],"version-history":[{"count":0,"href":"https:\/\/prudentwater.com\/en\/wp-json\/wp\/v2\/pages\/8274\/revisions"}],"wp:attachment":[{"href":"https:\/\/prudentwater.com\/en\/wp-json\/wp\/v2\/media?parent=8274"}],"curies":[{"name":"wp","href":"https:\/\/api.w.org\/{rel}","templated":true}]}}