{"id":8287,"date":"2016-10-31T18:42:02","date_gmt":"2016-10-31T18:42:02","guid":{"rendered":"http:\/\/www.kunnskap.de\/?page_id=8287"},"modified":"2021-06-25T12:49:01","modified_gmt":"2021-06-25T10:49:01","slug":"forward-rate-agreement","status":"publish","type":"page","link":"https:\/\/prudentwater.com\/en\/forward-rate-agreement\/","title":{"rendered":"Forward Rate Agreement"},"content":{"rendered":"<p>Auch <strong>FRA<\/strong><\/p>\n<p>Ein Forward Rate Agreement ist ein au\u00dferb\u00f6rslich gehandelter Zinsterminkontrakt, mit dem zwei Vertragsparteien vereinbaren, die Differenz zwischen einem vorher festgelegten Zinssatz und dem an einem bestimmten Termin dann geltenden Referenzzinssatz (bspw. EURIBOR oder LIBOR) auf einen ebenfalls vorher festgelegten Kapitalbetrag einander auszuzahlen. Der Kapitalbetrag wird dabei jedoch nicht ausgetauscht, sondern lediglich die Zinsdifferenz. Bei Gesch\u00e4ftsabschluss vereinbaren K\u00e4ufer und Verk\u00e4ufer des FRA\u00b4s also den Nominalbetrag, die Laufzeit, den Terminzins (FRA-Zins) sowie einen Referenzzinssatz.<br \/>\nDer Sinn eines FRA liegt aus der Sicht des K\u00e4ufers darin, sich vor steigenden Zinsen zu sch\u00fctzen bzw. abzusichern. Der Verk\u00e4ufer des Forward Rate Agreement erh\u00e4lt vom K\u00e4ufer eine Pr\u00e4mie daf\u00fcr, dass er dem K\u00e4ufer einen bestimmten Zinssatz auf einen vorher festgelegten Kapitalbetrag garantiert. Die Pr\u00e4mie ist somit als eine Art Risikoentsch\u00e4digung anzusehen, denn falls der sp\u00e4tere Referenzzinssatz \u00fcber dem vorher festgelegten Zinssatz liegt, muss er dem K\u00e4ufer des FRA die Diffferenz zwischen diesen beiden Zinss\u00e4tzen bezahlen. Andernfalls entspricht die Pr\u00e4mie dem Gewinn f\u00fcr den Verk\u00e4ufer des FRA.<br \/>\nForward Rate Agreements k\u00f6nnen f\u00fcr spekulative Zwecke oder zur Absicherung genutzt werden. Investoren werden dann bei FRA als K\u00e4ufer auftreten, wenn sie auf steigende Zinsen spekulieren wollen oder sich gegen steigende Zinsen absichern wollen. Der K\u00e4ufer kann sich also schon heute einen Zinssatz auf Basis des aktuellen Marktzinses sichern. Beispielsweise m\u00f6chte ein Unternehmen in der Zukunft einen Kredit aufnehmen, bef\u00fcrchtet jedoch, dass bis dahin die Zinsen steigen werden. Marktakteure werden jedoch dann als Verk\u00e4ufer von FRA auftreten, wenn sie auf fallende Zinsen spekulieren wollen oder aber sich gegen fallende Zinsen absichern wollen und somit wiederum Wertverluste bestehender Position vermeiden wollen. <\/p>\n","protected":false},"excerpt":{"rendered":"<p>Auch FRA Ein Forward Rate Agreement ist ein au\u00dferb\u00f6rslich gehandelter Zinsterminkontrakt, mit dem zwei Vertragsparteien vereinbaren, die Differenz zwischen einem vorher festgelegten Zinssatz und dem an einem bestimmten Termin dann geltenden Referenzzinssatz (bspw. EURIBOR oder LIBOR) auf einen ebenfalls vorher festgelegten Kapitalbetrag einander auszuzahlen. Der Kapitalbetrag wird dabei jedoch nicht ausgetauscht, sondern lediglich die Zinsdifferenz. [&hellip;]<\/p>\n","protected":false},"author":1,"featured_media":0,"parent":0,"menu_order":0,"comment_status":"closed","ping_status":"closed","template":"","meta":{"site-sidebar-layout":"default","site-content-layout":"","ast-site-content-layout":"","site-content-style":"default","site-sidebar-style":"default","ast-global-header-display":"","ast-banner-title-visibility":"","ast-main-header-display":"","ast-hfb-above-header-display":"","ast-hfb-below-header-display":"","ast-hfb-mobile-header-display":"","site-post-title":"","ast-breadcrumbs-content":"","ast-featured-img":"","footer-sml-layout":"","theme-transparent-header-meta":"","adv-header-id-meta":"","stick-header-meta":"","header-above-stick-meta":"","header-main-stick-meta":"","header-below-stick-meta":"","astra-migrate-meta-layouts":"default","ast-page-background-enabled":"default","ast-page-background-meta":{"desktop":{"background-color":"","background-image":"","background-repeat":"repeat","background-position":"center center","background-size":"auto","background-attachment":"scroll","background-type":"","background-media":"","overlay-type":"","overlay-color":"","overlay-opacity":"","overlay-gradient":""},"tablet":{"background-color":"","background-image":"","background-repeat":"repeat","background-position":"center center","background-size":"auto","background-attachment":"scroll","background-type":"","background-media":"","overlay-type":"","overlay-color":"","overlay-opacity":"","overlay-gradient":""},"mobile":{"background-color":"","background-image":"","background-repeat":"repeat","background-position":"center center","background-size":"auto","background-attachment":"scroll","background-type":"","background-media":"","overlay-type":"","overlay-color":"","overlay-opacity":"","overlay-gradient":""}},"ast-content-background-meta":{"desktop":{"background-color":"var(--ast-global-color-5)","background-image":"","background-repeat":"repeat","background-position":"center center","background-size":"auto","background-attachment":"scroll","background-type":"","background-media":"","overlay-type":"","overlay-color":"","overlay-opacity":"","overlay-gradient":""},"tablet":{"background-color":"var(--ast-global-color-5)","background-image":"","background-repeat":"repeat","background-position":"center center","background-size":"auto","background-attachment":"scroll","background-type":"","background-media":"","overlay-type":"","overlay-color":"","overlay-opacity":"","overlay-gradient":""},"mobile":{"background-color":"var(--ast-global-color-5)","background-image":"","background-repeat":"repeat","background-position":"center center","background-size":"auto","background-attachment":"scroll","background-type":"","background-media":"","overlay-type":"","overlay-color":"","overlay-opacity":"","overlay-gradient":""}},"footnotes":""},"class_list":["post-8287","page","type-page","status-publish","hentry"],"translation":{"provider":"WPGlobus","version":"3.0.2","language":"en","enabled_languages":["de","en"],"languages":{"de":{"title":true,"content":true,"excerpt":false},"en":{"title":false,"content":false,"excerpt":false}}},"featured_image_urls_v2":{"full":"","thumbnail":"","medium":"","medium_large":"","large":"","1536x1536":"","2048x2048":""},"post_excerpt_stackable_v2":"<p>Auch FRA Ein Forward Rate Agreement ist ein au\u00dferb\u00f6rslich gehandelter Zinsterminkontrakt, mit dem zwei Vertragsparteien vereinbaren, die Differenz zwischen einem vorher festgelegten Zinssatz und dem an einem bestimmten Termin dann geltenden Referenzzinssatz (bspw. EURIBOR oder LIBOR) auf einen ebenfalls vorher festgelegten Kapitalbetrag einander auszuzahlen. Der Kapitalbetrag wird dabei jedoch nicht ausgetauscht, sondern lediglich die Zinsdifferenz. Bei Gesch\u00e4ftsabschluss vereinbaren K\u00e4ufer und Verk\u00e4ufer des FRA\u00b4s also den Nominalbetrag, die Laufzeit, den Terminzins (FRA-Zins) sowie einen Referenzzinssatz. Der Sinn eines FRA liegt aus der Sicht des K\u00e4ufers darin, sich vor steigenden Zinsen zu sch\u00fctzen bzw. abzusichern. Der Verk\u00e4ufer des Forward Rate Agreement erh\u00e4lt&hellip;<\/p>\n","category_list_v2":"","author_info_v2":{"name":"PrudentWater","url":"https:\/\/prudentwater.com\/en\/author\/niklas33\/"},"comments_num_v2":"0 comments","_links":{"self":[{"href":"https:\/\/prudentwater.com\/en\/wp-json\/wp\/v2\/pages\/8287","targetHints":{"allow":["GET"]}}],"collection":[{"href":"https:\/\/prudentwater.com\/en\/wp-json\/wp\/v2\/pages"}],"about":[{"href":"https:\/\/prudentwater.com\/en\/wp-json\/wp\/v2\/types\/page"}],"author":[{"embeddable":true,"href":"https:\/\/prudentwater.com\/en\/wp-json\/wp\/v2\/users\/1"}],"replies":[{"embeddable":true,"href":"https:\/\/prudentwater.com\/en\/wp-json\/wp\/v2\/comments?post=8287"}],"version-history":[{"count":0,"href":"https:\/\/prudentwater.com\/en\/wp-json\/wp\/v2\/pages\/8287\/revisions"}],"wp:attachment":[{"href":"https:\/\/prudentwater.com\/en\/wp-json\/wp\/v2\/media?parent=8287"}],"curies":[{"name":"wp","href":"https:\/\/api.w.org\/{rel}","templated":true}]}}