{"id":8333,"date":"2016-11-16T21:31:57","date_gmt":"2016-11-16T21:31:57","guid":{"rendered":"http:\/\/www.kunnskap.de\/?page_id=8333"},"modified":"2021-06-25T12:49:39","modified_gmt":"2021-06-25T10:49:39","slug":"politische-borsen-haben-kurze-beine","status":"publish","type":"page","link":"https:\/\/prudentwater.com\/en\/politische-borsen-haben-kurze-beine\/","title":{"rendered":"Politische B\u00f6rsen haben kurze Beine"},"content":{"rendered":"<p>Der Spruch &#8220;Politische B\u00f6rsen haben kurze Beine&#8221; ist als eine Art B\u00f6rsenweisheit anzusehen und sagt aus, dass politische Ereignisse und Wahlergebnisse nicht nachhaltig die Aktienkurse beeinflussen k\u00f6nnen. Treten &#8216;brisante&#8217; und zun\u00e4chst wichtige politische Entscheidungen in den Vordergrund, k\u00f6nnen diese die B\u00f6rsen, vor allem die Aktienkurse, nur kurzfristig beeinflussen. Mittel- bis langfristig r\u00fccken dann wieder die Unternehmensdaten wie Gewinnentwicklung und Zukunftsperspektiven sowie die Fundamentaldaten zur wirtschaftlichen Lage in den Vordergrund. Kurzfristig k\u00f6nnen politische Ereignisse jedoch f\u00fcr eine hohe Volatilit\u00e4t an den M\u00e4rkten sorgen. So verursachte beispielsweise der Brexit am Tag nach der Abstimmung weltweit f\u00fcr starke Kursr\u00fcckg\u00e4nge an den B\u00f6rsen. Gleiches war am Tag nach der Wahl von Donald Trump zum US-Pr\u00e4sidenten zu sehen. Auch hier erlitten die B\u00f6rsen weltweit hohe Verluste. Der Mexikanische Peso verlor sogar innerhalb eines Tages 15 % an Wert. In beiden F\u00e4llen handelte es sich jedoch um \u00dcberreaktionen des Marktes und in den darauffolgenden Tagen wurden diese Verluste (teilweise) wieder wettgemacht, da die politischen Geschehnisse langsam wieder aus den Nachrichten verschwanden und Anleger sich wieder den Fundamentaldaten zugewandt haben. <\/p>\n","protected":false},"excerpt":{"rendered":"<p>Der Spruch &#8220;Politische B\u00f6rsen haben kurze Beine&#8221; ist als eine Art B\u00f6rsenweisheit anzusehen und sagt aus, dass politische Ereignisse und Wahlergebnisse nicht nachhaltig die Aktienkurse beeinflussen k\u00f6nnen. Treten &#8216;brisante&#8217; und zun\u00e4chst wichtige politische Entscheidungen in den Vordergrund, k\u00f6nnen diese die B\u00f6rsen, vor allem die Aktienkurse, nur kurzfristig beeinflussen. Mittel- bis langfristig r\u00fccken dann wieder die [&hellip;]<\/p>\n","protected":false},"author":1,"featured_media":0,"parent":0,"menu_order":0,"comment_status":"closed","ping_status":"closed","template":"","meta":{"site-sidebar-layout":"default","site-content-layout":"","ast-site-content-layout":"","site-content-style":"default","site-sidebar-style":"default","ast-global-header-display":"","ast-banner-title-visibility":"","ast-main-header-display":"","ast-hfb-above-header-display":"","ast-hfb-below-header-display":"","ast-hfb-mobile-header-display":"","site-post-title":"","ast-breadcrumbs-content":"","ast-featured-img":"","footer-sml-layout":"","theme-transparent-header-meta":"","adv-header-id-meta":"","stick-header-meta":"","header-above-stick-meta":"","header-main-stick-meta":"","header-below-stick-meta":"","astra-migrate-meta-layouts":"default","ast-page-background-enabled":"default","ast-page-background-meta":{"desktop":{"background-color":"","background-image":"","background-repeat":"repeat","background-position":"center center","background-size":"auto","background-attachment":"scroll","background-type":"","background-media":"","overlay-type":"","overlay-color":"","overlay-opacity":"","overlay-gradient":""},"tablet":{"background-color":"","background-image":"","background-repeat":"repeat","background-position":"center center","background-size":"auto","background-attachment":"scroll","background-type":"","background-media":"","overlay-type":"","overlay-color":"","overlay-opacity":"","overlay-gradient":""},"mobile":{"background-color":"","background-image":"","background-repeat":"repeat","background-position":"center center","background-size":"auto","background-attachment":"scroll","background-type":"","background-media":"","overlay-type":"","overlay-color":"","overlay-opacity":"","overlay-gradient":""}},"ast-content-background-meta":{"desktop":{"background-color":"var(--ast-global-color-5)","background-image":"","background-repeat":"repeat","background-position":"center center","background-size":"auto","background-attachment":"scroll","background-type":"","background-media":"","overlay-type":"","overlay-color":"","overlay-opacity":"","overlay-gradient":""},"tablet":{"background-color":"var(--ast-global-color-5)","background-image":"","background-repeat":"repeat","background-position":"center center","background-size":"auto","background-attachment":"scroll","background-type":"","background-media":"","overlay-type":"","overlay-color":"","overlay-opacity":"","overlay-gradient":""},"mobile":{"background-color":"var(--ast-global-color-5)","background-image":"","background-repeat":"repeat","background-position":"center center","background-size":"auto","background-attachment":"scroll","background-type":"","background-media":"","overlay-type":"","overlay-color":"","overlay-opacity":"","overlay-gradient":""}},"footnotes":""},"class_list":["post-8333","page","type-page","status-publish","hentry"],"translation":{"provider":"WPGlobus","version":"3.0.2","language":"en","enabled_languages":["de","en"],"languages":{"de":{"title":true,"content":true,"excerpt":false},"en":{"title":false,"content":false,"excerpt":false}}},"featured_image_urls_v2":{"full":"","thumbnail":"","medium":"","medium_large":"","large":"","1536x1536":"","2048x2048":""},"post_excerpt_stackable_v2":"<p>Der Spruch &#8220;Politische B\u00f6rsen haben kurze Beine&#8221; ist als eine Art B\u00f6rsenweisheit anzusehen und sagt aus, dass politische Ereignisse und Wahlergebnisse nicht nachhaltig die Aktienkurse beeinflussen k\u00f6nnen. Treten &#8216;brisante&#8217; und zun\u00e4chst wichtige politische Entscheidungen in den Vordergrund, k\u00f6nnen diese die B\u00f6rsen, vor allem die Aktienkurse, nur kurzfristig beeinflussen. Mittel- bis langfristig r\u00fccken dann wieder die Unternehmensdaten wie Gewinnentwicklung und Zukunftsperspektiven sowie die Fundamentaldaten zur wirtschaftlichen Lage in den Vordergrund. Kurzfristig k\u00f6nnen politische Ereignisse jedoch f\u00fcr eine hohe Volatilit\u00e4t an den M\u00e4rkten sorgen. So verursachte beispielsweise der Brexit am Tag nach der Abstimmung weltweit f\u00fcr starke Kursr\u00fcckg\u00e4nge an den B\u00f6rsen. Gleiches&hellip;<\/p>\n","category_list_v2":"","author_info_v2":{"name":"PrudentWater","url":"https:\/\/prudentwater.com\/en\/author\/niklas33\/"},"comments_num_v2":"0 comments","_links":{"self":[{"href":"https:\/\/prudentwater.com\/en\/wp-json\/wp\/v2\/pages\/8333","targetHints":{"allow":["GET"]}}],"collection":[{"href":"https:\/\/prudentwater.com\/en\/wp-json\/wp\/v2\/pages"}],"about":[{"href":"https:\/\/prudentwater.com\/en\/wp-json\/wp\/v2\/types\/page"}],"author":[{"embeddable":true,"href":"https:\/\/prudentwater.com\/en\/wp-json\/wp\/v2\/users\/1"}],"replies":[{"embeddable":true,"href":"https:\/\/prudentwater.com\/en\/wp-json\/wp\/v2\/comments?post=8333"}],"version-history":[{"count":0,"href":"https:\/\/prudentwater.com\/en\/wp-json\/wp\/v2\/pages\/8333\/revisions"}],"wp:attachment":[{"href":"https:\/\/prudentwater.com\/en\/wp-json\/wp\/v2\/media?parent=8333"}],"curies":[{"name":"wp","href":"https:\/\/api.w.org\/{rel}","templated":true}]}}