{"id":8406,"date":"2016-11-29T21:45:55","date_gmt":"2016-11-29T21:45:55","guid":{"rendered":"http:\/\/www.kunnskap.de\/?page_id=8406"},"modified":"2021-06-25T12:49:06","modified_gmt":"2021-06-25T10:49:06","slug":"intervention","status":"publish","type":"page","link":"https:\/\/prudentwater.com\/en\/intervention\/","title":{"rendered":"Intervention"},"content":{"rendered":"<p>Auch <strong>Devisenmarktintervention<\/strong><\/p>\n<p>Die Intervention bezeichnet den Kauf oder Verkauf von entweder der eigenen W\u00e4hrung oder aber von ausl\u00e4ndischer W\u00e4hrung (Devisen) durch die Zentralbank, um direkten Einfluss auf den Wechselkurs zu nehmen. Die eigene W\u00e4hrung soll bei der Intervention gegen\u00fcber einer Fremdw\u00e4hrung entweder geschw\u00e4cht oder aber gest\u00e4rkt werden. M\u00f6chte die Zentralbank ihre eigene W\u00e4hrung schw\u00e4chen (W\u00e4hrungsabwertung), so verkauft sie die eigene W\u00e4hrung und kauft dabei gleichzeitig fremde W\u00e4hrung auf. M\u00f6chte sie jedoch die eigene W\u00e4hrung st\u00e4rken (W\u00e4hrungsaufwertung), so kauft sie mit vorhandenen Fremdw\u00e4hrungen die eigene W\u00e4hrung auf. Sie verkauft also ihre Fremdw\u00e4hrungen, welche bei jeder Zentralbank als W\u00e4hrungsreserven dienen, kauft damit die eigene W\u00e4hrung, erh\u00f6ht dadurch folglich die Nachfrage und letztendlich den Preis. <\/p>\n<p>Neben der Zinspolitik geh\u00f6rt die Devisenmarktintervention zu den bedeutendsten und effektivsten Werkzeugen einer Zentralbank, um den Wert der eigenen W\u00e4hrung zu beeinflussen. Die Vergangenheit hat jedoch gezeigt, dass Interventionen durch die Zentralbank nicht immer langfristig mit den erw\u00fcnschten Zielen betrieben werden k\u00f6nnen. So hat beispielsweise die Schweizerische Nationalbank am 15. Januar 2015 bekannt geben m\u00fcssen, dass sie ihre Interventionen stark reduzieren bzw. beenden werden, wodurch es am selben Tag zum sogenannten Frankenschock gekommen ist. Die Zentralbank der Schweiz hat \u00fcber einen l\u00e4ngeren Zeitraum Schweizer Franken verkauft und daf\u00fcr Euro gekauft, um den Schweizer Franken zu schw\u00e4chen und somit gegen\u00fcber anderen L\u00e4nden beim Export in den Euroraum konkurrenzf\u00e4hig zu bleiben. Ein Grund f\u00fcr die Beendigung der Interventionen war die zunehmende Belastung f\u00fcr die Schweizer Nationalbank, da stetig mit Schweizer Franken die W\u00e4hrung Euro gekauft werden musste, um den Franken nachhaltig zu schw\u00e4chen, dadurch aber die Bilanz der Nationalbank schlie\u00dflich einfach zu stark aufgebl\u00e4ht wurde. <\/p>\n","protected":false},"excerpt":{"rendered":"<p>Auch Devisenmarktintervention Die Intervention bezeichnet den Kauf oder Verkauf von entweder der eigenen W\u00e4hrung oder aber von ausl\u00e4ndischer W\u00e4hrung (Devisen) durch die Zentralbank, um direkten Einfluss auf den Wechselkurs zu nehmen. Die eigene W\u00e4hrung soll bei der Intervention gegen\u00fcber einer Fremdw\u00e4hrung entweder geschw\u00e4cht oder aber gest\u00e4rkt werden. M\u00f6chte die Zentralbank ihre eigene W\u00e4hrung schw\u00e4chen (W\u00e4hrungsabwertung), [&hellip;]<\/p>\n","protected":false},"author":1,"featured_media":0,"parent":0,"menu_order":0,"comment_status":"closed","ping_status":"closed","template":"","meta":{"site-sidebar-layout":"default","site-content-layout":"","ast-site-content-layout":"","site-content-style":"default","site-sidebar-style":"default","ast-global-header-display":"","ast-banner-title-visibility":"","ast-main-header-display":"","ast-hfb-above-header-display":"","ast-hfb-below-header-display":"","ast-hfb-mobile-header-display":"","site-post-title":"","ast-breadcrumbs-content":"","ast-featured-img":"","footer-sml-layout":"","theme-transparent-header-meta":"","adv-header-id-meta":"","stick-header-meta":"","header-above-stick-meta":"","header-main-stick-meta":"","header-below-stick-meta":"","astra-migrate-meta-layouts":"default","ast-page-background-enabled":"default","ast-page-background-meta":{"desktop":{"background-color":"","background-image":"","background-repeat":"repeat","background-position":"center center","background-size":"auto","background-attachment":"scroll","background-type":"","background-media":"","overlay-type":"","overlay-color":"","overlay-opacity":"","overlay-gradient":""},"tablet":{"background-color":"","background-image":"","background-repeat":"repeat","background-position":"center center","background-size":"auto","background-attachment":"scroll","background-type":"","background-media":"","overlay-type":"","overlay-color":"","overlay-opacity":"","overlay-gradient":""},"mobile":{"background-color":"","background-image":"","background-repeat":"repeat","background-position":"center center","background-size":"auto","background-attachment":"scroll","background-type":"","background-media":"","overlay-type":"","overlay-color":"","overlay-opacity":"","overlay-gradient":""}},"ast-content-background-meta":{"desktop":{"background-color":"var(--ast-global-color-5)","background-image":"","background-repeat":"repeat","background-position":"center center","background-size":"auto","background-attachment":"scroll","background-type":"","background-media":"","overlay-type":"","overlay-color":"","overlay-opacity":"","overlay-gradient":""},"tablet":{"background-color":"var(--ast-global-color-5)","background-image":"","background-repeat":"repeat","background-position":"center center","background-size":"auto","background-attachment":"scroll","background-type":"","background-media":"","overlay-type":"","overlay-color":"","overlay-opacity":"","overlay-gradient":""},"mobile":{"background-color":"var(--ast-global-color-5)","background-image":"","background-repeat":"repeat","background-position":"center center","background-size":"auto","background-attachment":"scroll","background-type":"","background-media":"","overlay-type":"","overlay-color":"","overlay-opacity":"","overlay-gradient":""}},"footnotes":""},"class_list":["post-8406","page","type-page","status-publish","hentry"],"translation":{"provider":"WPGlobus","version":"3.0.2","language":"en","enabled_languages":["de","en"],"languages":{"de":{"title":true,"content":true,"excerpt":false},"en":{"title":false,"content":false,"excerpt":false}}},"featured_image_urls_v2":{"full":"","thumbnail":"","medium":"","medium_large":"","large":"","1536x1536":"","2048x2048":""},"post_excerpt_stackable_v2":"<p>Auch Devisenmarktintervention Die Intervention bezeichnet den Kauf oder Verkauf von entweder der eigenen W\u00e4hrung oder aber von ausl\u00e4ndischer W\u00e4hrung (Devisen) durch die Zentralbank, um direkten Einfluss auf den Wechselkurs zu nehmen. Die eigene W\u00e4hrung soll bei der Intervention gegen\u00fcber einer Fremdw\u00e4hrung entweder geschw\u00e4cht oder aber gest\u00e4rkt werden. M\u00f6chte die Zentralbank ihre eigene W\u00e4hrung schw\u00e4chen (W\u00e4hrungsabwertung), so verkauft sie die eigene W\u00e4hrung und kauft dabei gleichzeitig fremde W\u00e4hrung auf. M\u00f6chte sie jedoch die eigene W\u00e4hrung st\u00e4rken (W\u00e4hrungsaufwertung), so kauft sie mit vorhandenen Fremdw\u00e4hrungen die eigene W\u00e4hrung auf. Sie verkauft also ihre Fremdw\u00e4hrungen, welche bei jeder Zentralbank als W\u00e4hrungsreserven dienen, kauft damit&hellip;<\/p>\n","category_list_v2":"","author_info_v2":{"name":"PrudentWater","url":"https:\/\/prudentwater.com\/en\/author\/niklas33\/"},"comments_num_v2":"0 comments","_links":{"self":[{"href":"https:\/\/prudentwater.com\/en\/wp-json\/wp\/v2\/pages\/8406","targetHints":{"allow":["GET"]}}],"collection":[{"href":"https:\/\/prudentwater.com\/en\/wp-json\/wp\/v2\/pages"}],"about":[{"href":"https:\/\/prudentwater.com\/en\/wp-json\/wp\/v2\/types\/page"}],"author":[{"embeddable":true,"href":"https:\/\/prudentwater.com\/en\/wp-json\/wp\/v2\/users\/1"}],"replies":[{"embeddable":true,"href":"https:\/\/prudentwater.com\/en\/wp-json\/wp\/v2\/comments?post=8406"}],"version-history":[{"count":0,"href":"https:\/\/prudentwater.com\/en\/wp-json\/wp\/v2\/pages\/8406\/revisions"}],"wp:attachment":[{"href":"https:\/\/prudentwater.com\/en\/wp-json\/wp\/v2\/media?parent=8406"}],"curies":[{"name":"wp","href":"https:\/\/api.w.org\/{rel}","templated":true}]}}