{"id":8450,"date":"2016-12-02T14:46:10","date_gmt":"2016-12-02T14:46:10","guid":{"rendered":"http:\/\/www.kunnskap.de\/?page_id=8450"},"modified":"2021-06-25T12:50:16","modified_gmt":"2021-06-25T10:50:16","slug":"wechselkurs","status":"publish","type":"page","link":"https:\/\/prudentwater.com\/en\/wechselkurs\/","title":{"rendered":"Wechselkurs"},"content":{"rendered":"<p>Auch <strong>Devisenkurs<\/strong><br \/>\nengl. <strong>Exchange Rate<\/strong><\/p>\n<p>Der Wechselkurs ist der Preis einer W\u00e4hrung in Einheiten einer anderen W\u00e4hrung. Dazu wird ein W\u00e4hrungspaar wie zum Beispiel EUR\/USD oder GPB\/USD gebildet, um den Preis einer W\u00e4hrung gegen\u00fcber einer zweiten W\u00e4hrung darzustellen. Liegt beispielsweise der Wechselkurs EUR\/USD bei 1,20, so liegt der Preis f\u00fcr 1,00 Euro bei 1,20 USD. Der US-Amerikaner muss nun, um 1,00 Euro zu erhalten, 1,20 USD bezahlen.<br \/>\nGebildet wird der Wechselkurs am Devisenmarkt. Wird der Wechselkurs ausschlie\u00dflich durch die Marktkr\u00e4fte, also durch Angebot und Nachfrage bestimmt, so spricht man vom Floating. Legt der Staat hingegen langfristig ein festes Umtauschverh\u00e4ltnis seiner W\u00e4hrung gegen\u00fcber einer ausl\u00e4ndischen W\u00e4hrung fest, so spricht man vom festen Wechselkurs.<br \/>\nDie Einflussfaktoren auf die Wechselkurse sind vielf\u00e4ltig und nicht genau bestimmbar. Der Wert einer W\u00e4hrung wird jedoch vor allem von der Zinsdifferenz, der Leistungsbilanz und den Fundamentaldaten wie Inflationsrate und Wachstum des Bruttoinlandsproduktes gepr\u00e4gt. <\/p>\n","protected":false},"excerpt":{"rendered":"<p>Auch Devisenkurs engl. Exchange Rate Der Wechselkurs ist der Preis einer W\u00e4hrung in Einheiten einer anderen W\u00e4hrung. Dazu wird ein W\u00e4hrungspaar wie zum Beispiel EUR\/USD oder GPB\/USD gebildet, um den Preis einer W\u00e4hrung gegen\u00fcber einer zweiten W\u00e4hrung darzustellen. Liegt beispielsweise der Wechselkurs EUR\/USD bei 1,20, so liegt der Preis f\u00fcr 1,00 Euro bei 1,20 USD. [&hellip;]<\/p>\n","protected":false},"author":1,"featured_media":0,"parent":0,"menu_order":0,"comment_status":"closed","ping_status":"closed","template":"","meta":{"site-sidebar-layout":"default","site-content-layout":"","ast-site-content-layout":"","site-content-style":"default","site-sidebar-style":"default","ast-global-header-display":"","ast-banner-title-visibility":"","ast-main-header-display":"","ast-hfb-above-header-display":"","ast-hfb-below-header-display":"","ast-hfb-mobile-header-display":"","site-post-title":"","ast-breadcrumbs-content":"","ast-featured-img":"","footer-sml-layout":"","theme-transparent-header-meta":"","adv-header-id-meta":"","stick-header-meta":"","header-above-stick-meta":"","header-main-stick-meta":"","header-below-stick-meta":"","astra-migrate-meta-layouts":"default","ast-page-background-enabled":"default","ast-page-background-meta":{"desktop":{"background-color":"","background-image":"","background-repeat":"repeat","background-position":"center center","background-size":"auto","background-attachment":"scroll","background-type":"","background-media":"","overlay-type":"","overlay-color":"","overlay-opacity":"","overlay-gradient":""},"tablet":{"background-color":"","background-image":"","background-repeat":"repeat","background-position":"center center","background-size":"auto","background-attachment":"scroll","background-type":"","background-media":"","overlay-type":"","overlay-color":"","overlay-opacity":"","overlay-gradient":""},"mobile":{"background-color":"","background-image":"","background-repeat":"repeat","background-position":"center center","background-size":"auto","background-attachment":"scroll","background-type":"","background-media":"","overlay-type":"","overlay-color":"","overlay-opacity":"","overlay-gradient":""}},"ast-content-background-meta":{"desktop":{"background-color":"var(--ast-global-color-5)","background-image":"","background-repeat":"repeat","background-position":"center center","background-size":"auto","background-attachment":"scroll","background-type":"","background-media":"","overlay-type":"","overlay-color":"","overlay-opacity":"","overlay-gradient":""},"tablet":{"background-color":"var(--ast-global-color-5)","background-image":"","background-repeat":"repeat","background-position":"center center","background-size":"auto","background-attachment":"scroll","background-type":"","background-media":"","overlay-type":"","overlay-color":"","overlay-opacity":"","overlay-gradient":""},"mobile":{"background-color":"var(--ast-global-color-5)","background-image":"","background-repeat":"repeat","background-position":"center center","background-size":"auto","background-attachment":"scroll","background-type":"","background-media":"","overlay-type":"","overlay-color":"","overlay-opacity":"","overlay-gradient":""}},"footnotes":""},"class_list":["post-8450","page","type-page","status-publish","hentry"],"translation":{"provider":"WPGlobus","version":"3.0.2","language":"en","enabled_languages":["de","en"],"languages":{"de":{"title":true,"content":true,"excerpt":false},"en":{"title":false,"content":false,"excerpt":false}}},"featured_image_urls_v2":{"full":"","thumbnail":"","medium":"","medium_large":"","large":"","1536x1536":"","2048x2048":""},"post_excerpt_stackable_v2":"<p>Auch Devisenkurs engl. Exchange Rate Der Wechselkurs ist der Preis einer W\u00e4hrung in Einheiten einer anderen W\u00e4hrung. Dazu wird ein W\u00e4hrungspaar wie zum Beispiel EUR\/USD oder GPB\/USD gebildet, um den Preis einer W\u00e4hrung gegen\u00fcber einer zweiten W\u00e4hrung darzustellen. Liegt beispielsweise der Wechselkurs EUR\/USD bei 1,20, so liegt der Preis f\u00fcr 1,00 Euro bei 1,20 USD. Der US-Amerikaner muss nun, um 1,00 Euro zu erhalten, 1,20 USD bezahlen. Gebildet wird der Wechselkurs am Devisenmarkt. Wird der Wechselkurs ausschlie\u00dflich durch die Marktkr\u00e4fte, also durch Angebot und Nachfrage bestimmt, so spricht man vom Floating. Legt der Staat hingegen langfristig ein festes Umtauschverh\u00e4ltnis seiner&hellip;<\/p>\n","category_list_v2":"","author_info_v2":{"name":"PrudentWater","url":"https:\/\/prudentwater.com\/en\/author\/niklas33\/"},"comments_num_v2":"0 comments","_links":{"self":[{"href":"https:\/\/prudentwater.com\/en\/wp-json\/wp\/v2\/pages\/8450","targetHints":{"allow":["GET"]}}],"collection":[{"href":"https:\/\/prudentwater.com\/en\/wp-json\/wp\/v2\/pages"}],"about":[{"href":"https:\/\/prudentwater.com\/en\/wp-json\/wp\/v2\/types\/page"}],"author":[{"embeddable":true,"href":"https:\/\/prudentwater.com\/en\/wp-json\/wp\/v2\/users\/1"}],"replies":[{"embeddable":true,"href":"https:\/\/prudentwater.com\/en\/wp-json\/wp\/v2\/comments?post=8450"}],"version-history":[{"count":0,"href":"https:\/\/prudentwater.com\/en\/wp-json\/wp\/v2\/pages\/8450\/revisions"}],"wp:attachment":[{"href":"https:\/\/prudentwater.com\/en\/wp-json\/wp\/v2\/media?parent=8450"}],"curies":[{"name":"wp","href":"https:\/\/api.w.org\/{rel}","templated":true}]}}