{"id":8558,"date":"2016-12-15T00:09:02","date_gmt":"2016-12-15T00:09:02","guid":{"rendered":"http:\/\/www.kunnskap.de\/?page_id=8558"},"modified":"2021-06-25T12:48:58","modified_gmt":"2021-06-25T10:48:58","slug":"emittentenrisiko","status":"publish","type":"page","link":"https:\/\/prudentwater.com\/en\/emittentenrisiko\/","title":{"rendered":"Emittentenrisiko"},"content":{"rendered":"<p>Sobald der Anleger an der B\u00f6rse Wertpapiere kauft, geht er auch ein Emittentenrisiko ein. Dies besteht genau darin, dass der Kapitalempf\u00e4nger, welcher bei einer Geldanlage Kapital von dem Anleger erhalten hat, nicht mehr in der Lage ist, auf Verlangen des Anlegers das damals &#8216;\u00fcbergebene&#8217; Kapital zur\u00fcckzuzahlen. Die Aktiengesellschaft kann in eine Insolvenz geraten, wodurch es nicht mehr f\u00e4hig sein wird, das ehemals eingezahlte Eigenkapital des Anlegers zur\u00fcckzuzahlen. Der Anleger kann die Aktien nat\u00fcrlich \u00fcber die B\u00f6rse weiterverkaufen, erleidet dann jedoch aufgrund der in dem Kurs bereits eingepreisten Insolvenz einen beinahen Totalverlust. Ebenso kann ein Unternehmen in Zahlungsschwierigkeiten geraten bzw. zahlungsunf\u00e4hig werden, wodurch ausgegebene Anleihen nicht mehr zur\u00fcckgenommen werden k\u00f6nnen. H\u00e4ufig tritt das Emittentenrisiko bei Zertifikaten ein oder bei ETF\u00b4s, welche die synthetische Replikation verfolgen. Hier erleidet der Anleger in aller Regel einen Totalverlust, sollte der Emittent der Derivate oder Zertifikate insolvent gehen. Als einziges ausgeschlossen von dem Emittentenrisiko sind Investmentfonds. Das von Anlegern eingezahlte Geld in einem Fonds wird n\u00e4mlich gesetzlich als Sonderverm\u00f6gen betrachtet und somit getrennt von der Investmentgesellschaft, welche den Fonds aufgelegt hat, verwaltet. <\/p>\n","protected":false},"excerpt":{"rendered":"<p>Sobald der Anleger an der B\u00f6rse Wertpapiere kauft, geht er auch ein Emittentenrisiko ein. Dies besteht genau darin, dass der Kapitalempf\u00e4nger, welcher bei einer Geldanlage Kapital von dem Anleger erhalten hat, nicht mehr in der Lage ist, auf Verlangen des Anlegers das damals &#8216;\u00fcbergebene&#8217; Kapital zur\u00fcckzuzahlen. Die Aktiengesellschaft kann in eine Insolvenz geraten, wodurch es [&hellip;]<\/p>\n","protected":false},"author":1,"featured_media":0,"parent":0,"menu_order":0,"comment_status":"closed","ping_status":"closed","template":"","meta":{"site-sidebar-layout":"default","site-content-layout":"","ast-site-content-layout":"","site-content-style":"default","site-sidebar-style":"default","ast-global-header-display":"","ast-banner-title-visibility":"","ast-main-header-display":"","ast-hfb-above-header-display":"","ast-hfb-below-header-display":"","ast-hfb-mobile-header-display":"","site-post-title":"","ast-breadcrumbs-content":"","ast-featured-img":"","footer-sml-layout":"","theme-transparent-header-meta":"","adv-header-id-meta":"","stick-header-meta":"","header-above-stick-meta":"","header-main-stick-meta":"","header-below-stick-meta":"","astra-migrate-meta-layouts":"default","ast-page-background-enabled":"default","ast-page-background-meta":{"desktop":{"background-color":"","background-image":"","background-repeat":"repeat","background-position":"center center","background-size":"auto","background-attachment":"scroll","background-type":"","background-media":"","overlay-type":"","overlay-color":"","overlay-opacity":"","overlay-gradient":""},"tablet":{"background-color":"","background-image":"","background-repeat":"repeat","background-position":"center center","background-size":"auto","background-attachment":"scroll","background-type":"","background-media":"","overlay-type":"","overlay-color":"","overlay-opacity":"","overlay-gradient":""},"mobile":{"background-color":"","background-image":"","background-repeat":"repeat","background-position":"center center","background-size":"auto","background-attachment":"scroll","background-type":"","background-media":"","overlay-type":"","overlay-color":"","overlay-opacity":"","overlay-gradient":""}},"ast-content-background-meta":{"desktop":{"background-color":"var(--ast-global-color-5)","background-image":"","background-repeat":"repeat","background-position":"center center","background-size":"auto","background-attachment":"scroll","background-type":"","background-media":"","overlay-type":"","overlay-color":"","overlay-opacity":"","overlay-gradient":""},"tablet":{"background-color":"var(--ast-global-color-5)","background-image":"","background-repeat":"repeat","background-position":"center center","background-size":"auto","background-attachment":"scroll","background-type":"","background-media":"","overlay-type":"","overlay-color":"","overlay-opacity":"","overlay-gradient":""},"mobile":{"background-color":"var(--ast-global-color-5)","background-image":"","background-repeat":"repeat","background-position":"center center","background-size":"auto","background-attachment":"scroll","background-type":"","background-media":"","overlay-type":"","overlay-color":"","overlay-opacity":"","overlay-gradient":""}},"footnotes":""},"class_list":["post-8558","page","type-page","status-publish","hentry"],"translation":{"provider":"WPGlobus","version":"3.0.2","language":"en","enabled_languages":["de","en"],"languages":{"de":{"title":true,"content":true,"excerpt":false},"en":{"title":false,"content":false,"excerpt":false}}},"featured_image_urls_v2":{"full":"","thumbnail":"","medium":"","medium_large":"","large":"","1536x1536":"","2048x2048":""},"post_excerpt_stackable_v2":"<p>Sobald der Anleger an der B\u00f6rse Wertpapiere kauft, geht er auch ein Emittentenrisiko ein. Dies besteht genau darin, dass der Kapitalempf\u00e4nger, welcher bei einer Geldanlage Kapital von dem Anleger erhalten hat, nicht mehr in der Lage ist, auf Verlangen des Anlegers das damals &#8216;\u00fcbergebene&#8217; Kapital zur\u00fcckzuzahlen. Die Aktiengesellschaft kann in eine Insolvenz geraten, wodurch es nicht mehr f\u00e4hig sein wird, das ehemals eingezahlte Eigenkapital des Anlegers zur\u00fcckzuzahlen. Der Anleger kann die Aktien nat\u00fcrlich \u00fcber die B\u00f6rse weiterverkaufen, erleidet dann jedoch aufgrund der in dem Kurs bereits eingepreisten Insolvenz einen beinahen Totalverlust. Ebenso kann ein Unternehmen in Zahlungsschwierigkeiten geraten bzw. zahlungsunf\u00e4hig&hellip;<\/p>\n","category_list_v2":"","author_info_v2":{"name":"PrudentWater","url":"https:\/\/prudentwater.com\/en\/author\/niklas33\/"},"comments_num_v2":"0 comments","_links":{"self":[{"href":"https:\/\/prudentwater.com\/en\/wp-json\/wp\/v2\/pages\/8558","targetHints":{"allow":["GET"]}}],"collection":[{"href":"https:\/\/prudentwater.com\/en\/wp-json\/wp\/v2\/pages"}],"about":[{"href":"https:\/\/prudentwater.com\/en\/wp-json\/wp\/v2\/types\/page"}],"author":[{"embeddable":true,"href":"https:\/\/prudentwater.com\/en\/wp-json\/wp\/v2\/users\/1"}],"replies":[{"embeddable":true,"href":"https:\/\/prudentwater.com\/en\/wp-json\/wp\/v2\/comments?post=8558"}],"version-history":[{"count":0,"href":"https:\/\/prudentwater.com\/en\/wp-json\/wp\/v2\/pages\/8558\/revisions"}],"wp:attachment":[{"href":"https:\/\/prudentwater.com\/en\/wp-json\/wp\/v2\/media?parent=8558"}],"curies":[{"name":"wp","href":"https:\/\/api.w.org\/{rel}","templated":true}]}}