{"id":856,"date":"2014-09-21T19:36:54","date_gmt":"2014-09-21T19:36:54","guid":{"rendered":"http:\/\/www.kunnskap.de\/?page_id=856"},"modified":"2021-06-25T12:49:33","modified_gmt":"2021-06-25T10:49:33","slug":"kursindex","status":"publish","type":"page","link":"https:\/\/prudentwater.com\/en\/kursindex\/","title":{"rendered":"Kursindex"},"content":{"rendered":"<p>Auch <strong>Preisindex<\/strong><br \/>\nengl. <strong>Price Index<\/strong><\/p>\n<p>Der Kursindex bildet die Kursver\u00e4nderungen der im Index enthaltenen Aktien ab, ohne dabei auf Dividendenzahlungen oder Kapitalver\u00e4nderungen R\u00fccksicht zu nehmen. Der Kursindex misst somit ausschlie\u00dflich die reine Kursver\u00e4nderung der enthaltenen Aktien. Dies bedeutet, dass die Dividendenaussch\u00fcttungen der im Index enthaltenen Aktiengesellschaften den Kursindex negativ beeinflussen und somit zu entsprechenden Kursr\u00fcckg\u00e4ngen f\u00fchren. Wird eine Aktie Ex Dividende gehandelt und f\u00e4llt diese deshalb an dem Tag um die H\u00f6he der Dividendenrendite, so geht dieser Kursabschlag in die Berechnung des Kursindex mit ein. Auch wird die Zusammensetzung des Kursindex durch einen Aktiensplit beeinflusst. F\u00fchrt eine Aktiengesellschaft aus einem Kursindex einen Aktiensplit durch, so verringert sich die Gewichtung der Aktie im Index, da eben der nominale Kurswert der Aktie ausschlaggebend ist. Andere Werte aus dem Kursindex erfahren dann gleichzeitig jedoch eine Aufwertung in ihrer Gewichtung.<br \/>\nEin Kursindex ist zum Beispiel der Dow Jones Industrial Average oder der Nikkei 225. Das Gegenst\u00fcck dazu ist der Performanceindex. Dieser ignoriert ganz einfach bei der Berechnung die einzelnen Dividenenabschl\u00e4ge, wodurch der Kursindex immer unter dem Performanceindex liegt.<\/p>\n","protected":false},"excerpt":{"rendered":"<p>Auch Preisindex engl. Price Index Der Kursindex bildet die Kursver\u00e4nderungen der im Index enthaltenen Aktien ab, ohne dabei auf Dividendenzahlungen oder Kapitalver\u00e4nderungen R\u00fccksicht zu nehmen. Der Kursindex misst somit ausschlie\u00dflich die reine Kursver\u00e4nderung der enthaltenen Aktien. Dies bedeutet, dass die Dividendenaussch\u00fcttungen der im Index enthaltenen Aktiengesellschaften den Kursindex negativ beeinflussen und somit zu entsprechenden Kursr\u00fcckg\u00e4ngen [&hellip;]<\/p>\n","protected":false},"author":1,"featured_media":0,"parent":0,"menu_order":0,"comment_status":"closed","ping_status":"closed","template":"","meta":{"site-sidebar-layout":"default","site-content-layout":"","ast-site-content-layout":"","site-content-style":"default","site-sidebar-style":"default","ast-global-header-display":"","ast-banner-title-visibility":"","ast-main-header-display":"","ast-hfb-above-header-display":"","ast-hfb-below-header-display":"","ast-hfb-mobile-header-display":"","site-post-title":"","ast-breadcrumbs-content":"","ast-featured-img":"","footer-sml-layout":"","theme-transparent-header-meta":"","adv-header-id-meta":"","stick-header-meta":"","header-above-stick-meta":"","header-main-stick-meta":"","header-below-stick-meta":"","astra-migrate-meta-layouts":"default","ast-page-background-enabled":"default","ast-page-background-meta":{"desktop":{"background-color":"","background-image":"","background-repeat":"repeat","background-position":"center center","background-size":"auto","background-attachment":"scroll","background-type":"","background-media":"","overlay-type":"","overlay-color":"","overlay-opacity":"","overlay-gradient":""},"tablet":{"background-color":"","background-image":"","background-repeat":"repeat","background-position":"center center","background-size":"auto","background-attachment":"scroll","background-type":"","background-media":"","overlay-type":"","overlay-color":"","overlay-opacity":"","overlay-gradient":""},"mobile":{"background-color":"","background-image":"","background-repeat":"repeat","background-position":"center center","background-size":"auto","background-attachment":"scroll","background-type":"","background-media":"","overlay-type":"","overlay-color":"","overlay-opacity":"","overlay-gradient":""}},"ast-content-background-meta":{"desktop":{"background-color":"var(--ast-global-color-5)","background-image":"","background-repeat":"repeat","background-position":"center center","background-size":"auto","background-attachment":"scroll","background-type":"","background-media":"","overlay-type":"","overlay-color":"","overlay-opacity":"","overlay-gradient":""},"tablet":{"background-color":"var(--ast-global-color-5)","background-image":"","background-repeat":"repeat","background-position":"center center","background-size":"auto","background-attachment":"scroll","background-type":"","background-media":"","overlay-type":"","overlay-color":"","overlay-opacity":"","overlay-gradient":""},"mobile":{"background-color":"var(--ast-global-color-5)","background-image":"","background-repeat":"repeat","background-position":"center center","background-size":"auto","background-attachment":"scroll","background-type":"","background-media":"","overlay-type":"","overlay-color":"","overlay-opacity":"","overlay-gradient":""}},"footnotes":""},"class_list":["post-856","page","type-page","status-publish","hentry"],"translation":{"provider":"WPGlobus","version":"3.0.2","language":"en","enabled_languages":["de","en"],"languages":{"de":{"title":true,"content":true,"excerpt":false},"en":{"title":false,"content":false,"excerpt":false}}},"featured_image_urls_v2":{"full":"","thumbnail":"","medium":"","medium_large":"","large":"","1536x1536":"","2048x2048":""},"post_excerpt_stackable_v2":"<p>Auch Preisindex engl. Price Index Der Kursindex bildet die Kursver\u00e4nderungen der im Index enthaltenen Aktien ab, ohne dabei auf Dividendenzahlungen oder Kapitalver\u00e4nderungen R\u00fccksicht zu nehmen. Der Kursindex misst somit ausschlie\u00dflich die reine Kursver\u00e4nderung der enthaltenen Aktien. Dies bedeutet, dass die Dividendenaussch\u00fcttungen der im Index enthaltenen Aktiengesellschaften den Kursindex negativ beeinflussen und somit zu entsprechenden Kursr\u00fcckg\u00e4ngen f\u00fchren. Wird eine Aktie Ex Dividende gehandelt und f\u00e4llt diese deshalb an dem Tag um die H\u00f6he der Dividendenrendite, so geht dieser Kursabschlag in die Berechnung des Kursindex mit ein. Auch wird die Zusammensetzung des Kursindex durch einen Aktiensplit beeinflusst. F\u00fchrt eine Aktiengesellschaft aus einem&hellip;<\/p>\n","category_list_v2":"","author_info_v2":{"name":"PrudentWater","url":"https:\/\/prudentwater.com\/en\/author\/niklas33\/"},"comments_num_v2":"0 comments","_links":{"self":[{"href":"https:\/\/prudentwater.com\/en\/wp-json\/wp\/v2\/pages\/856","targetHints":{"allow":["GET"]}}],"collection":[{"href":"https:\/\/prudentwater.com\/en\/wp-json\/wp\/v2\/pages"}],"about":[{"href":"https:\/\/prudentwater.com\/en\/wp-json\/wp\/v2\/types\/page"}],"author":[{"embeddable":true,"href":"https:\/\/prudentwater.com\/en\/wp-json\/wp\/v2\/users\/1"}],"replies":[{"embeddable":true,"href":"https:\/\/prudentwater.com\/en\/wp-json\/wp\/v2\/comments?post=856"}],"version-history":[{"count":0,"href":"https:\/\/prudentwater.com\/en\/wp-json\/wp\/v2\/pages\/856\/revisions"}],"wp:attachment":[{"href":"https:\/\/prudentwater.com\/en\/wp-json\/wp\/v2\/media?parent=856"}],"curies":[{"name":"wp","href":"https:\/\/api.w.org\/{rel}","templated":true}]}}