{"id":8573,"date":"2016-12-15T19:32:58","date_gmt":"2016-12-15T19:32:58","guid":{"rendered":"http:\/\/www.kunnskap.de\/?page_id=8573"},"modified":"2021-06-25T12:49:01","modified_gmt":"2021-06-25T10:49:01","slug":"finanzmarkt","status":"publish","type":"page","link":"https:\/\/prudentwater.com\/en\/finanzmarkt\/","title":{"rendered":"Finanzmarkt"},"content":{"rendered":"<p>engl. <strong>Financial Market<\/strong><\/p>\n<p>Der Finanzmarkt ist ein nicht lokalisierbarer Ort, an dem es zum Austausch von Kapital kommt. Das Gut, welches auf dem Finanzmarkt gehandelt wird, ist Geld. Sowohl der institutionelle Investor, der im Auftrag eines Kunden Aktien von seinem Arbeitsplatz von beispielsweise der Frankfurter B\u00f6rse aus kauft als auch der Privatanleger, welcher \u00fcber sein Depot vom heimischen PC aus Aktien kauft, agiert am Finanzmarkt.<br \/>\nUnterteilen l\u00e4sst sich der Finanzmarkt in den Kapitalmarkt (mittel- bis langfristige Geldanlagen) und dem Geldmarkt (kurzfristige Geldanlagen). Der Devisenmarkt ist ebenso ein Finanzmarkt. An ihm werden W\u00e4hrungen gehandelt mit einem t\u00e4glichen Volumen von ca. 6 Billionen US-Dollar. Dies macht ihn aktuell zu dem gr\u00f6\u00dften Finanzmarkt weltweit. <\/p>\n","protected":false},"excerpt":{"rendered":"<p>engl. Financial Market Der Finanzmarkt ist ein nicht lokalisierbarer Ort, an dem es zum Austausch von Kapital kommt. Das Gut, welches auf dem Finanzmarkt gehandelt wird, ist Geld. Sowohl der institutionelle Investor, der im Auftrag eines Kunden Aktien von seinem Arbeitsplatz von beispielsweise der Frankfurter B\u00f6rse aus kauft als auch der Privatanleger, welcher \u00fcber sein [&hellip;]<\/p>\n","protected":false},"author":1,"featured_media":0,"parent":0,"menu_order":0,"comment_status":"closed","ping_status":"closed","template":"","meta":{"site-sidebar-layout":"default","site-content-layout":"","ast-site-content-layout":"","site-content-style":"default","site-sidebar-style":"default","ast-global-header-display":"","ast-banner-title-visibility":"","ast-main-header-display":"","ast-hfb-above-header-display":"","ast-hfb-below-header-display":"","ast-hfb-mobile-header-display":"","site-post-title":"","ast-breadcrumbs-content":"","ast-featured-img":"","footer-sml-layout":"","theme-transparent-header-meta":"","adv-header-id-meta":"","stick-header-meta":"","header-above-stick-meta":"","header-main-stick-meta":"","header-below-stick-meta":"","astra-migrate-meta-layouts":"default","ast-page-background-enabled":"default","ast-page-background-meta":{"desktop":{"background-color":"","background-image":"","background-repeat":"repeat","background-position":"center center","background-size":"auto","background-attachment":"scroll","background-type":"","background-media":"","overlay-type":"","overlay-color":"","overlay-opacity":"","overlay-gradient":""},"tablet":{"background-color":"","background-image":"","background-repeat":"repeat","background-position":"center center","background-size":"auto","background-attachment":"scroll","background-type":"","background-media":"","overlay-type":"","overlay-color":"","overlay-opacity":"","overlay-gradient":""},"mobile":{"background-color":"","background-image":"","background-repeat":"repeat","background-position":"center center","background-size":"auto","background-attachment":"scroll","background-type":"","background-media":"","overlay-type":"","overlay-color":"","overlay-opacity":"","overlay-gradient":""}},"ast-content-background-meta":{"desktop":{"background-color":"var(--ast-global-color-5)","background-image":"","background-repeat":"repeat","background-position":"center center","background-size":"auto","background-attachment":"scroll","background-type":"","background-media":"","overlay-type":"","overlay-color":"","overlay-opacity":"","overlay-gradient":""},"tablet":{"background-color":"var(--ast-global-color-5)","background-image":"","background-repeat":"repeat","background-position":"center center","background-size":"auto","background-attachment":"scroll","background-type":"","background-media":"","overlay-type":"","overlay-color":"","overlay-opacity":"","overlay-gradient":""},"mobile":{"background-color":"var(--ast-global-color-5)","background-image":"","background-repeat":"repeat","background-position":"center center","background-size":"auto","background-attachment":"scroll","background-type":"","background-media":"","overlay-type":"","overlay-color":"","overlay-opacity":"","overlay-gradient":""}},"footnotes":""},"class_list":["post-8573","page","type-page","status-publish","hentry"],"translation":{"provider":"WPGlobus","version":"3.0.2","language":"en","enabled_languages":["de","en"],"languages":{"de":{"title":true,"content":true,"excerpt":false},"en":{"title":false,"content":false,"excerpt":false}}},"featured_image_urls_v2":{"full":"","thumbnail":"","medium":"","medium_large":"","large":"","1536x1536":"","2048x2048":""},"post_excerpt_stackable_v2":"<p>engl. Financial Market Der Finanzmarkt ist ein nicht lokalisierbarer Ort, an dem es zum Austausch von Kapital kommt. Das Gut, welches auf dem Finanzmarkt gehandelt wird, ist Geld. Sowohl der institutionelle Investor, der im Auftrag eines Kunden Aktien von seinem Arbeitsplatz von beispielsweise der Frankfurter B\u00f6rse aus kauft als auch der Privatanleger, welcher \u00fcber sein Depot vom heimischen PC aus Aktien kauft, agiert am Finanzmarkt. Unterteilen l\u00e4sst sich der Finanzmarkt in den Kapitalmarkt (mittel- bis langfristige Geldanlagen) und dem Geldmarkt (kurzfristige Geldanlagen). Der Devisenmarkt ist ebenso ein Finanzmarkt. An ihm werden W\u00e4hrungen gehandelt mit einem t\u00e4glichen Volumen von ca. 6&hellip;<\/p>\n","category_list_v2":"","author_info_v2":{"name":"PrudentWater","url":"https:\/\/prudentwater.com\/en\/author\/niklas33\/"},"comments_num_v2":"0 comments","_links":{"self":[{"href":"https:\/\/prudentwater.com\/en\/wp-json\/wp\/v2\/pages\/8573","targetHints":{"allow":["GET"]}}],"collection":[{"href":"https:\/\/prudentwater.com\/en\/wp-json\/wp\/v2\/pages"}],"about":[{"href":"https:\/\/prudentwater.com\/en\/wp-json\/wp\/v2\/types\/page"}],"author":[{"embeddable":true,"href":"https:\/\/prudentwater.com\/en\/wp-json\/wp\/v2\/users\/1"}],"replies":[{"embeddable":true,"href":"https:\/\/prudentwater.com\/en\/wp-json\/wp\/v2\/comments?post=8573"}],"version-history":[{"count":0,"href":"https:\/\/prudentwater.com\/en\/wp-json\/wp\/v2\/pages\/8573\/revisions"}],"wp:attachment":[{"href":"https:\/\/prudentwater.com\/en\/wp-json\/wp\/v2\/media?parent=8573"}],"curies":[{"name":"wp","href":"https:\/\/api.w.org\/{rel}","templated":true}]}}