{"id":8589,"date":"2016-12-16T14:14:09","date_gmt":"2016-12-16T14:14:09","guid":{"rendered":"http:\/\/www.kunnskap.de\/?page_id=8589"},"modified":"2021-06-25T12:50:16","modified_gmt":"2021-06-25T10:50:16","slug":"weltbank","status":"publish","type":"page","link":"https:\/\/prudentwater.com\/en\/weltbank\/","title":{"rendered":"Weltbank"},"content":{"rendered":"<p>Auch <strong>Internationale Bank f\u00fcr Wiederaufbau und Entwicklung<\/strong><br \/>\nengl. <strong>International Bank for Reconstruction and Development (IBRD)<\/strong><strong>World Bank<\/strong><\/p>\n<p>Die Weltbank mit Sitz in Washington, D.C. ist eine Unterorganisation der Vereinten Nationen. Sie wurde auf der Bretton-Woods-Konferenz gegr\u00fcndet mit dem Ziel den Wiederaufbau nach dem Zweiten Weltkrieg nachhaltig zu unterst\u00fctzen. Heutzutage im Jahr 2026 engagiert sich die Weltbank in erster Linie in der politischen und wirtschaftlichen F\u00f6rderung von Entwicklungsl\u00e4ndern. Sie f\u00f6rdert Programme, welche Armut, Hunger und Krankheiten weltweit, jedoch vor allem in Afrika und Asien bek\u00e4mpfen sollen. Dazu vergibt sie Kredite, leistet Hilfe direkt vor Ort und ber\u00e4t Regierungen.<br \/>\nDie Weltbank tritt regelm\u00e4\u00dfig an der B\u00f6rse als Emittent von Anleihen auf. Am Kapitalmarkt besorgt sie sich so das n\u00f6tige Geld, welches sie anschlie\u00dfend weiter als Kredite an einzelne L\u00e4nder oder Organisationen vergibt. Dadurch, dass die Kapitalzusagen von 189 Mitgliedsstaaten hinter den offenen Verbindlichkeiten der Weltbank stehen, erh\u00e4lt sie seit mehreren Jahrzehnten von den wichtigsten Ratingagenturen das h\u00f6chste Rating. Die Weltbank ist somit ein Schuldner mit h\u00f6chster Bonit\u00e4t. Entsprechend kann die Weltbank zu einem geringen Zinssatz Fremdkapital am Kapitalmarkt aufnehmen.<\/p>\n","protected":false},"excerpt":{"rendered":"<p>Auch Internationale Bank f\u00fcr Wiederaufbau und Entwicklung engl. International Bank for Reconstruction and Development (IBRD)World Bank Die Weltbank mit Sitz in Washington, D.C. ist eine Unterorganisation der Vereinten Nationen. Sie wurde auf der Bretton-Woods-Konferenz gegr\u00fcndet mit dem Ziel den Wiederaufbau nach dem Zweiten Weltkrieg nachhaltig zu unterst\u00fctzen. Heutzutage im Jahr engagiert sich die Weltbank in [&hellip;]<\/p>\n","protected":false},"author":1,"featured_media":0,"parent":0,"menu_order":0,"comment_status":"closed","ping_status":"closed","template":"","meta":{"site-sidebar-layout":"default","site-content-layout":"","ast-site-content-layout":"","site-content-style":"default","site-sidebar-style":"default","ast-global-header-display":"","ast-banner-title-visibility":"","ast-main-header-display":"","ast-hfb-above-header-display":"","ast-hfb-below-header-display":"","ast-hfb-mobile-header-display":"","site-post-title":"","ast-breadcrumbs-content":"","ast-featured-img":"","footer-sml-layout":"","theme-transparent-header-meta":"","adv-header-id-meta":"","stick-header-meta":"","header-above-stick-meta":"","header-main-stick-meta":"","header-below-stick-meta":"","astra-migrate-meta-layouts":"default","ast-page-background-enabled":"default","ast-page-background-meta":{"desktop":{"background-color":"","background-image":"","background-repeat":"repeat","background-position":"center center","background-size":"auto","background-attachment":"scroll","background-type":"","background-media":"","overlay-type":"","overlay-color":"","overlay-opacity":"","overlay-gradient":""},"tablet":{"background-color":"","background-image":"","background-repeat":"repeat","background-position":"center center","background-size":"auto","background-attachment":"scroll","background-type":"","background-media":"","overlay-type":"","overlay-color":"","overlay-opacity":"","overlay-gradient":""},"mobile":{"background-color":"","background-image":"","background-repeat":"repeat","background-position":"center center","background-size":"auto","background-attachment":"scroll","background-type":"","background-media":"","overlay-type":"","overlay-color":"","overlay-opacity":"","overlay-gradient":""}},"ast-content-background-meta":{"desktop":{"background-color":"var(--ast-global-color-5)","background-image":"","background-repeat":"repeat","background-position":"center center","background-size":"auto","background-attachment":"scroll","background-type":"","background-media":"","overlay-type":"","overlay-color":"","overlay-opacity":"","overlay-gradient":""},"tablet":{"background-color":"var(--ast-global-color-5)","background-image":"","background-repeat":"repeat","background-position":"center center","background-size":"auto","background-attachment":"scroll","background-type":"","background-media":"","overlay-type":"","overlay-color":"","overlay-opacity":"","overlay-gradient":""},"mobile":{"background-color":"var(--ast-global-color-5)","background-image":"","background-repeat":"repeat","background-position":"center center","background-size":"auto","background-attachment":"scroll","background-type":"","background-media":"","overlay-type":"","overlay-color":"","overlay-opacity":"","overlay-gradient":""}},"footnotes":""},"class_list":["post-8589","page","type-page","status-publish","hentry"],"translation":{"provider":"WPGlobus","version":"3.0.2","language":"en","enabled_languages":["de","en"],"languages":{"de":{"title":true,"content":true,"excerpt":false},"en":{"title":false,"content":false,"excerpt":false}}},"featured_image_urls_v2":{"full":"","thumbnail":"","medium":"","medium_large":"","large":"","1536x1536":"","2048x2048":""},"post_excerpt_stackable_v2":"<p>Auch Internationale Bank f\u00fcr Wiederaufbau und Entwicklung engl. International Bank for Reconstruction and Development (IBRD)World Bank Die Weltbank mit Sitz in Washington, D.C. ist eine Unterorganisation der Vereinten Nationen. Sie wurde auf der Bretton-Woods-Konferenz gegr\u00fcndet mit dem Ziel den Wiederaufbau nach dem Zweiten Weltkrieg nachhaltig zu unterst\u00fctzen. Heutzutage im Jahr 2026 engagiert sich die Weltbank in erster Linie in der politischen und wirtschaftlichen F\u00f6rderung von Entwicklungsl\u00e4ndern. Sie f\u00f6rdert Programme, welche Armut, Hunger und Krankheiten weltweit, jedoch vor allem in Afrika und Asien bek\u00e4mpfen sollen. Dazu vergibt sie Kredite, leistet Hilfe direkt vor Ort und ber\u00e4t Regierungen. Die Weltbank tritt regelm\u00e4\u00dfig&hellip;<\/p>\n","category_list_v2":"","author_info_v2":{"name":"PrudentWater","url":"https:\/\/prudentwater.com\/en\/author\/niklas33\/"},"comments_num_v2":"0 comments","_links":{"self":[{"href":"https:\/\/prudentwater.com\/en\/wp-json\/wp\/v2\/pages\/8589","targetHints":{"allow":["GET"]}}],"collection":[{"href":"https:\/\/prudentwater.com\/en\/wp-json\/wp\/v2\/pages"}],"about":[{"href":"https:\/\/prudentwater.com\/en\/wp-json\/wp\/v2\/types\/page"}],"author":[{"embeddable":true,"href":"https:\/\/prudentwater.com\/en\/wp-json\/wp\/v2\/users\/1"}],"replies":[{"embeddable":true,"href":"https:\/\/prudentwater.com\/en\/wp-json\/wp\/v2\/comments?post=8589"}],"version-history":[{"count":0,"href":"https:\/\/prudentwater.com\/en\/wp-json\/wp\/v2\/pages\/8589\/revisions"}],"wp:attachment":[{"href":"https:\/\/prudentwater.com\/en\/wp-json\/wp\/v2\/media?parent=8589"}],"curies":[{"name":"wp","href":"https:\/\/api.w.org\/{rel}","templated":true}]}}