{"id":8592,"date":"2016-12-16T14:41:15","date_gmt":"2016-12-16T14:41:15","guid":{"rendered":"http:\/\/www.kunnskap.de\/?page_id=8592"},"modified":"2021-06-25T12:49:06","modified_gmt":"2021-06-25T10:49:06","slug":"internationaler-wahrungsfonds","status":"publish","type":"page","link":"https:\/\/prudentwater.com\/en\/internationaler-wahrungsfonds\/","title":{"rendered":"Internationaler W\u00e4hrungsfonds"},"content":{"rendered":"<p>Auch <strong>IWF<\/strong><br \/>\nengl. <strong>International Monetary Fund<\/strong><\/p>\n<p>Der Internationale W\u00e4hrungsfonds mit Sitz in Washington, D. C. ist eine Sonderorganisation der Vereinten Nationen. Der IWF wurde auf der Bretton-Woods-Konferenz 1944 gegr\u00fcndet und umfasst heute 189 Mitgliedsstaaten. Die Hauptaufgabe des IWF ist es, den Welthandel nachhaltig zu f\u00f6rdern und zu stabilisieren. Dazu \u00fcbernimmt sie Beraterfunktionen gegen\u00fcber sozialistischen L\u00e4ndern auf dem Weg zur freien Marktwirtschaft, beobachtet und weist auf eine stabile und freie Wechselkurspolitik der einzelnen Mitgliedsstaaten hin und vergibt dar\u00fcber hinaus als wohl wichtigste Aufgabe Kredite zur F\u00f6rderung und Stabilisierung des Welthandels. Inmitten Staats- und W\u00e4hrungskrisen, extremen Zahlungsbilanzverzerrungen und Zahlungsschwierigkeiten einzelner, meist unterentwickelter L\u00e4nder, ist der Internationale W\u00e4hrungsfonds in den letzten Jahrzehnten regelm\u00e4\u00dfig als Gl\u00e4ubiger aufgetreten, wodurch der IWF als eine Art &#8216;Weltzentralbank&#8217; angesehen wird.<\/p>\n","protected":false},"excerpt":{"rendered":"<p>Auch IWF engl. International Monetary Fund Der Internationale W\u00e4hrungsfonds mit Sitz in Washington, D. C. ist eine Sonderorganisation der Vereinten Nationen. Der IWF wurde auf der Bretton-Woods-Konferenz 1944 gegr\u00fcndet und umfasst heute 189 Mitgliedsstaaten. Die Hauptaufgabe des IWF ist es, den Welthandel nachhaltig zu f\u00f6rdern und zu stabilisieren. Dazu \u00fcbernimmt sie Beraterfunktionen gegen\u00fcber sozialistischen L\u00e4ndern [&hellip;]<\/p>\n","protected":false},"author":1,"featured_media":0,"parent":0,"menu_order":0,"comment_status":"closed","ping_status":"closed","template":"","meta":{"site-sidebar-layout":"default","site-content-layout":"","ast-site-content-layout":"","site-content-style":"default","site-sidebar-style":"default","ast-global-header-display":"","ast-banner-title-visibility":"","ast-main-header-display":"","ast-hfb-above-header-display":"","ast-hfb-below-header-display":"","ast-hfb-mobile-header-display":"","site-post-title":"","ast-breadcrumbs-content":"","ast-featured-img":"","footer-sml-layout":"","theme-transparent-header-meta":"","adv-header-id-meta":"","stick-header-meta":"","header-above-stick-meta":"","header-main-stick-meta":"","header-below-stick-meta":"","astra-migrate-meta-layouts":"default","ast-page-background-enabled":"default","ast-page-background-meta":{"desktop":{"background-color":"","background-image":"","background-repeat":"repeat","background-position":"center center","background-size":"auto","background-attachment":"scroll","background-type":"","background-media":"","overlay-type":"","overlay-color":"","overlay-opacity":"","overlay-gradient":""},"tablet":{"background-color":"","background-image":"","background-repeat":"repeat","background-position":"center center","background-size":"auto","background-attachment":"scroll","background-type":"","background-media":"","overlay-type":"","overlay-color":"","overlay-opacity":"","overlay-gradient":""},"mobile":{"background-color":"","background-image":"","background-repeat":"repeat","background-position":"center center","background-size":"auto","background-attachment":"scroll","background-type":"","background-media":"","overlay-type":"","overlay-color":"","overlay-opacity":"","overlay-gradient":""}},"ast-content-background-meta":{"desktop":{"background-color":"var(--ast-global-color-5)","background-image":"","background-repeat":"repeat","background-position":"center center","background-size":"auto","background-attachment":"scroll","background-type":"","background-media":"","overlay-type":"","overlay-color":"","overlay-opacity":"","overlay-gradient":""},"tablet":{"background-color":"var(--ast-global-color-5)","background-image":"","background-repeat":"repeat","background-position":"center center","background-size":"auto","background-attachment":"scroll","background-type":"","background-media":"","overlay-type":"","overlay-color":"","overlay-opacity":"","overlay-gradient":""},"mobile":{"background-color":"var(--ast-global-color-5)","background-image":"","background-repeat":"repeat","background-position":"center center","background-size":"auto","background-attachment":"scroll","background-type":"","background-media":"","overlay-type":"","overlay-color":"","overlay-opacity":"","overlay-gradient":""}},"footnotes":""},"class_list":["post-8592","page","type-page","status-publish","hentry"],"translation":{"provider":"WPGlobus","version":"3.0.2","language":"en","enabled_languages":["de","en"],"languages":{"de":{"title":true,"content":true,"excerpt":false},"en":{"title":false,"content":false,"excerpt":false}}},"featured_image_urls_v2":{"full":"","thumbnail":"","medium":"","medium_large":"","large":"","1536x1536":"","2048x2048":""},"post_excerpt_stackable_v2":"<p>Auch IWF engl. International Monetary Fund Der Internationale W\u00e4hrungsfonds mit Sitz in Washington, D. C. ist eine Sonderorganisation der Vereinten Nationen. Der IWF wurde auf der Bretton-Woods-Konferenz 1944 gegr\u00fcndet und umfasst heute 189 Mitgliedsstaaten. Die Hauptaufgabe des IWF ist es, den Welthandel nachhaltig zu f\u00f6rdern und zu stabilisieren. Dazu \u00fcbernimmt sie Beraterfunktionen gegen\u00fcber sozialistischen L\u00e4ndern auf dem Weg zur freien Marktwirtschaft, beobachtet und weist auf eine stabile und freie Wechselkurspolitik der einzelnen Mitgliedsstaaten hin und vergibt dar\u00fcber hinaus als wohl wichtigste Aufgabe Kredite zur F\u00f6rderung und Stabilisierung des Welthandels. Inmitten Staats- und W\u00e4hrungskrisen, extremen Zahlungsbilanzverzerrungen und Zahlungsschwierigkeiten einzelner, meist unterentwickelter&hellip;<\/p>\n","category_list_v2":"","author_info_v2":{"name":"PrudentWater","url":"https:\/\/prudentwater.com\/en\/author\/niklas33\/"},"comments_num_v2":"0 comments","_links":{"self":[{"href":"https:\/\/prudentwater.com\/en\/wp-json\/wp\/v2\/pages\/8592","targetHints":{"allow":["GET"]}}],"collection":[{"href":"https:\/\/prudentwater.com\/en\/wp-json\/wp\/v2\/pages"}],"about":[{"href":"https:\/\/prudentwater.com\/en\/wp-json\/wp\/v2\/types\/page"}],"author":[{"embeddable":true,"href":"https:\/\/prudentwater.com\/en\/wp-json\/wp\/v2\/users\/1"}],"replies":[{"embeddable":true,"href":"https:\/\/prudentwater.com\/en\/wp-json\/wp\/v2\/comments?post=8592"}],"version-history":[{"count":0,"href":"https:\/\/prudentwater.com\/en\/wp-json\/wp\/v2\/pages\/8592\/revisions"}],"wp:attachment":[{"href":"https:\/\/prudentwater.com\/en\/wp-json\/wp\/v2\/media?parent=8592"}],"curies":[{"name":"wp","href":"https:\/\/api.w.org\/{rel}","templated":true}]}}