{"id":861,"date":"2014-09-21T19:55:28","date_gmt":"2014-09-21T19:55:28","guid":{"rendered":"http:\/\/www.kunnskap.de\/?page_id=861"},"modified":"2021-06-25T12:49:39","modified_gmt":"2021-06-25T10:49:39","slug":"performanceindex","status":"publish","type":"page","link":"https:\/\/prudentwater.com\/en\/performanceindex\/","title":{"rendered":"Performanceindex"},"content":{"rendered":"<p>engl. <strong>Total Return Index<\/strong><\/p>\n<p>Beim Performanceindex flie\u00dfen Dividendenzahlungen sowie Kapitalver\u00e4nderungen in die Indexberechnung mit ein. Dies bedeutet, dass vor allem Dividendenaussch\u00fcttungen den Performanceindex in der Kursentwicklung nicht beeinflussen. Dieser Indextyp zeigt also die gesamte Performance an, die ein Aktion\u00e4r erzielt hat. Beim Performanceindex wird somit unterstellt, dass die Dividende wieder in die Aktie reinvestiert wird, deshalb wird die ausgesch\u00fcttete Dividende zum gewichteten Kurswert des Index hinzugerechnet. Eine Dividendenzahlung hat somit keine negativen Auswirkungen auf den Kurs des Performanceindex. Wird also eine Aktie Ex Dividende gehandelt und liegt deshalb 3 Prozent im Minus, so flie\u00dfen die 3 Prozent Kursabschlag nicht mit in die Indexberechnung ein. Au\u00dferdem flie\u00dfen Emissionen von Bezugsrechten mit in die Berechnung des Index ein. Der DAX zum Beispiel ist ein Performanceindex, das Gegenst\u00fcck ist der Kursindex. Der Performanceindex liegt immer \u00fcber dem Kursindex.<\/p>\n","protected":false},"excerpt":{"rendered":"<p>engl. Total Return Index Beim Performanceindex flie\u00dfen Dividendenzahlungen sowie Kapitalver\u00e4nderungen in die Indexberechnung mit ein. Dies bedeutet, dass vor allem Dividendenaussch\u00fcttungen den Performanceindex in der Kursentwicklung nicht beeinflussen. Dieser Indextyp zeigt also die gesamte Performance an, die ein Aktion\u00e4r erzielt hat. Beim Performanceindex wird somit unterstellt, dass die Dividende wieder in die Aktie reinvestiert wird, [&hellip;]<\/p>\n","protected":false},"author":1,"featured_media":0,"parent":0,"menu_order":0,"comment_status":"closed","ping_status":"closed","template":"","meta":{"site-sidebar-layout":"default","site-content-layout":"","ast-site-content-layout":"","site-content-style":"default","site-sidebar-style":"default","ast-global-header-display":"","ast-banner-title-visibility":"","ast-main-header-display":"","ast-hfb-above-header-display":"","ast-hfb-below-header-display":"","ast-hfb-mobile-header-display":"","site-post-title":"","ast-breadcrumbs-content":"","ast-featured-img":"","footer-sml-layout":"","theme-transparent-header-meta":"","adv-header-id-meta":"","stick-header-meta":"","header-above-stick-meta":"","header-main-stick-meta":"","header-below-stick-meta":"","astra-migrate-meta-layouts":"default","ast-page-background-enabled":"default","ast-page-background-meta":{"desktop":{"background-color":"","background-image":"","background-repeat":"repeat","background-position":"center center","background-size":"auto","background-attachment":"scroll","background-type":"","background-media":"","overlay-type":"","overlay-color":"","overlay-opacity":"","overlay-gradient":""},"tablet":{"background-color":"","background-image":"","background-repeat":"repeat","background-position":"center center","background-size":"auto","background-attachment":"scroll","background-type":"","background-media":"","overlay-type":"","overlay-color":"","overlay-opacity":"","overlay-gradient":""},"mobile":{"background-color":"","background-image":"","background-repeat":"repeat","background-position":"center center","background-size":"auto","background-attachment":"scroll","background-type":"","background-media":"","overlay-type":"","overlay-color":"","overlay-opacity":"","overlay-gradient":""}},"ast-content-background-meta":{"desktop":{"background-color":"var(--ast-global-color-5)","background-image":"","background-repeat":"repeat","background-position":"center center","background-size":"auto","background-attachment":"scroll","background-type":"","background-media":"","overlay-type":"","overlay-color":"","overlay-opacity":"","overlay-gradient":""},"tablet":{"background-color":"var(--ast-global-color-5)","background-image":"","background-repeat":"repeat","background-position":"center center","background-size":"auto","background-attachment":"scroll","background-type":"","background-media":"","overlay-type":"","overlay-color":"","overlay-opacity":"","overlay-gradient":""},"mobile":{"background-color":"var(--ast-global-color-5)","background-image":"","background-repeat":"repeat","background-position":"center center","background-size":"auto","background-attachment":"scroll","background-type":"","background-media":"","overlay-type":"","overlay-color":"","overlay-opacity":"","overlay-gradient":""}},"footnotes":""},"class_list":["post-861","page","type-page","status-publish","hentry"],"translation":{"provider":"WPGlobus","version":"3.0.2","language":"en","enabled_languages":["de","en"],"languages":{"de":{"title":true,"content":true,"excerpt":false},"en":{"title":false,"content":false,"excerpt":false}}},"featured_image_urls_v2":{"full":"","thumbnail":"","medium":"","medium_large":"","large":"","1536x1536":"","2048x2048":""},"post_excerpt_stackable_v2":"<p>engl. Total Return Index Beim Performanceindex flie\u00dfen Dividendenzahlungen sowie Kapitalver\u00e4nderungen in die Indexberechnung mit ein. Dies bedeutet, dass vor allem Dividendenaussch\u00fcttungen den Performanceindex in der Kursentwicklung nicht beeinflussen. Dieser Indextyp zeigt also die gesamte Performance an, die ein Aktion\u00e4r erzielt hat. Beim Performanceindex wird somit unterstellt, dass die Dividende wieder in die Aktie reinvestiert wird, deshalb wird die ausgesch\u00fcttete Dividende zum gewichteten Kurswert des Index hinzugerechnet. Eine Dividendenzahlung hat somit keine negativen Auswirkungen auf den Kurs des Performanceindex. Wird also eine Aktie Ex Dividende gehandelt und liegt deshalb 3 Prozent im Minus, so flie\u00dfen die 3 Prozent Kursabschlag nicht mit&hellip;<\/p>\n","category_list_v2":"","author_info_v2":{"name":"PrudentWater","url":"https:\/\/prudentwater.com\/en\/author\/niklas33\/"},"comments_num_v2":"0 comments","_links":{"self":[{"href":"https:\/\/prudentwater.com\/en\/wp-json\/wp\/v2\/pages\/861","targetHints":{"allow":["GET"]}}],"collection":[{"href":"https:\/\/prudentwater.com\/en\/wp-json\/wp\/v2\/pages"}],"about":[{"href":"https:\/\/prudentwater.com\/en\/wp-json\/wp\/v2\/types\/page"}],"author":[{"embeddable":true,"href":"https:\/\/prudentwater.com\/en\/wp-json\/wp\/v2\/users\/1"}],"replies":[{"embeddable":true,"href":"https:\/\/prudentwater.com\/en\/wp-json\/wp\/v2\/comments?post=861"}],"version-history":[{"count":0,"href":"https:\/\/prudentwater.com\/en\/wp-json\/wp\/v2\/pages\/861\/revisions"}],"wp:attachment":[{"href":"https:\/\/prudentwater.com\/en\/wp-json\/wp\/v2\/media?parent=861"}],"curies":[{"name":"wp","href":"https:\/\/api.w.org\/{rel}","templated":true}]}}