{"id":8645,"date":"2017-01-04T09:17:49","date_gmt":"2017-01-04T09:17:49","guid":{"rendered":"http:\/\/www.kunnskap.de\/?page_id=8645"},"modified":"2021-06-25T12:49:34","modified_gmt":"2021-06-25T10:49:34","slug":"linienchart","status":"publish","type":"page","link":"https:\/\/prudentwater.com\/en\/linienchart\/","title":{"rendered":"Linienchart"},"content":{"rendered":"<p>Der Linienchart ist die wohl h\u00e4ufigste Form an der B\u00f6rse, um die Kursentwicklung eines Wertpapieres grafisch darzustellen. Durch die Verbindung der Schlusskurse f\u00fcr ein entsprechendes Intervall ergibt sich so eine kontinuierliche Linie. Der Vorteil des Liniencharts liegt in der klaren \u00dcbersichtlichkeit der Kursentwicklung, der Nachteil jedoch darin, dass Tageskursschwankungen nicht vom Linienchart erfasst werden. In diesem Fall w\u00e4re der Balkenchart zu w\u00e4hlen. <\/p>\n","protected":false},"excerpt":{"rendered":"<p>Der Linienchart ist die wohl h\u00e4ufigste Form an der B\u00f6rse, um die Kursentwicklung eines Wertpapieres grafisch darzustellen. Durch die Verbindung der Schlusskurse f\u00fcr ein entsprechendes Intervall ergibt sich so eine kontinuierliche Linie. Der Vorteil des Liniencharts liegt in der klaren \u00dcbersichtlichkeit der Kursentwicklung, der Nachteil jedoch darin, dass Tageskursschwankungen nicht vom Linienchart erfasst werden. In [&hellip;]<\/p>\n","protected":false},"author":1,"featured_media":0,"parent":0,"menu_order":0,"comment_status":"closed","ping_status":"closed","template":"","meta":{"site-sidebar-layout":"default","site-content-layout":"","ast-site-content-layout":"","site-content-style":"default","site-sidebar-style":"default","ast-global-header-display":"","ast-banner-title-visibility":"","ast-main-header-display":"","ast-hfb-above-header-display":"","ast-hfb-below-header-display":"","ast-hfb-mobile-header-display":"","site-post-title":"","ast-breadcrumbs-content":"","ast-featured-img":"","footer-sml-layout":"","theme-transparent-header-meta":"","adv-header-id-meta":"","stick-header-meta":"","header-above-stick-meta":"","header-main-stick-meta":"","header-below-stick-meta":"","astra-migrate-meta-layouts":"default","ast-page-background-enabled":"default","ast-page-background-meta":{"desktop":{"background-color":"","background-image":"","background-repeat":"repeat","background-position":"center center","background-size":"auto","background-attachment":"scroll","background-type":"","background-media":"","overlay-type":"","overlay-color":"","overlay-opacity":"","overlay-gradient":""},"tablet":{"background-color":"","background-image":"","background-repeat":"repeat","background-position":"center center","background-size":"auto","background-attachment":"scroll","background-type":"","background-media":"","overlay-type":"","overlay-color":"","overlay-opacity":"","overlay-gradient":""},"mobile":{"background-color":"","background-image":"","background-repeat":"repeat","background-position":"center center","background-size":"auto","background-attachment":"scroll","background-type":"","background-media":"","overlay-type":"","overlay-color":"","overlay-opacity":"","overlay-gradient":""}},"ast-content-background-meta":{"desktop":{"background-color":"var(--ast-global-color-5)","background-image":"","background-repeat":"repeat","background-position":"center center","background-size":"auto","background-attachment":"scroll","background-type":"","background-media":"","overlay-type":"","overlay-color":"","overlay-opacity":"","overlay-gradient":""},"tablet":{"background-color":"var(--ast-global-color-5)","background-image":"","background-repeat":"repeat","background-position":"center center","background-size":"auto","background-attachment":"scroll","background-type":"","background-media":"","overlay-type":"","overlay-color":"","overlay-opacity":"","overlay-gradient":""},"mobile":{"background-color":"var(--ast-global-color-5)","background-image":"","background-repeat":"repeat","background-position":"center center","background-size":"auto","background-attachment":"scroll","background-type":"","background-media":"","overlay-type":"","overlay-color":"","overlay-opacity":"","overlay-gradient":""}},"footnotes":""},"class_list":["post-8645","page","type-page","status-publish","hentry"],"translation":{"provider":"WPGlobus","version":"3.0.2","language":"en","enabled_languages":["de","en"],"languages":{"de":{"title":true,"content":true,"excerpt":false},"en":{"title":false,"content":false,"excerpt":false}}},"featured_image_urls_v2":{"full":"","thumbnail":"","medium":"","medium_large":"","large":"","1536x1536":"","2048x2048":""},"post_excerpt_stackable_v2":"<p>Der Linienchart ist die wohl h\u00e4ufigste Form an der B\u00f6rse, um die Kursentwicklung eines Wertpapieres grafisch darzustellen. Durch die Verbindung der Schlusskurse f\u00fcr ein entsprechendes Intervall ergibt sich so eine kontinuierliche Linie. Der Vorteil des Liniencharts liegt in der klaren \u00dcbersichtlichkeit der Kursentwicklung, der Nachteil jedoch darin, dass Tageskursschwankungen nicht vom Linienchart erfasst werden. In diesem Fall w\u00e4re der Balkenchart zu w\u00e4hlen.<\/p>\n","category_list_v2":"","author_info_v2":{"name":"PrudentWater","url":"https:\/\/prudentwater.com\/en\/author\/niklas33\/"},"comments_num_v2":"0 comments","_links":{"self":[{"href":"https:\/\/prudentwater.com\/en\/wp-json\/wp\/v2\/pages\/8645","targetHints":{"allow":["GET"]}}],"collection":[{"href":"https:\/\/prudentwater.com\/en\/wp-json\/wp\/v2\/pages"}],"about":[{"href":"https:\/\/prudentwater.com\/en\/wp-json\/wp\/v2\/types\/page"}],"author":[{"embeddable":true,"href":"https:\/\/prudentwater.com\/en\/wp-json\/wp\/v2\/users\/1"}],"replies":[{"embeddable":true,"href":"https:\/\/prudentwater.com\/en\/wp-json\/wp\/v2\/comments?post=8645"}],"version-history":[{"count":0,"href":"https:\/\/prudentwater.com\/en\/wp-json\/wp\/v2\/pages\/8645\/revisions"}],"wp:attachment":[{"href":"https:\/\/prudentwater.com\/en\/wp-json\/wp\/v2\/media?parent=8645"}],"curies":[{"name":"wp","href":"https:\/\/api.w.org\/{rel}","templated":true}]}}