{"id":8660,"date":"2017-01-06T10:12:28","date_gmt":"2017-01-06T10:12:28","guid":{"rendered":"http:\/\/www.kunnskap.de\/?page_id=8660"},"modified":"2022-11-10T10:15:36","modified_gmt":"2022-11-10T09:15:36","slug":"aktienmarkt","status":"publish","type":"page","link":"https:\/\/prudentwater.com\/en\/aktienmarkt\/","title":{"rendered":"Aktienmarkt"},"content":{"rendered":"<p>engl. <strong>Stock Market<\/strong><\/p>\n<p>Der Aktienmarkt ist ein nicht-lokalisierbarer Handelsplatz, an dem Aktien gehandelt werden und somit Anlegern die M\u00f6glichkeit bietet, Miteigent\u00fcmer an einer Aktiengesellschaft zu werden. Gleichzeitig bietet der Aktienmarkt einem Unternehmen die M\u00f6glichkeit durch Ausgabe von Aktien neues Kapital zu erhalten, um es f\u00fcr Investitionen und zu Expansionszwecken zu nutzen. Der Aktienmarkt und der Rentenmarkt zusammen bilden den Kapitalmarkt, welcher im Gegensatz zum Geldmarkt f\u00fcr mittel- bis langfristige Geldanlage genutzt wird. In Deutschland existieren zwei verschiedene Marktsegmente, an denen Unternehmen ihre Aktien listen k\u00f6nnen. Als regulierter Markt wird dabei das B\u00f6rsensegment mit den h\u00f6chstm\u00f6glichen Anforderungen genannt, der Open Market als zweites Segment fordert hingegen weniger Pflichten und Voraussetzungen. Der Aktienmarkt eines jeden Landes wird durch einen Aktienindex repr\u00e4sentiert, welcher die gr\u00f6\u00dften und wichtigsten b\u00f6rsennotierten Unternehmen aus dem jeweiligen Land enthalten. So ist es f\u00fcr Deutschland der DAX und f\u00fcr die USA der Dow Jones Industrial Average.<\/p>\n","protected":false},"excerpt":{"rendered":"<p>engl. Stock Market Der Aktienmarkt ist ein nicht-lokalisierbarer Handelsplatz, an dem Aktien gehandelt werden und somit Anlegern die M\u00f6glichkeit bietet, Miteigent\u00fcmer an einer Aktiengesellschaft zu werden. Gleichzeitig bietet der Aktienmarkt einem Unternehmen die M\u00f6glichkeit durch Ausgabe von Aktien neues Kapital zu erhalten, um es f\u00fcr Investitionen und zu Expansionszwecken zu nutzen. Der Aktienmarkt und der [&hellip;]<\/p>\n","protected":false},"author":1,"featured_media":0,"parent":0,"menu_order":0,"comment_status":"closed","ping_status":"closed","template":"","meta":{"site-sidebar-layout":"default","site-content-layout":"","ast-site-content-layout":"","site-content-style":"default","site-sidebar-style":"default","ast-global-header-display":"","ast-banner-title-visibility":"","ast-main-header-display":"","ast-hfb-above-header-display":"","ast-hfb-below-header-display":"","ast-hfb-mobile-header-display":"","site-post-title":"","ast-breadcrumbs-content":"","ast-featured-img":"","footer-sml-layout":"","theme-transparent-header-meta":"","adv-header-id-meta":"","stick-header-meta":"","header-above-stick-meta":"","header-main-stick-meta":"","header-below-stick-meta":"","astra-migrate-meta-layouts":"default","ast-page-background-enabled":"default","ast-page-background-meta":{"desktop":{"background-color":"","background-image":"","background-repeat":"repeat","background-position":"center center","background-size":"auto","background-attachment":"scroll","background-type":"","background-media":"","overlay-type":"","overlay-color":"","overlay-opacity":"","overlay-gradient":""},"tablet":{"background-color":"","background-image":"","background-repeat":"repeat","background-position":"center center","background-size":"auto","background-attachment":"scroll","background-type":"","background-media":"","overlay-type":"","overlay-color":"","overlay-opacity":"","overlay-gradient":""},"mobile":{"background-color":"","background-image":"","background-repeat":"repeat","background-position":"center center","background-size":"auto","background-attachment":"scroll","background-type":"","background-media":"","overlay-type":"","overlay-color":"","overlay-opacity":"","overlay-gradient":""}},"ast-content-background-meta":{"desktop":{"background-color":"var(--ast-global-color-5)","background-image":"","background-repeat":"repeat","background-position":"center center","background-size":"auto","background-attachment":"scroll","background-type":"","background-media":"","overlay-type":"","overlay-color":"","overlay-opacity":"","overlay-gradient":""},"tablet":{"background-color":"var(--ast-global-color-5)","background-image":"","background-repeat":"repeat","background-position":"center center","background-size":"auto","background-attachment":"scroll","background-type":"","background-media":"","overlay-type":"","overlay-color":"","overlay-opacity":"","overlay-gradient":""},"mobile":{"background-color":"var(--ast-global-color-5)","background-image":"","background-repeat":"repeat","background-position":"center center","background-size":"auto","background-attachment":"scroll","background-type":"","background-media":"","overlay-type":"","overlay-color":"","overlay-opacity":"","overlay-gradient":""}},"footnotes":""},"class_list":["post-8660","page","type-page","status-publish","hentry"],"translation":{"provider":"WPGlobus","version":"3.0.2","language":"en","enabled_languages":["de","en"],"languages":{"de":{"title":true,"content":true,"excerpt":false},"en":{"title":false,"content":false,"excerpt":false}}},"featured_image_urls_v2":{"full":"","thumbnail":"","medium":"","medium_large":"","large":"","1536x1536":"","2048x2048":""},"post_excerpt_stackable_v2":"<p>engl. Stock Market Der Aktienmarkt ist ein nicht-lokalisierbarer Handelsplatz, an dem Aktien gehandelt werden und somit Anlegern die M\u00f6glichkeit bietet, Miteigent\u00fcmer an einer Aktiengesellschaft zu werden. Gleichzeitig bietet der Aktienmarkt einem Unternehmen die M\u00f6glichkeit durch Ausgabe von Aktien neues Kapital zu erhalten, um es f\u00fcr Investitionen und zu Expansionszwecken zu nutzen. Der Aktienmarkt und der Rentenmarkt zusammen bilden den Kapitalmarkt, welcher im Gegensatz zum Geldmarkt f\u00fcr mittel- bis langfristige Geldanlage genutzt wird. In Deutschland existieren zwei verschiedene Marktsegmente, an denen Unternehmen ihre Aktien listen k\u00f6nnen. Als regulierter Markt wird dabei das B\u00f6rsensegment mit den h\u00f6chstm\u00f6glichen Anforderungen genannt, der Open Market&hellip;<\/p>\n","category_list_v2":"","author_info_v2":{"name":"PrudentWater","url":"https:\/\/prudentwater.com\/en\/author\/niklas33\/"},"comments_num_v2":"0 comments","_links":{"self":[{"href":"https:\/\/prudentwater.com\/en\/wp-json\/wp\/v2\/pages\/8660","targetHints":{"allow":["GET"]}}],"collection":[{"href":"https:\/\/prudentwater.com\/en\/wp-json\/wp\/v2\/pages"}],"about":[{"href":"https:\/\/prudentwater.com\/en\/wp-json\/wp\/v2\/types\/page"}],"author":[{"embeddable":true,"href":"https:\/\/prudentwater.com\/en\/wp-json\/wp\/v2\/users\/1"}],"replies":[{"embeddable":true,"href":"https:\/\/prudentwater.com\/en\/wp-json\/wp\/v2\/comments?post=8660"}],"version-history":[{"count":0,"href":"https:\/\/prudentwater.com\/en\/wp-json\/wp\/v2\/pages\/8660\/revisions"}],"wp:attachment":[{"href":"https:\/\/prudentwater.com\/en\/wp-json\/wp\/v2\/media?parent=8660"}],"curies":[{"name":"wp","href":"https:\/\/api.w.org\/{rel}","templated":true}]}}