{"id":8748,"date":"2017-01-10T21:32:43","date_gmt":"2017-01-10T21:32:43","guid":{"rendered":"http:\/\/www.kunnskap.de\/?page_id=8748"},"modified":"2021-06-25T12:49:34","modified_gmt":"2021-06-25T10:49:34","slug":"leverage","status":"publish","type":"page","link":"https:\/\/prudentwater.com\/en\/leverage\/","title":{"rendered":"Leverage"},"content":{"rendered":"<h4>Leverage als Analgestrategie<\/h4>\n<p>Leverage beschreibt an der B\u00f6rse die Aufnahme von Fremdkapital, um so das Anlagekapital eines Investments zu erh\u00f6hen und dadurch eine Hebelwirkung zu erzielen. Der Anleger kann durch den Leverage eine h\u00f6here Rendite erzielen, wenn die zu zahlenden Zinsen f\u00fcr den aufgenommenen Kredit unter der am Markt erzielten Rendite liegen. Die Risiken \u00fcberwiegen beim Leverage jedoch den m\u00f6glichen zus\u00e4tzlichen Gewinn, da der Kredit sowie die darauf zu zahlenden Zinsen unabh\u00e4ngig von der Kursentwicklung des get\u00e4tigten Investments zur\u00fcckgezahlt werden m\u00fcssen. Beim Leverage besteht die Gefahr, dass sich die Geldanlage f\u00fcr aus der Sicht des Investors negativ entwickelt und er so einen \u00fcberproportionalen Verlust erleidet, welcher dann h\u00f6her ausf\u00e4llt, als wenn er mit seinem eigenen Geld spekuliert h\u00e4tte. Leverage als Anlagestrategie ist somit als hochspekulativ anzusehen.<\/p>\n<h4>Leverage als Unternehmenskennzahl<\/h4>\n<p>Leverage wird auch als Net Debt\/EBITDA bezeichnet und dient dann als Kennzahl der Unternehmensbewertung. Dabei gibt sie dem Investor die Zeitdauer (in Jahren) an, wie lange das jeweilige Unternehmen ben\u00f6tigt, um alle offenen Schulden mit dem erzielten EBITDA zur\u00fcckzuzahlen, wenn Nettofinanzverbindlichkeiten und EBITDA konstant bleiben.<\/p>\n","protected":false},"excerpt":{"rendered":"<p>Leverage als Analgestrategie Leverage beschreibt an der B\u00f6rse die Aufnahme von Fremdkapital, um so das Anlagekapital eines Investments zu erh\u00f6hen und dadurch eine Hebelwirkung zu erzielen. Der Anleger kann durch den Leverage eine h\u00f6here Rendite erzielen, wenn die zu zahlenden Zinsen f\u00fcr den aufgenommenen Kredit unter der am Markt erzielten Rendite liegen. Die Risiken \u00fcberwiegen [&hellip;]<\/p>\n","protected":false},"author":1,"featured_media":0,"parent":0,"menu_order":0,"comment_status":"closed","ping_status":"closed","template":"","meta":{"site-sidebar-layout":"default","site-content-layout":"","ast-site-content-layout":"","site-content-style":"default","site-sidebar-style":"default","ast-global-header-display":"","ast-banner-title-visibility":"","ast-main-header-display":"","ast-hfb-above-header-display":"","ast-hfb-below-header-display":"","ast-hfb-mobile-header-display":"","site-post-title":"","ast-breadcrumbs-content":"","ast-featured-img":"","footer-sml-layout":"","theme-transparent-header-meta":"","adv-header-id-meta":"","stick-header-meta":"","header-above-stick-meta":"","header-main-stick-meta":"","header-below-stick-meta":"","astra-migrate-meta-layouts":"default","ast-page-background-enabled":"default","ast-page-background-meta":{"desktop":{"background-color":"","background-image":"","background-repeat":"repeat","background-position":"center center","background-size":"auto","background-attachment":"scroll","background-type":"","background-media":"","overlay-type":"","overlay-color":"","overlay-opacity":"","overlay-gradient":""},"tablet":{"background-color":"","background-image":"","background-repeat":"repeat","background-position":"center center","background-size":"auto","background-attachment":"scroll","background-type":"","background-media":"","overlay-type":"","overlay-color":"","overlay-opacity":"","overlay-gradient":""},"mobile":{"background-color":"","background-image":"","background-repeat":"repeat","background-position":"center center","background-size":"auto","background-attachment":"scroll","background-type":"","background-media":"","overlay-type":"","overlay-color":"","overlay-opacity":"","overlay-gradient":""}},"ast-content-background-meta":{"desktop":{"background-color":"var(--ast-global-color-5)","background-image":"","background-repeat":"repeat","background-position":"center center","background-size":"auto","background-attachment":"scroll","background-type":"","background-media":"","overlay-type":"","overlay-color":"","overlay-opacity":"","overlay-gradient":""},"tablet":{"background-color":"var(--ast-global-color-5)","background-image":"","background-repeat":"repeat","background-position":"center center","background-size":"auto","background-attachment":"scroll","background-type":"","background-media":"","overlay-type":"","overlay-color":"","overlay-opacity":"","overlay-gradient":""},"mobile":{"background-color":"var(--ast-global-color-5)","background-image":"","background-repeat":"repeat","background-position":"center center","background-size":"auto","background-attachment":"scroll","background-type":"","background-media":"","overlay-type":"","overlay-color":"","overlay-opacity":"","overlay-gradient":""}},"footnotes":""},"class_list":["post-8748","page","type-page","status-publish","hentry"],"translation":{"provider":"WPGlobus","version":"3.0.2","language":"en","enabled_languages":["de","en"],"languages":{"de":{"title":true,"content":true,"excerpt":false},"en":{"title":false,"content":false,"excerpt":false}}},"featured_image_urls_v2":{"full":"","thumbnail":"","medium":"","medium_large":"","large":"","1536x1536":"","2048x2048":""},"post_excerpt_stackable_v2":"<p>Leverage als Analgestrategie Leverage beschreibt an der B\u00f6rse die Aufnahme von Fremdkapital, um so das Anlagekapital eines Investments zu erh\u00f6hen und dadurch eine Hebelwirkung zu erzielen. Der Anleger kann durch den Leverage eine h\u00f6here Rendite erzielen, wenn die zu zahlenden Zinsen f\u00fcr den aufgenommenen Kredit unter der am Markt erzielten Rendite liegen. Die Risiken \u00fcberwiegen beim Leverage jedoch den m\u00f6glichen zus\u00e4tzlichen Gewinn, da der Kredit sowie die darauf zu zahlenden Zinsen unabh\u00e4ngig von der Kursentwicklung des get\u00e4tigten Investments zur\u00fcckgezahlt werden m\u00fcssen. Beim Leverage besteht die Gefahr, dass sich die Geldanlage f\u00fcr aus der Sicht des Investors negativ entwickelt und er&hellip;<\/p>\n","category_list_v2":"","author_info_v2":{"name":"PrudentWater","url":"https:\/\/prudentwater.com\/en\/author\/niklas33\/"},"comments_num_v2":"0 comments","_links":{"self":[{"href":"https:\/\/prudentwater.com\/en\/wp-json\/wp\/v2\/pages\/8748","targetHints":{"allow":["GET"]}}],"collection":[{"href":"https:\/\/prudentwater.com\/en\/wp-json\/wp\/v2\/pages"}],"about":[{"href":"https:\/\/prudentwater.com\/en\/wp-json\/wp\/v2\/types\/page"}],"author":[{"embeddable":true,"href":"https:\/\/prudentwater.com\/en\/wp-json\/wp\/v2\/users\/1"}],"replies":[{"embeddable":true,"href":"https:\/\/prudentwater.com\/en\/wp-json\/wp\/v2\/comments?post=8748"}],"version-history":[{"count":0,"href":"https:\/\/prudentwater.com\/en\/wp-json\/wp\/v2\/pages\/8748\/revisions"}],"wp:attachment":[{"href":"https:\/\/prudentwater.com\/en\/wp-json\/wp\/v2\/media?parent=8748"}],"curies":[{"name":"wp","href":"https:\/\/api.w.org\/{rel}","templated":true}]}}