{"id":876,"date":"2014-09-23T11:01:08","date_gmt":"2014-09-23T11:01:08","guid":{"rendered":"http:\/\/www.kunnskap.de\/?page_id=876"},"modified":"2022-09-25T17:40:13","modified_gmt":"2022-09-25T15:40:13","slug":"stammaktie","status":"publish","type":"page","link":"https:\/\/prudentwater.com\/en\/stammaktie\/","title":{"rendered":"Stammaktie"},"content":{"rendered":"<p>Auch <b>StA<\/b><br \/>\nengl. <b>Common Stock<\/b> oder <b>Ordinary Share<\/b><\/p>\n<p>Die Stammaktie ist die verbreiteste und meist emittierte Aktiengattung an den B\u00f6rsen. Mit einer Stammaktie hat der Aktion\u00e4r Anspruch auf alle im Aktiengesetz verankerten Aktion\u00e4rsrechte wie z. B. das Stimmrecht auf der Hauptversammlung oder den Dividendenanspruch. Sollte es zu einer Unternehmens\u00fcbernahme kommen, sind Stammaktien strategisch wichtiger, da das verbundene Stimmrecht der Stammaktie mit Einfluss auf die Entscheidung nimmt. Kommt es jedoch zu einer Liquidation, also zu einer Aufl\u00f6sung des Unternehmens, so werden zuerst alle Gl\u00e4ubiger (Fremdkapitalgeber) als auch Inhaber von Vorzugsaktien bedient, bevor Stammaktienbesitzer Anspruch auf die Liquidationsmasse haben. Eine Vorzugsaktie ist das Gegenst\u00fcck zur Stammaktie und besitzt kein Stimmrecht, zahlt daf\u00fcr aber eine h\u00f6here Dividende.<\/p>\n","protected":false},"excerpt":{"rendered":"<p>Auch StA engl. Common Stock oder Ordinary Share Die Stammaktie ist die verbreiteste und meist emittierte Aktiengattung an den B\u00f6rsen. Mit einer Stammaktie hat der Aktion\u00e4r Anspruch auf alle im Aktiengesetz verankerten Aktion\u00e4rsrechte wie z. B. das Stimmrecht auf der Hauptversammlung oder den Dividendenanspruch. Sollte es zu einer Unternehmens\u00fcbernahme kommen, sind Stammaktien strategisch wichtiger, da [&hellip;]<\/p>\n","protected":false},"author":1,"featured_media":0,"parent":0,"menu_order":0,"comment_status":"closed","ping_status":"closed","template":"","meta":{"site-sidebar-layout":"default","site-content-layout":"","ast-site-content-layout":"","site-content-style":"default","site-sidebar-style":"default","ast-global-header-display":"","ast-banner-title-visibility":"","ast-main-header-display":"","ast-hfb-above-header-display":"","ast-hfb-below-header-display":"","ast-hfb-mobile-header-display":"","site-post-title":"","ast-breadcrumbs-content":"","ast-featured-img":"","footer-sml-layout":"","theme-transparent-header-meta":"","adv-header-id-meta":"","stick-header-meta":"","header-above-stick-meta":"","header-main-stick-meta":"","header-below-stick-meta":"","astra-migrate-meta-layouts":"default","ast-page-background-enabled":"default","ast-page-background-meta":{"desktop":{"background-color":"","background-image":"","background-repeat":"repeat","background-position":"center center","background-size":"auto","background-attachment":"scroll","background-type":"","background-media":"","overlay-type":"","overlay-color":"","overlay-opacity":"","overlay-gradient":""},"tablet":{"background-color":"","background-image":"","background-repeat":"repeat","background-position":"center center","background-size":"auto","background-attachment":"scroll","background-type":"","background-media":"","overlay-type":"","overlay-color":"","overlay-opacity":"","overlay-gradient":""},"mobile":{"background-color":"","background-image":"","background-repeat":"repeat","background-position":"center center","background-size":"auto","background-attachment":"scroll","background-type":"","background-media":"","overlay-type":"","overlay-color":"","overlay-opacity":"","overlay-gradient":""}},"ast-content-background-meta":{"desktop":{"background-color":"var(--ast-global-color-5)","background-image":"","background-repeat":"repeat","background-position":"center center","background-size":"auto","background-attachment":"scroll","background-type":"","background-media":"","overlay-type":"","overlay-color":"","overlay-opacity":"","overlay-gradient":""},"tablet":{"background-color":"var(--ast-global-color-5)","background-image":"","background-repeat":"repeat","background-position":"center center","background-size":"auto","background-attachment":"scroll","background-type":"","background-media":"","overlay-type":"","overlay-color":"","overlay-opacity":"","overlay-gradient":""},"mobile":{"background-color":"var(--ast-global-color-5)","background-image":"","background-repeat":"repeat","background-position":"center center","background-size":"auto","background-attachment":"scroll","background-type":"","background-media":"","overlay-type":"","overlay-color":"","overlay-opacity":"","overlay-gradient":""}},"footnotes":""},"class_list":["post-876","page","type-page","status-publish","hentry"],"translation":{"provider":"WPGlobus","version":"3.0.2","language":"en","enabled_languages":["de","en"],"languages":{"de":{"title":true,"content":true,"excerpt":false},"en":{"title":false,"content":false,"excerpt":false}}},"featured_image_urls_v2":{"full":"","thumbnail":"","medium":"","medium_large":"","large":"","1536x1536":"","2048x2048":""},"post_excerpt_stackable_v2":"<p>Auch StA engl. Common Stock oder Ordinary Share Die Stammaktie ist die verbreiteste und meist emittierte Aktiengattung an den B\u00f6rsen. Mit einer Stammaktie hat der Aktion\u00e4r Anspruch auf alle im Aktiengesetz verankerten Aktion\u00e4rsrechte wie z. B. das Stimmrecht auf der Hauptversammlung oder den Dividendenanspruch. Sollte es zu einer Unternehmens\u00fcbernahme kommen, sind Stammaktien strategisch wichtiger, da das verbundene Stimmrecht der Stammaktie mit Einfluss auf die Entscheidung nimmt. Kommt es jedoch zu einer Liquidation, also zu einer Aufl\u00f6sung des Unternehmens, so werden zuerst alle Gl\u00e4ubiger (Fremdkapitalgeber) als auch Inhaber von Vorzugsaktien bedient, bevor Stammaktienbesitzer Anspruch auf die Liquidationsmasse haben. Eine Vorzugsaktie ist&hellip;<\/p>\n","category_list_v2":"","author_info_v2":{"name":"PrudentWater","url":"https:\/\/prudentwater.com\/en\/author\/niklas33\/"},"comments_num_v2":"0 comments","_links":{"self":[{"href":"https:\/\/prudentwater.com\/en\/wp-json\/wp\/v2\/pages\/876","targetHints":{"allow":["GET"]}}],"collection":[{"href":"https:\/\/prudentwater.com\/en\/wp-json\/wp\/v2\/pages"}],"about":[{"href":"https:\/\/prudentwater.com\/en\/wp-json\/wp\/v2\/types\/page"}],"author":[{"embeddable":true,"href":"https:\/\/prudentwater.com\/en\/wp-json\/wp\/v2\/users\/1"}],"replies":[{"embeddable":true,"href":"https:\/\/prudentwater.com\/en\/wp-json\/wp\/v2\/comments?post=876"}],"version-history":[{"count":0,"href":"https:\/\/prudentwater.com\/en\/wp-json\/wp\/v2\/pages\/876\/revisions"}],"wp:attachment":[{"href":"https:\/\/prudentwater.com\/en\/wp-json\/wp\/v2\/media?parent=876"}],"curies":[{"name":"wp","href":"https:\/\/api.w.org\/{rel}","templated":true}]}}