{"id":8760,"date":"2017-01-11T14:45:36","date_gmt":"2017-01-11T14:45:36","guid":{"rendered":"http:\/\/www.kunnskap.de\/?page_id=8760"},"modified":"2021-06-25T12:50:41","modified_gmt":"2021-06-25T10:50:41","slug":"zertifikat","status":"publish","type":"page","link":"https:\/\/prudentwater.com\/en\/zertifikat\/","title":{"rendered":"Zertifikat"},"content":{"rendered":"<p>Bei einem Zertifikat handelt es sich um ein Derivat, welches die Entwicklung eines bestimmten Basiswertes nachbildet oder aber auch eine konkrete Anlagestrategie verfolgt. Die Entwicklung des Zertifikates h\u00e4ngt somit fast ausschlie\u00dflich von der Wertentwicklung des Basiswertes ab, Ausnahmen sind Wechselkursver\u00e4nderungen, welche jenseits der Basiswertentwicklung auf den Kurs des Zertifikates einwirken k\u00f6nnen. Mittlerweile gibt es eine enorm gro\u00dfe Auswahl an Zertifikatetypen, allen ist jedoch gleich, dass sie keine Eigentumsrechte verbriefen, der Anleger mit dem Kauf somit also nicht zum Teilhaber an einem Unternehmen wird. Dar\u00fcber hinaus zahlen Zertifikate keine Dividenden oder Zinsen, die oftmals einzige Gewinnm\u00f6glichkeit besteht in der Wertsteigerung des Basiswertes. Au\u00dferdem besteht bei allen Zertifikaten ein Emittentenrisiko, meldet das Finanzinstitut, welches das Zertifikat herausgegeben hat Insolvenz an, erleidet der Anleger oft, jedoch nicht immer, einen Totalverlust. Ebenso unterliegen Zertifikate nicht der Einlagensicherung. <\/p>\n","protected":false},"excerpt":{"rendered":"<p>Bei einem Zertifikat handelt es sich um ein Derivat, welches die Entwicklung eines bestimmten Basiswertes nachbildet oder aber auch eine konkrete Anlagestrategie verfolgt. Die Entwicklung des Zertifikates h\u00e4ngt somit fast ausschlie\u00dflich von der Wertentwicklung des Basiswertes ab, Ausnahmen sind Wechselkursver\u00e4nderungen, welche jenseits der Basiswertentwicklung auf den Kurs des Zertifikates einwirken k\u00f6nnen. Mittlerweile gibt es eine [&hellip;]<\/p>\n","protected":false},"author":1,"featured_media":0,"parent":0,"menu_order":0,"comment_status":"closed","ping_status":"closed","template":"","meta":{"site-sidebar-layout":"default","site-content-layout":"","ast-site-content-layout":"","site-content-style":"default","site-sidebar-style":"default","ast-global-header-display":"","ast-banner-title-visibility":"","ast-main-header-display":"","ast-hfb-above-header-display":"","ast-hfb-below-header-display":"","ast-hfb-mobile-header-display":"","site-post-title":"","ast-breadcrumbs-content":"","ast-featured-img":"","footer-sml-layout":"","theme-transparent-header-meta":"","adv-header-id-meta":"","stick-header-meta":"","header-above-stick-meta":"","header-main-stick-meta":"","header-below-stick-meta":"","astra-migrate-meta-layouts":"default","ast-page-background-enabled":"default","ast-page-background-meta":{"desktop":{"background-color":"","background-image":"","background-repeat":"repeat","background-position":"center center","background-size":"auto","background-attachment":"scroll","background-type":"","background-media":"","overlay-type":"","overlay-color":"","overlay-opacity":"","overlay-gradient":""},"tablet":{"background-color":"","background-image":"","background-repeat":"repeat","background-position":"center center","background-size":"auto","background-attachment":"scroll","background-type":"","background-media":"","overlay-type":"","overlay-color":"","overlay-opacity":"","overlay-gradient":""},"mobile":{"background-color":"","background-image":"","background-repeat":"repeat","background-position":"center center","background-size":"auto","background-attachment":"scroll","background-type":"","background-media":"","overlay-type":"","overlay-color":"","overlay-opacity":"","overlay-gradient":""}},"ast-content-background-meta":{"desktop":{"background-color":"var(--ast-global-color-5)","background-image":"","background-repeat":"repeat","background-position":"center center","background-size":"auto","background-attachment":"scroll","background-type":"","background-media":"","overlay-type":"","overlay-color":"","overlay-opacity":"","overlay-gradient":""},"tablet":{"background-color":"var(--ast-global-color-5)","background-image":"","background-repeat":"repeat","background-position":"center center","background-size":"auto","background-attachment":"scroll","background-type":"","background-media":"","overlay-type":"","overlay-color":"","overlay-opacity":"","overlay-gradient":""},"mobile":{"background-color":"var(--ast-global-color-5)","background-image":"","background-repeat":"repeat","background-position":"center center","background-size":"auto","background-attachment":"scroll","background-type":"","background-media":"","overlay-type":"","overlay-color":"","overlay-opacity":"","overlay-gradient":""}},"footnotes":""},"class_list":["post-8760","page","type-page","status-publish","hentry"],"translation":{"provider":"WPGlobus","version":"3.0.2","language":"en","enabled_languages":["de","en"],"languages":{"de":{"title":true,"content":true,"excerpt":false},"en":{"title":false,"content":false,"excerpt":false}}},"featured_image_urls_v2":{"full":"","thumbnail":"","medium":"","medium_large":"","large":"","1536x1536":"","2048x2048":""},"post_excerpt_stackable_v2":"<p>Bei einem Zertifikat handelt es sich um ein Derivat, welches die Entwicklung eines bestimmten Basiswertes nachbildet oder aber auch eine konkrete Anlagestrategie verfolgt. Die Entwicklung des Zertifikates h\u00e4ngt somit fast ausschlie\u00dflich von der Wertentwicklung des Basiswertes ab, Ausnahmen sind Wechselkursver\u00e4nderungen, welche jenseits der Basiswertentwicklung auf den Kurs des Zertifikates einwirken k\u00f6nnen. Mittlerweile gibt es eine enorm gro\u00dfe Auswahl an Zertifikatetypen, allen ist jedoch gleich, dass sie keine Eigentumsrechte verbriefen, der Anleger mit dem Kauf somit also nicht zum Teilhaber an einem Unternehmen wird. Dar\u00fcber hinaus zahlen Zertifikate keine Dividenden oder Zinsen, die oftmals einzige Gewinnm\u00f6glichkeit besteht in der Wertsteigerung des&hellip;<\/p>\n","category_list_v2":"","author_info_v2":{"name":"PrudentWater","url":"https:\/\/prudentwater.com\/en\/author\/niklas33\/"},"comments_num_v2":"0 comments","_links":{"self":[{"href":"https:\/\/prudentwater.com\/en\/wp-json\/wp\/v2\/pages\/8760","targetHints":{"allow":["GET"]}}],"collection":[{"href":"https:\/\/prudentwater.com\/en\/wp-json\/wp\/v2\/pages"}],"about":[{"href":"https:\/\/prudentwater.com\/en\/wp-json\/wp\/v2\/types\/page"}],"author":[{"embeddable":true,"href":"https:\/\/prudentwater.com\/en\/wp-json\/wp\/v2\/users\/1"}],"replies":[{"embeddable":true,"href":"https:\/\/prudentwater.com\/en\/wp-json\/wp\/v2\/comments?post=8760"}],"version-history":[{"count":0,"href":"https:\/\/prudentwater.com\/en\/wp-json\/wp\/v2\/pages\/8760\/revisions"}],"wp:attachment":[{"href":"https:\/\/prudentwater.com\/en\/wp-json\/wp\/v2\/media?parent=8760"}],"curies":[{"name":"wp","href":"https:\/\/api.w.org\/{rel}","templated":true}]}}