{"id":8782,"date":"2017-01-12T08:32:25","date_gmt":"2017-01-12T08:32:25","guid":{"rendered":"http:\/\/www.kunnskap.de\/?page_id=8782"},"modified":"2021-06-25T12:48:19","modified_gmt":"2021-06-25T10:48:19","slug":"aussetzung-der-rucknahme-von-fondsanteilen","status":"publish","type":"page","link":"https:\/\/prudentwater.com\/en\/aussetzung-der-rucknahme-von-fondsanteilen\/","title":{"rendered":"Aussetzung der R\u00fccknahme von Fondsanteilen"},"content":{"rendered":"<p>Die Investmentgesellschaft, jene die den jeweiligen Investmentfonds aufgelegt hat und auch verwaltet, kann die R\u00fccknahme von Fondsanteilen f\u00fcr einen gewissen Zeitraum aussetzen. Dieser Zeitraum ist befristet und gesetzlich festgelegt. Grund der Aussetzung k\u00f6nnen au\u00dfergew\u00f6hnliche Ereignisse wie extreme Kursturbulenzen, politische Ereignisse oder ein R\u00fcckgabeverlangen der Fondsanleger in au\u00dfergew\u00f6hnlich hohem Umfang sein. W\u00e4hrend der Aussetzung der R\u00fccknahme kann der Anleger seine Fondsanteile nicht verkaufen. Au\u00dferdem besteht die Gefahr, dass bei Wiederaufnahme des Handels mit den Fondsanteilen diese im Kurs (stark) gefallen sind. Mit der Aussetzung soll das Interesse der Anleger gew\u00e4hrleistet werden, ebenso soll so eine umfangreiche Beurteilung der aktuellen Marktlage erm\u00f6glicht werden und ein &#8216;hastiges&#8217; Verkaufen der Fondsanteile vermieden werden.<\/p>\n","protected":false},"excerpt":{"rendered":"<p>Die Investmentgesellschaft, jene die den jeweiligen Investmentfonds aufgelegt hat und auch verwaltet, kann die R\u00fccknahme von Fondsanteilen f\u00fcr einen gewissen Zeitraum aussetzen. Dieser Zeitraum ist befristet und gesetzlich festgelegt. Grund der Aussetzung k\u00f6nnen au\u00dfergew\u00f6hnliche Ereignisse wie extreme Kursturbulenzen, politische Ereignisse oder ein R\u00fcckgabeverlangen der Fondsanleger in au\u00dfergew\u00f6hnlich hohem Umfang sein. W\u00e4hrend der Aussetzung der R\u00fccknahme [&hellip;]<\/p>\n","protected":false},"author":1,"featured_media":0,"parent":0,"menu_order":0,"comment_status":"closed","ping_status":"closed","template":"","meta":{"site-sidebar-layout":"default","site-content-layout":"","ast-site-content-layout":"","site-content-style":"default","site-sidebar-style":"default","ast-global-header-display":"","ast-banner-title-visibility":"","ast-main-header-display":"","ast-hfb-above-header-display":"","ast-hfb-below-header-display":"","ast-hfb-mobile-header-display":"","site-post-title":"","ast-breadcrumbs-content":"","ast-featured-img":"","footer-sml-layout":"","theme-transparent-header-meta":"","adv-header-id-meta":"","stick-header-meta":"","header-above-stick-meta":"","header-main-stick-meta":"","header-below-stick-meta":"","astra-migrate-meta-layouts":"default","ast-page-background-enabled":"default","ast-page-background-meta":{"desktop":{"background-color":"","background-image":"","background-repeat":"repeat","background-position":"center center","background-size":"auto","background-attachment":"scroll","background-type":"","background-media":"","overlay-type":"","overlay-color":"","overlay-opacity":"","overlay-gradient":""},"tablet":{"background-color":"","background-image":"","background-repeat":"repeat","background-position":"center center","background-size":"auto","background-attachment":"scroll","background-type":"","background-media":"","overlay-type":"","overlay-color":"","overlay-opacity":"","overlay-gradient":""},"mobile":{"background-color":"","background-image":"","background-repeat":"repeat","background-position":"center center","background-size":"auto","background-attachment":"scroll","background-type":"","background-media":"","overlay-type":"","overlay-color":"","overlay-opacity":"","overlay-gradient":""}},"ast-content-background-meta":{"desktop":{"background-color":"var(--ast-global-color-5)","background-image":"","background-repeat":"repeat","background-position":"center center","background-size":"auto","background-attachment":"scroll","background-type":"","background-media":"","overlay-type":"","overlay-color":"","overlay-opacity":"","overlay-gradient":""},"tablet":{"background-color":"var(--ast-global-color-5)","background-image":"","background-repeat":"repeat","background-position":"center center","background-size":"auto","background-attachment":"scroll","background-type":"","background-media":"","overlay-type":"","overlay-color":"","overlay-opacity":"","overlay-gradient":""},"mobile":{"background-color":"var(--ast-global-color-5)","background-image":"","background-repeat":"repeat","background-position":"center center","background-size":"auto","background-attachment":"scroll","background-type":"","background-media":"","overlay-type":"","overlay-color":"","overlay-opacity":"","overlay-gradient":""}},"footnotes":""},"class_list":["post-8782","page","type-page","status-publish","hentry"],"translation":{"provider":"WPGlobus","version":"3.0.2","language":"en","enabled_languages":["de","en"],"languages":{"de":{"title":true,"content":true,"excerpt":false},"en":{"title":false,"content":false,"excerpt":false}}},"featured_image_urls_v2":{"full":"","thumbnail":"","medium":"","medium_large":"","large":"","1536x1536":"","2048x2048":""},"post_excerpt_stackable_v2":"<p>Die Investmentgesellschaft, jene die den jeweiligen Investmentfonds aufgelegt hat und auch verwaltet, kann die R\u00fccknahme von Fondsanteilen f\u00fcr einen gewissen Zeitraum aussetzen. Dieser Zeitraum ist befristet und gesetzlich festgelegt. Grund der Aussetzung k\u00f6nnen au\u00dfergew\u00f6hnliche Ereignisse wie extreme Kursturbulenzen, politische Ereignisse oder ein R\u00fcckgabeverlangen der Fondsanleger in au\u00dfergew\u00f6hnlich hohem Umfang sein. W\u00e4hrend der Aussetzung der R\u00fccknahme kann der Anleger seine Fondsanteile nicht verkaufen. Au\u00dferdem besteht die Gefahr, dass bei Wiederaufnahme des Handels mit den Fondsanteilen diese im Kurs (stark) gefallen sind. Mit der Aussetzung soll das Interesse der Anleger gew\u00e4hrleistet werden, ebenso soll so eine umfangreiche Beurteilung der aktuellen Marktlage erm\u00f6glicht&hellip;<\/p>\n","category_list_v2":"","author_info_v2":{"name":"PrudentWater","url":"https:\/\/prudentwater.com\/en\/author\/niklas33\/"},"comments_num_v2":"0 comments","_links":{"self":[{"href":"https:\/\/prudentwater.com\/en\/wp-json\/wp\/v2\/pages\/8782","targetHints":{"allow":["GET"]}}],"collection":[{"href":"https:\/\/prudentwater.com\/en\/wp-json\/wp\/v2\/pages"}],"about":[{"href":"https:\/\/prudentwater.com\/en\/wp-json\/wp\/v2\/types\/page"}],"author":[{"embeddable":true,"href":"https:\/\/prudentwater.com\/en\/wp-json\/wp\/v2\/users\/1"}],"replies":[{"embeddable":true,"href":"https:\/\/prudentwater.com\/en\/wp-json\/wp\/v2\/comments?post=8782"}],"version-history":[{"count":0,"href":"https:\/\/prudentwater.com\/en\/wp-json\/wp\/v2\/pages\/8782\/revisions"}],"wp:attachment":[{"href":"https:\/\/prudentwater.com\/en\/wp-json\/wp\/v2\/media?parent=8782"}],"curies":[{"name":"wp","href":"https:\/\/api.w.org\/{rel}","templated":true}]}}