{"id":8794,"date":"2017-01-12T09:53:24","date_gmt":"2017-01-12T09:53:24","guid":{"rendered":"http:\/\/www.kunnskap.de\/?page_id=8794"},"modified":"2022-10-25T15:26:24","modified_gmt":"2022-10-25T13:26:24","slug":"verauserungsgewinn","status":"publish","type":"page","link":"https:\/\/prudentwater.com\/en\/verauserungsgewinn\/","title":{"rendered":"Ver\u00e4u\u00dferungsgewinn"},"content":{"rendered":"<p>Ein Ver\u00e4u\u00dferungsgewinn ist ein erzielter Kursgewinn aus einem Wertpapiergesch\u00e4ft wie zum Beispiel durch den Handel mit Aktien oder Anleihen. Kauft also der Anleger eine Aktie f\u00fcr 12,00 Euro und verkauft dieselbe Aktie zwei Wochen sp\u00e4ter f\u00fcr 15,00 Euro, so erzielt er einen Ver\u00e4u\u00dferungsgewinn von 3,00 Euro je Aktie. Ver\u00e4u\u00dferungsgewinne sind au\u00dferordentliche Ertr\u00e4ge und unterliegen der Abgeltungssteuer plus dem Solidarit\u00e4tszuschlag sowie eventuell der Kirchensteuer. Die beim An- und Verkauf angefallenen Transaktionsgeb\u00fchren mindern jedoch den entsprechenden steuerrelevanten Gewinn.<\/p>\n","protected":false},"excerpt":{"rendered":"<p>Ein Ver\u00e4u\u00dferungsgewinn ist ein erzielter Kursgewinn aus einem Wertpapiergesch\u00e4ft wie zum Beispiel durch den Handel mit Aktien oder Anleihen. Kauft also der Anleger eine Aktie f\u00fcr 12,00 Euro und verkauft dieselbe Aktie zwei Wochen sp\u00e4ter f\u00fcr 15,00 Euro, so erzielt er einen Ver\u00e4u\u00dferungsgewinn von 3,00 Euro je Aktie. Ver\u00e4u\u00dferungsgewinne sind au\u00dferordentliche Ertr\u00e4ge und unterliegen der [&hellip;]<\/p>\n","protected":false},"author":1,"featured_media":0,"parent":0,"menu_order":0,"comment_status":"closed","ping_status":"closed","template":"","meta":{"site-sidebar-layout":"default","site-content-layout":"","ast-site-content-layout":"","site-content-style":"default","site-sidebar-style":"default","ast-global-header-display":"","ast-banner-title-visibility":"","ast-main-header-display":"","ast-hfb-above-header-display":"","ast-hfb-below-header-display":"","ast-hfb-mobile-header-display":"","site-post-title":"","ast-breadcrumbs-content":"","ast-featured-img":"","footer-sml-layout":"","theme-transparent-header-meta":"","adv-header-id-meta":"","stick-header-meta":"","header-above-stick-meta":"","header-main-stick-meta":"","header-below-stick-meta":"","astra-migrate-meta-layouts":"default","ast-page-background-enabled":"default","ast-page-background-meta":{"desktop":{"background-color":"","background-image":"","background-repeat":"repeat","background-position":"center center","background-size":"auto","background-attachment":"scroll","background-type":"","background-media":"","overlay-type":"","overlay-color":"","overlay-opacity":"","overlay-gradient":""},"tablet":{"background-color":"","background-image":"","background-repeat":"repeat","background-position":"center center","background-size":"auto","background-attachment":"scroll","background-type":"","background-media":"","overlay-type":"","overlay-color":"","overlay-opacity":"","overlay-gradient":""},"mobile":{"background-color":"","background-image":"","background-repeat":"repeat","background-position":"center center","background-size":"auto","background-attachment":"scroll","background-type":"","background-media":"","overlay-type":"","overlay-color":"","overlay-opacity":"","overlay-gradient":""}},"ast-content-background-meta":{"desktop":{"background-color":"var(--ast-global-color-5)","background-image":"","background-repeat":"repeat","background-position":"center center","background-size":"auto","background-attachment":"scroll","background-type":"","background-media":"","overlay-type":"","overlay-color":"","overlay-opacity":"","overlay-gradient":""},"tablet":{"background-color":"var(--ast-global-color-5)","background-image":"","background-repeat":"repeat","background-position":"center center","background-size":"auto","background-attachment":"scroll","background-type":"","background-media":"","overlay-type":"","overlay-color":"","overlay-opacity":"","overlay-gradient":""},"mobile":{"background-color":"var(--ast-global-color-5)","background-image":"","background-repeat":"repeat","background-position":"center center","background-size":"auto","background-attachment":"scroll","background-type":"","background-media":"","overlay-type":"","overlay-color":"","overlay-opacity":"","overlay-gradient":""}},"footnotes":""},"class_list":["post-8794","page","type-page","status-publish","hentry"],"translation":{"provider":"WPGlobus","version":"3.0.2","language":"en","enabled_languages":["de","en"],"languages":{"de":{"title":true,"content":true,"excerpt":false},"en":{"title":false,"content":false,"excerpt":false}}},"featured_image_urls_v2":{"full":"","thumbnail":"","medium":"","medium_large":"","large":"","1536x1536":"","2048x2048":""},"post_excerpt_stackable_v2":"<p>Ein Ver\u00e4u\u00dferungsgewinn ist ein erzielter Kursgewinn aus einem Wertpapiergesch\u00e4ft wie zum Beispiel durch den Handel mit Aktien oder Anleihen. Kauft also der Anleger eine Aktie f\u00fcr 12,00 Euro und verkauft dieselbe Aktie zwei Wochen sp\u00e4ter f\u00fcr 15,00 Euro, so erzielt er einen Ver\u00e4u\u00dferungsgewinn von 3,00 Euro je Aktie. Ver\u00e4u\u00dferungsgewinne sind au\u00dferordentliche Ertr\u00e4ge und unterliegen der Abgeltungssteuer plus dem Solidarit\u00e4tszuschlag sowie eventuell der Kirchensteuer. Die beim An- und Verkauf angefallenen Transaktionsgeb\u00fchren mindern jedoch den entsprechenden steuerrelevanten Gewinn.<\/p>\n","category_list_v2":"","author_info_v2":{"name":"PrudentWater","url":"https:\/\/prudentwater.com\/en\/author\/niklas33\/"},"comments_num_v2":"0 comments","_links":{"self":[{"href":"https:\/\/prudentwater.com\/en\/wp-json\/wp\/v2\/pages\/8794","targetHints":{"allow":["GET"]}}],"collection":[{"href":"https:\/\/prudentwater.com\/en\/wp-json\/wp\/v2\/pages"}],"about":[{"href":"https:\/\/prudentwater.com\/en\/wp-json\/wp\/v2\/types\/page"}],"author":[{"embeddable":true,"href":"https:\/\/prudentwater.com\/en\/wp-json\/wp\/v2\/users\/1"}],"replies":[{"embeddable":true,"href":"https:\/\/prudentwater.com\/en\/wp-json\/wp\/v2\/comments?post=8794"}],"version-history":[{"count":0,"href":"https:\/\/prudentwater.com\/en\/wp-json\/wp\/v2\/pages\/8794\/revisions"}],"wp:attachment":[{"href":"https:\/\/prudentwater.com\/en\/wp-json\/wp\/v2\/media?parent=8794"}],"curies":[{"name":"wp","href":"https:\/\/api.w.org\/{rel}","templated":true}]}}