{"id":881,"date":"2014-09-23T11:16:58","date_gmt":"2014-09-23T11:16:58","guid":{"rendered":"http:\/\/www.kunnskap.de\/?page_id=881"},"modified":"2023-05-11T12:48:25","modified_gmt":"2023-05-11T10:48:25","slug":"vorzugsaktie","status":"publish","type":"page","link":"https:\/\/prudentwater.com\/en\/vorzugsaktie\/","title":{"rendered":"Vorzugsaktie"},"content":{"rendered":"<p>Auch <b>VA<\/b> oder <b>Aktie ohne Stimmrecht<\/b><\/p>\n<p>Mit der Vorzugsaktie besitzt der Inhaber auf der Hauptversammlung kein Stimmrecht. Das fehlende Stimmrecht wird aber mit einer h\u00f6heren Dividende im Vergleich zur Stammaktie entsch\u00e4digt. Die Stammaktie dagegen ist mit einem Stimmrecht ausgestattet. Halter von Vorzugsaktien werden also bei der Dividende bevorzugt, sodass es auch in seltenen F\u00e4llen vorkommen kann, dass ausschlie\u00dflich Besitzer von Vorzugsaktien eine Dividende erhalten. Wird jedoch nicht regelm\u00e4\u00dfig eine Vorzugsdividende bezahlt, erhalten die Besitzer von Vorzugsaktien auch ein Stimmrecht. Falls es zu einem Konkurs kommen sollte, beh\u00e4lt eine Vorzugsaktie einen h\u00f6heren Restwert als eine Stammaktie, da Inhaber der Vorzugsaktie vor den Inhabern der Stammaktie aus der Liquidationsmasse bedient werden. Da aus der Masse jedoch zuerst die Fremdkapitalgeber bedient werden, erhalten in der Praxis Vorzugsaktienbesitzer bei einer Insolvenz in den meisten F\u00e4llen auch kein Geld zur\u00fcck. Auch wenn Vorzugsaktien kein Stimmrecht verbriefen, d\u00fcrfen ihre Besitzer trotzdem an der Hauptversammlung des jeweiligen Unternehmens passiv teilnehmen.<\/p>\n<h2>Abgrenzung zur amerikanischen Preferred Stock<\/h2>\n<p>Die in Deutschland bekannte Vorzugsaktie darf nicht mit der amerikanischen preferred stock gleichgesetzt werden, da sie sich beide voneinander unterscheiden, es jedoch aufgrund der einfachen \u00dcbersetzung oftmals zu Verwechslungen kommt. Die amerikanischen preferred stocks kommen in den USA relativ h\u00e4ufig vor und zeichnen sich dadurch aus, dass sie mit einer festen und h\u00f6heren Dividende ausgestattet sind und gleichzeitig \u00fcber eine bestimmte Laufzeit verf\u00fcgen. Deshalb werden in den USA preferred stocks auch eher mit Anleihen verglichen oder zumindest als Hybridkapital bezeichnet, da auch die klassische deutsche Anleihe \u00fcber einen festen Kupon und eine bestimmte Laufzeit verf\u00fcgt. Preferred stocks schwanken zudem in ihrer Kursentwicklung weniger stark als Stammaktien, f\u00fcr den Anleger sind damit die Chancen auf Kursgewinne kleiner, daf\u00fcr ist ihm jedoch eine feste Dividende garantiert. Au\u00dferdem k\u00f6nnen preferred stocks vom Unternehmen vorzeitig gek\u00fcndigt werden, dar\u00fcber wird der Anleger dann jedoch vorab informiert. Trotzdem handelt es sich bei preferred stocks weiterhin um Aktien mit dem Ex-Dividende Tag als Stichtag f\u00fcr die Dividendenberechtigung.<\/p>\n","protected":false},"excerpt":{"rendered":"<p>Auch VA oder Aktie ohne Stimmrecht Mit der Vorzugsaktie besitzt der Inhaber auf der Hauptversammlung kein Stimmrecht. Das fehlende Stimmrecht wird aber mit einer h\u00f6heren Dividende im Vergleich zur Stammaktie entsch\u00e4digt. Die Stammaktie dagegen ist mit einem Stimmrecht ausgestattet. Halter von Vorzugsaktien werden also bei der Dividende bevorzugt, sodass es auch in seltenen F\u00e4llen vorkommen [&hellip;]<\/p>\n","protected":false},"author":1,"featured_media":0,"parent":0,"menu_order":0,"comment_status":"closed","ping_status":"closed","template":"","meta":{"site-sidebar-layout":"default","site-content-layout":"default","ast-site-content-layout":"","site-content-style":"default","site-sidebar-style":"default","ast-global-header-display":"","ast-banner-title-visibility":"","ast-main-header-display":"","ast-hfb-above-header-display":"","ast-hfb-below-header-display":"","ast-hfb-mobile-header-display":"","site-post-title":"","ast-breadcrumbs-content":"","ast-featured-img":"","footer-sml-layout":"","theme-transparent-header-meta":"default","adv-header-id-meta":"","stick-header-meta":"","header-above-stick-meta":"","header-main-stick-meta":"","header-below-stick-meta":"","astra-migrate-meta-layouts":"default","ast-page-background-enabled":"default","ast-page-background-meta":{"desktop":{"background-color":"","background-image":"","background-repeat":"repeat","background-position":"center center","background-size":"auto","background-attachment":"scroll","background-type":"","background-media":"","overlay-type":"","overlay-color":"","overlay-opacity":"","overlay-gradient":""},"tablet":{"background-color":"","background-image":"","background-repeat":"repeat","background-position":"center center","background-size":"auto","background-attachment":"scroll","background-type":"","background-media":"","overlay-type":"","overlay-color":"","overlay-opacity":"","overlay-gradient":""},"mobile":{"background-color":"","background-image":"","background-repeat":"repeat","background-position":"center center","background-size":"auto","background-attachment":"scroll","background-type":"","background-media":"","overlay-type":"","overlay-color":"","overlay-opacity":"","overlay-gradient":""}},"ast-content-background-meta":{"desktop":{"background-color":"var(--ast-global-color-5)","background-image":"","background-repeat":"repeat","background-position":"center center","background-size":"auto","background-attachment":"scroll","background-type":"","background-media":"","overlay-type":"","overlay-color":"","overlay-opacity":"","overlay-gradient":""},"tablet":{"background-color":"var(--ast-global-color-5)","background-image":"","background-repeat":"repeat","background-position":"center center","background-size":"auto","background-attachment":"scroll","background-type":"","background-media":"","overlay-type":"","overlay-color":"","overlay-opacity":"","overlay-gradient":""},"mobile":{"background-color":"var(--ast-global-color-5)","background-image":"","background-repeat":"repeat","background-position":"center center","background-size":"auto","background-attachment":"scroll","background-type":"","background-media":"","overlay-type":"","overlay-color":"","overlay-opacity":"","overlay-gradient":""}},"footnotes":""},"class_list":["post-881","page","type-page","status-publish","hentry"],"translation":{"provider":"WPGlobus","version":"3.0.2","language":"en","enabled_languages":["de","en"],"languages":{"de":{"title":true,"content":true,"excerpt":false},"en":{"title":false,"content":false,"excerpt":false}}},"featured_image_urls_v2":{"full":"","thumbnail":"","medium":"","medium_large":"","large":"","1536x1536":"","2048x2048":""},"post_excerpt_stackable_v2":"<p>Auch VA oder Aktie ohne Stimmrecht Mit der Vorzugsaktie besitzt der Inhaber auf der Hauptversammlung kein Stimmrecht. Das fehlende Stimmrecht wird aber mit einer h\u00f6heren Dividende im Vergleich zur Stammaktie entsch\u00e4digt. Die Stammaktie dagegen ist mit einem Stimmrecht ausgestattet. Halter von Vorzugsaktien werden also bei der Dividende bevorzugt, sodass es auch in seltenen F\u00e4llen vorkommen kann, dass ausschlie\u00dflich Besitzer von Vorzugsaktien eine Dividende erhalten. Wird jedoch nicht regelm\u00e4\u00dfig eine Vorzugsdividende bezahlt, erhalten die Besitzer von Vorzugsaktien auch ein Stimmrecht. Falls es zu einem Konkurs kommen sollte, beh\u00e4lt eine Vorzugsaktie einen h\u00f6heren Restwert als eine Stammaktie, da Inhaber der Vorzugsaktie vor&hellip;<\/p>\n","category_list_v2":"","author_info_v2":{"name":"PrudentWater","url":"https:\/\/prudentwater.com\/en\/author\/niklas33\/"},"comments_num_v2":"0 comments","_links":{"self":[{"href":"https:\/\/prudentwater.com\/en\/wp-json\/wp\/v2\/pages\/881","targetHints":{"allow":["GET"]}}],"collection":[{"href":"https:\/\/prudentwater.com\/en\/wp-json\/wp\/v2\/pages"}],"about":[{"href":"https:\/\/prudentwater.com\/en\/wp-json\/wp\/v2\/types\/page"}],"author":[{"embeddable":true,"href":"https:\/\/prudentwater.com\/en\/wp-json\/wp\/v2\/users\/1"}],"replies":[{"embeddable":true,"href":"https:\/\/prudentwater.com\/en\/wp-json\/wp\/v2\/comments?post=881"}],"version-history":[{"count":0,"href":"https:\/\/prudentwater.com\/en\/wp-json\/wp\/v2\/pages\/881\/revisions"}],"wp:attachment":[{"href":"https:\/\/prudentwater.com\/en\/wp-json\/wp\/v2\/media?parent=881"}],"curies":[{"name":"wp","href":"https:\/\/api.w.org\/{rel}","templated":true}]}}