{"id":8842,"date":"2017-01-18T15:14:43","date_gmt":"2017-01-18T15:14:43","guid":{"rendered":"http:\/\/www.kunnskap.de\/?page_id=8842"},"modified":"2021-06-25T12:48:23","modified_gmt":"2021-06-25T10:48:23","slug":"candlestick","status":"publish","type":"page","link":"https:\/\/prudentwater.com\/en\/candlestick\/","title":{"rendered":"Candlestick"},"content":{"rendered":"<p>Auch <strong>Kerzenchart<\/strong><\/p>\n<p>Candlestick bezeichnet eine Chartdarstellung, um die Kursentwicklung eines Wertpapieres grafisch wiederzugeben. Der Kerzenchart stammt urspr\u00fcnglich aus Japan und unterscheidet sich zu anderen Chartdarstellungsformen vor allem darin, dass Markttendenzen schneller und deutlicher abgelesen werden k\u00f6nnen. Einzelne Marktbewegungen k\u00f6nnen durch die Candlestick-Darstellung besser visualisiert und vom Trader herausgelesen werden. Die Spanne zwischen Anfangskurs und Schlusskurs wird bei dem Kerzenchart als geschlossener, hervorgehobener K\u00f6rper dargestellt. Die senkrechten Striche kennzeichnen jeweils den an diesem Tag erreichten H\u00f6chstkurs bzw. Tiefstkurs. Folgende Bedeutungen haben dar\u00fcber hinaus die m\u00f6glichen Candlestick-Formationen:<\/p>\n<hr>\n<p><b>Roter, nicht ausgef\u00fcllter K\u00f6rper<\/b><br \/>\nDie Tagestendenz ist steigend, allerdings liegt der Schlusskurs unter dem gestrigen Schlusskurs<\/p>\n<hr>\n<p><b>Roter, ausgef\u00fcllter K\u00f6rper<\/b><br \/>\nDie Tagestendenz ist fallend, zudem liegt der Schlusskurs unter dem gestrigen Schlusskurs<\/p>\n<hr>\n<p><b>Gr\u00fcner, nicht ausgef\u00fcllter K\u00f6rper<\/b><br \/>\nDie Tagestendenz ist steigend, der Schlusskurs liegt \u00fcber dem gestrigen Schlusskurs<\/p>\n<hr>\n<p><b>Gr\u00fcner, ausgef\u00fcllter K\u00f6rper<\/b><br \/>\nDie Tagestendenz ist fallend, der Schlusskurs liegt \u00fcber dem gestrigen Schlusskurs<\/p>\n<hr>\n<p>Die Tagestendenz gibt die Entwicklung des Wertpapieres seit Er\u00f6ffnung des Handels wieder. Somit kann durch die Candlestick-Darstellung aufgezeigt werden, wie sich der Kurs an dem Tag nach der Er\u00f6ffnung des Handels entwickelt hat. Bei einer steigenden Tendenz schloss der Kurs \u00fcber dem Er\u00f6ffnungskurs, bei einer fallenden Tendenz unter dem Er\u00f6ffnungskurs.<br \/>\nEine weitere Form des Kerzencharts ist die Darstellung von nur wei\u00dfen oder schwarzen K\u00f6rpern. Wenn der Er\u00f6ffnungskurs unter dem Schlusskurs liegt, so wird dieser wei\u00df ausgef\u00fcllt. Liegt der Er\u00f6ffnungskurs jedoch \u00fcber dem Schlusskurs, so wird der K\u00f6rper schwarz ausgef\u00fcllt.<\/p>\n<p><font color=\"#FF0000\"><font color=\"#FF0000\"><\/font><\/font><\/p>\n","protected":false},"excerpt":{"rendered":"<p>Auch Kerzenchart Candlestick bezeichnet eine Chartdarstellung, um die Kursentwicklung eines Wertpapieres grafisch wiederzugeben. Der Kerzenchart stammt urspr\u00fcnglich aus Japan und unterscheidet sich zu anderen Chartdarstellungsformen vor allem darin, dass Markttendenzen schneller und deutlicher abgelesen werden k\u00f6nnen. Einzelne Marktbewegungen k\u00f6nnen durch die Candlestick-Darstellung besser visualisiert und vom Trader herausgelesen werden. Die Spanne zwischen Anfangskurs und Schlusskurs [&hellip;]<\/p>\n","protected":false},"author":1,"featured_media":0,"parent":0,"menu_order":0,"comment_status":"closed","ping_status":"closed","template":"","meta":{"site-sidebar-layout":"default","site-content-layout":"","ast-site-content-layout":"","site-content-style":"default","site-sidebar-style":"default","ast-global-header-display":"","ast-banner-title-visibility":"","ast-main-header-display":"","ast-hfb-above-header-display":"","ast-hfb-below-header-display":"","ast-hfb-mobile-header-display":"","site-post-title":"","ast-breadcrumbs-content":"","ast-featured-img":"","footer-sml-layout":"","theme-transparent-header-meta":"","adv-header-id-meta":"","stick-header-meta":"","header-above-stick-meta":"","header-main-stick-meta":"","header-below-stick-meta":"","astra-migrate-meta-layouts":"default","ast-page-background-enabled":"default","ast-page-background-meta":{"desktop":{"background-color":"","background-image":"","background-repeat":"repeat","background-position":"center center","background-size":"auto","background-attachment":"scroll","background-type":"","background-media":"","overlay-type":"","overlay-color":"","overlay-opacity":"","overlay-gradient":""},"tablet":{"background-color":"","background-image":"","background-repeat":"repeat","background-position":"center center","background-size":"auto","background-attachment":"scroll","background-type":"","background-media":"","overlay-type":"","overlay-color":"","overlay-opacity":"","overlay-gradient":""},"mobile":{"background-color":"","background-image":"","background-repeat":"repeat","background-position":"center center","background-size":"auto","background-attachment":"scroll","background-type":"","background-media":"","overlay-type":"","overlay-color":"","overlay-opacity":"","overlay-gradient":""}},"ast-content-background-meta":{"desktop":{"background-color":"var(--ast-global-color-5)","background-image":"","background-repeat":"repeat","background-position":"center center","background-size":"auto","background-attachment":"scroll","background-type":"","background-media":"","overlay-type":"","overlay-color":"","overlay-opacity":"","overlay-gradient":""},"tablet":{"background-color":"var(--ast-global-color-5)","background-image":"","background-repeat":"repeat","background-position":"center center","background-size":"auto","background-attachment":"scroll","background-type":"","background-media":"","overlay-type":"","overlay-color":"","overlay-opacity":"","overlay-gradient":""},"mobile":{"background-color":"var(--ast-global-color-5)","background-image":"","background-repeat":"repeat","background-position":"center center","background-size":"auto","background-attachment":"scroll","background-type":"","background-media":"","overlay-type":"","overlay-color":"","overlay-opacity":"","overlay-gradient":""}},"footnotes":""},"class_list":["post-8842","page","type-page","status-publish","hentry"],"translation":{"provider":"WPGlobus","version":"3.0.2","language":"en","enabled_languages":["de","en"],"languages":{"de":{"title":true,"content":true,"excerpt":false},"en":{"title":false,"content":false,"excerpt":false}}},"featured_image_urls_v2":{"full":"","thumbnail":"","medium":"","medium_large":"","large":"","1536x1536":"","2048x2048":""},"post_excerpt_stackable_v2":"<p>Auch Kerzenchart Candlestick bezeichnet eine Chartdarstellung, um die Kursentwicklung eines Wertpapieres grafisch wiederzugeben. Der Kerzenchart stammt urspr\u00fcnglich aus Japan und unterscheidet sich zu anderen Chartdarstellungsformen vor allem darin, dass Markttendenzen schneller und deutlicher abgelesen werden k\u00f6nnen. Einzelne Marktbewegungen k\u00f6nnen durch die Candlestick-Darstellung besser visualisiert und vom Trader herausgelesen werden. Die Spanne zwischen Anfangskurs und Schlusskurs wird bei dem Kerzenchart als geschlossener, hervorgehobener K\u00f6rper dargestellt. Die senkrechten Striche kennzeichnen jeweils den an diesem Tag erreichten H\u00f6chstkurs bzw. Tiefstkurs. Folgende Bedeutungen haben dar\u00fcber hinaus die m\u00f6glichen Candlestick-Formationen: Roter, nicht ausgef\u00fcllter K\u00f6rper Die Tagestendenz ist steigend, allerdings liegt der Schlusskurs unter dem gestrigen&hellip;<\/p>\n","category_list_v2":"","author_info_v2":{"name":"PrudentWater","url":"https:\/\/prudentwater.com\/en\/author\/niklas33\/"},"comments_num_v2":"0 comments","_links":{"self":[{"href":"https:\/\/prudentwater.com\/en\/wp-json\/wp\/v2\/pages\/8842","targetHints":{"allow":["GET"]}}],"collection":[{"href":"https:\/\/prudentwater.com\/en\/wp-json\/wp\/v2\/pages"}],"about":[{"href":"https:\/\/prudentwater.com\/en\/wp-json\/wp\/v2\/types\/page"}],"author":[{"embeddable":true,"href":"https:\/\/prudentwater.com\/en\/wp-json\/wp\/v2\/users\/1"}],"replies":[{"embeddable":true,"href":"https:\/\/prudentwater.com\/en\/wp-json\/wp\/v2\/comments?post=8842"}],"version-history":[{"count":0,"href":"https:\/\/prudentwater.com\/en\/wp-json\/wp\/v2\/pages\/8842\/revisions"}],"wp:attachment":[{"href":"https:\/\/prudentwater.com\/en\/wp-json\/wp\/v2\/media?parent=8842"}],"curies":[{"name":"wp","href":"https:\/\/api.w.org\/{rel}","templated":true}]}}