{"id":886,"date":"2014-09-23T15:13:30","date_gmt":"2014-09-23T15:13:30","guid":{"rendered":"http:\/\/www.kunnskap.de\/?page_id=886"},"modified":"2021-06-25T12:49:04","modified_gmt":"2021-06-25T10:49:04","slug":"hybridanleihe","status":"publish","type":"page","link":"https:\/\/prudentwater.com\/en\/hybridanleihe\/","title":{"rendered":"Hybridanleihe"},"content":{"rendered":"<p>engl. <strong>Hybrid Security<\/strong><\/p>\n<p>Eine Hybridanleihe weist sowohl Eigenschaften einer Aktie als auch Eigenschaften einer Anleihe auf.<br \/>\nDie Zinszahlungen einer Hybridanleihe sind meistens an bestimmte Unternehmenskennziffern oder an die Dividendenzahlung gebunden. Das besondere an Hybridanleihen ist, dass die Laufzeit oftmals unbegrenzt oder sehr lang ist. Der Emittent hat jedoch das Recht, ab einem festgelegten Termin, die Hybridanleihe vorzeitig zu k\u00fcndigen.<br \/>\nDie Zinszahlungen k\u00f6nnen ausgesetzt oder auch zeitlich verschoben werden. F\u00fcr dieses erh\u00f6hte Risiko erh\u00e4lt der Besitzer der Hybridanleihe einen Zinsaufschlag in H\u00f6he von ca. 2-3 Prozent gegen\u00fcber &#8220;normalen&#8221; Anleihen.<br \/>\nDer Gesamtertrag einer Hybridanleihe ist also an die Gewinnsituation des Emittenten gekoppelt. Somit gilt, wenn das Unternehmen keinen Gewinn erzielt, gibt es auch keine Zinszahlung.<br \/>\nDie Hybridanleihe ist jedoch ein Auslaufmodell. Unter den neuen Vorschriften von Basel III darf das Kapital, welches durch die Ausgabe von Hybridanleihen eingenommen wurde, nicht mehr als Eigenkapital eingerechnet werden.<br \/>\nEs z\u00e4hlt also nicht mehr zum geforderten Kernkapital der Banken. Vorher bezahlten Banken einen h\u00f6heren Zinssatz f\u00fcr Hybridanleihen, daf\u00fcr konnten sich dieses Kapital jedoch als Eigenkapital anrechnen lassen. Da dies nun nicht mehr m\u00f6glich ist, ver\u00e4u\u00dfern sie ihre Hybridanleihen, da diese nach und nach als Fremdkapital angerechnet werden. Fremdkapital k\u00f6nnen sich die Banken jedoch \u00fcber eine gew\u00f6hnliche Anleihe zu einem g\u00fcnstigeren Zinssatz besorgen. Somit macht es f\u00fcr die Unternehmen wenig Sinn, Hybridanleihen weiterhin zu besitzen.<br \/>\nHybridanleihen z\u00e4hlen nach den neuen Basel III-Richtlinien nicht mehr zum Eigenkapital, sondern werden schrittweise als Fremdkapital gewertet. Das Geld aus der Hybridanleihe durfte 2015 nur noch zu 70 Prozent zum Eigenkapital gez\u00e4hlt werden, 2016 nur noch zu 60 Prozent und so weiter.<\/p>\n","protected":false},"excerpt":{"rendered":"<p>engl. Hybrid Security Eine Hybridanleihe weist sowohl Eigenschaften einer Aktie als auch Eigenschaften einer Anleihe auf. Die Zinszahlungen einer Hybridanleihe sind meistens an bestimmte Unternehmenskennziffern oder an die Dividendenzahlung gebunden. Das besondere an Hybridanleihen ist, dass die Laufzeit oftmals unbegrenzt oder sehr lang ist. Der Emittent hat jedoch das Recht, ab einem festgelegten Termin, die [&hellip;]<\/p>\n","protected":false},"author":1,"featured_media":0,"parent":0,"menu_order":0,"comment_status":"closed","ping_status":"closed","template":"","meta":{"site-sidebar-layout":"default","site-content-layout":"","ast-site-content-layout":"","site-content-style":"default","site-sidebar-style":"default","ast-global-header-display":"","ast-banner-title-visibility":"","ast-main-header-display":"","ast-hfb-above-header-display":"","ast-hfb-below-header-display":"","ast-hfb-mobile-header-display":"","site-post-title":"","ast-breadcrumbs-content":"","ast-featured-img":"","footer-sml-layout":"","theme-transparent-header-meta":"","adv-header-id-meta":"","stick-header-meta":"","header-above-stick-meta":"","header-main-stick-meta":"","header-below-stick-meta":"","astra-migrate-meta-layouts":"default","ast-page-background-enabled":"default","ast-page-background-meta":{"desktop":{"background-color":"","background-image":"","background-repeat":"repeat","background-position":"center center","background-size":"auto","background-attachment":"scroll","background-type":"","background-media":"","overlay-type":"","overlay-color":"","overlay-opacity":"","overlay-gradient":""},"tablet":{"background-color":"","background-image":"","background-repeat":"repeat","background-position":"center center","background-size":"auto","background-attachment":"scroll","background-type":"","background-media":"","overlay-type":"","overlay-color":"","overlay-opacity":"","overlay-gradient":""},"mobile":{"background-color":"","background-image":"","background-repeat":"repeat","background-position":"center center","background-size":"auto","background-attachment":"scroll","background-type":"","background-media":"","overlay-type":"","overlay-color":"","overlay-opacity":"","overlay-gradient":""}},"ast-content-background-meta":{"desktop":{"background-color":"var(--ast-global-color-5)","background-image":"","background-repeat":"repeat","background-position":"center center","background-size":"auto","background-attachment":"scroll","background-type":"","background-media":"","overlay-type":"","overlay-color":"","overlay-opacity":"","overlay-gradient":""},"tablet":{"background-color":"var(--ast-global-color-5)","background-image":"","background-repeat":"repeat","background-position":"center center","background-size":"auto","background-attachment":"scroll","background-type":"","background-media":"","overlay-type":"","overlay-color":"","overlay-opacity":"","overlay-gradient":""},"mobile":{"background-color":"var(--ast-global-color-5)","background-image":"","background-repeat":"repeat","background-position":"center center","background-size":"auto","background-attachment":"scroll","background-type":"","background-media":"","overlay-type":"","overlay-color":"","overlay-opacity":"","overlay-gradient":""}},"footnotes":""},"class_list":["post-886","page","type-page","status-publish","hentry"],"translation":{"provider":"WPGlobus","version":"3.0.2","language":"en","enabled_languages":["de","en"],"languages":{"de":{"title":true,"content":true,"excerpt":false},"en":{"title":false,"content":false,"excerpt":false}}},"featured_image_urls_v2":{"full":"","thumbnail":"","medium":"","medium_large":"","large":"","1536x1536":"","2048x2048":""},"post_excerpt_stackable_v2":"<p>engl. Hybrid Security Eine Hybridanleihe weist sowohl Eigenschaften einer Aktie als auch Eigenschaften einer Anleihe auf. Die Zinszahlungen einer Hybridanleihe sind meistens an bestimmte Unternehmenskennziffern oder an die Dividendenzahlung gebunden. Das besondere an Hybridanleihen ist, dass die Laufzeit oftmals unbegrenzt oder sehr lang ist. Der Emittent hat jedoch das Recht, ab einem festgelegten Termin, die Hybridanleihe vorzeitig zu k\u00fcndigen. Die Zinszahlungen k\u00f6nnen ausgesetzt oder auch zeitlich verschoben werden. F\u00fcr dieses erh\u00f6hte Risiko erh\u00e4lt der Besitzer der Hybridanleihe einen Zinsaufschlag in H\u00f6he von ca. 2-3 Prozent gegen\u00fcber &#8220;normalen&#8221; Anleihen. Der Gesamtertrag einer Hybridanleihe ist also an die Gewinnsituation des Emittenten gekoppelt.&hellip;<\/p>\n","category_list_v2":"","author_info_v2":{"name":"PrudentWater","url":"https:\/\/prudentwater.com\/en\/author\/niklas33\/"},"comments_num_v2":"0 comments","_links":{"self":[{"href":"https:\/\/prudentwater.com\/en\/wp-json\/wp\/v2\/pages\/886","targetHints":{"allow":["GET"]}}],"collection":[{"href":"https:\/\/prudentwater.com\/en\/wp-json\/wp\/v2\/pages"}],"about":[{"href":"https:\/\/prudentwater.com\/en\/wp-json\/wp\/v2\/types\/page"}],"author":[{"embeddable":true,"href":"https:\/\/prudentwater.com\/en\/wp-json\/wp\/v2\/users\/1"}],"replies":[{"embeddable":true,"href":"https:\/\/prudentwater.com\/en\/wp-json\/wp\/v2\/comments?post=886"}],"version-history":[{"count":0,"href":"https:\/\/prudentwater.com\/en\/wp-json\/wp\/v2\/pages\/886\/revisions"}],"wp:attachment":[{"href":"https:\/\/prudentwater.com\/en\/wp-json\/wp\/v2\/media?parent=886"}],"curies":[{"name":"wp","href":"https:\/\/api.w.org\/{rel}","templated":true}]}}