{"id":890,"date":"2014-09-23T20:48:12","date_gmt":"2014-09-23T20:48:12","guid":{"rendered":"http:\/\/www.kunnskap.de\/?page_id=890"},"modified":"2021-06-25T12:48:59","modified_gmt":"2021-06-25T10:48:59","slug":"entry-standard","status":"publish","type":"page","link":"https:\/\/prudentwater.com\/en\/entry-standard\/","title":{"rendered":"Entry Standard"},"content":{"rendered":"<p>Der Entry Standard ist ein B\u00f6rsensegment und Teilbereich des Marktsegments Open Market der Frankfurter B\u00f6rse. Die Transparenzanforderungen werden beim Entry Standard von der Deutschen B\u00f6rse geregelt und nicht wie beim Prime Standard und beim General Standard vom Gesetzgeber. Im Entry Standard sind kleine bis mittelgro\u00dfe Unternehmen notiert, wobei die Anforderungen geringer sind als jene des regulierten Marktes. Um im Entry Standard notiert zu werden, m\u00fcssen bestimmte Anforderungen erf\u00fcllt werden. Dazu geh\u00f6rt unter anderem, dass der Streubesitz der Aktien bei mindestens 10 Prozent liegen muss, das Unternehmen mindestens zwei Jahre alt sein muss und das Grundkapital bei mindestens 750.000 Euro liegen muss. Au\u00dferdem ist die Ver\u00f6ffentlichung eines Halbjahresbericht und Jahresabschlussbericht erforderlich. Alle Ver\u00f6ffentlichungen m\u00fcssen mindestens auf der Internetseite pr\u00e4sentiert werden. Generell wurde der Entry Standard geschaffen, um kleinen bis mittelgro\u00dfen Unternehmen den Zugang zum Kapitalmarkt zu erm\u00f6glichen. Au\u00dferdem sind die j\u00e4hrlich anfallenden Kosten der B\u00f6rsennotierung im Entry Standard geringer als jene im General Standard oder im Prime Standard.<\/p>\n","protected":false},"excerpt":{"rendered":"<p>Der Entry Standard ist ein B\u00f6rsensegment und Teilbereich des Marktsegments Open Market der Frankfurter B\u00f6rse. Die Transparenzanforderungen werden beim Entry Standard von der Deutschen B\u00f6rse geregelt und nicht wie beim Prime Standard und beim General Standard vom Gesetzgeber. Im Entry Standard sind kleine bis mittelgro\u00dfe Unternehmen notiert, wobei die Anforderungen geringer sind als jene des [&hellip;]<\/p>\n","protected":false},"author":1,"featured_media":0,"parent":0,"menu_order":0,"comment_status":"closed","ping_status":"closed","template":"","meta":{"site-sidebar-layout":"default","site-content-layout":"","ast-site-content-layout":"","site-content-style":"default","site-sidebar-style":"default","ast-global-header-display":"","ast-banner-title-visibility":"","ast-main-header-display":"","ast-hfb-above-header-display":"","ast-hfb-below-header-display":"","ast-hfb-mobile-header-display":"","site-post-title":"","ast-breadcrumbs-content":"","ast-featured-img":"","footer-sml-layout":"","theme-transparent-header-meta":"","adv-header-id-meta":"","stick-header-meta":"","header-above-stick-meta":"","header-main-stick-meta":"","header-below-stick-meta":"","astra-migrate-meta-layouts":"default","ast-page-background-enabled":"default","ast-page-background-meta":{"desktop":{"background-color":"","background-image":"","background-repeat":"repeat","background-position":"center center","background-size":"auto","background-attachment":"scroll","background-type":"","background-media":"","overlay-type":"","overlay-color":"","overlay-opacity":"","overlay-gradient":""},"tablet":{"background-color":"","background-image":"","background-repeat":"repeat","background-position":"center center","background-size":"auto","background-attachment":"scroll","background-type":"","background-media":"","overlay-type":"","overlay-color":"","overlay-opacity":"","overlay-gradient":""},"mobile":{"background-color":"","background-image":"","background-repeat":"repeat","background-position":"center center","background-size":"auto","background-attachment":"scroll","background-type":"","background-media":"","overlay-type":"","overlay-color":"","overlay-opacity":"","overlay-gradient":""}},"ast-content-background-meta":{"desktop":{"background-color":"var(--ast-global-color-5)","background-image":"","background-repeat":"repeat","background-position":"center center","background-size":"auto","background-attachment":"scroll","background-type":"","background-media":"","overlay-type":"","overlay-color":"","overlay-opacity":"","overlay-gradient":""},"tablet":{"background-color":"var(--ast-global-color-5)","background-image":"","background-repeat":"repeat","background-position":"center center","background-size":"auto","background-attachment":"scroll","background-type":"","background-media":"","overlay-type":"","overlay-color":"","overlay-opacity":"","overlay-gradient":""},"mobile":{"background-color":"var(--ast-global-color-5)","background-image":"","background-repeat":"repeat","background-position":"center center","background-size":"auto","background-attachment":"scroll","background-type":"","background-media":"","overlay-type":"","overlay-color":"","overlay-opacity":"","overlay-gradient":""}},"footnotes":""},"class_list":["post-890","page","type-page","status-publish","hentry"],"translation":{"provider":"WPGlobus","version":"3.0.2","language":"en","enabled_languages":["de","en"],"languages":{"de":{"title":true,"content":true,"excerpt":false},"en":{"title":false,"content":false,"excerpt":false}}},"featured_image_urls_v2":{"full":"","thumbnail":"","medium":"","medium_large":"","large":"","1536x1536":"","2048x2048":""},"post_excerpt_stackable_v2":"<p>Der Entry Standard ist ein B\u00f6rsensegment und Teilbereich des Marktsegments Open Market der Frankfurter B\u00f6rse. Die Transparenzanforderungen werden beim Entry Standard von der Deutschen B\u00f6rse geregelt und nicht wie beim Prime Standard und beim General Standard vom Gesetzgeber. Im Entry Standard sind kleine bis mittelgro\u00dfe Unternehmen notiert, wobei die Anforderungen geringer sind als jene des regulierten Marktes. Um im Entry Standard notiert zu werden, m\u00fcssen bestimmte Anforderungen erf\u00fcllt werden. Dazu geh\u00f6rt unter anderem, dass der Streubesitz der Aktien bei mindestens 10 Prozent liegen muss, das Unternehmen mindestens zwei Jahre alt sein muss und das Grundkapital bei mindestens 750.000 Euro liegen&hellip;<\/p>\n","category_list_v2":"","author_info_v2":{"name":"PrudentWater","url":"https:\/\/prudentwater.com\/en\/author\/niklas33\/"},"comments_num_v2":"0 comments","_links":{"self":[{"href":"https:\/\/prudentwater.com\/en\/wp-json\/wp\/v2\/pages\/890","targetHints":{"allow":["GET"]}}],"collection":[{"href":"https:\/\/prudentwater.com\/en\/wp-json\/wp\/v2\/pages"}],"about":[{"href":"https:\/\/prudentwater.com\/en\/wp-json\/wp\/v2\/types\/page"}],"author":[{"embeddable":true,"href":"https:\/\/prudentwater.com\/en\/wp-json\/wp\/v2\/users\/1"}],"replies":[{"embeddable":true,"href":"https:\/\/prudentwater.com\/en\/wp-json\/wp\/v2\/comments?post=890"}],"version-history":[{"count":0,"href":"https:\/\/prudentwater.com\/en\/wp-json\/wp\/v2\/pages\/890\/revisions"}],"wp:attachment":[{"href":"https:\/\/prudentwater.com\/en\/wp-json\/wp\/v2\/media?parent=890"}],"curies":[{"name":"wp","href":"https:\/\/api.w.org\/{rel}","templated":true}]}}