{"id":8919,"date":"2017-01-21T15:30:22","date_gmt":"2017-01-21T15:30:22","guid":{"rendered":"http:\/\/www.kunnskap.de\/?page_id=8919"},"modified":"2021-06-25T12:50:10","modified_gmt":"2021-06-25T10:50:10","slug":"seitwartstrendkanal","status":"publish","type":"page","link":"https:\/\/prudentwater.com\/en\/seitwartstrendkanal\/","title":{"rendered":"Seitw\u00e4rtstrendkanal"},"content":{"rendered":"<p>Auch <strong>Konsolidierungsphase<\/strong><br \/>\nengl. <strong>Trading Range<\/strong><\/p>\n<p>Ein Seitw\u00e4rtstrendkanal beschreibt eine charttechnische Formation, bei welcher der Kurs seitw\u00e4rts verl\u00e4uft und die Bewegung des Kurses nach oben hin durch einen Widerstand und nach unten hin durch eine Unterst\u00fctzung begrenzt ist. Die Seitw\u00e4rtsbewegung kann einige Wochen oder aber auch wenige Monate andauern. Ein Seitw\u00e4rtstrendkanal bildet sich oftmals nach zuvor starken Kursver\u00e4nderungen mit teilweise erh\u00f6hter Volatilit\u00e4t heraus und wird deshalb auch als Konsolidierungsphase bezeichnet. <\/p>\n","protected":false},"excerpt":{"rendered":"<p>Auch Konsolidierungsphase engl. Trading Range Ein Seitw\u00e4rtstrendkanal beschreibt eine charttechnische Formation, bei welcher der Kurs seitw\u00e4rts verl\u00e4uft und die Bewegung des Kurses nach oben hin durch einen Widerstand und nach unten hin durch eine Unterst\u00fctzung begrenzt ist. Die Seitw\u00e4rtsbewegung kann einige Wochen oder aber auch wenige Monate andauern. Ein Seitw\u00e4rtstrendkanal bildet sich oftmals nach zuvor [&hellip;]<\/p>\n","protected":false},"author":1,"featured_media":0,"parent":0,"menu_order":0,"comment_status":"closed","ping_status":"closed","template":"","meta":{"site-sidebar-layout":"default","site-content-layout":"","ast-site-content-layout":"","site-content-style":"default","site-sidebar-style":"default","ast-global-header-display":"","ast-banner-title-visibility":"","ast-main-header-display":"","ast-hfb-above-header-display":"","ast-hfb-below-header-display":"","ast-hfb-mobile-header-display":"","site-post-title":"","ast-breadcrumbs-content":"","ast-featured-img":"","footer-sml-layout":"","theme-transparent-header-meta":"","adv-header-id-meta":"","stick-header-meta":"","header-above-stick-meta":"","header-main-stick-meta":"","header-below-stick-meta":"","astra-migrate-meta-layouts":"default","ast-page-background-enabled":"default","ast-page-background-meta":{"desktop":{"background-color":"","background-image":"","background-repeat":"repeat","background-position":"center center","background-size":"auto","background-attachment":"scroll","background-type":"","background-media":"","overlay-type":"","overlay-color":"","overlay-opacity":"","overlay-gradient":""},"tablet":{"background-color":"","background-image":"","background-repeat":"repeat","background-position":"center center","background-size":"auto","background-attachment":"scroll","background-type":"","background-media":"","overlay-type":"","overlay-color":"","overlay-opacity":"","overlay-gradient":""},"mobile":{"background-color":"","background-image":"","background-repeat":"repeat","background-position":"center center","background-size":"auto","background-attachment":"scroll","background-type":"","background-media":"","overlay-type":"","overlay-color":"","overlay-opacity":"","overlay-gradient":""}},"ast-content-background-meta":{"desktop":{"background-color":"var(--ast-global-color-5)","background-image":"","background-repeat":"repeat","background-position":"center center","background-size":"auto","background-attachment":"scroll","background-type":"","background-media":"","overlay-type":"","overlay-color":"","overlay-opacity":"","overlay-gradient":""},"tablet":{"background-color":"var(--ast-global-color-5)","background-image":"","background-repeat":"repeat","background-position":"center center","background-size":"auto","background-attachment":"scroll","background-type":"","background-media":"","overlay-type":"","overlay-color":"","overlay-opacity":"","overlay-gradient":""},"mobile":{"background-color":"var(--ast-global-color-5)","background-image":"","background-repeat":"repeat","background-position":"center center","background-size":"auto","background-attachment":"scroll","background-type":"","background-media":"","overlay-type":"","overlay-color":"","overlay-opacity":"","overlay-gradient":""}},"footnotes":""},"class_list":["post-8919","page","type-page","status-publish","hentry"],"translation":{"provider":"WPGlobus","version":"3.0.2","language":"en","enabled_languages":["de","en"],"languages":{"de":{"title":true,"content":true,"excerpt":false},"en":{"title":false,"content":false,"excerpt":false}}},"featured_image_urls_v2":{"full":"","thumbnail":"","medium":"","medium_large":"","large":"","1536x1536":"","2048x2048":""},"post_excerpt_stackable_v2":"<p>Auch Konsolidierungsphase engl. Trading Range Ein Seitw\u00e4rtstrendkanal beschreibt eine charttechnische Formation, bei welcher der Kurs seitw\u00e4rts verl\u00e4uft und die Bewegung des Kurses nach oben hin durch einen Widerstand und nach unten hin durch eine Unterst\u00fctzung begrenzt ist. Die Seitw\u00e4rtsbewegung kann einige Wochen oder aber auch wenige Monate andauern. Ein Seitw\u00e4rtstrendkanal bildet sich oftmals nach zuvor starken Kursver\u00e4nderungen mit teilweise erh\u00f6hter Volatilit\u00e4t heraus und wird deshalb auch als Konsolidierungsphase bezeichnet.<\/p>\n","category_list_v2":"","author_info_v2":{"name":"PrudentWater","url":"https:\/\/prudentwater.com\/en\/author\/niklas33\/"},"comments_num_v2":"0 comments","_links":{"self":[{"href":"https:\/\/prudentwater.com\/en\/wp-json\/wp\/v2\/pages\/8919","targetHints":{"allow":["GET"]}}],"collection":[{"href":"https:\/\/prudentwater.com\/en\/wp-json\/wp\/v2\/pages"}],"about":[{"href":"https:\/\/prudentwater.com\/en\/wp-json\/wp\/v2\/types\/page"}],"author":[{"embeddable":true,"href":"https:\/\/prudentwater.com\/en\/wp-json\/wp\/v2\/users\/1"}],"replies":[{"embeddable":true,"href":"https:\/\/prudentwater.com\/en\/wp-json\/wp\/v2\/comments?post=8919"}],"version-history":[{"count":0,"href":"https:\/\/prudentwater.com\/en\/wp-json\/wp\/v2\/pages\/8919\/revisions"}],"wp:attachment":[{"href":"https:\/\/prudentwater.com\/en\/wp-json\/wp\/v2\/media?parent=8919"}],"curies":[{"name":"wp","href":"https:\/\/api.w.org\/{rel}","templated":true}]}}