{"id":8924,"date":"2017-01-22T12:52:04","date_gmt":"2017-01-22T12:52:04","guid":{"rendered":"http:\/\/www.kunnskap.de\/?page_id=8924"},"modified":"2021-06-25T12:50:14","modified_gmt":"2021-06-25T10:50:14","slug":"trendgerade","status":"publish","type":"page","link":"https:\/\/prudentwater.com\/en\/trendgerade\/","title":{"rendered":"Trendgerade"},"content":{"rendered":"<p>Auch <strong>Trendlinie<\/strong><br \/>\nengl. <strong>Trend Line<\/strong><\/p>\n<p>Die technische Analyse beschreibt eine Trendgerade als Chartformation zur Identifizierung von zuk\u00fcnftigen Kursentwicklungen. F\u00fcr eine Aufw\u00e4rtstrendgerade werden die einzelnen zwischenzeitlichen Tiefpunkte in einem Aufw\u00e4rtstrend miteinander verbunden, um so eine Trendgerade mit steigenden Kursen zu erhalten. Diese Trendgerade gilt dann als Unterst\u00fctzung. F\u00fcr eine Abw\u00e4rtstrendgerade werden hingegen die einzelnen zwischenzeitlichen Hochpunkte in einem Abw\u00e4rtstrend miteinander verbunden, um so eine Trendgerade mit fallenden Kursen zu erhalten. Diese gilt dann wiederum als Widerstand.<\/p>\n<h4>Interpretation der Trendgerade<\/h4>\n<p>Bricht der Kurs \u00fcber oder unter eine Trendgerade heraus, wird dies in der Charttechnik als erstes Anzeichen f\u00fcr das Ende eines bis dahin vorherrschenden Trends angesehen. Anschlie\u00dfend kann es nach dem Bruch der Trendgerade zu einer teilweise starken Trendumkehr kommen. Wird die Aufw\u00e4rtstrendgerade nach unten hin durchbrochen, gilt sie von da an als Widerstand. Wird die Abw\u00e4rtstrendgerade nach oben hin durchbrochen, gilt sie von da an als Unterst\u00fctzung. Dar\u00fcber hinaus gilt, dass eine Trendgerade als umso stabiler angesehen wird, je h\u00e4ufiger sie vom Kurs ber\u00fchrt aber nicht nachhaltig durchbrochen wurde. Au\u00dferdem gilt, dass eine Trendgerade als umso stabiler angesehen wird, je waagerechter sie ist.<\/p>\n","protected":false},"excerpt":{"rendered":"<p>Auch Trendlinie engl. Trend Line Die technische Analyse beschreibt eine Trendgerade als Chartformation zur Identifizierung von zuk\u00fcnftigen Kursentwicklungen. F\u00fcr eine Aufw\u00e4rtstrendgerade werden die einzelnen zwischenzeitlichen Tiefpunkte in einem Aufw\u00e4rtstrend miteinander verbunden, um so eine Trendgerade mit steigenden Kursen zu erhalten. Diese Trendgerade gilt dann als Unterst\u00fctzung. F\u00fcr eine Abw\u00e4rtstrendgerade werden hingegen die einzelnen zwischenzeitlichen Hochpunkte [&hellip;]<\/p>\n","protected":false},"author":1,"featured_media":0,"parent":0,"menu_order":0,"comment_status":"closed","ping_status":"closed","template":"","meta":{"site-sidebar-layout":"default","site-content-layout":"","ast-site-content-layout":"","site-content-style":"default","site-sidebar-style":"default","ast-global-header-display":"","ast-banner-title-visibility":"","ast-main-header-display":"","ast-hfb-above-header-display":"","ast-hfb-below-header-display":"","ast-hfb-mobile-header-display":"","site-post-title":"","ast-breadcrumbs-content":"","ast-featured-img":"","footer-sml-layout":"","theme-transparent-header-meta":"","adv-header-id-meta":"","stick-header-meta":"","header-above-stick-meta":"","header-main-stick-meta":"","header-below-stick-meta":"","astra-migrate-meta-layouts":"default","ast-page-background-enabled":"default","ast-page-background-meta":{"desktop":{"background-color":"","background-image":"","background-repeat":"repeat","background-position":"center center","background-size":"auto","background-attachment":"scroll","background-type":"","background-media":"","overlay-type":"","overlay-color":"","overlay-opacity":"","overlay-gradient":""},"tablet":{"background-color":"","background-image":"","background-repeat":"repeat","background-position":"center center","background-size":"auto","background-attachment":"scroll","background-type":"","background-media":"","overlay-type":"","overlay-color":"","overlay-opacity":"","overlay-gradient":""},"mobile":{"background-color":"","background-image":"","background-repeat":"repeat","background-position":"center center","background-size":"auto","background-attachment":"scroll","background-type":"","background-media":"","overlay-type":"","overlay-color":"","overlay-opacity":"","overlay-gradient":""}},"ast-content-background-meta":{"desktop":{"background-color":"var(--ast-global-color-5)","background-image":"","background-repeat":"repeat","background-position":"center center","background-size":"auto","background-attachment":"scroll","background-type":"","background-media":"","overlay-type":"","overlay-color":"","overlay-opacity":"","overlay-gradient":""},"tablet":{"background-color":"var(--ast-global-color-5)","background-image":"","background-repeat":"repeat","background-position":"center center","background-size":"auto","background-attachment":"scroll","background-type":"","background-media":"","overlay-type":"","overlay-color":"","overlay-opacity":"","overlay-gradient":""},"mobile":{"background-color":"var(--ast-global-color-5)","background-image":"","background-repeat":"repeat","background-position":"center center","background-size":"auto","background-attachment":"scroll","background-type":"","background-media":"","overlay-type":"","overlay-color":"","overlay-opacity":"","overlay-gradient":""}},"footnotes":""},"class_list":["post-8924","page","type-page","status-publish","hentry"],"translation":{"provider":"WPGlobus","version":"3.0.2","language":"en","enabled_languages":["de","en"],"languages":{"de":{"title":true,"content":true,"excerpt":false},"en":{"title":false,"content":false,"excerpt":false}}},"featured_image_urls_v2":{"full":"","thumbnail":"","medium":"","medium_large":"","large":"","1536x1536":"","2048x2048":""},"post_excerpt_stackable_v2":"<p>Auch Trendlinie engl. Trend Line Die technische Analyse beschreibt eine Trendgerade als Chartformation zur Identifizierung von zuk\u00fcnftigen Kursentwicklungen. F\u00fcr eine Aufw\u00e4rtstrendgerade werden die einzelnen zwischenzeitlichen Tiefpunkte in einem Aufw\u00e4rtstrend miteinander verbunden, um so eine Trendgerade mit steigenden Kursen zu erhalten. Diese Trendgerade gilt dann als Unterst\u00fctzung. F\u00fcr eine Abw\u00e4rtstrendgerade werden hingegen die einzelnen zwischenzeitlichen Hochpunkte in einem Abw\u00e4rtstrend miteinander verbunden, um so eine Trendgerade mit fallenden Kursen zu erhalten. Diese gilt dann wiederum als Widerstand. Interpretation der Trendgerade Bricht der Kurs \u00fcber oder unter eine Trendgerade heraus, wird dies in der Charttechnik als erstes Anzeichen f\u00fcr das Ende eines bis&hellip;<\/p>\n","category_list_v2":"","author_info_v2":{"name":"PrudentWater","url":"https:\/\/prudentwater.com\/en\/author\/niklas33\/"},"comments_num_v2":"0 comments","_links":{"self":[{"href":"https:\/\/prudentwater.com\/en\/wp-json\/wp\/v2\/pages\/8924","targetHints":{"allow":["GET"]}}],"collection":[{"href":"https:\/\/prudentwater.com\/en\/wp-json\/wp\/v2\/pages"}],"about":[{"href":"https:\/\/prudentwater.com\/en\/wp-json\/wp\/v2\/types\/page"}],"author":[{"embeddable":true,"href":"https:\/\/prudentwater.com\/en\/wp-json\/wp\/v2\/users\/1"}],"replies":[{"embeddable":true,"href":"https:\/\/prudentwater.com\/en\/wp-json\/wp\/v2\/comments?post=8924"}],"version-history":[{"count":0,"href":"https:\/\/prudentwater.com\/en\/wp-json\/wp\/v2\/pages\/8924\/revisions"}],"wp:attachment":[{"href":"https:\/\/prudentwater.com\/en\/wp-json\/wp\/v2\/media?parent=8924"}],"curies":[{"name":"wp","href":"https:\/\/api.w.org\/{rel}","templated":true}]}}