{"id":8937,"date":"2017-01-22T13:53:42","date_gmt":"2017-01-22T13:53:42","guid":{"rendered":"http:\/\/www.kunnskap.de\/?page_id=8937"},"modified":"2021-06-25T12:49:04","modified_gmt":"2021-06-25T10:49:04","slug":"handelsvolumen","status":"publish","type":"page","link":"https:\/\/prudentwater.com\/en\/handelsvolumen\/","title":{"rendered":"Handelsvolumen"},"content":{"rendered":"<p>engl. <strong>Volume of Trade<\/strong><\/p>\n<p>Das Handelsvolumen repr\u00e4sentiert die Anzahl der gehandelten Wertpapiere an einer B\u00f6rse innerhalb eines definierten Zeitraumes f\u00fcr einen bestimmten Basiswert. Innerhalb eines Charts wird es oftmals unterhalb des Kursverlaufes als Balkenchart angezeigt. Das Handelsvolumen kann sich dabei nur auf eine bestimmte Aktie, Anleihe oder ein Derivat beziehen. Ebenso kann das Handelsvolumen f\u00fcr einen gesamten Index ermittelt und angezeigt werden.<br \/>\nF\u00fcr die technische Analyse gilt, dass das Handelsvolumen mit zunehmender Verst\u00e4rkung des Trendes steigt und mit abnehmender Trendst\u00e4rke f\u00e4llt. Weicht die Entwicklung des Handelsvolumens davon ab, kann dies nach der Chartanalyse auf ein unstabiles und volatiles Trendverhalten hindeuten.<br \/>\nIm Termingesch\u00e4ft entspricht das Volumen die Anzahl der gehandelten Kontrakte des jeweiligen Basiswertes (Rohstoff, Devise, Aktie). Angegeben wird das Handelsvolumen hier als absolute Zahl von Longpositionen und Shortpositionen, sprich, beide Positionen werden nicht zusammengez\u00e4hlt.<br \/>\nDas Handelsvolumen ist zu Beginn sowie zum Ende der B\u00f6rsen\u00f6ffnungszeiten einer jeweiligen B\u00f6rse oftmals am h\u00f6chsten, da zu Beginn des Tages die neu eingetretenen News &#8216;verarbeitet&#8217; werden und zum Schluss des Handelstages verst\u00e4rkt noch offene Positionen geschlossen werden. Ist das allgemeine Handelsvolumen an der B\u00f6rse geringer, beispielsweise zwischen Weihnachten und Neujahr, so k\u00f6nnen bereits verh\u00e4ltnism\u00e4\u00dfig kleine Aktienk\u00e4ufe oder Verk\u00e4ufe den Kurs der Aktie in die jeweilige Richtung lenken und gleichzeitig f\u00fcr eine h\u00f6here Volatilit\u00e4t sorgen.<\/p>\n","protected":false},"excerpt":{"rendered":"<p>engl. Volume of Trade Das Handelsvolumen repr\u00e4sentiert die Anzahl der gehandelten Wertpapiere an einer B\u00f6rse innerhalb eines definierten Zeitraumes f\u00fcr einen bestimmten Basiswert. Innerhalb eines Charts wird es oftmals unterhalb des Kursverlaufes als Balkenchart angezeigt. Das Handelsvolumen kann sich dabei nur auf eine bestimmte Aktie, Anleihe oder ein Derivat beziehen. Ebenso kann das Handelsvolumen f\u00fcr [&hellip;]<\/p>\n","protected":false},"author":1,"featured_media":0,"parent":0,"menu_order":0,"comment_status":"closed","ping_status":"closed","template":"","meta":{"site-sidebar-layout":"default","site-content-layout":"","ast-site-content-layout":"","site-content-style":"default","site-sidebar-style":"default","ast-global-header-display":"","ast-banner-title-visibility":"","ast-main-header-display":"","ast-hfb-above-header-display":"","ast-hfb-below-header-display":"","ast-hfb-mobile-header-display":"","site-post-title":"","ast-breadcrumbs-content":"","ast-featured-img":"","footer-sml-layout":"","theme-transparent-header-meta":"","adv-header-id-meta":"","stick-header-meta":"","header-above-stick-meta":"","header-main-stick-meta":"","header-below-stick-meta":"","astra-migrate-meta-layouts":"default","ast-page-background-enabled":"default","ast-page-background-meta":{"desktop":{"background-color":"","background-image":"","background-repeat":"repeat","background-position":"center center","background-size":"auto","background-attachment":"scroll","background-type":"","background-media":"","overlay-type":"","overlay-color":"","overlay-opacity":"","overlay-gradient":""},"tablet":{"background-color":"","background-image":"","background-repeat":"repeat","background-position":"center center","background-size":"auto","background-attachment":"scroll","background-type":"","background-media":"","overlay-type":"","overlay-color":"","overlay-opacity":"","overlay-gradient":""},"mobile":{"background-color":"","background-image":"","background-repeat":"repeat","background-position":"center center","background-size":"auto","background-attachment":"scroll","background-type":"","background-media":"","overlay-type":"","overlay-color":"","overlay-opacity":"","overlay-gradient":""}},"ast-content-background-meta":{"desktop":{"background-color":"var(--ast-global-color-5)","background-image":"","background-repeat":"repeat","background-position":"center center","background-size":"auto","background-attachment":"scroll","background-type":"","background-media":"","overlay-type":"","overlay-color":"","overlay-opacity":"","overlay-gradient":""},"tablet":{"background-color":"var(--ast-global-color-5)","background-image":"","background-repeat":"repeat","background-position":"center center","background-size":"auto","background-attachment":"scroll","background-type":"","background-media":"","overlay-type":"","overlay-color":"","overlay-opacity":"","overlay-gradient":""},"mobile":{"background-color":"var(--ast-global-color-5)","background-image":"","background-repeat":"repeat","background-position":"center center","background-size":"auto","background-attachment":"scroll","background-type":"","background-media":"","overlay-type":"","overlay-color":"","overlay-opacity":"","overlay-gradient":""}},"footnotes":""},"class_list":["post-8937","page","type-page","status-publish","hentry"],"translation":{"provider":"WPGlobus","version":"3.0.2","language":"en","enabled_languages":["de","en"],"languages":{"de":{"title":true,"content":true,"excerpt":false},"en":{"title":false,"content":false,"excerpt":false}}},"featured_image_urls_v2":{"full":"","thumbnail":"","medium":"","medium_large":"","large":"","1536x1536":"","2048x2048":""},"post_excerpt_stackable_v2":"<p>engl. Volume of Trade Das Handelsvolumen repr\u00e4sentiert die Anzahl der gehandelten Wertpapiere an einer B\u00f6rse innerhalb eines definierten Zeitraumes f\u00fcr einen bestimmten Basiswert. Innerhalb eines Charts wird es oftmals unterhalb des Kursverlaufes als Balkenchart angezeigt. Das Handelsvolumen kann sich dabei nur auf eine bestimmte Aktie, Anleihe oder ein Derivat beziehen. Ebenso kann das Handelsvolumen f\u00fcr einen gesamten Index ermittelt und angezeigt werden. F\u00fcr die technische Analyse gilt, dass das Handelsvolumen mit zunehmender Verst\u00e4rkung des Trendes steigt und mit abnehmender Trendst\u00e4rke f\u00e4llt. Weicht die Entwicklung des Handelsvolumens davon ab, kann dies nach der Chartanalyse auf ein unstabiles und volatiles Trendverhalten hindeuten.&hellip;<\/p>\n","category_list_v2":"","author_info_v2":{"name":"PrudentWater","url":"https:\/\/prudentwater.com\/en\/author\/niklas33\/"},"comments_num_v2":"0 comments","_links":{"self":[{"href":"https:\/\/prudentwater.com\/en\/wp-json\/wp\/v2\/pages\/8937","targetHints":{"allow":["GET"]}}],"collection":[{"href":"https:\/\/prudentwater.com\/en\/wp-json\/wp\/v2\/pages"}],"about":[{"href":"https:\/\/prudentwater.com\/en\/wp-json\/wp\/v2\/types\/page"}],"author":[{"embeddable":true,"href":"https:\/\/prudentwater.com\/en\/wp-json\/wp\/v2\/users\/1"}],"replies":[{"embeddable":true,"href":"https:\/\/prudentwater.com\/en\/wp-json\/wp\/v2\/comments?post=8937"}],"version-history":[{"count":0,"href":"https:\/\/prudentwater.com\/en\/wp-json\/wp\/v2\/pages\/8937\/revisions"}],"wp:attachment":[{"href":"https:\/\/prudentwater.com\/en\/wp-json\/wp\/v2\/media?parent=8937"}],"curies":[{"name":"wp","href":"https:\/\/api.w.org\/{rel}","templated":true}]}}