{"id":8955,"date":"2017-01-22T20:42:10","date_gmt":"2017-01-22T20:42:10","guid":{"rendered":"http:\/\/www.kunnskap.de\/?page_id=8955"},"modified":"2021-06-25T12:49:02","modified_gmt":"2021-06-25T10:49:02","slug":"gesamtmarkt","status":"publish","type":"page","link":"https:\/\/prudentwater.com\/en\/gesamtmarkt\/","title":{"rendered":"Gesamtmarkt"},"content":{"rendered":"<p>Auch <strong>Breiter Markt<\/strong> oder <strong>Markt<\/strong><\/p>\n<p>Ist an der B\u00f6rse vom sogenannten Gesamtmarkt die Rede, wird damit auf die gr\u00f6\u00dften und wichtigsten Indizes verwiesen. Dazu geh\u00f6ren vor allem die beiden amerikanischen Aktienindizes &#8211; der Dow Jones Industrial Average und der S&amp;P 500 &#8211; sowie der deutsche Aktienindex DAX. Oftmals wird die Wertentwicklung einer einzelnen Aktie mit der Entwicklung des zugrunde liegenden Gesamtmarktes verglichen. Der Gesamtmarkt gilt aber auch als \u00fcbergeordnete Benchmark f\u00fcr Investmentfonds oder andere Anlageklassen.<\/p>\n","protected":false},"excerpt":{"rendered":"<p>Auch Breiter Markt oder Markt Ist an der B\u00f6rse vom sogenannten Gesamtmarkt die Rede, wird damit auf die gr\u00f6\u00dften und wichtigsten Indizes verwiesen. Dazu geh\u00f6ren vor allem die beiden amerikanischen Aktienindizes &#8211; der Dow Jones Industrial Average und der S&amp;P 500 &#8211; sowie der deutsche Aktienindex DAX. Oftmals wird die Wertentwicklung einer einzelnen Aktie mit [&hellip;]<\/p>\n","protected":false},"author":1,"featured_media":0,"parent":0,"menu_order":0,"comment_status":"closed","ping_status":"closed","template":"","meta":{"site-sidebar-layout":"default","site-content-layout":"","ast-site-content-layout":"","site-content-style":"default","site-sidebar-style":"default","ast-global-header-display":"","ast-banner-title-visibility":"","ast-main-header-display":"","ast-hfb-above-header-display":"","ast-hfb-below-header-display":"","ast-hfb-mobile-header-display":"","site-post-title":"","ast-breadcrumbs-content":"","ast-featured-img":"","footer-sml-layout":"","theme-transparent-header-meta":"","adv-header-id-meta":"","stick-header-meta":"","header-above-stick-meta":"","header-main-stick-meta":"","header-below-stick-meta":"","astra-migrate-meta-layouts":"default","ast-page-background-enabled":"default","ast-page-background-meta":{"desktop":{"background-color":"","background-image":"","background-repeat":"repeat","background-position":"center center","background-size":"auto","background-attachment":"scroll","background-type":"","background-media":"","overlay-type":"","overlay-color":"","overlay-opacity":"","overlay-gradient":""},"tablet":{"background-color":"","background-image":"","background-repeat":"repeat","background-position":"center center","background-size":"auto","background-attachment":"scroll","background-type":"","background-media":"","overlay-type":"","overlay-color":"","overlay-opacity":"","overlay-gradient":""},"mobile":{"background-color":"","background-image":"","background-repeat":"repeat","background-position":"center center","background-size":"auto","background-attachment":"scroll","background-type":"","background-media":"","overlay-type":"","overlay-color":"","overlay-opacity":"","overlay-gradient":""}},"ast-content-background-meta":{"desktop":{"background-color":"var(--ast-global-color-5)","background-image":"","background-repeat":"repeat","background-position":"center center","background-size":"auto","background-attachment":"scroll","background-type":"","background-media":"","overlay-type":"","overlay-color":"","overlay-opacity":"","overlay-gradient":""},"tablet":{"background-color":"var(--ast-global-color-5)","background-image":"","background-repeat":"repeat","background-position":"center center","background-size":"auto","background-attachment":"scroll","background-type":"","background-media":"","overlay-type":"","overlay-color":"","overlay-opacity":"","overlay-gradient":""},"mobile":{"background-color":"var(--ast-global-color-5)","background-image":"","background-repeat":"repeat","background-position":"center center","background-size":"auto","background-attachment":"scroll","background-type":"","background-media":"","overlay-type":"","overlay-color":"","overlay-opacity":"","overlay-gradient":""}},"footnotes":""},"class_list":["post-8955","page","type-page","status-publish","hentry"],"translation":{"provider":"WPGlobus","version":"3.0.2","language":"en","enabled_languages":["de","en"],"languages":{"de":{"title":true,"content":true,"excerpt":false},"en":{"title":false,"content":false,"excerpt":false}}},"featured_image_urls_v2":{"full":"","thumbnail":"","medium":"","medium_large":"","large":"","1536x1536":"","2048x2048":""},"post_excerpt_stackable_v2":"<p>Auch Breiter Markt oder Markt Ist an der B\u00f6rse vom sogenannten Gesamtmarkt die Rede, wird damit auf die gr\u00f6\u00dften und wichtigsten Indizes verwiesen. Dazu geh\u00f6ren vor allem die beiden amerikanischen Aktienindizes &#8211; der Dow Jones Industrial Average und der S&amp;P 500 &#8211; sowie der deutsche Aktienindex DAX. Oftmals wird die Wertentwicklung einer einzelnen Aktie mit der Entwicklung des zugrunde liegenden Gesamtmarktes verglichen. Der Gesamtmarkt gilt aber auch als \u00fcbergeordnete Benchmark f\u00fcr Investmentfonds oder andere Anlageklassen.<\/p>\n","category_list_v2":"","author_info_v2":{"name":"PrudentWater","url":"https:\/\/prudentwater.com\/en\/author\/niklas33\/"},"comments_num_v2":"0 comments","_links":{"self":[{"href":"https:\/\/prudentwater.com\/en\/wp-json\/wp\/v2\/pages\/8955","targetHints":{"allow":["GET"]}}],"collection":[{"href":"https:\/\/prudentwater.com\/en\/wp-json\/wp\/v2\/pages"}],"about":[{"href":"https:\/\/prudentwater.com\/en\/wp-json\/wp\/v2\/types\/page"}],"author":[{"embeddable":true,"href":"https:\/\/prudentwater.com\/en\/wp-json\/wp\/v2\/users\/1"}],"replies":[{"embeddable":true,"href":"https:\/\/prudentwater.com\/en\/wp-json\/wp\/v2\/comments?post=8955"}],"version-history":[{"count":0,"href":"https:\/\/prudentwater.com\/en\/wp-json\/wp\/v2\/pages\/8955\/revisions"}],"wp:attachment":[{"href":"https:\/\/prudentwater.com\/en\/wp-json\/wp\/v2\/media?parent=8955"}],"curies":[{"name":"wp","href":"https:\/\/api.w.org\/{rel}","templated":true}]}}