{"id":904,"date":"2014-09-24T23:57:22","date_gmt":"2014-09-24T23:57:22","guid":{"rendered":"http:\/\/www.kunnskap.de\/?page_id=904"},"modified":"2021-06-25T12:49:34","modified_gmt":"2021-06-25T10:49:34","slug":"leistungsbilanzdefizit","status":"publish","type":"page","link":"https:\/\/prudentwater.com\/en\/leistungsbilanzdefizit\/","title":{"rendered":"Leistungsbilanzdefizit"},"content":{"rendered":"<p>engl. <strong>Current Account Deficit<\/strong><\/p>\n<p>Ein Leistungsbilanzdefizit liegt dann vor, wenn eine Volkswirtschaft innerhalb eines Zeitraumes von in der Regel 12 Monaten mit dem Verkauf (Export) aller G\u00fcter und Dienstleistungen weniger Einnahmen erzielt als es f\u00fcr Importe f\u00fcr G\u00fcter und Dienstleistungen ausgeben muss. In solch einer Situation nehmen die Verbindlichkeiten vom Inland gegen\u00fcber dem Ausland zu. F\u00fcr das Inland erh\u00f6hen sich nun die Nettoauslandsverbindlichkeiten gegen\u00fcber dem Ausland, gleichzeitig nehmen f\u00fcr das Ausland die Nettoauslandsforderungen gegen\u00fcber dem Inland zu.<br \/>\nIm Gegensatz zum Handelsbilanzdefizit werden beim Leistungsbilanzdefizit auch noch Erwerbs- und Verm\u00f6gens\u00fcbertragungen zwischen dem In- und Ausland ber\u00fccksichtigt. Dazu geh\u00f6ren u.a. Arbeitsentgelte, Kapitalertr\u00e4ge und Geld\u00fcbertragungen aus dem Ausland (Heimat\u00fcberweisungen).<\/p>\n<p>Ein Leistungsbilanzdefizit erh\u00f6ht die Verbindlichkeiten einer Volkswirtschaft gegen\u00fcber dem Ausland oder verringert die offenen Forderungen gegen\u00fcber dem Ausland. Um das Defizit zu finanzieren, muss entweder aus den W\u00e4hrungsreserven der jeweiligen Notenbank gesch\u00f6pft werden oder aber es muss eine Kreditaufnahme bei anderen L\u00e4ndern erfolgen. Im zweiten Fall muss somit in der Zukunft ein immer gr\u00f6\u00dfer werdender Anteil des Bruttoinlandsproduktes als Zinszahlungen an die jeweiligen ausl\u00e4ndischen Gl\u00e4ubiger bezahlt werden, bei denen das Defizit besteht. Langfristig f\u00fchrt dies jedoch zu einer immer weiter steigenden Verschuldung, die nur durch eine Erh\u00f6hung der Exporte reduziert \/ ausgeglichen werden kann. Diese Exporte m\u00fcssen dann daf\u00fcr sorgen, dass Devisen ins Land kommen, mit denen das Leistungsbilanzdefizit geschlossen werden kann.<\/p>\n<p>Ein lang anhaltendes und gro\u00dfes Defizit kann schlie\u00dflich dazu f\u00fchren, dass sich die Bonit\u00e4t des Landes verschlechtert. Dieses wiederum f\u00fchrt dazu, dass das Land einen h\u00f6heren Zins bei Kreditaufnahmen zahlen muss, was letztendlich zu einer noch h\u00f6heren Verschuldung und weiteren Verschlechterung der Bonit\u00e4t f\u00fchren kann.<br \/>\nAllerdings kann ein Land sich durch Leistungsbilanzdefizite auch dringend ben\u00f6tigtes Geld besorgen, welches dann in die inl\u00e4ndische Wirtschaft und in die Steigerung der Produktion investiert wird. Langfristig kann dann mit dieser Produktionssteigerung und Verbesserung der Wirtschaftslage das Defizit geschlossen werden.<\/p>\n","protected":false},"excerpt":{"rendered":"<p>engl. Current Account Deficit Ein Leistungsbilanzdefizit liegt dann vor, wenn eine Volkswirtschaft innerhalb eines Zeitraumes von in der Regel 12 Monaten mit dem Verkauf (Export) aller G\u00fcter und Dienstleistungen weniger Einnahmen erzielt als es f\u00fcr Importe f\u00fcr G\u00fcter und Dienstleistungen ausgeben muss. In solch einer Situation nehmen die Verbindlichkeiten vom Inland gegen\u00fcber dem Ausland zu. [&hellip;]<\/p>\n","protected":false},"author":1,"featured_media":0,"parent":0,"menu_order":0,"comment_status":"closed","ping_status":"closed","template":"","meta":{"site-sidebar-layout":"default","site-content-layout":"","ast-site-content-layout":"","site-content-style":"default","site-sidebar-style":"default","ast-global-header-display":"","ast-banner-title-visibility":"","ast-main-header-display":"","ast-hfb-above-header-display":"","ast-hfb-below-header-display":"","ast-hfb-mobile-header-display":"","site-post-title":"","ast-breadcrumbs-content":"","ast-featured-img":"","footer-sml-layout":"","theme-transparent-header-meta":"","adv-header-id-meta":"","stick-header-meta":"","header-above-stick-meta":"","header-main-stick-meta":"","header-below-stick-meta":"","astra-migrate-meta-layouts":"default","ast-page-background-enabled":"default","ast-page-background-meta":{"desktop":{"background-color":"","background-image":"","background-repeat":"repeat","background-position":"center center","background-size":"auto","background-attachment":"scroll","background-type":"","background-media":"","overlay-type":"","overlay-color":"","overlay-opacity":"","overlay-gradient":""},"tablet":{"background-color":"","background-image":"","background-repeat":"repeat","background-position":"center center","background-size":"auto","background-attachment":"scroll","background-type":"","background-media":"","overlay-type":"","overlay-color":"","overlay-opacity":"","overlay-gradient":""},"mobile":{"background-color":"","background-image":"","background-repeat":"repeat","background-position":"center center","background-size":"auto","background-attachment":"scroll","background-type":"","background-media":"","overlay-type":"","overlay-color":"","overlay-opacity":"","overlay-gradient":""}},"ast-content-background-meta":{"desktop":{"background-color":"var(--ast-global-color-5)","background-image":"","background-repeat":"repeat","background-position":"center center","background-size":"auto","background-attachment":"scroll","background-type":"","background-media":"","overlay-type":"","overlay-color":"","overlay-opacity":"","overlay-gradient":""},"tablet":{"background-color":"var(--ast-global-color-5)","background-image":"","background-repeat":"repeat","background-position":"center center","background-size":"auto","background-attachment":"scroll","background-type":"","background-media":"","overlay-type":"","overlay-color":"","overlay-opacity":"","overlay-gradient":""},"mobile":{"background-color":"var(--ast-global-color-5)","background-image":"","background-repeat":"repeat","background-position":"center center","background-size":"auto","background-attachment":"scroll","background-type":"","background-media":"","overlay-type":"","overlay-color":"","overlay-opacity":"","overlay-gradient":""}},"footnotes":""},"class_list":["post-904","page","type-page","status-publish","hentry"],"translation":{"provider":"WPGlobus","version":"3.0.2","language":"en","enabled_languages":["de","en"],"languages":{"de":{"title":true,"content":true,"excerpt":false},"en":{"title":false,"content":false,"excerpt":false}}},"featured_image_urls_v2":{"full":"","thumbnail":"","medium":"","medium_large":"","large":"","1536x1536":"","2048x2048":""},"post_excerpt_stackable_v2":"<p>engl. Current Account Deficit Ein Leistungsbilanzdefizit liegt dann vor, wenn eine Volkswirtschaft innerhalb eines Zeitraumes von in der Regel 12 Monaten mit dem Verkauf (Export) aller G\u00fcter und Dienstleistungen weniger Einnahmen erzielt als es f\u00fcr Importe f\u00fcr G\u00fcter und Dienstleistungen ausgeben muss. In solch einer Situation nehmen die Verbindlichkeiten vom Inland gegen\u00fcber dem Ausland zu. F\u00fcr das Inland erh\u00f6hen sich nun die Nettoauslandsverbindlichkeiten gegen\u00fcber dem Ausland, gleichzeitig nehmen f\u00fcr das Ausland die Nettoauslandsforderungen gegen\u00fcber dem Inland zu. Im Gegensatz zum Handelsbilanzdefizit werden beim Leistungsbilanzdefizit auch noch Erwerbs- und Verm\u00f6gens\u00fcbertragungen zwischen dem In- und Ausland ber\u00fccksichtigt. Dazu geh\u00f6ren u.a. Arbeitsentgelte, Kapitalertr\u00e4ge&hellip;<\/p>\n","category_list_v2":"","author_info_v2":{"name":"PrudentWater","url":"https:\/\/prudentwater.com\/en\/author\/niklas33\/"},"comments_num_v2":"0 comments","_links":{"self":[{"href":"https:\/\/prudentwater.com\/en\/wp-json\/wp\/v2\/pages\/904","targetHints":{"allow":["GET"]}}],"collection":[{"href":"https:\/\/prudentwater.com\/en\/wp-json\/wp\/v2\/pages"}],"about":[{"href":"https:\/\/prudentwater.com\/en\/wp-json\/wp\/v2\/types\/page"}],"author":[{"embeddable":true,"href":"https:\/\/prudentwater.com\/en\/wp-json\/wp\/v2\/users\/1"}],"replies":[{"embeddable":true,"href":"https:\/\/prudentwater.com\/en\/wp-json\/wp\/v2\/comments?post=904"}],"version-history":[{"count":0,"href":"https:\/\/prudentwater.com\/en\/wp-json\/wp\/v2\/pages\/904\/revisions"}],"wp:attachment":[{"href":"https:\/\/prudentwater.com\/en\/wp-json\/wp\/v2\/media?parent=904"}],"curies":[{"name":"wp","href":"https:\/\/api.w.org\/{rel}","templated":true}]}}