{"id":9041,"date":"2017-01-31T13:49:36","date_gmt":"2017-01-31T13:49:36","guid":{"rendered":"http:\/\/www.kunnskap.de\/?page_id=9041"},"modified":"2021-06-25T12:48:25","modified_gmt":"2021-06-25T10:48:25","slug":"der-unterschied-zwischen-einem-future-und-einem-forward","status":"publish","type":"page","link":"https:\/\/prudentwater.com\/en\/der-unterschied-zwischen-einem-future-und-einem-forward\/","title":{"rendered":"Der Unterschied zwischen einem Future und einem Forward"},"content":{"rendered":"<p>Der Unterschied zwischen einem Future und einem Forward wirkt auf dem ersten Blick nicht sehr gro\u00df, denn sowohl bei dem Future als auch bei dem Forward handelt es sich um ein Derivat, sprich, beiden liegt ein Basiswert zugrunde. Die Entwicklung des Future und des Forward h\u00e4ngt also zum gr\u00f6\u00dften Teil von der Preisentwicklung des Basiswertes ab. Bei beiden Instrumenten handelt es sich ebenfalls um einen Kontrakt, sprich, der zugrunde liegende Basiswert wird per Termin gehandelt, die Erf\u00fcllung des Gesch\u00e4ftes wird somit in die Zukunft verschoben. In beiden F\u00e4llen wird also auf die zuk\u00fcnftige Preisentwicklung des Basiswertes spekuliert bzw. mittels Kauf wird sich gegen die aus der Sicht des H\u00e4ndlers m\u00f6glichen negativen Preisentwicklung des Basiswertes abgesichert. Die Unterschiede dieser beiden Derivate \u00fcberwiegen jedoch und lassen sich wie folgt darstellen:<br \/>\n<img loading=\"lazy\" decoding=\"async\" src=\"https:\/\/prudentwater.com\/wp-content\/uploads\/2020\/03\/Unterschied-Forward-Future.jpg\" alt=\"\" class=\"aligncenter size-full wp-image-10755\" width=\"700\" height=\"62\" title=\"\"><br \/>\nEin Future zeichnet sich somit vor allem durch die einheitliche Standardisierung aus, sowie durch das Clearinghaus, welches als Vertragspartner zwischen K\u00e4ufer und Verk\u00e4ufer agiert und f\u00fcr die Erf\u00fcllung des Gesch\u00e4ftes garantiert und verantwortlich ist. Forwards sind dahingehend risikoreicher und auch spekulativer, da direkt zwischen K\u00e4ufer und Verk\u00e4ufer alle Details zu Laufzeit, Qualit\u00e4t, Umfang und auch Abrechnung selbst vereinbart werden. Da Forwads oft auch nur unter Banken oder Finanzinstituten gehandelt werden, eignen sie sich von vornherein nicht f\u00fcr den Privatanleger, wohingegen Futures jederzeit \u00fcber eine Terminb\u00f6rse von Privatanlegern gehandelt werden k\u00f6nnen. Dazu muss zun\u00e4chst eine Margin in Form einer Sicherheitsleistung beim Clearinghaus hinterlegt werden. Falls aufgrund negativer Entwicklung diese Sicherheitsleistungen auf dem Marginkonto als nicht mehr ausreichend bewertet werden, muss eine Variation Margin in Form einer Nachzahlung stattfinden.<\/p>\n","protected":false},"excerpt":{"rendered":"<p>Der Unterschied zwischen einem Future und einem Forward wirkt auf dem ersten Blick nicht sehr gro\u00df, denn sowohl bei dem Future als auch bei dem Forward handelt es sich um ein Derivat, sprich, beiden liegt ein Basiswert zugrunde. Die Entwicklung des Future und des Forward h\u00e4ngt also zum gr\u00f6\u00dften Teil von der Preisentwicklung des Basiswertes [&hellip;]<\/p>\n","protected":false},"author":1,"featured_media":0,"parent":0,"menu_order":0,"comment_status":"closed","ping_status":"closed","template":"","meta":{"site-sidebar-layout":"default","site-content-layout":"","ast-site-content-layout":"","site-content-style":"default","site-sidebar-style":"default","ast-global-header-display":"","ast-banner-title-visibility":"","ast-main-header-display":"","ast-hfb-above-header-display":"","ast-hfb-below-header-display":"","ast-hfb-mobile-header-display":"","site-post-title":"","ast-breadcrumbs-content":"","ast-featured-img":"","footer-sml-layout":"","theme-transparent-header-meta":"","adv-header-id-meta":"","stick-header-meta":"","header-above-stick-meta":"","header-main-stick-meta":"","header-below-stick-meta":"","astra-migrate-meta-layouts":"default","ast-page-background-enabled":"default","ast-page-background-meta":{"desktop":{"background-color":"","background-image":"","background-repeat":"repeat","background-position":"center center","background-size":"auto","background-attachment":"scroll","background-type":"","background-media":"","overlay-type":"","overlay-color":"","overlay-opacity":"","overlay-gradient":""},"tablet":{"background-color":"","background-image":"","background-repeat":"repeat","background-position":"center center","background-size":"auto","background-attachment":"scroll","background-type":"","background-media":"","overlay-type":"","overlay-color":"","overlay-opacity":"","overlay-gradient":""},"mobile":{"background-color":"","background-image":"","background-repeat":"repeat","background-position":"center center","background-size":"auto","background-attachment":"scroll","background-type":"","background-media":"","overlay-type":"","overlay-color":"","overlay-opacity":"","overlay-gradient":""}},"ast-content-background-meta":{"desktop":{"background-color":"var(--ast-global-color-5)","background-image":"","background-repeat":"repeat","background-position":"center center","background-size":"auto","background-attachment":"scroll","background-type":"","background-media":"","overlay-type":"","overlay-color":"","overlay-opacity":"","overlay-gradient":""},"tablet":{"background-color":"var(--ast-global-color-5)","background-image":"","background-repeat":"repeat","background-position":"center center","background-size":"auto","background-attachment":"scroll","background-type":"","background-media":"","overlay-type":"","overlay-color":"","overlay-opacity":"","overlay-gradient":""},"mobile":{"background-color":"var(--ast-global-color-5)","background-image":"","background-repeat":"repeat","background-position":"center center","background-size":"auto","background-attachment":"scroll","background-type":"","background-media":"","overlay-type":"","overlay-color":"","overlay-opacity":"","overlay-gradient":""}},"footnotes":""},"class_list":["post-9041","page","type-page","status-publish","hentry"],"translation":{"provider":"WPGlobus","version":"3.0.2","language":"en","enabled_languages":["de","en"],"languages":{"de":{"title":true,"content":true,"excerpt":false},"en":{"title":false,"content":false,"excerpt":false}}},"featured_image_urls_v2":{"full":"","thumbnail":"","medium":"","medium_large":"","large":"","1536x1536":"","2048x2048":""},"post_excerpt_stackable_v2":"<p>Der Unterschied zwischen einem Future und einem Forward wirkt auf dem ersten Blick nicht sehr gro\u00df, denn sowohl bei dem Future als auch bei dem Forward handelt es sich um ein Derivat, sprich, beiden liegt ein Basiswert zugrunde. Die Entwicklung des Future und des Forward h\u00e4ngt also zum gr\u00f6\u00dften Teil von der Preisentwicklung des Basiswertes ab. Bei beiden Instrumenten handelt es sich ebenfalls um einen Kontrakt, sprich, der zugrunde liegende Basiswert wird per Termin gehandelt, die Erf\u00fcllung des Gesch\u00e4ftes wird somit in die Zukunft verschoben. In beiden F\u00e4llen wird also auf die zuk\u00fcnftige Preisentwicklung des Basiswertes spekuliert bzw. mittels Kauf&hellip;<\/p>\n","category_list_v2":"","author_info_v2":{"name":"PrudentWater","url":"https:\/\/prudentwater.com\/en\/author\/niklas33\/"},"comments_num_v2":"0 comments","_links":{"self":[{"href":"https:\/\/prudentwater.com\/en\/wp-json\/wp\/v2\/pages\/9041","targetHints":{"allow":["GET"]}}],"collection":[{"href":"https:\/\/prudentwater.com\/en\/wp-json\/wp\/v2\/pages"}],"about":[{"href":"https:\/\/prudentwater.com\/en\/wp-json\/wp\/v2\/types\/page"}],"author":[{"embeddable":true,"href":"https:\/\/prudentwater.com\/en\/wp-json\/wp\/v2\/users\/1"}],"replies":[{"embeddable":true,"href":"https:\/\/prudentwater.com\/en\/wp-json\/wp\/v2\/comments?post=9041"}],"version-history":[{"count":0,"href":"https:\/\/prudentwater.com\/en\/wp-json\/wp\/v2\/pages\/9041\/revisions"}],"wp:attachment":[{"href":"https:\/\/prudentwater.com\/en\/wp-json\/wp\/v2\/media?parent=9041"}],"curies":[{"name":"wp","href":"https:\/\/api.w.org\/{rel}","templated":true}]}}