{"id":906,"date":"2014-09-25T00:09:05","date_gmt":"2014-09-25T00:09:05","guid":{"rendered":"http:\/\/www.kunnskap.de\/?page_id=906"},"modified":"2021-06-25T12:49:34","modified_gmt":"2021-06-25T10:49:34","slug":"leistungsbilanzuberschuss","status":"publish","type":"page","link":"https:\/\/prudentwater.com\/en\/leistungsbilanzuberschuss\/","title":{"rendered":"Leistungsbilanz\u00fcberschuss"},"content":{"rendered":"<p>engl. <strong>Current Account Surplus<\/strong><\/p>\n<p>Ein Leistungsbilanz\u00fcberschuss liegt vor, wenn eine Volkswirtschaft in einem bestimmten Zeitraum (12 Monate) mit dem Verkauf (Export) aller G\u00fcter und Dienstleistungen mehr Einnahmen erzielt als es f\u00fcr Importe f\u00fcr G\u00fcter und Dienstleistungen ausgeben muss. In solch einer Situation nehmen die Forderungen vom Inland gegen\u00fcber dem Ausland zu. F\u00fcr das Inland erh\u00f6hen sich nun die Nettoauslandsforderungen gegen\u00fcber dem Ausland, gleichzeitig nehmen f\u00fcr das Ausland die Nettoauslandsverbindlichkeiten gegen\u00fcber dem Inland zu.<br \/>\nIm Gegensatz zum Handelsbilanz\u00fcberschuss werden beim Leistungsbilanz\u00fcberschuss auch noch Erwerbs- und Verm\u00f6gens\u00fcbertragungen zwischen dem In- und Ausland ber\u00fccksichtigt. Dazu geh\u00f6ren u.a. Arbeitsentgelte, Kapitalertr\u00e4ge und Geld\u00fcbertragungen aus dem Ausland (Heimat\u00fcberweisungen).<br \/>\nEin Leistungsbilanz\u00fcberschuss vermindert die Verbindlichkeiten einer Volkswirtschaft gegen\u00fcber dem Ausland oder erh\u00f6ht die offenen Forderungen gegen\u00fcber dem Ausland. Durch einen dauerhaften und \u00fcberm\u00e4\u00dfigen Leistungsbilanz\u00fcberschuss eines Landes steigt jedoch auch das Inflationsrisiko. In der Devisenbilanz der Volkswirtschaft vermehrt sich bei \u00dcbersch\u00fcssen das Geldangebot, wodurch die Preise im Inland steigen k\u00f6nnen. <\/p>\n","protected":false},"excerpt":{"rendered":"<p>engl. Current Account Surplus Ein Leistungsbilanz\u00fcberschuss liegt vor, wenn eine Volkswirtschaft in einem bestimmten Zeitraum (12 Monate) mit dem Verkauf (Export) aller G\u00fcter und Dienstleistungen mehr Einnahmen erzielt als es f\u00fcr Importe f\u00fcr G\u00fcter und Dienstleistungen ausgeben muss. In solch einer Situation nehmen die Forderungen vom Inland gegen\u00fcber dem Ausland zu. F\u00fcr das Inland erh\u00f6hen [&hellip;]<\/p>\n","protected":false},"author":1,"featured_media":0,"parent":0,"menu_order":0,"comment_status":"closed","ping_status":"closed","template":"","meta":{"site-sidebar-layout":"default","site-content-layout":"","ast-site-content-layout":"","site-content-style":"default","site-sidebar-style":"default","ast-global-header-display":"","ast-banner-title-visibility":"","ast-main-header-display":"","ast-hfb-above-header-display":"","ast-hfb-below-header-display":"","ast-hfb-mobile-header-display":"","site-post-title":"","ast-breadcrumbs-content":"","ast-featured-img":"","footer-sml-layout":"","theme-transparent-header-meta":"","adv-header-id-meta":"","stick-header-meta":"","header-above-stick-meta":"","header-main-stick-meta":"","header-below-stick-meta":"","astra-migrate-meta-layouts":"default","ast-page-background-enabled":"default","ast-page-background-meta":{"desktop":{"background-color":"","background-image":"","background-repeat":"repeat","background-position":"center center","background-size":"auto","background-attachment":"scroll","background-type":"","background-media":"","overlay-type":"","overlay-color":"","overlay-opacity":"","overlay-gradient":""},"tablet":{"background-color":"","background-image":"","background-repeat":"repeat","background-position":"center center","background-size":"auto","background-attachment":"scroll","background-type":"","background-media":"","overlay-type":"","overlay-color":"","overlay-opacity":"","overlay-gradient":""},"mobile":{"background-color":"","background-image":"","background-repeat":"repeat","background-position":"center center","background-size":"auto","background-attachment":"scroll","background-type":"","background-media":"","overlay-type":"","overlay-color":"","overlay-opacity":"","overlay-gradient":""}},"ast-content-background-meta":{"desktop":{"background-color":"var(--ast-global-color-5)","background-image":"","background-repeat":"repeat","background-position":"center center","background-size":"auto","background-attachment":"scroll","background-type":"","background-media":"","overlay-type":"","overlay-color":"","overlay-opacity":"","overlay-gradient":""},"tablet":{"background-color":"var(--ast-global-color-5)","background-image":"","background-repeat":"repeat","background-position":"center center","background-size":"auto","background-attachment":"scroll","background-type":"","background-media":"","overlay-type":"","overlay-color":"","overlay-opacity":"","overlay-gradient":""},"mobile":{"background-color":"var(--ast-global-color-5)","background-image":"","background-repeat":"repeat","background-position":"center center","background-size":"auto","background-attachment":"scroll","background-type":"","background-media":"","overlay-type":"","overlay-color":"","overlay-opacity":"","overlay-gradient":""}},"footnotes":""},"class_list":["post-906","page","type-page","status-publish","hentry"],"translation":{"provider":"WPGlobus","version":"3.0.2","language":"en","enabled_languages":["de","en"],"languages":{"de":{"title":true,"content":true,"excerpt":false},"en":{"title":false,"content":false,"excerpt":false}}},"featured_image_urls_v2":{"full":"","thumbnail":"","medium":"","medium_large":"","large":"","1536x1536":"","2048x2048":""},"post_excerpt_stackable_v2":"<p>engl. Current Account Surplus Ein Leistungsbilanz\u00fcberschuss liegt vor, wenn eine Volkswirtschaft in einem bestimmten Zeitraum (12 Monate) mit dem Verkauf (Export) aller G\u00fcter und Dienstleistungen mehr Einnahmen erzielt als es f\u00fcr Importe f\u00fcr G\u00fcter und Dienstleistungen ausgeben muss. In solch einer Situation nehmen die Forderungen vom Inland gegen\u00fcber dem Ausland zu. F\u00fcr das Inland erh\u00f6hen sich nun die Nettoauslandsforderungen gegen\u00fcber dem Ausland, gleichzeitig nehmen f\u00fcr das Ausland die Nettoauslandsverbindlichkeiten gegen\u00fcber dem Inland zu. Im Gegensatz zum Handelsbilanz\u00fcberschuss werden beim Leistungsbilanz\u00fcberschuss auch noch Erwerbs- und Verm\u00f6gens\u00fcbertragungen zwischen dem In- und Ausland ber\u00fccksichtigt. Dazu geh\u00f6ren u.a. Arbeitsentgelte, Kapitalertr\u00e4ge und Geld\u00fcbertragungen aus dem&hellip;<\/p>\n","category_list_v2":"","author_info_v2":{"name":"PrudentWater","url":"https:\/\/prudentwater.com\/en\/author\/niklas33\/"},"comments_num_v2":"0 comments","_links":{"self":[{"href":"https:\/\/prudentwater.com\/en\/wp-json\/wp\/v2\/pages\/906","targetHints":{"allow":["GET"]}}],"collection":[{"href":"https:\/\/prudentwater.com\/en\/wp-json\/wp\/v2\/pages"}],"about":[{"href":"https:\/\/prudentwater.com\/en\/wp-json\/wp\/v2\/types\/page"}],"author":[{"embeddable":true,"href":"https:\/\/prudentwater.com\/en\/wp-json\/wp\/v2\/users\/1"}],"replies":[{"embeddable":true,"href":"https:\/\/prudentwater.com\/en\/wp-json\/wp\/v2\/comments?post=906"}],"version-history":[{"count":0,"href":"https:\/\/prudentwater.com\/en\/wp-json\/wp\/v2\/pages\/906\/revisions"}],"wp:attachment":[{"href":"https:\/\/prudentwater.com\/en\/wp-json\/wp\/v2\/media?parent=906"}],"curies":[{"name":"wp","href":"https:\/\/api.w.org\/{rel}","templated":true}]}}