{"id":9075,"date":"2017-02-01T10:57:24","date_gmt":"2017-02-01T10:57:24","guid":{"rendered":"http:\/\/www.kunnskap.de\/?page_id=9075"},"modified":"2021-06-25T12:48:59","modified_gmt":"2021-06-25T10:48:59","slug":"equity-swap","status":"publish","type":"page","link":"https:\/\/prudentwater.com\/en\/equity-swap\/","title":{"rendered":"Equity Swap"},"content":{"rendered":"<p>Ein Equity Swap ist ein Derivat, bei dem die Wertver\u00e4nderungen von Aktien oder Indizes untereinander getauscht werden. Allgemein werden bei einem Swap zuk\u00fcnftige Zahlungsstr\u00f6me zwischen zwei Vertragsparteien ausgetauscht Bei einem Equity Swap wird nun die zuk\u00fcnftige Wertentwicklung von Aktien oder Aktienindizes untereinander ausgetauscht. Mit der zunehmenden Beliebtheit von ETFs sind auch Equity Swaps in ihrer Bedeutung gestiegen, denn oftmals wird bei einem ETF die synthetische Replikation von Indizes gew\u00e4hlt, sprich, der ETF bildet den zugrunde liegenden Index nicht tats\u00e4chlich ab, sondern l\u00e4sst sich nur mittels Equity Swap die Performance des Index liefern. Dazu zahlt das Fondsmanagement einen festen Zinssatz oder einen variablen Zinssatz (LIBOR oder EURIBOR) auf einen vorher definierten Betrag, die Gegenseite des Equity Swap zahlt daf\u00fcr die negative oder positive Rendite des zugrunde liegenden Aktienindex auf denselben Betrag. Mittels Equity Swap kann sich somit die Wertentwicklung einer Aktie oder eines Index gesichert werden, ohne diesen tats\u00e4chlich zu besitzen. <\/p>\n","protected":false},"excerpt":{"rendered":"<p>Ein Equity Swap ist ein Derivat, bei dem die Wertver\u00e4nderungen von Aktien oder Indizes untereinander getauscht werden. Allgemein werden bei einem Swap zuk\u00fcnftige Zahlungsstr\u00f6me zwischen zwei Vertragsparteien ausgetauscht Bei einem Equity Swap wird nun die zuk\u00fcnftige Wertentwicklung von Aktien oder Aktienindizes untereinander ausgetauscht. Mit der zunehmenden Beliebtheit von ETFs sind auch Equity Swaps in ihrer [&hellip;]<\/p>\n","protected":false},"author":1,"featured_media":0,"parent":0,"menu_order":0,"comment_status":"closed","ping_status":"closed","template":"","meta":{"site-sidebar-layout":"default","site-content-layout":"","ast-site-content-layout":"","site-content-style":"default","site-sidebar-style":"default","ast-global-header-display":"","ast-banner-title-visibility":"","ast-main-header-display":"","ast-hfb-above-header-display":"","ast-hfb-below-header-display":"","ast-hfb-mobile-header-display":"","site-post-title":"","ast-breadcrumbs-content":"","ast-featured-img":"","footer-sml-layout":"","theme-transparent-header-meta":"","adv-header-id-meta":"","stick-header-meta":"","header-above-stick-meta":"","header-main-stick-meta":"","header-below-stick-meta":"","astra-migrate-meta-layouts":"default","ast-page-background-enabled":"default","ast-page-background-meta":{"desktop":{"background-color":"","background-image":"","background-repeat":"repeat","background-position":"center center","background-size":"auto","background-attachment":"scroll","background-type":"","background-media":"","overlay-type":"","overlay-color":"","overlay-opacity":"","overlay-gradient":""},"tablet":{"background-color":"","background-image":"","background-repeat":"repeat","background-position":"center center","background-size":"auto","background-attachment":"scroll","background-type":"","background-media":"","overlay-type":"","overlay-color":"","overlay-opacity":"","overlay-gradient":""},"mobile":{"background-color":"","background-image":"","background-repeat":"repeat","background-position":"center center","background-size":"auto","background-attachment":"scroll","background-type":"","background-media":"","overlay-type":"","overlay-color":"","overlay-opacity":"","overlay-gradient":""}},"ast-content-background-meta":{"desktop":{"background-color":"var(--ast-global-color-5)","background-image":"","background-repeat":"repeat","background-position":"center center","background-size":"auto","background-attachment":"scroll","background-type":"","background-media":"","overlay-type":"","overlay-color":"","overlay-opacity":"","overlay-gradient":""},"tablet":{"background-color":"var(--ast-global-color-5)","background-image":"","background-repeat":"repeat","background-position":"center center","background-size":"auto","background-attachment":"scroll","background-type":"","background-media":"","overlay-type":"","overlay-color":"","overlay-opacity":"","overlay-gradient":""},"mobile":{"background-color":"var(--ast-global-color-5)","background-image":"","background-repeat":"repeat","background-position":"center center","background-size":"auto","background-attachment":"scroll","background-type":"","background-media":"","overlay-type":"","overlay-color":"","overlay-opacity":"","overlay-gradient":""}},"footnotes":""},"class_list":["post-9075","page","type-page","status-publish","hentry"],"translation":{"provider":"WPGlobus","version":"3.0.2","language":"en","enabled_languages":["de","en"],"languages":{"de":{"title":true,"content":true,"excerpt":false},"en":{"title":false,"content":false,"excerpt":false}}},"featured_image_urls_v2":{"full":"","thumbnail":"","medium":"","medium_large":"","large":"","1536x1536":"","2048x2048":""},"post_excerpt_stackable_v2":"<p>Ein Equity Swap ist ein Derivat, bei dem die Wertver\u00e4nderungen von Aktien oder Indizes untereinander getauscht werden. Allgemein werden bei einem Swap zuk\u00fcnftige Zahlungsstr\u00f6me zwischen zwei Vertragsparteien ausgetauscht Bei einem Equity Swap wird nun die zuk\u00fcnftige Wertentwicklung von Aktien oder Aktienindizes untereinander ausgetauscht. Mit der zunehmenden Beliebtheit von ETFs sind auch Equity Swaps in ihrer Bedeutung gestiegen, denn oftmals wird bei einem ETF die synthetische Replikation von Indizes gew\u00e4hlt, sprich, der ETF bildet den zugrunde liegenden Index nicht tats\u00e4chlich ab, sondern l\u00e4sst sich nur mittels Equity Swap die Performance des Index liefern. Dazu zahlt das Fondsmanagement einen festen Zinssatz oder&hellip;<\/p>\n","category_list_v2":"","author_info_v2":{"name":"PrudentWater","url":"https:\/\/prudentwater.com\/en\/author\/niklas33\/"},"comments_num_v2":"0 comments","_links":{"self":[{"href":"https:\/\/prudentwater.com\/en\/wp-json\/wp\/v2\/pages\/9075","targetHints":{"allow":["GET"]}}],"collection":[{"href":"https:\/\/prudentwater.com\/en\/wp-json\/wp\/v2\/pages"}],"about":[{"href":"https:\/\/prudentwater.com\/en\/wp-json\/wp\/v2\/types\/page"}],"author":[{"embeddable":true,"href":"https:\/\/prudentwater.com\/en\/wp-json\/wp\/v2\/users\/1"}],"replies":[{"embeddable":true,"href":"https:\/\/prudentwater.com\/en\/wp-json\/wp\/v2\/comments?post=9075"}],"version-history":[{"count":0,"href":"https:\/\/prudentwater.com\/en\/wp-json\/wp\/v2\/pages\/9075\/revisions"}],"wp:attachment":[{"href":"https:\/\/prudentwater.com\/en\/wp-json\/wp\/v2\/media?parent=9075"}],"curies":[{"name":"wp","href":"https:\/\/api.w.org\/{rel}","templated":true}]}}