{"id":911,"date":"2014-09-25T08:51:20","date_gmt":"2014-09-25T08:51:20","guid":{"rendered":"http:\/\/www.kunnskap.de\/?page_id=911"},"modified":"2021-06-25T12:49:36","modified_gmt":"2021-06-25T10:49:36","slug":"nachranganleihe","status":"publish","type":"page","link":"https:\/\/prudentwater.com\/en\/nachranganleihe\/","title":{"rendered":"Nachranganleihe"},"content":{"rendered":"<p>Auch <strong>Nachrangige Anleihe<\/strong><br \/>\nengl. <strong>Subordinated Bond<\/strong><\/p>\n<p>Bei der Nachranganleihe handelt es sich um eine besondere Form der Unternehmensanleihe. Vorwiegend treten Banken bei Nachranganleihen als Emittent auf. Kommt es zu einer Zahlungsunf\u00e4higkeit \/ Insolvenz des Unternehmens, werden Nachranganleihen zwar vor den Aktion\u00e4ren bedient, jedoch erst nach den erstrangigen Anleihen und den &#8216;herk\u00f6mmlichen&#8217; Anleihen. Inhaber der Erstranganleihe und der &#8216;herk\u00f6mmlichen&#8217; Anleihe haben somit zuerst einen Anspruch auf die Insolvenzmasse. Den Besitzern von Nachranganleihen muss somit klar sein, dass sie im schlimmsten Fall ihr zuvor investiertes Kapital nicht mehr zur\u00fcckerhalten. Dies bedeutet somit ein erh\u00f6htes Risiko f\u00fcr Besitzer von Nachranganleihen, welches daf\u00fcr jedoch mit einem h\u00f6heren Zinssatz ausgeglichen wird. <\/p>\n<p>Ein weiterer Nachteil ist, dass die Ertragskomponenten variabel gestaltet werden k\u00f6nnen. Befindet sich das Unternehmen in einer schwierigen finanziellen Situation, kann der Zinssatz reduziert werden oder aber die Zinszahlung kann gar verschoben werden. Aus diesem Grund sollten die Emissionsbedienungen vor dem Kauf genauestens studiert werden. In ihr sind alle Regeln und Sonderregeln in Bezug auf Zinszahlung, Aussetzung und Laufzeit aufgelistet. Der Emittent hat in der Regel das Recht, die Nachranganleihe zu k\u00fcndigen. <\/p>\n<p>Nach Basel III k\u00f6nnen Nachranganleihen nicht mehr als Eigenkapital angerechnet werden. Es z\u00e4hlt also nicht mehr zum geforderten Kernkapital der Banken. Vorher bezahlten Banken einen h\u00f6heren Zinssatz f\u00fcr Nachranganleihen, daf\u00fcr konnten sich dieses Kapital jedoch als Eigenkapital anrechnen lassen. Da dies nun nicht mehr m\u00f6glich ist, ver\u00e4u\u00dfern sie ihre Nachranganleihen, da diese nach und nach als Fremdkapital angerechnet werden. Fremdkapital k\u00f6nnen sich die Banken jedoch \u00fcber eine gew\u00f6hnliche Anleihe zu einem g\u00fcnstigeren Zinssatz besorgen. Somit macht es f\u00fcr die Unternehmen wenig Sinn, Nachranganleihen weiterhin zu besitzen.<br \/>\nNachranganleihen z\u00e4hlen nach den neuen Basel III-Richtlinien nicht mehr zum Eigenkapital, sondern werden schrittweise als Fremdkapital gewertet. Das nachrangige Kapital durfte 2015 nur noch zu 70 Prozent zum Eigenkapital gez\u00e4hlt werden, 2016 nur noch zu 60 Prozent und so weiter.<\/p>\n<p>Es gibt jedoch verschiedene Typen von Nachranganleihen. So ist die Upper Tier 2 Anleihe nachrangig zu der Lower Tier 2 Anleihe, die Tier 1 Anleihe ist jedoch nachrangig zu der Upper Tier 2 Anleihe. <\/p>\n","protected":false},"excerpt":{"rendered":"<p>Auch Nachrangige Anleihe engl. Subordinated Bond Bei der Nachranganleihe handelt es sich um eine besondere Form der Unternehmensanleihe. Vorwiegend treten Banken bei Nachranganleihen als Emittent auf. Kommt es zu einer Zahlungsunf\u00e4higkeit \/ Insolvenz des Unternehmens, werden Nachranganleihen zwar vor den Aktion\u00e4ren bedient, jedoch erst nach den erstrangigen Anleihen und den &#8216;herk\u00f6mmlichen&#8217; Anleihen. Inhaber der Erstranganleihe [&hellip;]<\/p>\n","protected":false},"author":1,"featured_media":0,"parent":0,"menu_order":0,"comment_status":"closed","ping_status":"closed","template":"","meta":{"site-sidebar-layout":"default","site-content-layout":"","ast-site-content-layout":"","site-content-style":"default","site-sidebar-style":"default","ast-global-header-display":"","ast-banner-title-visibility":"","ast-main-header-display":"","ast-hfb-above-header-display":"","ast-hfb-below-header-display":"","ast-hfb-mobile-header-display":"","site-post-title":"","ast-breadcrumbs-content":"","ast-featured-img":"","footer-sml-layout":"","theme-transparent-header-meta":"","adv-header-id-meta":"","stick-header-meta":"","header-above-stick-meta":"","header-main-stick-meta":"","header-below-stick-meta":"","astra-migrate-meta-layouts":"default","ast-page-background-enabled":"default","ast-page-background-meta":{"desktop":{"background-color":"","background-image":"","background-repeat":"repeat","background-position":"center center","background-size":"auto","background-attachment":"scroll","background-type":"","background-media":"","overlay-type":"","overlay-color":"","overlay-opacity":"","overlay-gradient":""},"tablet":{"background-color":"","background-image":"","background-repeat":"repeat","background-position":"center center","background-size":"auto","background-attachment":"scroll","background-type":"","background-media":"","overlay-type":"","overlay-color":"","overlay-opacity":"","overlay-gradient":""},"mobile":{"background-color":"","background-image":"","background-repeat":"repeat","background-position":"center center","background-size":"auto","background-attachment":"scroll","background-type":"","background-media":"","overlay-type":"","overlay-color":"","overlay-opacity":"","overlay-gradient":""}},"ast-content-background-meta":{"desktop":{"background-color":"var(--ast-global-color-5)","background-image":"","background-repeat":"repeat","background-position":"center center","background-size":"auto","background-attachment":"scroll","background-type":"","background-media":"","overlay-type":"","overlay-color":"","overlay-opacity":"","overlay-gradient":""},"tablet":{"background-color":"var(--ast-global-color-5)","background-image":"","background-repeat":"repeat","background-position":"center center","background-size":"auto","background-attachment":"scroll","background-type":"","background-media":"","overlay-type":"","overlay-color":"","overlay-opacity":"","overlay-gradient":""},"mobile":{"background-color":"var(--ast-global-color-5)","background-image":"","background-repeat":"repeat","background-position":"center center","background-size":"auto","background-attachment":"scroll","background-type":"","background-media":"","overlay-type":"","overlay-color":"","overlay-opacity":"","overlay-gradient":""}},"footnotes":""},"class_list":["post-911","page","type-page","status-publish","hentry"],"translation":{"provider":"WPGlobus","version":"3.0.2","language":"en","enabled_languages":["de","en"],"languages":{"de":{"title":true,"content":true,"excerpt":false},"en":{"title":false,"content":false,"excerpt":false}}},"featured_image_urls_v2":{"full":"","thumbnail":"","medium":"","medium_large":"","large":"","1536x1536":"","2048x2048":""},"post_excerpt_stackable_v2":"<p>Auch Nachrangige Anleihe engl. Subordinated Bond Bei der Nachranganleihe handelt es sich um eine besondere Form der Unternehmensanleihe. Vorwiegend treten Banken bei Nachranganleihen als Emittent auf. Kommt es zu einer Zahlungsunf\u00e4higkeit \/ Insolvenz des Unternehmens, werden Nachranganleihen zwar vor den Aktion\u00e4ren bedient, jedoch erst nach den erstrangigen Anleihen und den &#8216;herk\u00f6mmlichen&#8217; Anleihen. Inhaber der Erstranganleihe und der &#8216;herk\u00f6mmlichen&#8217; Anleihe haben somit zuerst einen Anspruch auf die Insolvenzmasse. Den Besitzern von Nachranganleihen muss somit klar sein, dass sie im schlimmsten Fall ihr zuvor investiertes Kapital nicht mehr zur\u00fcckerhalten. Dies bedeutet somit ein erh\u00f6htes Risiko f\u00fcr Besitzer von Nachranganleihen, welches daf\u00fcr jedoch&hellip;<\/p>\n","category_list_v2":"","author_info_v2":{"name":"PrudentWater","url":"https:\/\/prudentwater.com\/en\/author\/niklas33\/"},"comments_num_v2":"0 comments","_links":{"self":[{"href":"https:\/\/prudentwater.com\/en\/wp-json\/wp\/v2\/pages\/911","targetHints":{"allow":["GET"]}}],"collection":[{"href":"https:\/\/prudentwater.com\/en\/wp-json\/wp\/v2\/pages"}],"about":[{"href":"https:\/\/prudentwater.com\/en\/wp-json\/wp\/v2\/types\/page"}],"author":[{"embeddable":true,"href":"https:\/\/prudentwater.com\/en\/wp-json\/wp\/v2\/users\/1"}],"replies":[{"embeddable":true,"href":"https:\/\/prudentwater.com\/en\/wp-json\/wp\/v2\/comments?post=911"}],"version-history":[{"count":0,"href":"https:\/\/prudentwater.com\/en\/wp-json\/wp\/v2\/pages\/911\/revisions"}],"wp:attachment":[{"href":"https:\/\/prudentwater.com\/en\/wp-json\/wp\/v2\/media?parent=911"}],"curies":[{"name":"wp","href":"https:\/\/api.w.org\/{rel}","templated":true}]}}