{"id":9132,"date":"2017-02-02T17:01:56","date_gmt":"2017-02-02T17:01:56","guid":{"rendered":"http:\/\/www.kunnskap.de\/?page_id=9132"},"modified":"2021-06-25T12:48:24","modified_gmt":"2021-06-25T10:48:24","slug":"covered-call","status":"publish","type":"page","link":"https:\/\/prudentwater.com\/en\/covered-call\/","title":{"rendered":"Covered Call"},"content":{"rendered":"<p>Auch <strong>Covered Call Writing<\/strong><\/p>\n<p>Ein Covered Call bezeichnet eine Optionsstrategie, bei der ein gedeckter Verkauf einer Call Option durchgef\u00fchrt wird. Die verkaufte Kaufoption (auch Short Call) ist gedeckt, dies bedeutet, dass der Verk\u00e4ufer der Kaufoption den mit den verkauften Optionen verbrieften Aktienbestand bei sich im Depot h\u00e4lt. Spekuliert wird bei dieser Strategie auf eine leicht ansteigende Bewegung oder auf eine Seitw\u00e4rtsbewegung des Aktienkurses. Ebenso wird auf eine fallende Volatilit\u00e4t des Basiswertes spekuliert.<br \/>\nDie Covered Call-Strategie wird gerne genutzt, um die Performance eines Portfolios in Seitw\u00e4rtsphasen zu verbessern. Kursgewinne sind in Seitw\u00e4rtsphasen nicht m\u00f6glich, der Anleger erh\u00e4lt durch den Verkauf der Kaufoption jedoch den Optionspreis. Trotzdem w\u00fcrde der Anleger jedoch noch weiterhin an leichten Kursgewinnen partizipieren, da der Basispreis des Covered Call immer etwas h\u00f6her gew\u00e4hlt wird als die w\u00e4hrend der Laufzeit der Option zu erwartende Kurssteigerung der Aktie. F\u00e4llt die Aktie jedoch, erleidet der Anleger in seinem Depot auch Kursverluste bei den entsprechenden Aktien, die erhaltene Optionspr\u00e4mie dient dann jedoch als Puffer. Erst wenn der Aktienkurs \u00fcber dem Basispreis der Option plus erhaltener Optionspr\u00e4mie liegt, erleidet der Anleger einen Verlust bzw. das Halten der Aktien h\u00e4tte dann einen h\u00f6heren Gewinn erzielt. Basispreis plus erhaltene Optionspr\u00e4mie spiegeln bei einem Covered Call den Break-Even-Preis wider.<\/p>\n","protected":false},"excerpt":{"rendered":"<p>Auch Covered Call Writing Ein Covered Call bezeichnet eine Optionsstrategie, bei der ein gedeckter Verkauf einer Call Option durchgef\u00fchrt wird. Die verkaufte Kaufoption (auch Short Call) ist gedeckt, dies bedeutet, dass der Verk\u00e4ufer der Kaufoption den mit den verkauften Optionen verbrieften Aktienbestand bei sich im Depot h\u00e4lt. Spekuliert wird bei dieser Strategie auf eine leicht [&hellip;]<\/p>\n","protected":false},"author":1,"featured_media":0,"parent":0,"menu_order":0,"comment_status":"closed","ping_status":"closed","template":"","meta":{"site-sidebar-layout":"default","site-content-layout":"","ast-site-content-layout":"","site-content-style":"default","site-sidebar-style":"default","ast-global-header-display":"","ast-banner-title-visibility":"","ast-main-header-display":"","ast-hfb-above-header-display":"","ast-hfb-below-header-display":"","ast-hfb-mobile-header-display":"","site-post-title":"","ast-breadcrumbs-content":"","ast-featured-img":"","footer-sml-layout":"","theme-transparent-header-meta":"","adv-header-id-meta":"","stick-header-meta":"","header-above-stick-meta":"","header-main-stick-meta":"","header-below-stick-meta":"","astra-migrate-meta-layouts":"default","ast-page-background-enabled":"default","ast-page-background-meta":{"desktop":{"background-color":"","background-image":"","background-repeat":"repeat","background-position":"center center","background-size":"auto","background-attachment":"scroll","background-type":"","background-media":"","overlay-type":"","overlay-color":"","overlay-opacity":"","overlay-gradient":""},"tablet":{"background-color":"","background-image":"","background-repeat":"repeat","background-position":"center center","background-size":"auto","background-attachment":"scroll","background-type":"","background-media":"","overlay-type":"","overlay-color":"","overlay-opacity":"","overlay-gradient":""},"mobile":{"background-color":"","background-image":"","background-repeat":"repeat","background-position":"center center","background-size":"auto","background-attachment":"scroll","background-type":"","background-media":"","overlay-type":"","overlay-color":"","overlay-opacity":"","overlay-gradient":""}},"ast-content-background-meta":{"desktop":{"background-color":"var(--ast-global-color-5)","background-image":"","background-repeat":"repeat","background-position":"center center","background-size":"auto","background-attachment":"scroll","background-type":"","background-media":"","overlay-type":"","overlay-color":"","overlay-opacity":"","overlay-gradient":""},"tablet":{"background-color":"var(--ast-global-color-5)","background-image":"","background-repeat":"repeat","background-position":"center center","background-size":"auto","background-attachment":"scroll","background-type":"","background-media":"","overlay-type":"","overlay-color":"","overlay-opacity":"","overlay-gradient":""},"mobile":{"background-color":"var(--ast-global-color-5)","background-image":"","background-repeat":"repeat","background-position":"center center","background-size":"auto","background-attachment":"scroll","background-type":"","background-media":"","overlay-type":"","overlay-color":"","overlay-opacity":"","overlay-gradient":""}},"footnotes":""},"class_list":["post-9132","page","type-page","status-publish","hentry"],"translation":{"provider":"WPGlobus","version":"3.0.2","language":"en","enabled_languages":["de","en"],"languages":{"de":{"title":true,"content":true,"excerpt":false},"en":{"title":false,"content":false,"excerpt":false}}},"featured_image_urls_v2":{"full":"","thumbnail":"","medium":"","medium_large":"","large":"","1536x1536":"","2048x2048":""},"post_excerpt_stackable_v2":"<p>Auch Covered Call Writing Ein Covered Call bezeichnet eine Optionsstrategie, bei der ein gedeckter Verkauf einer Call Option durchgef\u00fchrt wird. Die verkaufte Kaufoption (auch Short Call) ist gedeckt, dies bedeutet, dass der Verk\u00e4ufer der Kaufoption den mit den verkauften Optionen verbrieften Aktienbestand bei sich im Depot h\u00e4lt. Spekuliert wird bei dieser Strategie auf eine leicht ansteigende Bewegung oder auf eine Seitw\u00e4rtsbewegung des Aktienkurses. Ebenso wird auf eine fallende Volatilit\u00e4t des Basiswertes spekuliert. Die Covered Call-Strategie wird gerne genutzt, um die Performance eines Portfolios in Seitw\u00e4rtsphasen zu verbessern. Kursgewinne sind in Seitw\u00e4rtsphasen nicht m\u00f6glich, der Anleger erh\u00e4lt durch den Verkauf der&hellip;<\/p>\n","category_list_v2":"","author_info_v2":{"name":"PrudentWater","url":"https:\/\/prudentwater.com\/en\/author\/niklas33\/"},"comments_num_v2":"0 comments","_links":{"self":[{"href":"https:\/\/prudentwater.com\/en\/wp-json\/wp\/v2\/pages\/9132","targetHints":{"allow":["GET"]}}],"collection":[{"href":"https:\/\/prudentwater.com\/en\/wp-json\/wp\/v2\/pages"}],"about":[{"href":"https:\/\/prudentwater.com\/en\/wp-json\/wp\/v2\/types\/page"}],"author":[{"embeddable":true,"href":"https:\/\/prudentwater.com\/en\/wp-json\/wp\/v2\/users\/1"}],"replies":[{"embeddable":true,"href":"https:\/\/prudentwater.com\/en\/wp-json\/wp\/v2\/comments?post=9132"}],"version-history":[{"count":0,"href":"https:\/\/prudentwater.com\/en\/wp-json\/wp\/v2\/pages\/9132\/revisions"}],"wp:attachment":[{"href":"https:\/\/prudentwater.com\/en\/wp-json\/wp\/v2\/media?parent=9132"}],"curies":[{"name":"wp","href":"https:\/\/api.w.org\/{rel}","templated":true}]}}