{"id":9161,"date":"2017-02-06T09:41:39","date_gmt":"2017-02-06T09:41:39","guid":{"rendered":"http:\/\/www.kunnskap.de\/?page_id=9161"},"modified":"2021-06-25T12:50:15","modified_gmt":"2021-06-25T10:50:15","slug":"verbriefung","status":"publish","type":"page","link":"https:\/\/prudentwater.com\/en\/verbriefung\/","title":{"rendered":"Verbriefung"},"content":{"rendered":"<p>engl. <strong>Securitization<\/strong><\/p>\n<p>Bei der Verbriefung werden nicht handelbare, illiquide Verbindlichkeiten in liquide, f\u00fcr den Markt handelbare Wertpapiere umgewandelt. Banken und Finanzinstitute, welche Kredite an \u00f6ffentliche und private Schuldner ausgegeben haben, k\u00f6nnen sich durch die Verbriefung von dem Kreditrisiko, also von einem Zahlungsausfall oder von einer Zahlungsverz\u00f6gerung trennen, indem sie die vorher ausgegebenen Kredite zu einem einzigen Wertpapier b\u00fcndeln, marktf\u00e4hig machen und anschlie\u00dfend an Investoren weiterverkaufen. Das Kreditrisiko verschwindet dadurch aus den B\u00fcchern der Bank und liegt von da an bei den K\u00e4ufern der Wertpapiere. Die Verbriefung beschreibt also die Weitergabe von Kreditrisiken.<br \/>\nDie klassische Form der Verbriefung ist so gestaltet, dass der Kreditgeber (Originator) einzelne von ihm zuvor ausgegebene Kredite an eine Zweckgesellschaft (Special Purpose Vehicle) \u00fcbertr\u00e4gt. Die Zweckgesellschaft finanziert den Kauf dieses Kreditpools wiederum durch zuvor verkaufte Wertpapiere, welche den Krediten zugrunde liegen. Bei diesen kreditunterlegten Wertpapieren handelt es sich dann um sogenannte Asset Backed Securities, welche nun die einzelnen Kredite geb\u00fcndelt haben und den K\u00e4ufern bis zur F\u00e4lligkeit j\u00e4hrlich Zinsen bieten.<br \/>\nAuch der Pfandbrief oder das Mortgage Backed Security ist eine Variante der Verbriefung, bei der zun\u00e4chst nicht handelbare Verbindlichkeiten zu einem handelbaren Wertpapier umgewandelt werden. <\/p>\n","protected":false},"excerpt":{"rendered":"<p>engl. Securitization Bei der Verbriefung werden nicht handelbare, illiquide Verbindlichkeiten in liquide, f\u00fcr den Markt handelbare Wertpapiere umgewandelt. Banken und Finanzinstitute, welche Kredite an \u00f6ffentliche und private Schuldner ausgegeben haben, k\u00f6nnen sich durch die Verbriefung von dem Kreditrisiko, also von einem Zahlungsausfall oder von einer Zahlungsverz\u00f6gerung trennen, indem sie die vorher ausgegebenen Kredite zu einem [&hellip;]<\/p>\n","protected":false},"author":1,"featured_media":0,"parent":0,"menu_order":0,"comment_status":"closed","ping_status":"closed","template":"","meta":{"site-sidebar-layout":"default","site-content-layout":"","ast-site-content-layout":"","site-content-style":"default","site-sidebar-style":"default","ast-global-header-display":"","ast-banner-title-visibility":"","ast-main-header-display":"","ast-hfb-above-header-display":"","ast-hfb-below-header-display":"","ast-hfb-mobile-header-display":"","site-post-title":"","ast-breadcrumbs-content":"","ast-featured-img":"","footer-sml-layout":"","theme-transparent-header-meta":"","adv-header-id-meta":"","stick-header-meta":"","header-above-stick-meta":"","header-main-stick-meta":"","header-below-stick-meta":"","astra-migrate-meta-layouts":"default","ast-page-background-enabled":"default","ast-page-background-meta":{"desktop":{"background-color":"","background-image":"","background-repeat":"repeat","background-position":"center center","background-size":"auto","background-attachment":"scroll","background-type":"","background-media":"","overlay-type":"","overlay-color":"","overlay-opacity":"","overlay-gradient":""},"tablet":{"background-color":"","background-image":"","background-repeat":"repeat","background-position":"center center","background-size":"auto","background-attachment":"scroll","background-type":"","background-media":"","overlay-type":"","overlay-color":"","overlay-opacity":"","overlay-gradient":""},"mobile":{"background-color":"","background-image":"","background-repeat":"repeat","background-position":"center center","background-size":"auto","background-attachment":"scroll","background-type":"","background-media":"","overlay-type":"","overlay-color":"","overlay-opacity":"","overlay-gradient":""}},"ast-content-background-meta":{"desktop":{"background-color":"var(--ast-global-color-5)","background-image":"","background-repeat":"repeat","background-position":"center center","background-size":"auto","background-attachment":"scroll","background-type":"","background-media":"","overlay-type":"","overlay-color":"","overlay-opacity":"","overlay-gradient":""},"tablet":{"background-color":"var(--ast-global-color-5)","background-image":"","background-repeat":"repeat","background-position":"center center","background-size":"auto","background-attachment":"scroll","background-type":"","background-media":"","overlay-type":"","overlay-color":"","overlay-opacity":"","overlay-gradient":""},"mobile":{"background-color":"var(--ast-global-color-5)","background-image":"","background-repeat":"repeat","background-position":"center center","background-size":"auto","background-attachment":"scroll","background-type":"","background-media":"","overlay-type":"","overlay-color":"","overlay-opacity":"","overlay-gradient":""}},"footnotes":""},"class_list":["post-9161","page","type-page","status-publish","hentry"],"translation":{"provider":"WPGlobus","version":"3.0.2","language":"en","enabled_languages":["de","en"],"languages":{"de":{"title":true,"content":true,"excerpt":false},"en":{"title":false,"content":false,"excerpt":false}}},"featured_image_urls_v2":{"full":"","thumbnail":"","medium":"","medium_large":"","large":"","1536x1536":"","2048x2048":""},"post_excerpt_stackable_v2":"<p>engl. Securitization Bei der Verbriefung werden nicht handelbare, illiquide Verbindlichkeiten in liquide, f\u00fcr den Markt handelbare Wertpapiere umgewandelt. Banken und Finanzinstitute, welche Kredite an \u00f6ffentliche und private Schuldner ausgegeben haben, k\u00f6nnen sich durch die Verbriefung von dem Kreditrisiko, also von einem Zahlungsausfall oder von einer Zahlungsverz\u00f6gerung trennen, indem sie die vorher ausgegebenen Kredite zu einem einzigen Wertpapier b\u00fcndeln, marktf\u00e4hig machen und anschlie\u00dfend an Investoren weiterverkaufen. Das Kreditrisiko verschwindet dadurch aus den B\u00fcchern der Bank und liegt von da an bei den K\u00e4ufern der Wertpapiere. Die Verbriefung beschreibt also die Weitergabe von Kreditrisiken. Die klassische Form der Verbriefung ist so gestaltet,&hellip;<\/p>\n","category_list_v2":"","author_info_v2":{"name":"PrudentWater","url":"https:\/\/prudentwater.com\/en\/author\/niklas33\/"},"comments_num_v2":"0 comments","_links":{"self":[{"href":"https:\/\/prudentwater.com\/en\/wp-json\/wp\/v2\/pages\/9161","targetHints":{"allow":["GET"]}}],"collection":[{"href":"https:\/\/prudentwater.com\/en\/wp-json\/wp\/v2\/pages"}],"about":[{"href":"https:\/\/prudentwater.com\/en\/wp-json\/wp\/v2\/types\/page"}],"author":[{"embeddable":true,"href":"https:\/\/prudentwater.com\/en\/wp-json\/wp\/v2\/users\/1"}],"replies":[{"embeddable":true,"href":"https:\/\/prudentwater.com\/en\/wp-json\/wp\/v2\/comments?post=9161"}],"version-history":[{"count":0,"href":"https:\/\/prudentwater.com\/en\/wp-json\/wp\/v2\/pages\/9161\/revisions"}],"wp:attachment":[{"href":"https:\/\/prudentwater.com\/en\/wp-json\/wp\/v2\/media?parent=9161"}],"curies":[{"name":"wp","href":"https:\/\/api.w.org\/{rel}","templated":true}]}}