{"id":923,"date":"2014-09-25T21:52:56","date_gmt":"2014-09-25T21:52:56","guid":{"rendered":"http:\/\/www.kunnskap.de\/?page_id=923"},"modified":"2021-07-02T11:27:17","modified_gmt":"2021-07-02T09:27:17","slug":"dividendenberechtigung","status":"publish","type":"page","link":"https:\/\/prudentwater.com\/en\/dividendenberechtigung\/","title":{"rendered":"Dividendenberechtigung"},"content":{"rendered":"<p>engl. <strong>Qualification for Dividend<\/strong><\/p>\n<p>Mit der Dividendenberechtigung ist das Recht des Aktion\u00e4rs auf den Erhalt einer Dividende gemeint. Dadurch, dass der Aktion\u00e4r dem Unternehmen Kapital zur Verf\u00fcgung stellt, hat er Anspruch auf einen Teil des erzielten Gewinnes. Um in Deutschland dividendenberechtigt zu sein, muss der Aktion\u00e4r die Aktie einen Tag vor der Hauptversammlung halten. Theoretisch reicht es sogar aus, die Aktie am Tag der Hauptversammlung, jedoch dann abh\u00e4ngig von der Uhrzeit, zu kaufen. Bei vielen ausl\u00e4ndischen Aktien hat derjenige ein Recht auf die kommende Dividende, der die Aktie einen Tag vor dem Ex Dividende-Datum gekauft hat.<\/p>\n","protected":false},"excerpt":{"rendered":"<p>engl. Qualification for Dividend Mit der Dividendenberechtigung ist das Recht des Aktion\u00e4rs auf den Erhalt einer Dividende gemeint. Dadurch, dass der Aktion\u00e4r dem Unternehmen Kapital zur Verf\u00fcgung stellt, hat er Anspruch auf einen Teil des erzielten Gewinnes. Um in Deutschland dividendenberechtigt zu sein, muss der Aktion\u00e4r die Aktie einen Tag vor der Hauptversammlung halten. Theoretisch [&hellip;]<\/p>\n","protected":false},"author":1,"featured_media":0,"parent":0,"menu_order":0,"comment_status":"closed","ping_status":"closed","template":"","meta":{"site-sidebar-layout":"default","site-content-layout":"default","ast-site-content-layout":"","site-content-style":"default","site-sidebar-style":"default","ast-global-header-display":"","ast-banner-title-visibility":"","ast-main-header-display":"","ast-hfb-above-header-display":"","ast-hfb-below-header-display":"","ast-hfb-mobile-header-display":"","site-post-title":"","ast-breadcrumbs-content":"","ast-featured-img":"","footer-sml-layout":"","theme-transparent-header-meta":"default","adv-header-id-meta":"","stick-header-meta":"","header-above-stick-meta":"","header-main-stick-meta":"","header-below-stick-meta":"","astra-migrate-meta-layouts":"default","ast-page-background-enabled":"default","ast-page-background-meta":{"desktop":{"background-color":"","background-image":"","background-repeat":"repeat","background-position":"center center","background-size":"auto","background-attachment":"scroll","background-type":"","background-media":"","overlay-type":"","overlay-color":"","overlay-opacity":"","overlay-gradient":""},"tablet":{"background-color":"","background-image":"","background-repeat":"repeat","background-position":"center center","background-size":"auto","background-attachment":"scroll","background-type":"","background-media":"","overlay-type":"","overlay-color":"","overlay-opacity":"","overlay-gradient":""},"mobile":{"background-color":"","background-image":"","background-repeat":"repeat","background-position":"center center","background-size":"auto","background-attachment":"scroll","background-type":"","background-media":"","overlay-type":"","overlay-color":"","overlay-opacity":"","overlay-gradient":""}},"ast-content-background-meta":{"desktop":{"background-color":"var(--ast-global-color-5)","background-image":"","background-repeat":"repeat","background-position":"center center","background-size":"auto","background-attachment":"scroll","background-type":"","background-media":"","overlay-type":"","overlay-color":"","overlay-opacity":"","overlay-gradient":""},"tablet":{"background-color":"var(--ast-global-color-5)","background-image":"","background-repeat":"repeat","background-position":"center center","background-size":"auto","background-attachment":"scroll","background-type":"","background-media":"","overlay-type":"","overlay-color":"","overlay-opacity":"","overlay-gradient":""},"mobile":{"background-color":"var(--ast-global-color-5)","background-image":"","background-repeat":"repeat","background-position":"center center","background-size":"auto","background-attachment":"scroll","background-type":"","background-media":"","overlay-type":"","overlay-color":"","overlay-opacity":"","overlay-gradient":""}},"footnotes":""},"class_list":["post-923","page","type-page","status-publish","hentry"],"translation":{"provider":"WPGlobus","version":"3.0.2","language":"en","enabled_languages":["de","en"],"languages":{"de":{"title":true,"content":true,"excerpt":false},"en":{"title":false,"content":false,"excerpt":false}}},"featured_image_urls_v2":{"full":"","thumbnail":"","medium":"","medium_large":"","large":"","1536x1536":"","2048x2048":""},"post_excerpt_stackable_v2":"<p>engl. Qualification for Dividend Mit der Dividendenberechtigung ist das Recht des Aktion\u00e4rs auf den Erhalt einer Dividende gemeint. Dadurch, dass der Aktion\u00e4r dem Unternehmen Kapital zur Verf\u00fcgung stellt, hat er Anspruch auf einen Teil des erzielten Gewinnes. Um in Deutschland dividendenberechtigt zu sein, muss der Aktion\u00e4r die Aktie einen Tag vor der Hauptversammlung halten. Theoretisch reicht es sogar aus, die Aktie am Tag der Hauptversammlung, jedoch dann abh\u00e4ngig von der Uhrzeit, zu kaufen. Bei vielen ausl\u00e4ndischen Aktien hat derjenige ein Recht auf die kommende Dividende, der die Aktie einen Tag vor dem Ex Dividende-Datum gekauft hat.<\/p>\n","category_list_v2":"","author_info_v2":{"name":"PrudentWater","url":"https:\/\/prudentwater.com\/en\/author\/niklas33\/"},"comments_num_v2":"0 comments","_links":{"self":[{"href":"https:\/\/prudentwater.com\/en\/wp-json\/wp\/v2\/pages\/923","targetHints":{"allow":["GET"]}}],"collection":[{"href":"https:\/\/prudentwater.com\/en\/wp-json\/wp\/v2\/pages"}],"about":[{"href":"https:\/\/prudentwater.com\/en\/wp-json\/wp\/v2\/types\/page"}],"author":[{"embeddable":true,"href":"https:\/\/prudentwater.com\/en\/wp-json\/wp\/v2\/users\/1"}],"replies":[{"embeddable":true,"href":"https:\/\/prudentwater.com\/en\/wp-json\/wp\/v2\/comments?post=923"}],"version-history":[{"count":0,"href":"https:\/\/prudentwater.com\/en\/wp-json\/wp\/v2\/pages\/923\/revisions"}],"wp:attachment":[{"href":"https:\/\/prudentwater.com\/en\/wp-json\/wp\/v2\/media?parent=923"}],"curies":[{"name":"wp","href":"https:\/\/api.w.org\/{rel}","templated":true}]}}