{"id":931,"date":"2014-09-26T07:11:23","date_gmt":"2014-09-26T07:11:23","guid":{"rendered":"http:\/\/www.kunnskap.de\/?page_id=931"},"modified":"2021-07-02T11:23:16","modified_gmt":"2021-07-02T09:23:16","slug":"record-date","status":"publish","type":"page","link":"https:\/\/prudentwater.com\/en\/record-date\/","title":{"rendered":"Record Date"},"content":{"rendered":"<h5>Record Date in Deutschland:<\/h5>\n<p>In Deutschland wird mit dem Record Date der Stichtag bezeichnet, der 21 Tage vor der Hauptversammlung einer Aktiengesellschaft liegt. Wer Aktien eines Unternehmens am Record Date h\u00e4lt, hat das Recht, seine durch den Besitz der Aktien zugesprochenen Stimmrechten auf der Hauptversammlung auszu\u00fcben. Es darf also nur derjenige abstimmen, der genau 21 Tage vor der Hauptversammlung um 0.00 Uhr die Aktie im Depot gehalten hat. Anschlie\u00dfend darf die Aktie sogar verkauft werden, das Stimmrecht beh\u00e4lt der Aktion\u00e4r f\u00fcr die anstehende Hauptversammlung trotzdem weiterhin.<\/p>\n<h4>Record Date im Ausland:<\/h4>\n<p>Am Record Date wird von der Aktiengesellschaft eine Liste aller dividendenberechtigten Aktion\u00e4re erstellt. Trotzdem spielt der Record Date f\u00fcr die Zuweisung der Dividende keine entscheidende Rolle. Kauft ein Anleger Aktien eines Unternehmens am Record Date, so bedeutet dies nicht, dass er auch die kommende Dividende erh\u00e4lt. Entscheidend f\u00fcr die Dividendenzuweisung ausl\u00e4ndischer Aktien ist das Datum der Ex Dividende, welches oftmals zwei Tage vor dem Record Date liegt. Um bei ausl\u00e4ndischen Aktiengesellschaften dividendenberechtigt zu sein, muss der Investor die Aktie sp\u00e4testens einen Tag vor dem Ex Dividende Tag kaufen.<\/p>\n","protected":false},"excerpt":{"rendered":"<p>Record Date in Deutschland: In Deutschland wird mit dem Record Date der Stichtag bezeichnet, der 21 Tage vor der Hauptversammlung einer Aktiengesellschaft liegt. Wer Aktien eines Unternehmens am Record Date h\u00e4lt, hat das Recht, seine durch den Besitz der Aktien zugesprochenen Stimmrechten auf der Hauptversammlung auszu\u00fcben. Es darf also nur derjenige abstimmen, der genau 21 [&hellip;]<\/p>\n","protected":false},"author":1,"featured_media":0,"parent":0,"menu_order":0,"comment_status":"closed","ping_status":"closed","template":"","meta":{"site-sidebar-layout":"default","site-content-layout":"default","ast-site-content-layout":"","site-content-style":"default","site-sidebar-style":"default","ast-global-header-display":"","ast-banner-title-visibility":"","ast-main-header-display":"","ast-hfb-above-header-display":"","ast-hfb-below-header-display":"","ast-hfb-mobile-header-display":"","site-post-title":"","ast-breadcrumbs-content":"","ast-featured-img":"","footer-sml-layout":"","theme-transparent-header-meta":"default","adv-header-id-meta":"","stick-header-meta":"","header-above-stick-meta":"","header-main-stick-meta":"","header-below-stick-meta":"","astra-migrate-meta-layouts":"default","ast-page-background-enabled":"default","ast-page-background-meta":{"desktop":{"background-color":"","background-image":"","background-repeat":"repeat","background-position":"center center","background-size":"auto","background-attachment":"scroll","background-type":"","background-media":"","overlay-type":"","overlay-color":"","overlay-opacity":"","overlay-gradient":""},"tablet":{"background-color":"","background-image":"","background-repeat":"repeat","background-position":"center center","background-size":"auto","background-attachment":"scroll","background-type":"","background-media":"","overlay-type":"","overlay-color":"","overlay-opacity":"","overlay-gradient":""},"mobile":{"background-color":"","background-image":"","background-repeat":"repeat","background-position":"center center","background-size":"auto","background-attachment":"scroll","background-type":"","background-media":"","overlay-type":"","overlay-color":"","overlay-opacity":"","overlay-gradient":""}},"ast-content-background-meta":{"desktop":{"background-color":"var(--ast-global-color-5)","background-image":"","background-repeat":"repeat","background-position":"center center","background-size":"auto","background-attachment":"scroll","background-type":"","background-media":"","overlay-type":"","overlay-color":"","overlay-opacity":"","overlay-gradient":""},"tablet":{"background-color":"var(--ast-global-color-5)","background-image":"","background-repeat":"repeat","background-position":"center center","background-size":"auto","background-attachment":"scroll","background-type":"","background-media":"","overlay-type":"","overlay-color":"","overlay-opacity":"","overlay-gradient":""},"mobile":{"background-color":"var(--ast-global-color-5)","background-image":"","background-repeat":"repeat","background-position":"center center","background-size":"auto","background-attachment":"scroll","background-type":"","background-media":"","overlay-type":"","overlay-color":"","overlay-opacity":"","overlay-gradient":""}},"footnotes":""},"class_list":["post-931","page","type-page","status-publish","hentry"],"translation":{"provider":"WPGlobus","version":"3.0.2","language":"en","enabled_languages":["de","en"],"languages":{"de":{"title":true,"content":true,"excerpt":false},"en":{"title":false,"content":false,"excerpt":false}}},"featured_image_urls_v2":{"full":"","thumbnail":"","medium":"","medium_large":"","large":"","1536x1536":"","2048x2048":""},"post_excerpt_stackable_v2":"<p>Record Date in Deutschland: In Deutschland wird mit dem Record Date der Stichtag bezeichnet, der 21 Tage vor der Hauptversammlung einer Aktiengesellschaft liegt. Wer Aktien eines Unternehmens am Record Date h\u00e4lt, hat das Recht, seine durch den Besitz der Aktien zugesprochenen Stimmrechten auf der Hauptversammlung auszu\u00fcben. Es darf also nur derjenige abstimmen, der genau 21 Tage vor der Hauptversammlung um 0.00 Uhr die Aktie im Depot gehalten hat. Anschlie\u00dfend darf die Aktie sogar verkauft werden, das Stimmrecht beh\u00e4lt der Aktion\u00e4r f\u00fcr die anstehende Hauptversammlung trotzdem weiterhin. Record Date im Ausland: Am Record Date wird von der Aktiengesellschaft eine Liste aller&hellip;<\/p>\n","category_list_v2":"","author_info_v2":{"name":"PrudentWater","url":"https:\/\/prudentwater.com\/en\/author\/niklas33\/"},"comments_num_v2":"0 comments","_links":{"self":[{"href":"https:\/\/prudentwater.com\/en\/wp-json\/wp\/v2\/pages\/931","targetHints":{"allow":["GET"]}}],"collection":[{"href":"https:\/\/prudentwater.com\/en\/wp-json\/wp\/v2\/pages"}],"about":[{"href":"https:\/\/prudentwater.com\/en\/wp-json\/wp\/v2\/types\/page"}],"author":[{"embeddable":true,"href":"https:\/\/prudentwater.com\/en\/wp-json\/wp\/v2\/users\/1"}],"replies":[{"embeddable":true,"href":"https:\/\/prudentwater.com\/en\/wp-json\/wp\/v2\/comments?post=931"}],"version-history":[{"count":0,"href":"https:\/\/prudentwater.com\/en\/wp-json\/wp\/v2\/pages\/931\/revisions"}],"wp:attachment":[{"href":"https:\/\/prudentwater.com\/en\/wp-json\/wp\/v2\/media?parent=931"}],"curies":[{"name":"wp","href":"https:\/\/api.w.org\/{rel}","templated":true}]}}