{"id":9320,"date":"2017-02-23T09:39:43","date_gmt":"2017-02-23T09:39:43","guid":{"rendered":"http:\/\/www.kunnskap.de\/?page_id=9320"},"modified":"2021-06-25T12:50:41","modified_gmt":"2021-06-25T10:50:41","slug":"zinsarbitrage","status":"publish","type":"page","link":"https:\/\/prudentwater.com\/en\/zinsarbitrage\/","title":{"rendered":"Zinsarbitrage"},"content":{"rendered":"<p>engl. <strong>Interest Rate Arbitrage<\/strong><\/p>\n<p>Die Zinsarbitrage ist eine Form der Arbitrage und beschreibt die Ausnutzung von Unterschieden beim Zins bei unterschiedlichen W\u00e4hrungen. Ziel dabei ist es, durch Zinsverzerrungen einen beinahe risikolosen Gewinn zu erzielen.<br \/>\nZinsarbitrage kann nur dann durchgef\u00fchrt werden, wenn es Abweichungen zwischen Zinsdifferenz und Swapsatz zwischen einem W\u00e4hrungspaar kommt. W\u00fcrde beispielsweise bei dem Wechselkurs EUR\/USD der Terminkurs aktuell unter dem Kassakurs + Swapsatz f\u00fcr die jeweilige Laufzeit liegen, w\u00fcrden Investoren sofort kursgesichert ihr Geld in den USD anlegen. Dies w\u00fcrde so lange geschehen, bis durch den Kauf von Kassadollar und gleichzeitigem Verkauf von Termindollar wieder Zinsparit\u00e4t herrscht. Dabei steigt der Terminkurs EUR\/USD und entsprechend f\u00e4llt der Kassakurs EUR\/USD so lange, bis Zinsparit\u00e4t herrscht und folglich Arbitrage nicht mehr m\u00f6glich ist.<br \/>\nEin risikoloser Gewinn kann dann erzielt werden, indem der Investor zeitgleich ein Termingesch\u00e4ft abschlie\u00dft, bei dem der Fremdw\u00e4hrungsgeldbetrag inklusive bis zur F\u00e4lligkeit auflaufender Zinsen bereits in der Gegenwart per Termin verkauft wird. Dadurch sichert er sich schon heute einen Wechselkurs, zu dem er den Fremdw\u00e4hrungsbetrag in seine heimische W\u00e4hrung wieder tauschen kann. Liegen nun die Kosten f\u00fcr dieses Termingesch\u00e4ft unter dem Zinsvorteil, den die Fremdw\u00e4hrungsanlage gegen\u00fcber der Geldanlage in der Heimatw\u00e4hrung bietet, kann ein risikoloser Gewinn erzielt werden. Das Wechselkursrisiko wird also durch ein Kurssicherungsgesch\u00e4ft ausgeschaltet, die daf\u00fcr entstandenen Kosten d\u00fcrfen dabei jedoch nicht komplett den ausl\u00e4ndischen Zinsvorteil vereinnahmen.<br \/>\nNun sollte theoretisch die Geldanlage in der Fremdw\u00e4hrung, umgerechnet in die heimische W\u00e4hrung, zu der gleichen Rendite f\u00fchren, wie die direkte Geldanlage am heimischen Markt. Die Zinsarbitrage zielt jedoch genau darauf ab, Zinsverzerrungen in Form von Zinsdifferenzen auszunutzen. In diesem Fall liegt also aktuell kein effizienter Markt vor, da beinahe risikolos ein Gewinn in H\u00f6he der Zinsdifferenz abz\u00fcglich der Kurssicherungskosten zur Ausschaltung des Wechselkursrisikos erzielt werden kann.<br \/>\nZu unterscheiden ist die Zinsarbitrage zwischen einem Zinsdifferenzgesch\u00e4ft und der Zinsausgleichsarbitrage. Bei dem Zinsdifferenzgesch\u00e4ft nimmt der Investor einen Kredit in einer niedrig verzinsten W\u00e4hrung auf, um ihn anschlie\u00dfend in einer h\u00f6her verzinsten W\u00e4hrung anzulegen. Bei der Zinsausgleichsarbitrage hingegen besitzt der Investor bereits den Geldbetrag, den er in einer h\u00f6her verzinslichen Fremdw\u00e4hrung anlegen m\u00f6chte, er muss also zuvor keinen Kredit aufnehmen und dementsprechend auch keine Zinsen f\u00fcr eine Geldaufnahme bezahlen. <\/p>\n","protected":false},"excerpt":{"rendered":"<p>engl. Interest Rate Arbitrage Die Zinsarbitrage ist eine Form der Arbitrage und beschreibt die Ausnutzung von Unterschieden beim Zins bei unterschiedlichen W\u00e4hrungen. Ziel dabei ist es, durch Zinsverzerrungen einen beinahe risikolosen Gewinn zu erzielen. Zinsarbitrage kann nur dann durchgef\u00fchrt werden, wenn es Abweichungen zwischen Zinsdifferenz und Swapsatz zwischen einem W\u00e4hrungspaar kommt. W\u00fcrde beispielsweise bei dem [&hellip;]<\/p>\n","protected":false},"author":1,"featured_media":0,"parent":0,"menu_order":0,"comment_status":"closed","ping_status":"closed","template":"","meta":{"site-sidebar-layout":"default","site-content-layout":"","ast-site-content-layout":"","site-content-style":"default","site-sidebar-style":"default","ast-global-header-display":"","ast-banner-title-visibility":"","ast-main-header-display":"","ast-hfb-above-header-display":"","ast-hfb-below-header-display":"","ast-hfb-mobile-header-display":"","site-post-title":"","ast-breadcrumbs-content":"","ast-featured-img":"","footer-sml-layout":"","theme-transparent-header-meta":"","adv-header-id-meta":"","stick-header-meta":"","header-above-stick-meta":"","header-main-stick-meta":"","header-below-stick-meta":"","astra-migrate-meta-layouts":"default","ast-page-background-enabled":"default","ast-page-background-meta":{"desktop":{"background-color":"","background-image":"","background-repeat":"repeat","background-position":"center center","background-size":"auto","background-attachment":"scroll","background-type":"","background-media":"","overlay-type":"","overlay-color":"","overlay-opacity":"","overlay-gradient":""},"tablet":{"background-color":"","background-image":"","background-repeat":"repeat","background-position":"center center","background-size":"auto","background-attachment":"scroll","background-type":"","background-media":"","overlay-type":"","overlay-color":"","overlay-opacity":"","overlay-gradient":""},"mobile":{"background-color":"","background-image":"","background-repeat":"repeat","background-position":"center center","background-size":"auto","background-attachment":"scroll","background-type":"","background-media":"","overlay-type":"","overlay-color":"","overlay-opacity":"","overlay-gradient":""}},"ast-content-background-meta":{"desktop":{"background-color":"var(--ast-global-color-5)","background-image":"","background-repeat":"repeat","background-position":"center center","background-size":"auto","background-attachment":"scroll","background-type":"","background-media":"","overlay-type":"","overlay-color":"","overlay-opacity":"","overlay-gradient":""},"tablet":{"background-color":"var(--ast-global-color-5)","background-image":"","background-repeat":"repeat","background-position":"center center","background-size":"auto","background-attachment":"scroll","background-type":"","background-media":"","overlay-type":"","overlay-color":"","overlay-opacity":"","overlay-gradient":""},"mobile":{"background-color":"var(--ast-global-color-5)","background-image":"","background-repeat":"repeat","background-position":"center center","background-size":"auto","background-attachment":"scroll","background-type":"","background-media":"","overlay-type":"","overlay-color":"","overlay-opacity":"","overlay-gradient":""}},"footnotes":""},"class_list":["post-9320","page","type-page","status-publish","hentry"],"translation":{"provider":"WPGlobus","version":"3.0.2","language":"en","enabled_languages":["de","en"],"languages":{"de":{"title":true,"content":true,"excerpt":false},"en":{"title":false,"content":false,"excerpt":false}}},"featured_image_urls_v2":{"full":"","thumbnail":"","medium":"","medium_large":"","large":"","1536x1536":"","2048x2048":""},"post_excerpt_stackable_v2":"<p>engl. Interest Rate Arbitrage Die Zinsarbitrage ist eine Form der Arbitrage und beschreibt die Ausnutzung von Unterschieden beim Zins bei unterschiedlichen W\u00e4hrungen. Ziel dabei ist es, durch Zinsverzerrungen einen beinahe risikolosen Gewinn zu erzielen. Zinsarbitrage kann nur dann durchgef\u00fchrt werden, wenn es Abweichungen zwischen Zinsdifferenz und Swapsatz zwischen einem W\u00e4hrungspaar kommt. W\u00fcrde beispielsweise bei dem Wechselkurs EUR\/USD der Terminkurs aktuell unter dem Kassakurs + Swapsatz f\u00fcr die jeweilige Laufzeit liegen, w\u00fcrden Investoren sofort kursgesichert ihr Geld in den USD anlegen. Dies w\u00fcrde so lange geschehen, bis durch den Kauf von Kassadollar und gleichzeitigem Verkauf von Termindollar wieder Zinsparit\u00e4t herrscht. Dabei&hellip;<\/p>\n","category_list_v2":"","author_info_v2":{"name":"PrudentWater","url":"https:\/\/prudentwater.com\/en\/author\/niklas33\/"},"comments_num_v2":"0 comments","_links":{"self":[{"href":"https:\/\/prudentwater.com\/en\/wp-json\/wp\/v2\/pages\/9320","targetHints":{"allow":["GET"]}}],"collection":[{"href":"https:\/\/prudentwater.com\/en\/wp-json\/wp\/v2\/pages"}],"about":[{"href":"https:\/\/prudentwater.com\/en\/wp-json\/wp\/v2\/types\/page"}],"author":[{"embeddable":true,"href":"https:\/\/prudentwater.com\/en\/wp-json\/wp\/v2\/users\/1"}],"replies":[{"embeddable":true,"href":"https:\/\/prudentwater.com\/en\/wp-json\/wp\/v2\/comments?post=9320"}],"version-history":[{"count":0,"href":"https:\/\/prudentwater.com\/en\/wp-json\/wp\/v2\/pages\/9320\/revisions"}],"wp:attachment":[{"href":"https:\/\/prudentwater.com\/en\/wp-json\/wp\/v2\/media?parent=9320"}],"curies":[{"name":"wp","href":"https:\/\/api.w.org\/{rel}","templated":true}]}}