{"id":9325,"date":"2017-02-23T12:40:28","date_gmt":"2017-02-23T12:40:28","guid":{"rendered":"http:\/\/www.kunnskap.de\/?page_id=9325"},"modified":"2021-06-25T12:50:41","modified_gmt":"2021-06-25T10:50:41","slug":"zinsausgleichsarbitrage","status":"publish","type":"page","link":"https:\/\/prudentwater.com\/en\/zinsausgleichsarbitrage\/","title":{"rendered":"Zinsausgleichsarbitrage"},"content":{"rendered":"<p>Die Zinsausgleichsarbitrage ist eine Form der Zinsarbitrage, bei der ein bestehender Zinsvorteil einer ausl\u00e4ndischen W\u00e4hrung gegen\u00fcber der heimischen W\u00e4hrung ausgenutzt wird. Eine Fremdw\u00e4hrung bietet aktuell eine h\u00f6here Verzinsung als jene der heimischen W\u00e4hrung. Von diesem Zinsvorteil m\u00f6chte der Anleger profitieren. Anders als bei dem Zinsdifferenzgesch\u00e4ft besitzt der Anleger bereits die Geldsumme, welche er in eine Fremdw\u00e4hrung umtauschen und anlegen m\u00f6chte, um einen h\u00f6heren Zinsertrag zu erzielen. Bietet also beispielsweise der US-Dollar aktuell einen h\u00f6heren Zins, so kann ein Anleger aus Deutschland seinen Euro-Geldbetrag in US-Dollar tauschen und zum dort g\u00fcltigen Zins anlegen. Um das Wechselkursrisiko auszuschalten, kann er zeitgleich ein Termingesch\u00e4ft abschlie\u00dfen. Dabei verkauft der Anleger den bei F\u00e4lligkeit des Gesch\u00e4ftes f\u00e4llig werdenden USD-Geldbetrag (inklusive Zinsen) schon heute per Termin. Durch das Termingesch\u00e4ft hat sich der Anleger in der Gegenwart bereits den Wechselkurs gesichert, zu dem er den USD-Betrag in Euro wieder wechseln kann. Dadurch ist ihm auch schon heute der Euro-Geldbetrag bekannt, den er nach Ende der Geldanlage erhalten wird.<br \/>\nNun sollte theoretisch die Geldanlage in US Dollar, umgerechnet in Euro, zu der gleichen Rendite f\u00fchren, wie die direkte Geldanlage in Euro am heimischen Markt. Die Zinsausgleichsarbitrage und die Zinsarbitrage im allgemeinen zielen jedoch genau darauf ab, Zinsverzerrungen in Form von Zinsdifferenzen auszunutzen. In diesem Fall liegt also aktuell kein effizienter Markt vor, da beinahe risikolos ein Gewinn in H\u00f6he der Zinsdifferenz abz\u00fcglich der Kurssicherungskosten zur Ausschaltung des Wechselkursrisikos erzielt werden kann. <\/p>\n","protected":false},"excerpt":{"rendered":"<p>Die Zinsausgleichsarbitrage ist eine Form der Zinsarbitrage, bei der ein bestehender Zinsvorteil einer ausl\u00e4ndischen W\u00e4hrung gegen\u00fcber der heimischen W\u00e4hrung ausgenutzt wird. Eine Fremdw\u00e4hrung bietet aktuell eine h\u00f6here Verzinsung als jene der heimischen W\u00e4hrung. Von diesem Zinsvorteil m\u00f6chte der Anleger profitieren. Anders als bei dem Zinsdifferenzgesch\u00e4ft besitzt der Anleger bereits die Geldsumme, welche er in eine [&hellip;]<\/p>\n","protected":false},"author":1,"featured_media":0,"parent":0,"menu_order":0,"comment_status":"closed","ping_status":"closed","template":"","meta":{"site-sidebar-layout":"default","site-content-layout":"","ast-site-content-layout":"","site-content-style":"default","site-sidebar-style":"default","ast-global-header-display":"","ast-banner-title-visibility":"","ast-main-header-display":"","ast-hfb-above-header-display":"","ast-hfb-below-header-display":"","ast-hfb-mobile-header-display":"","site-post-title":"","ast-breadcrumbs-content":"","ast-featured-img":"","footer-sml-layout":"","theme-transparent-header-meta":"","adv-header-id-meta":"","stick-header-meta":"","header-above-stick-meta":"","header-main-stick-meta":"","header-below-stick-meta":"","astra-migrate-meta-layouts":"default","ast-page-background-enabled":"default","ast-page-background-meta":{"desktop":{"background-color":"","background-image":"","background-repeat":"repeat","background-position":"center center","background-size":"auto","background-attachment":"scroll","background-type":"","background-media":"","overlay-type":"","overlay-color":"","overlay-opacity":"","overlay-gradient":""},"tablet":{"background-color":"","background-image":"","background-repeat":"repeat","background-position":"center center","background-size":"auto","background-attachment":"scroll","background-type":"","background-media":"","overlay-type":"","overlay-color":"","overlay-opacity":"","overlay-gradient":""},"mobile":{"background-color":"","background-image":"","background-repeat":"repeat","background-position":"center center","background-size":"auto","background-attachment":"scroll","background-type":"","background-media":"","overlay-type":"","overlay-color":"","overlay-opacity":"","overlay-gradient":""}},"ast-content-background-meta":{"desktop":{"background-color":"var(--ast-global-color-5)","background-image":"","background-repeat":"repeat","background-position":"center center","background-size":"auto","background-attachment":"scroll","background-type":"","background-media":"","overlay-type":"","overlay-color":"","overlay-opacity":"","overlay-gradient":""},"tablet":{"background-color":"var(--ast-global-color-5)","background-image":"","background-repeat":"repeat","background-position":"center center","background-size":"auto","background-attachment":"scroll","background-type":"","background-media":"","overlay-type":"","overlay-color":"","overlay-opacity":"","overlay-gradient":""},"mobile":{"background-color":"var(--ast-global-color-5)","background-image":"","background-repeat":"repeat","background-position":"center center","background-size":"auto","background-attachment":"scroll","background-type":"","background-media":"","overlay-type":"","overlay-color":"","overlay-opacity":"","overlay-gradient":""}},"footnotes":""},"class_list":["post-9325","page","type-page","status-publish","hentry"],"translation":{"provider":"WPGlobus","version":"3.0.2","language":"en","enabled_languages":["de","en"],"languages":{"de":{"title":true,"content":true,"excerpt":false},"en":{"title":false,"content":false,"excerpt":false}}},"featured_image_urls_v2":{"full":"","thumbnail":"","medium":"","medium_large":"","large":"","1536x1536":"","2048x2048":""},"post_excerpt_stackable_v2":"<p>Die Zinsausgleichsarbitrage ist eine Form der Zinsarbitrage, bei der ein bestehender Zinsvorteil einer ausl\u00e4ndischen W\u00e4hrung gegen\u00fcber der heimischen W\u00e4hrung ausgenutzt wird. Eine Fremdw\u00e4hrung bietet aktuell eine h\u00f6here Verzinsung als jene der heimischen W\u00e4hrung. Von diesem Zinsvorteil m\u00f6chte der Anleger profitieren. Anders als bei dem Zinsdifferenzgesch\u00e4ft besitzt der Anleger bereits die Geldsumme, welche er in eine Fremdw\u00e4hrung umtauschen und anlegen m\u00f6chte, um einen h\u00f6heren Zinsertrag zu erzielen. Bietet also beispielsweise der US-Dollar aktuell einen h\u00f6heren Zins, so kann ein Anleger aus Deutschland seinen Euro-Geldbetrag in US-Dollar tauschen und zum dort g\u00fcltigen Zins anlegen. Um das Wechselkursrisiko auszuschalten, kann er zeitgleich ein&hellip;<\/p>\n","category_list_v2":"","author_info_v2":{"name":"PrudentWater","url":"https:\/\/prudentwater.com\/en\/author\/niklas33\/"},"comments_num_v2":"0 comments","_links":{"self":[{"href":"https:\/\/prudentwater.com\/en\/wp-json\/wp\/v2\/pages\/9325","targetHints":{"allow":["GET"]}}],"collection":[{"href":"https:\/\/prudentwater.com\/en\/wp-json\/wp\/v2\/pages"}],"about":[{"href":"https:\/\/prudentwater.com\/en\/wp-json\/wp\/v2\/types\/page"}],"author":[{"embeddable":true,"href":"https:\/\/prudentwater.com\/en\/wp-json\/wp\/v2\/users\/1"}],"replies":[{"embeddable":true,"href":"https:\/\/prudentwater.com\/en\/wp-json\/wp\/v2\/comments?post=9325"}],"version-history":[{"count":0,"href":"https:\/\/prudentwater.com\/en\/wp-json\/wp\/v2\/pages\/9325\/revisions"}],"wp:attachment":[{"href":"https:\/\/prudentwater.com\/en\/wp-json\/wp\/v2\/media?parent=9325"}],"curies":[{"name":"wp","href":"https:\/\/api.w.org\/{rel}","templated":true}]}}