{"id":9371,"date":"2017-02-26T22:44:40","date_gmt":"2017-02-26T22:44:40","guid":{"rendered":"http:\/\/www.kunnskap.de\/?page_id=9371"},"modified":"2021-06-25T12:50:15","modified_gmt":"2021-06-25T10:50:15","slug":"untertasse","status":"publish","type":"page","link":"https:\/\/prudentwater.com\/en\/untertasse\/","title":{"rendered":"Untertasse"},"content":{"rendered":"<p>engl. <strong>Cup and Handle<\/strong><\/p>\n<p>Die Untertasse ist eine charttechnische Figur aus der technischen Analyse. Die Untertasse tritt ausschlie\u00dflich am Ende eines Abw\u00e4rtstrendes auf und signalisiert zuk\u00fcnftig steigende Kurse. Die Untertasse bildet sich im Kursverlauf in Form eines runden, gew\u00f6lbten Bodens aus, wobei die Kurse bereits leicht anziehen. Anschlie\u00dfend kommt es zu einer Konsolidierungsphase, wodurch sich ein Henkel am rechten Rand der Untertasse bildet. Dieser Henkel bildet sich als Dreieck, eine weitere charttechnische Figur, aus die der Kurs, um den Aufw\u00e4rtstrend zu best\u00e4tigen, nach oben hin &#8216;ausbrechen&#8217; muss. Anschlie\u00dfend signalisiert dieser Kursausbruch nach oben einen mittel- bis langfristigen Aufw\u00e4rtstrend. <\/p>\n","protected":false},"excerpt":{"rendered":"<p>engl. Cup and Handle Die Untertasse ist eine charttechnische Figur aus der technischen Analyse. Die Untertasse tritt ausschlie\u00dflich am Ende eines Abw\u00e4rtstrendes auf und signalisiert zuk\u00fcnftig steigende Kurse. Die Untertasse bildet sich im Kursverlauf in Form eines runden, gew\u00f6lbten Bodens aus, wobei die Kurse bereits leicht anziehen. Anschlie\u00dfend kommt es zu einer Konsolidierungsphase, wodurch sich [&hellip;]<\/p>\n","protected":false},"author":1,"featured_media":0,"parent":0,"menu_order":0,"comment_status":"closed","ping_status":"closed","template":"","meta":{"site-sidebar-layout":"default","site-content-layout":"","ast-site-content-layout":"","site-content-style":"default","site-sidebar-style":"default","ast-global-header-display":"","ast-banner-title-visibility":"","ast-main-header-display":"","ast-hfb-above-header-display":"","ast-hfb-below-header-display":"","ast-hfb-mobile-header-display":"","site-post-title":"","ast-breadcrumbs-content":"","ast-featured-img":"","footer-sml-layout":"","theme-transparent-header-meta":"","adv-header-id-meta":"","stick-header-meta":"","header-above-stick-meta":"","header-main-stick-meta":"","header-below-stick-meta":"","astra-migrate-meta-layouts":"default","ast-page-background-enabled":"default","ast-page-background-meta":{"desktop":{"background-color":"","background-image":"","background-repeat":"repeat","background-position":"center center","background-size":"auto","background-attachment":"scroll","background-type":"","background-media":"","overlay-type":"","overlay-color":"","overlay-opacity":"","overlay-gradient":""},"tablet":{"background-color":"","background-image":"","background-repeat":"repeat","background-position":"center center","background-size":"auto","background-attachment":"scroll","background-type":"","background-media":"","overlay-type":"","overlay-color":"","overlay-opacity":"","overlay-gradient":""},"mobile":{"background-color":"","background-image":"","background-repeat":"repeat","background-position":"center center","background-size":"auto","background-attachment":"scroll","background-type":"","background-media":"","overlay-type":"","overlay-color":"","overlay-opacity":"","overlay-gradient":""}},"ast-content-background-meta":{"desktop":{"background-color":"var(--ast-global-color-5)","background-image":"","background-repeat":"repeat","background-position":"center center","background-size":"auto","background-attachment":"scroll","background-type":"","background-media":"","overlay-type":"","overlay-color":"","overlay-opacity":"","overlay-gradient":""},"tablet":{"background-color":"var(--ast-global-color-5)","background-image":"","background-repeat":"repeat","background-position":"center center","background-size":"auto","background-attachment":"scroll","background-type":"","background-media":"","overlay-type":"","overlay-color":"","overlay-opacity":"","overlay-gradient":""},"mobile":{"background-color":"var(--ast-global-color-5)","background-image":"","background-repeat":"repeat","background-position":"center center","background-size":"auto","background-attachment":"scroll","background-type":"","background-media":"","overlay-type":"","overlay-color":"","overlay-opacity":"","overlay-gradient":""}},"footnotes":""},"class_list":["post-9371","page","type-page","status-publish","hentry"],"translation":{"provider":"WPGlobus","version":"3.0.2","language":"en","enabled_languages":["de","en"],"languages":{"de":{"title":true,"content":true,"excerpt":false},"en":{"title":false,"content":false,"excerpt":false}}},"featured_image_urls_v2":{"full":"","thumbnail":"","medium":"","medium_large":"","large":"","1536x1536":"","2048x2048":""},"post_excerpt_stackable_v2":"<p>engl. Cup and Handle Die Untertasse ist eine charttechnische Figur aus der technischen Analyse. Die Untertasse tritt ausschlie\u00dflich am Ende eines Abw\u00e4rtstrendes auf und signalisiert zuk\u00fcnftig steigende Kurse. Die Untertasse bildet sich im Kursverlauf in Form eines runden, gew\u00f6lbten Bodens aus, wobei die Kurse bereits leicht anziehen. Anschlie\u00dfend kommt es zu einer Konsolidierungsphase, wodurch sich ein Henkel am rechten Rand der Untertasse bildet. Dieser Henkel bildet sich als Dreieck, eine weitere charttechnische Figur, aus die der Kurs, um den Aufw\u00e4rtstrend zu best\u00e4tigen, nach oben hin &#8216;ausbrechen&#8217; muss. Anschlie\u00dfend signalisiert dieser Kursausbruch nach oben einen mittel- bis langfristigen Aufw\u00e4rtstrend.<\/p>\n","category_list_v2":"","author_info_v2":{"name":"PrudentWater","url":"https:\/\/prudentwater.com\/en\/author\/niklas33\/"},"comments_num_v2":"0 comments","_links":{"self":[{"href":"https:\/\/prudentwater.com\/en\/wp-json\/wp\/v2\/pages\/9371","targetHints":{"allow":["GET"]}}],"collection":[{"href":"https:\/\/prudentwater.com\/en\/wp-json\/wp\/v2\/pages"}],"about":[{"href":"https:\/\/prudentwater.com\/en\/wp-json\/wp\/v2\/types\/page"}],"author":[{"embeddable":true,"href":"https:\/\/prudentwater.com\/en\/wp-json\/wp\/v2\/users\/1"}],"replies":[{"embeddable":true,"href":"https:\/\/prudentwater.com\/en\/wp-json\/wp\/v2\/comments?post=9371"}],"version-history":[{"count":0,"href":"https:\/\/prudentwater.com\/en\/wp-json\/wp\/v2\/pages\/9371\/revisions"}],"wp:attachment":[{"href":"https:\/\/prudentwater.com\/en\/wp-json\/wp\/v2\/media?parent=9371"}],"curies":[{"name":"wp","href":"https:\/\/api.w.org\/{rel}","templated":true}]}}