{"id":9379,"date":"2017-02-27T09:12:00","date_gmt":"2017-02-27T09:12:00","guid":{"rendered":"http:\/\/www.kunnskap.de\/?page_id=9379"},"modified":"2021-06-25T12:50:14","modified_gmt":"2021-06-25T10:50:14","slug":"trendbestatigung","status":"publish","type":"page","link":"https:\/\/prudentwater.com\/en\/trendbestatigung\/","title":{"rendered":"Trendbest\u00e4tigung"},"content":{"rendered":"<p>Auch <strong>Trendbest\u00e4tigungsformation<\/strong> oder <strong>Fortsetzungsformation<\/strong><\/p>\n<p>Die Trendbest\u00e4tigung ist eine charttechnische Formation, die w\u00e4hrend einer Konsolidierung eines weiterhin vorherrschenden Trendes auftreten. Die Trendbest\u00e4tigung unterbricht zun\u00e4chst einen bestehenden Trend f\u00fcr eine bestimmte Zeit, anschlie\u00dfend wird sich der Kurs jedoch weiter in Richtung des Trendes bewegen. Die Trendbest\u00e4tigungsformation weist also auf die Fortsetzung eines Trendes hin und best\u00e4tigt ihn durch ihr charttechnisches Muster. Fortsetzungsformationen treten oft nach starken Kursverl\u00e4ufen auf und dienen zur Konsolidierung, also zur Festigung des vorherrschenden Trendes. Das Dreieck, der Wimpel, der Keil sowie die Flagge z\u00e4hlen zu den Trendbest\u00e4tigungsformationen. <\/p>\n","protected":false},"excerpt":{"rendered":"<p>Auch Trendbest\u00e4tigungsformation oder Fortsetzungsformation Die Trendbest\u00e4tigung ist eine charttechnische Formation, die w\u00e4hrend einer Konsolidierung eines weiterhin vorherrschenden Trendes auftreten. Die Trendbest\u00e4tigung unterbricht zun\u00e4chst einen bestehenden Trend f\u00fcr eine bestimmte Zeit, anschlie\u00dfend wird sich der Kurs jedoch weiter in Richtung des Trendes bewegen. Die Trendbest\u00e4tigungsformation weist also auf die Fortsetzung eines Trendes hin und best\u00e4tigt ihn [&hellip;]<\/p>\n","protected":false},"author":1,"featured_media":0,"parent":0,"menu_order":0,"comment_status":"closed","ping_status":"closed","template":"","meta":{"site-sidebar-layout":"default","site-content-layout":"","ast-site-content-layout":"","site-content-style":"default","site-sidebar-style":"default","ast-global-header-display":"","ast-banner-title-visibility":"","ast-main-header-display":"","ast-hfb-above-header-display":"","ast-hfb-below-header-display":"","ast-hfb-mobile-header-display":"","site-post-title":"","ast-breadcrumbs-content":"","ast-featured-img":"","footer-sml-layout":"","theme-transparent-header-meta":"","adv-header-id-meta":"","stick-header-meta":"","header-above-stick-meta":"","header-main-stick-meta":"","header-below-stick-meta":"","astra-migrate-meta-layouts":"default","ast-page-background-enabled":"default","ast-page-background-meta":{"desktop":{"background-color":"","background-image":"","background-repeat":"repeat","background-position":"center center","background-size":"auto","background-attachment":"scroll","background-type":"","background-media":"","overlay-type":"","overlay-color":"","overlay-opacity":"","overlay-gradient":""},"tablet":{"background-color":"","background-image":"","background-repeat":"repeat","background-position":"center center","background-size":"auto","background-attachment":"scroll","background-type":"","background-media":"","overlay-type":"","overlay-color":"","overlay-opacity":"","overlay-gradient":""},"mobile":{"background-color":"","background-image":"","background-repeat":"repeat","background-position":"center center","background-size":"auto","background-attachment":"scroll","background-type":"","background-media":"","overlay-type":"","overlay-color":"","overlay-opacity":"","overlay-gradient":""}},"ast-content-background-meta":{"desktop":{"background-color":"var(--ast-global-color-5)","background-image":"","background-repeat":"repeat","background-position":"center center","background-size":"auto","background-attachment":"scroll","background-type":"","background-media":"","overlay-type":"","overlay-color":"","overlay-opacity":"","overlay-gradient":""},"tablet":{"background-color":"var(--ast-global-color-5)","background-image":"","background-repeat":"repeat","background-position":"center center","background-size":"auto","background-attachment":"scroll","background-type":"","background-media":"","overlay-type":"","overlay-color":"","overlay-opacity":"","overlay-gradient":""},"mobile":{"background-color":"var(--ast-global-color-5)","background-image":"","background-repeat":"repeat","background-position":"center center","background-size":"auto","background-attachment":"scroll","background-type":"","background-media":"","overlay-type":"","overlay-color":"","overlay-opacity":"","overlay-gradient":""}},"footnotes":""},"class_list":["post-9379","page","type-page","status-publish","hentry"],"translation":{"provider":"WPGlobus","version":"3.0.2","language":"en","enabled_languages":["de","en"],"languages":{"de":{"title":true,"content":true,"excerpt":false},"en":{"title":false,"content":false,"excerpt":false}}},"featured_image_urls_v2":{"full":"","thumbnail":"","medium":"","medium_large":"","large":"","1536x1536":"","2048x2048":""},"post_excerpt_stackable_v2":"<p>Auch Trendbest\u00e4tigungsformation oder Fortsetzungsformation Die Trendbest\u00e4tigung ist eine charttechnische Formation, die w\u00e4hrend einer Konsolidierung eines weiterhin vorherrschenden Trendes auftreten. Die Trendbest\u00e4tigung unterbricht zun\u00e4chst einen bestehenden Trend f\u00fcr eine bestimmte Zeit, anschlie\u00dfend wird sich der Kurs jedoch weiter in Richtung des Trendes bewegen. Die Trendbest\u00e4tigungsformation weist also auf die Fortsetzung eines Trendes hin und best\u00e4tigt ihn durch ihr charttechnisches Muster. Fortsetzungsformationen treten oft nach starken Kursverl\u00e4ufen auf und dienen zur Konsolidierung, also zur Festigung des vorherrschenden Trendes. Das Dreieck, der Wimpel, der Keil sowie die Flagge z\u00e4hlen zu den Trendbest\u00e4tigungsformationen.<\/p>\n","category_list_v2":"","author_info_v2":{"name":"PrudentWater","url":"https:\/\/prudentwater.com\/en\/author\/niklas33\/"},"comments_num_v2":"0 comments","_links":{"self":[{"href":"https:\/\/prudentwater.com\/en\/wp-json\/wp\/v2\/pages\/9379","targetHints":{"allow":["GET"]}}],"collection":[{"href":"https:\/\/prudentwater.com\/en\/wp-json\/wp\/v2\/pages"}],"about":[{"href":"https:\/\/prudentwater.com\/en\/wp-json\/wp\/v2\/types\/page"}],"author":[{"embeddable":true,"href":"https:\/\/prudentwater.com\/en\/wp-json\/wp\/v2\/users\/1"}],"replies":[{"embeddable":true,"href":"https:\/\/prudentwater.com\/en\/wp-json\/wp\/v2\/comments?post=9379"}],"version-history":[{"count":0,"href":"https:\/\/prudentwater.com\/en\/wp-json\/wp\/v2\/pages\/9379\/revisions"}],"wp:attachment":[{"href":"https:\/\/prudentwater.com\/en\/wp-json\/wp\/v2\/media?parent=9379"}],"curies":[{"name":"wp","href":"https:\/\/api.w.org\/{rel}","templated":true}]}}