{"id":938,"date":"2014-09-26T12:35:44","date_gmt":"2014-09-26T12:35:44","guid":{"rendered":"http:\/\/www.kunnskap.de\/?page_id=938"},"modified":"2021-06-25T12:50:09","modified_gmt":"2021-06-25T10:50:09","slug":"rendite","status":"publish","type":"page","link":"https:\/\/prudentwater.com\/en\/rendite\/","title":{"rendered":"Rendite"},"content":{"rendered":"<p>Auch <strong>Effektivverzinsung<\/strong><br \/>\nengl. <strong>Yield<\/strong> oder <strong>Effective Yield<\/strong><\/p>\n<p>Die Rendite ist der Ertrag auf das eingesetzte Kapital. Bei der Berechnung der Rendite werden alle Geb\u00fchren ber\u00fccksichtigt. Mit der Rendite wird also der Gesamterfolg einer Kapitalanlage angegeben. Die Rendite kann auch negativ sein, dann wird der Prozentzahl ein Minuszeichen vorangestellt und kennzeichnet folglich ein Verlust mit der Geldanlage. Abh\u00e4ngig davon, um welche Art von Finanzprodukt es sich handelt, kann es sich um verschiedene Komponenten handeln, die zum Gewinn oder Verlust beitragen. Einfluss auf die Rendite bei einer Geldanlage k\u00f6nnen Zinsen, Dividenden, Kursver\u00e4nderungen, Geb\u00fchren und auch W\u00e4hrungsentwicklungen haben. Wird die Rendite auf Jahresbasis angegeben, wird sie hinter dem Prozentzeichen mit dem Zusatz &#8216;p.a.&#8217; gekennzeichnet.<\/p>\n","protected":false},"excerpt":{"rendered":"<p>Auch Effektivverzinsung engl. Yield oder Effective Yield Die Rendite ist der Ertrag auf das eingesetzte Kapital. Bei der Berechnung der Rendite werden alle Geb\u00fchren ber\u00fccksichtigt. Mit der Rendite wird also der Gesamterfolg einer Kapitalanlage angegeben. Die Rendite kann auch negativ sein, dann wird der Prozentzahl ein Minuszeichen vorangestellt und kennzeichnet folglich ein Verlust mit der [&hellip;]<\/p>\n","protected":false},"author":1,"featured_media":0,"parent":0,"menu_order":0,"comment_status":"closed","ping_status":"closed","template":"","meta":{"site-sidebar-layout":"default","site-content-layout":"","ast-site-content-layout":"","site-content-style":"default","site-sidebar-style":"default","ast-global-header-display":"","ast-banner-title-visibility":"","ast-main-header-display":"","ast-hfb-above-header-display":"","ast-hfb-below-header-display":"","ast-hfb-mobile-header-display":"","site-post-title":"","ast-breadcrumbs-content":"","ast-featured-img":"","footer-sml-layout":"","theme-transparent-header-meta":"","adv-header-id-meta":"","stick-header-meta":"","header-above-stick-meta":"","header-main-stick-meta":"","header-below-stick-meta":"","astra-migrate-meta-layouts":"default","ast-page-background-enabled":"default","ast-page-background-meta":{"desktop":{"background-color":"","background-image":"","background-repeat":"repeat","background-position":"center center","background-size":"auto","background-attachment":"scroll","background-type":"","background-media":"","overlay-type":"","overlay-color":"","overlay-opacity":"","overlay-gradient":""},"tablet":{"background-color":"","background-image":"","background-repeat":"repeat","background-position":"center center","background-size":"auto","background-attachment":"scroll","background-type":"","background-media":"","overlay-type":"","overlay-color":"","overlay-opacity":"","overlay-gradient":""},"mobile":{"background-color":"","background-image":"","background-repeat":"repeat","background-position":"center center","background-size":"auto","background-attachment":"scroll","background-type":"","background-media":"","overlay-type":"","overlay-color":"","overlay-opacity":"","overlay-gradient":""}},"ast-content-background-meta":{"desktop":{"background-color":"var(--ast-global-color-5)","background-image":"","background-repeat":"repeat","background-position":"center center","background-size":"auto","background-attachment":"scroll","background-type":"","background-media":"","overlay-type":"","overlay-color":"","overlay-opacity":"","overlay-gradient":""},"tablet":{"background-color":"var(--ast-global-color-5)","background-image":"","background-repeat":"repeat","background-position":"center center","background-size":"auto","background-attachment":"scroll","background-type":"","background-media":"","overlay-type":"","overlay-color":"","overlay-opacity":"","overlay-gradient":""},"mobile":{"background-color":"var(--ast-global-color-5)","background-image":"","background-repeat":"repeat","background-position":"center center","background-size":"auto","background-attachment":"scroll","background-type":"","background-media":"","overlay-type":"","overlay-color":"","overlay-opacity":"","overlay-gradient":""}},"footnotes":""},"class_list":["post-938","page","type-page","status-publish","hentry"],"translation":{"provider":"WPGlobus","version":"3.0.2","language":"en","enabled_languages":["de","en"],"languages":{"de":{"title":true,"content":true,"excerpt":false},"en":{"title":false,"content":false,"excerpt":false}}},"featured_image_urls_v2":{"full":"","thumbnail":"","medium":"","medium_large":"","large":"","1536x1536":"","2048x2048":""},"post_excerpt_stackable_v2":"<p>Auch Effektivverzinsung engl. Yield oder Effective Yield Die Rendite ist der Ertrag auf das eingesetzte Kapital. Bei der Berechnung der Rendite werden alle Geb\u00fchren ber\u00fccksichtigt. Mit der Rendite wird also der Gesamterfolg einer Kapitalanlage angegeben. Die Rendite kann auch negativ sein, dann wird der Prozentzahl ein Minuszeichen vorangestellt und kennzeichnet folglich ein Verlust mit der Geldanlage. Abh\u00e4ngig davon, um welche Art von Finanzprodukt es sich handelt, kann es sich um verschiedene Komponenten handeln, die zum Gewinn oder Verlust beitragen. Einfluss auf die Rendite bei einer Geldanlage k\u00f6nnen Zinsen, Dividenden, Kursver\u00e4nderungen, Geb\u00fchren und auch W\u00e4hrungsentwicklungen haben. Wird die Rendite auf Jahresbasis&hellip;<\/p>\n","category_list_v2":"","author_info_v2":{"name":"PrudentWater","url":"https:\/\/prudentwater.com\/en\/author\/niklas33\/"},"comments_num_v2":"0 comments","_links":{"self":[{"href":"https:\/\/prudentwater.com\/en\/wp-json\/wp\/v2\/pages\/938","targetHints":{"allow":["GET"]}}],"collection":[{"href":"https:\/\/prudentwater.com\/en\/wp-json\/wp\/v2\/pages"}],"about":[{"href":"https:\/\/prudentwater.com\/en\/wp-json\/wp\/v2\/types\/page"}],"author":[{"embeddable":true,"href":"https:\/\/prudentwater.com\/en\/wp-json\/wp\/v2\/users\/1"}],"replies":[{"embeddable":true,"href":"https:\/\/prudentwater.com\/en\/wp-json\/wp\/v2\/comments?post=938"}],"version-history":[{"count":0,"href":"https:\/\/prudentwater.com\/en\/wp-json\/wp\/v2\/pages\/938\/revisions"}],"wp:attachment":[{"href":"https:\/\/prudentwater.com\/en\/wp-json\/wp\/v2\/media?parent=938"}],"curies":[{"name":"wp","href":"https:\/\/api.w.org\/{rel}","templated":true}]}}