{"id":9386,"date":"2017-03-01T11:52:31","date_gmt":"2017-03-01T11:52:31","guid":{"rendered":"http:\/\/www.kunnskap.de\/?page_id=9386"},"modified":"2021-06-25T12:49:33","modified_gmt":"2021-06-25T10:49:33","slug":"kursausbruch","status":"publish","type":"page","link":"https:\/\/prudentwater.com\/en\/kursausbruch\/","title":{"rendered":"Kursausbruch"},"content":{"rendered":"<p>In der Chartanalyse wird dann von einem Kursausbruch gesprochen, wenn der Kurs eine bestimmte Linie sowohl \u00fcberschreitet als auch unterschreitet. Im zweiten Fall liegt dann auch ein sogenannter Kurseinbruch vor. Bei der Linie handelt es sich um eine von Chartisten selbst eingezeichnete Linie bzw. um eine Linie, die Teil einer Chartfigur ist. Dabei kann es sich um einen Kursausbruch aus einem Dreieck handeln, ebenso aber auch um einen Kursausbruch, der nach \u00dcberschreiten der Widerstandslinie oder Unterschreiten der Unterst\u00fctzungslinie erfolgt. Ein Kursausbruch erfolgt immer &#8216;ruckartig&#8217; und zudem unter erh\u00f6htem Handelsvolumen. Er kann als Trendbest\u00e4tigung dienen, allerdings, falls der Kurs anschlie\u00dfend die vom Kursausbruch eingeleitete Richtung nicht nachhaltig weiterverfolgt, kann es sich auch um ein falsches Signal in Form einer Bullenfalle oder B\u00e4renfalle handeln.<\/p>\n","protected":false},"excerpt":{"rendered":"<p>In der Chartanalyse wird dann von einem Kursausbruch gesprochen, wenn der Kurs eine bestimmte Linie sowohl \u00fcberschreitet als auch unterschreitet. Im zweiten Fall liegt dann auch ein sogenannter Kurseinbruch vor. Bei der Linie handelt es sich um eine von Chartisten selbst eingezeichnete Linie bzw. um eine Linie, die Teil einer Chartfigur ist. Dabei kann es [&hellip;]<\/p>\n","protected":false},"author":1,"featured_media":0,"parent":0,"menu_order":0,"comment_status":"closed","ping_status":"closed","template":"","meta":{"site-sidebar-layout":"default","site-content-layout":"","ast-site-content-layout":"","site-content-style":"default","site-sidebar-style":"default","ast-global-header-display":"","ast-banner-title-visibility":"","ast-main-header-display":"","ast-hfb-above-header-display":"","ast-hfb-below-header-display":"","ast-hfb-mobile-header-display":"","site-post-title":"","ast-breadcrumbs-content":"","ast-featured-img":"","footer-sml-layout":"","theme-transparent-header-meta":"","adv-header-id-meta":"","stick-header-meta":"","header-above-stick-meta":"","header-main-stick-meta":"","header-below-stick-meta":"","astra-migrate-meta-layouts":"default","ast-page-background-enabled":"default","ast-page-background-meta":{"desktop":{"background-color":"","background-image":"","background-repeat":"repeat","background-position":"center center","background-size":"auto","background-attachment":"scroll","background-type":"","background-media":"","overlay-type":"","overlay-color":"","overlay-opacity":"","overlay-gradient":""},"tablet":{"background-color":"","background-image":"","background-repeat":"repeat","background-position":"center center","background-size":"auto","background-attachment":"scroll","background-type":"","background-media":"","overlay-type":"","overlay-color":"","overlay-opacity":"","overlay-gradient":""},"mobile":{"background-color":"","background-image":"","background-repeat":"repeat","background-position":"center center","background-size":"auto","background-attachment":"scroll","background-type":"","background-media":"","overlay-type":"","overlay-color":"","overlay-opacity":"","overlay-gradient":""}},"ast-content-background-meta":{"desktop":{"background-color":"var(--ast-global-color-5)","background-image":"","background-repeat":"repeat","background-position":"center center","background-size":"auto","background-attachment":"scroll","background-type":"","background-media":"","overlay-type":"","overlay-color":"","overlay-opacity":"","overlay-gradient":""},"tablet":{"background-color":"var(--ast-global-color-5)","background-image":"","background-repeat":"repeat","background-position":"center center","background-size":"auto","background-attachment":"scroll","background-type":"","background-media":"","overlay-type":"","overlay-color":"","overlay-opacity":"","overlay-gradient":""},"mobile":{"background-color":"var(--ast-global-color-5)","background-image":"","background-repeat":"repeat","background-position":"center center","background-size":"auto","background-attachment":"scroll","background-type":"","background-media":"","overlay-type":"","overlay-color":"","overlay-opacity":"","overlay-gradient":""}},"footnotes":""},"class_list":["post-9386","page","type-page","status-publish","hentry"],"translation":{"provider":"WPGlobus","version":"3.0.2","language":"en","enabled_languages":["de","en"],"languages":{"de":{"title":true,"content":true,"excerpt":false},"en":{"title":false,"content":false,"excerpt":false}}},"featured_image_urls_v2":{"full":"","thumbnail":"","medium":"","medium_large":"","large":"","1536x1536":"","2048x2048":""},"post_excerpt_stackable_v2":"<p>In der Chartanalyse wird dann von einem Kursausbruch gesprochen, wenn der Kurs eine bestimmte Linie sowohl \u00fcberschreitet als auch unterschreitet. Im zweiten Fall liegt dann auch ein sogenannter Kurseinbruch vor. Bei der Linie handelt es sich um eine von Chartisten selbst eingezeichnete Linie bzw. um eine Linie, die Teil einer Chartfigur ist. Dabei kann es sich um einen Kursausbruch aus einem Dreieck handeln, ebenso aber auch um einen Kursausbruch, der nach \u00dcberschreiten der Widerstandslinie oder Unterschreiten der Unterst\u00fctzungslinie erfolgt. Ein Kursausbruch erfolgt immer &#8216;ruckartig&#8217; und zudem unter erh\u00f6htem Handelsvolumen. Er kann als Trendbest\u00e4tigung dienen, allerdings, falls der Kurs anschlie\u00dfend die&hellip;<\/p>\n","category_list_v2":"","author_info_v2":{"name":"PrudentWater","url":"https:\/\/prudentwater.com\/en\/author\/niklas33\/"},"comments_num_v2":"0 comments","_links":{"self":[{"href":"https:\/\/prudentwater.com\/en\/wp-json\/wp\/v2\/pages\/9386","targetHints":{"allow":["GET"]}}],"collection":[{"href":"https:\/\/prudentwater.com\/en\/wp-json\/wp\/v2\/pages"}],"about":[{"href":"https:\/\/prudentwater.com\/en\/wp-json\/wp\/v2\/types\/page"}],"author":[{"embeddable":true,"href":"https:\/\/prudentwater.com\/en\/wp-json\/wp\/v2\/users\/1"}],"replies":[{"embeddable":true,"href":"https:\/\/prudentwater.com\/en\/wp-json\/wp\/v2\/comments?post=9386"}],"version-history":[{"count":0,"href":"https:\/\/prudentwater.com\/en\/wp-json\/wp\/v2\/pages\/9386\/revisions"}],"wp:attachment":[{"href":"https:\/\/prudentwater.com\/en\/wp-json\/wp\/v2\/media?parent=9386"}],"curies":[{"name":"wp","href":"https:\/\/api.w.org\/{rel}","templated":true}]}}