{"id":9389,"date":"2017-03-01T12:13:49","date_gmt":"2017-03-01T12:13:49","guid":{"rendered":"http:\/\/www.kunnskap.de\/?page_id=9389"},"modified":"2021-06-25T12:49:33","modified_gmt":"2021-06-25T10:49:33","slug":"kurseinbruch","status":"publish","type":"page","link":"https:\/\/prudentwater.com\/en\/kurseinbruch\/","title":{"rendered":"Kurseinbruch"},"content":{"rendered":"<p>An der B\u00f6rse wird dann von einem Kurseinbruch gesprochen, wenn der Kurs oft unerwartet und besonders heftig f\u00e4llt. Dieser Kurseinbruch geht dann mit einem erh\u00f6hten Handelsvolumen einher, ebenso ist oft ein erh\u00f6hter Spread des Wertpapieres (Spanne zwischen Geldkurs und Briefkurs) zu beobachten. Der Kurseinbruch tritt oftmals nach unerwartet negativen Nachrichten ein oder aber in der Charttechnik dann, wenn die technische Analyse ein Verkaufssignal ausgel\u00f6st hat. Meistens sind es jedoch schlechter als erwartete Quartals-, Halb- oder Jahresberichte, die den Kurseinbruch eines Wertpapieres ausl\u00f6sen. Ebenso kann der Einbruch nat\u00fcrlich auch bei einem Index, einem Rohstoff oder einer W\u00e4hrung erfolgen. Dann sind es oft politische Ereignisse oder Fundamentaldaten, die den Kurseinbruch verursachen. <\/p>\n","protected":false},"excerpt":{"rendered":"<p>An der B\u00f6rse wird dann von einem Kurseinbruch gesprochen, wenn der Kurs oft unerwartet und besonders heftig f\u00e4llt. Dieser Kurseinbruch geht dann mit einem erh\u00f6hten Handelsvolumen einher, ebenso ist oft ein erh\u00f6hter Spread des Wertpapieres (Spanne zwischen Geldkurs und Briefkurs) zu beobachten. Der Kurseinbruch tritt oftmals nach unerwartet negativen Nachrichten ein oder aber in der [&hellip;]<\/p>\n","protected":false},"author":1,"featured_media":0,"parent":0,"menu_order":0,"comment_status":"closed","ping_status":"closed","template":"","meta":{"site-sidebar-layout":"default","site-content-layout":"","ast-site-content-layout":"","site-content-style":"default","site-sidebar-style":"default","ast-global-header-display":"","ast-banner-title-visibility":"","ast-main-header-display":"","ast-hfb-above-header-display":"","ast-hfb-below-header-display":"","ast-hfb-mobile-header-display":"","site-post-title":"","ast-breadcrumbs-content":"","ast-featured-img":"","footer-sml-layout":"","theme-transparent-header-meta":"","adv-header-id-meta":"","stick-header-meta":"","header-above-stick-meta":"","header-main-stick-meta":"","header-below-stick-meta":"","astra-migrate-meta-layouts":"default","ast-page-background-enabled":"default","ast-page-background-meta":{"desktop":{"background-color":"","background-image":"","background-repeat":"repeat","background-position":"center center","background-size":"auto","background-attachment":"scroll","background-type":"","background-media":"","overlay-type":"","overlay-color":"","overlay-opacity":"","overlay-gradient":""},"tablet":{"background-color":"","background-image":"","background-repeat":"repeat","background-position":"center center","background-size":"auto","background-attachment":"scroll","background-type":"","background-media":"","overlay-type":"","overlay-color":"","overlay-opacity":"","overlay-gradient":""},"mobile":{"background-color":"","background-image":"","background-repeat":"repeat","background-position":"center center","background-size":"auto","background-attachment":"scroll","background-type":"","background-media":"","overlay-type":"","overlay-color":"","overlay-opacity":"","overlay-gradient":""}},"ast-content-background-meta":{"desktop":{"background-color":"var(--ast-global-color-5)","background-image":"","background-repeat":"repeat","background-position":"center center","background-size":"auto","background-attachment":"scroll","background-type":"","background-media":"","overlay-type":"","overlay-color":"","overlay-opacity":"","overlay-gradient":""},"tablet":{"background-color":"var(--ast-global-color-5)","background-image":"","background-repeat":"repeat","background-position":"center center","background-size":"auto","background-attachment":"scroll","background-type":"","background-media":"","overlay-type":"","overlay-color":"","overlay-opacity":"","overlay-gradient":""},"mobile":{"background-color":"var(--ast-global-color-5)","background-image":"","background-repeat":"repeat","background-position":"center center","background-size":"auto","background-attachment":"scroll","background-type":"","background-media":"","overlay-type":"","overlay-color":"","overlay-opacity":"","overlay-gradient":""}},"footnotes":""},"class_list":["post-9389","page","type-page","status-publish","hentry"],"translation":{"provider":"WPGlobus","version":"3.0.2","language":"en","enabled_languages":["de","en"],"languages":{"de":{"title":true,"content":true,"excerpt":false},"en":{"title":false,"content":false,"excerpt":false}}},"featured_image_urls_v2":{"full":"","thumbnail":"","medium":"","medium_large":"","large":"","1536x1536":"","2048x2048":""},"post_excerpt_stackable_v2":"<p>An der B\u00f6rse wird dann von einem Kurseinbruch gesprochen, wenn der Kurs oft unerwartet und besonders heftig f\u00e4llt. Dieser Kurseinbruch geht dann mit einem erh\u00f6hten Handelsvolumen einher, ebenso ist oft ein erh\u00f6hter Spread des Wertpapieres (Spanne zwischen Geldkurs und Briefkurs) zu beobachten. Der Kurseinbruch tritt oftmals nach unerwartet negativen Nachrichten ein oder aber in der Charttechnik dann, wenn die technische Analyse ein Verkaufssignal ausgel\u00f6st hat. Meistens sind es jedoch schlechter als erwartete Quartals-, Halb- oder Jahresberichte, die den Kurseinbruch eines Wertpapieres ausl\u00f6sen. Ebenso kann der Einbruch nat\u00fcrlich auch bei einem Index, einem Rohstoff oder einer W\u00e4hrung erfolgen. Dann sind es&hellip;<\/p>\n","category_list_v2":"","author_info_v2":{"name":"PrudentWater","url":"https:\/\/prudentwater.com\/en\/author\/niklas33\/"},"comments_num_v2":"0 comments","_links":{"self":[{"href":"https:\/\/prudentwater.com\/en\/wp-json\/wp\/v2\/pages\/9389","targetHints":{"allow":["GET"]}}],"collection":[{"href":"https:\/\/prudentwater.com\/en\/wp-json\/wp\/v2\/pages"}],"about":[{"href":"https:\/\/prudentwater.com\/en\/wp-json\/wp\/v2\/types\/page"}],"author":[{"embeddable":true,"href":"https:\/\/prudentwater.com\/en\/wp-json\/wp\/v2\/users\/1"}],"replies":[{"embeddable":true,"href":"https:\/\/prudentwater.com\/en\/wp-json\/wp\/v2\/comments?post=9389"}],"version-history":[{"count":0,"href":"https:\/\/prudentwater.com\/en\/wp-json\/wp\/v2\/pages\/9389\/revisions"}],"wp:attachment":[{"href":"https:\/\/prudentwater.com\/en\/wp-json\/wp\/v2\/media?parent=9389"}],"curies":[{"name":"wp","href":"https:\/\/api.w.org\/{rel}","templated":true}]}}