{"id":941,"date":"2014-09-26T13:30:43","date_gmt":"2014-09-26T13:30:43","guid":{"rendered":"http:\/\/www.kunnskap.de\/?page_id=941"},"modified":"2024-02-18T15:17:22","modified_gmt":"2024-02-18T14:17:22","slug":"lagerstelle","status":"publish","type":"page","link":"https:\/\/prudentwater.com\/en\/lagerstelle\/","title":{"rendered":"Lagerstelle"},"content":{"rendered":"<p>engl. <b>Depository<\/b><\/p>\n<p>Eine Lagerstelle f\u00fcr Wertpapiere ist eine Finanzeinrichtung, welche die Verwahrung und Verwaltung von Wertpapieren f\u00fcr private und professionelle Anleger \u00fcbernimmt. Die Lagerstelle bewahrt teils noch physische, jedoch mittlerweile fast ausschlie\u00dflich elektronische Wertpapiere auf und f\u00fchrt alle erforderlichen Transaktionen im Namen der Eigent\u00fcmer durch, einschlie\u00dflich Kauf, Verkauf und \u00dcbertragung von Wertpapieren.<\/p>\n<p>Die Hauptaufgaben einer Lagerstelle f\u00fcr Wertpapiere umfassen die \u00dcberwachung von Best\u00e4nden, die Abwicklung von Transaktionen, die Verarbeitung von Dividendenzahlungen und die Ausgabe von Steuerdokumenten. Lagerstellen f\u00fcr Wertpapiere k\u00f6nnen von verschiedenen Organisationen wie Banken, Wertpapierfirmen, Depotbanken oder spezialisierten Verwahrstellen betrieben werden. Investoren nutzen Lagerstellen f\u00fcr Wertpapiere, um ihre Wertpapiere sicher und gesch\u00fctzt aufzubewahren und um ihre Investitionsportfolios zu verwalten. Durch die Verwendung einer Lagerstelle f\u00fcr Wertpapiere k\u00f6nnen Investoren sicher sein, dass ihre Wertpapiere ordnungsgem\u00e4\u00df verwahrt und alle erforderlichen Transaktionen im Einklang mit den geltenden Vorschriften durchgef\u00fchrt werden.<\/p>\n","protected":false},"excerpt":{"rendered":"<p>engl. Depository Eine Lagerstelle f\u00fcr Wertpapiere ist eine Finanzeinrichtung, welche die Verwahrung und Verwaltung von Wertpapieren f\u00fcr private und professionelle Anleger \u00fcbernimmt. Die Lagerstelle bewahrt teils noch physische, jedoch mittlerweile fast ausschlie\u00dflich elektronische Wertpapiere auf und f\u00fchrt alle erforderlichen Transaktionen im Namen der Eigent\u00fcmer durch, einschlie\u00dflich Kauf, Verkauf und \u00dcbertragung von Wertpapieren. Die Hauptaufgaben einer [&hellip;]<\/p>\n","protected":false},"author":1,"featured_media":0,"parent":0,"menu_order":0,"comment_status":"closed","ping_status":"closed","template":"","meta":{"site-sidebar-layout":"default","site-content-layout":"","ast-site-content-layout":"default","site-content-style":"default","site-sidebar-style":"default","ast-global-header-display":"","ast-banner-title-visibility":"","ast-main-header-display":"","ast-hfb-above-header-display":"","ast-hfb-below-header-display":"","ast-hfb-mobile-header-display":"","site-post-title":"","ast-breadcrumbs-content":"","ast-featured-img":"","footer-sml-layout":"","theme-transparent-header-meta":"","adv-header-id-meta":"","stick-header-meta":"","header-above-stick-meta":"","header-main-stick-meta":"","header-below-stick-meta":"","astra-migrate-meta-layouts":"set","ast-page-background-enabled":"default","ast-page-background-meta":{"desktop":{"background-color":"","background-image":"","background-repeat":"repeat","background-position":"center center","background-size":"auto","background-attachment":"scroll","background-type":"","background-media":"","overlay-type":"","overlay-color":"","overlay-opacity":"","overlay-gradient":""},"tablet":{"background-color":"","background-image":"","background-repeat":"repeat","background-position":"center center","background-size":"auto","background-attachment":"scroll","background-type":"","background-media":"","overlay-type":"","overlay-color":"","overlay-opacity":"","overlay-gradient":""},"mobile":{"background-color":"","background-image":"","background-repeat":"repeat","background-position":"center center","background-size":"auto","background-attachment":"scroll","background-type":"","background-media":"","overlay-type":"","overlay-color":"","overlay-opacity":"","overlay-gradient":""}},"ast-content-background-meta":{"desktop":{"background-color":"var(--ast-global-color-5)","background-image":"","background-repeat":"repeat","background-position":"center center","background-size":"auto","background-attachment":"scroll","background-type":"","background-media":"","overlay-type":"","overlay-color":"","overlay-opacity":"","overlay-gradient":""},"tablet":{"background-color":"var(--ast-global-color-5)","background-image":"","background-repeat":"repeat","background-position":"center center","background-size":"auto","background-attachment":"scroll","background-type":"","background-media":"","overlay-type":"","overlay-color":"","overlay-opacity":"","overlay-gradient":""},"mobile":{"background-color":"var(--ast-global-color-5)","background-image":"","background-repeat":"repeat","background-position":"center center","background-size":"auto","background-attachment":"scroll","background-type":"","background-media":"","overlay-type":"","overlay-color":"","overlay-opacity":"","overlay-gradient":""}},"footnotes":""},"class_list":["post-941","page","type-page","status-publish","hentry"],"translation":{"provider":"WPGlobus","version":"3.0.2","language":"en","enabled_languages":["de","en"],"languages":{"de":{"title":true,"content":true,"excerpt":false},"en":{"title":false,"content":false,"excerpt":false}}},"featured_image_urls_v2":{"full":"","thumbnail":"","medium":"","medium_large":"","large":"","1536x1536":"","2048x2048":""},"post_excerpt_stackable_v2":"<p>engl. Depository Eine Lagerstelle f\u00fcr Wertpapiere ist eine Finanzeinrichtung, welche die Verwahrung und Verwaltung von Wertpapieren f\u00fcr private und professionelle Anleger \u00fcbernimmt. Die Lagerstelle bewahrt teils noch physische, jedoch mittlerweile fast ausschlie\u00dflich elektronische Wertpapiere auf und f\u00fchrt alle erforderlichen Transaktionen im Namen der Eigent\u00fcmer durch, einschlie\u00dflich Kauf, Verkauf und \u00dcbertragung von Wertpapieren. Die Hauptaufgaben einer Lagerstelle f\u00fcr Wertpapiere umfassen die \u00dcberwachung von Best\u00e4nden, die Abwicklung von Transaktionen, die Verarbeitung von Dividendenzahlungen und die Ausgabe von Steuerdokumenten. Lagerstellen f\u00fcr Wertpapiere k\u00f6nnen von verschiedenen Organisationen wie Banken, Wertpapierfirmen, Depotbanken oder spezialisierten Verwahrstellen betrieben werden. Investoren nutzen Lagerstellen f\u00fcr Wertpapiere, um ihre Wertpapiere&hellip;<\/p>\n","category_list_v2":"","author_info_v2":{"name":"PrudentWater","url":"https:\/\/prudentwater.com\/en\/author\/niklas33\/"},"comments_num_v2":"0 comments","_links":{"self":[{"href":"https:\/\/prudentwater.com\/en\/wp-json\/wp\/v2\/pages\/941","targetHints":{"allow":["GET"]}}],"collection":[{"href":"https:\/\/prudentwater.com\/en\/wp-json\/wp\/v2\/pages"}],"about":[{"href":"https:\/\/prudentwater.com\/en\/wp-json\/wp\/v2\/types\/page"}],"author":[{"embeddable":true,"href":"https:\/\/prudentwater.com\/en\/wp-json\/wp\/v2\/users\/1"}],"replies":[{"embeddable":true,"href":"https:\/\/prudentwater.com\/en\/wp-json\/wp\/v2\/comments?post=941"}],"version-history":[{"count":0,"href":"https:\/\/prudentwater.com\/en\/wp-json\/wp\/v2\/pages\/941\/revisions"}],"wp:attachment":[{"href":"https:\/\/prudentwater.com\/en\/wp-json\/wp\/v2\/media?parent=941"}],"curies":[{"name":"wp","href":"https:\/\/api.w.org\/{rel}","templated":true}]}}