{"id":9433,"date":"2017-03-02T12:17:03","date_gmt":"2017-03-02T12:17:03","guid":{"rendered":"http:\/\/www.kunnskap.de\/?page_id=9433"},"modified":"2022-10-14T12:57:53","modified_gmt":"2022-10-14T10:57:53","slug":"abwartstrend","status":"publish","type":"page","link":"https:\/\/prudentwater.com\/en\/abwartstrend\/","title":{"rendered":"Abw\u00e4rtstrend"},"content":{"rendered":"<p>engl. <b>Down Trend<\/b> oder <b>Lower highs and lower Lows<\/b><\/p>\n<p>In der Charttechnik wird der Abw\u00e4rtstrend als Kursverlauf definiert, welcher durch aufeinanderfolgend niedrigeren Hochs und Tiefs gekennzeichnet ist. Der Abw\u00e4rtstrend signalisiert also das mittel- bis langfristige Sinken eines Kurses, wobei dieser sich dann innerhalb eines abw\u00e4rtsgerichteten Trendkanals bewegt. Charttechnisch ist der Abw\u00e4rtstrend erst dann beendet, wenn der Kurs nachhaltig aus dem Trendkanal herausgebrochen ist. Der Kurs muss daraufhin nicht sofort wieder dauerhaft ansteigen, es kann auch erst zu einer Seitw\u00e4rtsbewegung kommen. Trotzdem ist der Abw\u00e4rtstrend dann vorw\u00e4rts beendet.<\/p>\n","protected":false},"excerpt":{"rendered":"<p>engl. Down Trend oder Lower highs and lower Lows In der Charttechnik wird der Abw\u00e4rtstrend als Kursverlauf definiert, welcher durch aufeinanderfolgend niedrigeren Hochs und Tiefs gekennzeichnet ist. Der Abw\u00e4rtstrend signalisiert also das mittel- bis langfristige Sinken eines Kurses, wobei dieser sich dann innerhalb eines abw\u00e4rtsgerichteten Trendkanals bewegt. Charttechnisch ist der Abw\u00e4rtstrend erst dann beendet, wenn [&hellip;]<\/p>\n","protected":false},"author":1,"featured_media":0,"parent":0,"menu_order":0,"comment_status":"closed","ping_status":"closed","template":"","meta":{"site-sidebar-layout":"default","site-content-layout":"","ast-site-content-layout":"","site-content-style":"default","site-sidebar-style":"default","ast-global-header-display":"","ast-banner-title-visibility":"","ast-main-header-display":"","ast-hfb-above-header-display":"","ast-hfb-below-header-display":"","ast-hfb-mobile-header-display":"","site-post-title":"","ast-breadcrumbs-content":"","ast-featured-img":"","footer-sml-layout":"","theme-transparent-header-meta":"","adv-header-id-meta":"","stick-header-meta":"","header-above-stick-meta":"","header-main-stick-meta":"","header-below-stick-meta":"","astra-migrate-meta-layouts":"default","ast-page-background-enabled":"default","ast-page-background-meta":{"desktop":{"background-color":"","background-image":"","background-repeat":"repeat","background-position":"center center","background-size":"auto","background-attachment":"scroll","background-type":"","background-media":"","overlay-type":"","overlay-color":"","overlay-opacity":"","overlay-gradient":""},"tablet":{"background-color":"","background-image":"","background-repeat":"repeat","background-position":"center center","background-size":"auto","background-attachment":"scroll","background-type":"","background-media":"","overlay-type":"","overlay-color":"","overlay-opacity":"","overlay-gradient":""},"mobile":{"background-color":"","background-image":"","background-repeat":"repeat","background-position":"center center","background-size":"auto","background-attachment":"scroll","background-type":"","background-media":"","overlay-type":"","overlay-color":"","overlay-opacity":"","overlay-gradient":""}},"ast-content-background-meta":{"desktop":{"background-color":"var(--ast-global-color-5)","background-image":"","background-repeat":"repeat","background-position":"center center","background-size":"auto","background-attachment":"scroll","background-type":"","background-media":"","overlay-type":"","overlay-color":"","overlay-opacity":"","overlay-gradient":""},"tablet":{"background-color":"var(--ast-global-color-5)","background-image":"","background-repeat":"repeat","background-position":"center center","background-size":"auto","background-attachment":"scroll","background-type":"","background-media":"","overlay-type":"","overlay-color":"","overlay-opacity":"","overlay-gradient":""},"mobile":{"background-color":"var(--ast-global-color-5)","background-image":"","background-repeat":"repeat","background-position":"center center","background-size":"auto","background-attachment":"scroll","background-type":"","background-media":"","overlay-type":"","overlay-color":"","overlay-opacity":"","overlay-gradient":""}},"footnotes":""},"class_list":["post-9433","page","type-page","status-publish","hentry"],"translation":{"provider":"WPGlobus","version":"3.0.2","language":"en","enabled_languages":["de","en"],"languages":{"de":{"title":true,"content":true,"excerpt":false},"en":{"title":false,"content":false,"excerpt":false}}},"featured_image_urls_v2":{"full":"","thumbnail":"","medium":"","medium_large":"","large":"","1536x1536":"","2048x2048":""},"post_excerpt_stackable_v2":"<p>engl. Down Trend oder Lower highs and lower Lows In der Charttechnik wird der Abw\u00e4rtstrend als Kursverlauf definiert, welcher durch aufeinanderfolgend niedrigeren Hochs und Tiefs gekennzeichnet ist. Der Abw\u00e4rtstrend signalisiert also das mittel- bis langfristige Sinken eines Kurses, wobei dieser sich dann innerhalb eines abw\u00e4rtsgerichteten Trendkanals bewegt. Charttechnisch ist der Abw\u00e4rtstrend erst dann beendet, wenn der Kurs nachhaltig aus dem Trendkanal herausgebrochen ist. Der Kurs muss daraufhin nicht sofort wieder dauerhaft ansteigen, es kann auch erst zu einer Seitw\u00e4rtsbewegung kommen. Trotzdem ist der Abw\u00e4rtstrend dann vorw\u00e4rts beendet.<\/p>\n","category_list_v2":"","author_info_v2":{"name":"PrudentWater","url":"https:\/\/prudentwater.com\/en\/author\/niklas33\/"},"comments_num_v2":"0 comments","_links":{"self":[{"href":"https:\/\/prudentwater.com\/en\/wp-json\/wp\/v2\/pages\/9433","targetHints":{"allow":["GET"]}}],"collection":[{"href":"https:\/\/prudentwater.com\/en\/wp-json\/wp\/v2\/pages"}],"about":[{"href":"https:\/\/prudentwater.com\/en\/wp-json\/wp\/v2\/types\/page"}],"author":[{"embeddable":true,"href":"https:\/\/prudentwater.com\/en\/wp-json\/wp\/v2\/users\/1"}],"replies":[{"embeddable":true,"href":"https:\/\/prudentwater.com\/en\/wp-json\/wp\/v2\/comments?post=9433"}],"version-history":[{"count":0,"href":"https:\/\/prudentwater.com\/en\/wp-json\/wp\/v2\/pages\/9433\/revisions"}],"wp:attachment":[{"href":"https:\/\/prudentwater.com\/en\/wp-json\/wp\/v2\/media?parent=9433"}],"curies":[{"name":"wp","href":"https:\/\/api.w.org\/{rel}","templated":true}]}}