{"id":9439,"date":"2017-03-02T12:34:13","date_gmt":"2017-03-02T12:34:13","guid":{"rendered":"http:\/\/www.kunnskap.de\/?page_id=9439"},"modified":"2021-06-25T12:48:19","modified_gmt":"2021-06-25T10:48:19","slug":"ausbruchslucke","status":"publish","type":"page","link":"https:\/\/prudentwater.com\/en\/ausbruchslucke\/","title":{"rendered":"Ausbruchsl\u00fccke"},"content":{"rendered":"<p>engl. <strong>Breakaway Gap<\/strong><\/p>\n<p>Die Ausbruchsl\u00fccke ist eine Form der Kursl\u00fccke und signalisiert in der Chartanalyse einen mittel- bis langfristigen Kurstrend. Dabei kann es sich sowohl um einen bevorstehenden Abw\u00e4rtstrend als auch Aufw\u00e4rtstrend handeln. Die Ausbruchsl\u00fccke bildet sich oft am Ende eines Seitw\u00e4rtstrendkanals und geht mit einem erh\u00f6hten Handelsvolumen einher. Die Ausbruchsl\u00fccke dient in der technischen Analyse dazu, um eine nachhaltige Kursbewegung in Richtung der Ausbruchsl\u00fccke zu signalisieren.<\/p>\n","protected":false},"excerpt":{"rendered":"<p>engl. Breakaway Gap Die Ausbruchsl\u00fccke ist eine Form der Kursl\u00fccke und signalisiert in der Chartanalyse einen mittel- bis langfristigen Kurstrend. Dabei kann es sich sowohl um einen bevorstehenden Abw\u00e4rtstrend als auch Aufw\u00e4rtstrend handeln. Die Ausbruchsl\u00fccke bildet sich oft am Ende eines Seitw\u00e4rtstrendkanals und geht mit einem erh\u00f6hten Handelsvolumen einher. Die Ausbruchsl\u00fccke dient in der technischen [&hellip;]<\/p>\n","protected":false},"author":1,"featured_media":0,"parent":0,"menu_order":0,"comment_status":"closed","ping_status":"closed","template":"","meta":{"site-sidebar-layout":"default","site-content-layout":"","ast-site-content-layout":"","site-content-style":"default","site-sidebar-style":"default","ast-global-header-display":"","ast-banner-title-visibility":"","ast-main-header-display":"","ast-hfb-above-header-display":"","ast-hfb-below-header-display":"","ast-hfb-mobile-header-display":"","site-post-title":"","ast-breadcrumbs-content":"","ast-featured-img":"","footer-sml-layout":"","theme-transparent-header-meta":"","adv-header-id-meta":"","stick-header-meta":"","header-above-stick-meta":"","header-main-stick-meta":"","header-below-stick-meta":"","astra-migrate-meta-layouts":"default","ast-page-background-enabled":"default","ast-page-background-meta":{"desktop":{"background-color":"","background-image":"","background-repeat":"repeat","background-position":"center center","background-size":"auto","background-attachment":"scroll","background-type":"","background-media":"","overlay-type":"","overlay-color":"","overlay-opacity":"","overlay-gradient":""},"tablet":{"background-color":"","background-image":"","background-repeat":"repeat","background-position":"center center","background-size":"auto","background-attachment":"scroll","background-type":"","background-media":"","overlay-type":"","overlay-color":"","overlay-opacity":"","overlay-gradient":""},"mobile":{"background-color":"","background-image":"","background-repeat":"repeat","background-position":"center center","background-size":"auto","background-attachment":"scroll","background-type":"","background-media":"","overlay-type":"","overlay-color":"","overlay-opacity":"","overlay-gradient":""}},"ast-content-background-meta":{"desktop":{"background-color":"var(--ast-global-color-5)","background-image":"","background-repeat":"repeat","background-position":"center center","background-size":"auto","background-attachment":"scroll","background-type":"","background-media":"","overlay-type":"","overlay-color":"","overlay-opacity":"","overlay-gradient":""},"tablet":{"background-color":"var(--ast-global-color-5)","background-image":"","background-repeat":"repeat","background-position":"center center","background-size":"auto","background-attachment":"scroll","background-type":"","background-media":"","overlay-type":"","overlay-color":"","overlay-opacity":"","overlay-gradient":""},"mobile":{"background-color":"var(--ast-global-color-5)","background-image":"","background-repeat":"repeat","background-position":"center center","background-size":"auto","background-attachment":"scroll","background-type":"","background-media":"","overlay-type":"","overlay-color":"","overlay-opacity":"","overlay-gradient":""}},"footnotes":""},"class_list":["post-9439","page","type-page","status-publish","hentry"],"translation":{"provider":"WPGlobus","version":"3.0.2","language":"en","enabled_languages":["de","en"],"languages":{"de":{"title":true,"content":true,"excerpt":false},"en":{"title":false,"content":false,"excerpt":false}}},"featured_image_urls_v2":{"full":"","thumbnail":"","medium":"","medium_large":"","large":"","1536x1536":"","2048x2048":""},"post_excerpt_stackable_v2":"<p>engl. Breakaway Gap Die Ausbruchsl\u00fccke ist eine Form der Kursl\u00fccke und signalisiert in der Chartanalyse einen mittel- bis langfristigen Kurstrend. Dabei kann es sich sowohl um einen bevorstehenden Abw\u00e4rtstrend als auch Aufw\u00e4rtstrend handeln. Die Ausbruchsl\u00fccke bildet sich oft am Ende eines Seitw\u00e4rtstrendkanals und geht mit einem erh\u00f6hten Handelsvolumen einher. Die Ausbruchsl\u00fccke dient in der technischen Analyse dazu, um eine nachhaltige Kursbewegung in Richtung der Ausbruchsl\u00fccke zu signalisieren.<\/p>\n","category_list_v2":"","author_info_v2":{"name":"PrudentWater","url":"https:\/\/prudentwater.com\/en\/author\/niklas33\/"},"comments_num_v2":"0 comments","_links":{"self":[{"href":"https:\/\/prudentwater.com\/en\/wp-json\/wp\/v2\/pages\/9439","targetHints":{"allow":["GET"]}}],"collection":[{"href":"https:\/\/prudentwater.com\/en\/wp-json\/wp\/v2\/pages"}],"about":[{"href":"https:\/\/prudentwater.com\/en\/wp-json\/wp\/v2\/types\/page"}],"author":[{"embeddable":true,"href":"https:\/\/prudentwater.com\/en\/wp-json\/wp\/v2\/users\/1"}],"replies":[{"embeddable":true,"href":"https:\/\/prudentwater.com\/en\/wp-json\/wp\/v2\/comments?post=9439"}],"version-history":[{"count":0,"href":"https:\/\/prudentwater.com\/en\/wp-json\/wp\/v2\/pages\/9439\/revisions"}],"wp:attachment":[{"href":"https:\/\/prudentwater.com\/en\/wp-json\/wp\/v2\/media?parent=9439"}],"curies":[{"name":"wp","href":"https:\/\/api.w.org\/{rel}","templated":true}]}}