{"id":945,"date":"2014-09-28T13:04:13","date_gmt":"2014-09-28T13:04:13","guid":{"rendered":"http:\/\/www.kunnskap.de\/?page_id=945"},"modified":"2021-06-25T12:49:32","modified_gmt":"2021-06-25T10:49:32","slug":"kaufkraftparitat","status":"publish","type":"page","link":"https:\/\/prudentwater.com\/en\/kaufkraftparitat\/","title":{"rendered":"Kaufkraftparit\u00e4t"},"content":{"rendered":"<p>engl. <strong>Purchasing Power Parity (PPP)<\/strong><\/p>\n<p>Kaufkraftparit\u00e4t beschreibt den Zustand, bei dem ein Wechselkurs (beispielsweise EUR\/USD) dem Konsumenten sowohl in den USA als auch in Europa dieselbe Kaufkraft verleiht. Kostet ein Warenkorb im Euro-W\u00e4hrungsgebiet 1 200 Euro und in den USA derselbe Warenkorb 1 350 USD, so m\u00fcsste, damit Kaufkraftparit\u00e4t herrscht, der Wechselkurs EUR\/USD bei 1,125 liegen (1,125 x 1200= 1350). In diesem Fall kann in beiden L\u00e4ndern f\u00fcr die gleiche Geldsumme die gleiche Ware gekauft werden. Falls nun jedoch aufgrund vorherrschender Inflation der Preis des Warenkorbs in der Eurozone um 2,5 % ansteigt, in den USA jedoch sogar um 4 %, so m\u00fcsste der Wechselkurs EUR\/USD um ca. 1,5 % steigen, damit wieder Kaufkraftparit\u00e4t zwischen den beiden L\u00e4ndern herrscht. <\/p>\n<p>Liegt Kaufkraftparit\u00e4t zwischen zwei verschiedenen L\u00e4ndern mit derselben W\u00e4hrung vor ( Euro-W\u00e4hrungsgebiet), k\u00f6nnen Waren und Dienstleistungen eines Warenkorbes f\u00fcr gleich hohe Geldbetr\u00e4ge erworben werden. In diesem Fall entspricht der nominale dem realen Wechselkurs.<br \/>\nDie Theorie der Kaufkraftparit\u00e4t besagt, dass ein Euro in jedem Land die gleiche Kaufkraft haben muss. Wenn nicht w\u00fcrde sofort Arbitrage stattfinden, bei der die Preisunterschiede ausgeglichen werden.<br \/>\nIn unterschiedlichen W\u00e4hrungsr\u00e4umen werden Geldbetr\u00e4ge durch Wechselkurse vergleichbar gemacht. Hier herrscht Kaufkraftparit\u00e4t, wenn die verschiedenen W\u00e4hrungen durch die Wechselkurse dieselbe Kaufkraft haben und man somit denselben Warenkorb kaufen kann. <\/p>\n","protected":false},"excerpt":{"rendered":"<p>engl. Purchasing Power Parity (PPP) Kaufkraftparit\u00e4t beschreibt den Zustand, bei dem ein Wechselkurs (beispielsweise EUR\/USD) dem Konsumenten sowohl in den USA als auch in Europa dieselbe Kaufkraft verleiht. Kostet ein Warenkorb im Euro-W\u00e4hrungsgebiet 1 200 Euro und in den USA derselbe Warenkorb 1 350 USD, so m\u00fcsste, damit Kaufkraftparit\u00e4t herrscht, der Wechselkurs EUR\/USD bei 1,125 [&hellip;]<\/p>\n","protected":false},"author":1,"featured_media":0,"parent":0,"menu_order":0,"comment_status":"closed","ping_status":"closed","template":"","meta":{"site-sidebar-layout":"default","site-content-layout":"","ast-site-content-layout":"","site-content-style":"default","site-sidebar-style":"default","ast-global-header-display":"","ast-banner-title-visibility":"","ast-main-header-display":"","ast-hfb-above-header-display":"","ast-hfb-below-header-display":"","ast-hfb-mobile-header-display":"","site-post-title":"","ast-breadcrumbs-content":"","ast-featured-img":"","footer-sml-layout":"","theme-transparent-header-meta":"","adv-header-id-meta":"","stick-header-meta":"","header-above-stick-meta":"","header-main-stick-meta":"","header-below-stick-meta":"","astra-migrate-meta-layouts":"default","ast-page-background-enabled":"default","ast-page-background-meta":{"desktop":{"background-color":"","background-image":"","background-repeat":"repeat","background-position":"center center","background-size":"auto","background-attachment":"scroll","background-type":"","background-media":"","overlay-type":"","overlay-color":"","overlay-opacity":"","overlay-gradient":""},"tablet":{"background-color":"","background-image":"","background-repeat":"repeat","background-position":"center center","background-size":"auto","background-attachment":"scroll","background-type":"","background-media":"","overlay-type":"","overlay-color":"","overlay-opacity":"","overlay-gradient":""},"mobile":{"background-color":"","background-image":"","background-repeat":"repeat","background-position":"center center","background-size":"auto","background-attachment":"scroll","background-type":"","background-media":"","overlay-type":"","overlay-color":"","overlay-opacity":"","overlay-gradient":""}},"ast-content-background-meta":{"desktop":{"background-color":"var(--ast-global-color-5)","background-image":"","background-repeat":"repeat","background-position":"center center","background-size":"auto","background-attachment":"scroll","background-type":"","background-media":"","overlay-type":"","overlay-color":"","overlay-opacity":"","overlay-gradient":""},"tablet":{"background-color":"var(--ast-global-color-5)","background-image":"","background-repeat":"repeat","background-position":"center center","background-size":"auto","background-attachment":"scroll","background-type":"","background-media":"","overlay-type":"","overlay-color":"","overlay-opacity":"","overlay-gradient":""},"mobile":{"background-color":"var(--ast-global-color-5)","background-image":"","background-repeat":"repeat","background-position":"center center","background-size":"auto","background-attachment":"scroll","background-type":"","background-media":"","overlay-type":"","overlay-color":"","overlay-opacity":"","overlay-gradient":""}},"footnotes":""},"class_list":["post-945","page","type-page","status-publish","hentry"],"translation":{"provider":"WPGlobus","version":"3.0.2","language":"en","enabled_languages":["de","en"],"languages":{"de":{"title":true,"content":true,"excerpt":false},"en":{"title":false,"content":false,"excerpt":false}}},"featured_image_urls_v2":{"full":"","thumbnail":"","medium":"","medium_large":"","large":"","1536x1536":"","2048x2048":""},"post_excerpt_stackable_v2":"<p>engl. Purchasing Power Parity (PPP) Kaufkraftparit\u00e4t beschreibt den Zustand, bei dem ein Wechselkurs (beispielsweise EUR\/USD) dem Konsumenten sowohl in den USA als auch in Europa dieselbe Kaufkraft verleiht. Kostet ein Warenkorb im Euro-W\u00e4hrungsgebiet 1 200 Euro und in den USA derselbe Warenkorb 1 350 USD, so m\u00fcsste, damit Kaufkraftparit\u00e4t herrscht, der Wechselkurs EUR\/USD bei 1,125 liegen (1,125 x 1200= 1350). In diesem Fall kann in beiden L\u00e4ndern f\u00fcr die gleiche Geldsumme die gleiche Ware gekauft werden. Falls nun jedoch aufgrund vorherrschender Inflation der Preis des Warenkorbs in der Eurozone um 2,5 % ansteigt, in den USA jedoch sogar um 4&hellip;<\/p>\n","category_list_v2":"","author_info_v2":{"name":"PrudentWater","url":"https:\/\/prudentwater.com\/en\/author\/niklas33\/"},"comments_num_v2":"0 comments","_links":{"self":[{"href":"https:\/\/prudentwater.com\/en\/wp-json\/wp\/v2\/pages\/945","targetHints":{"allow":["GET"]}}],"collection":[{"href":"https:\/\/prudentwater.com\/en\/wp-json\/wp\/v2\/pages"}],"about":[{"href":"https:\/\/prudentwater.com\/en\/wp-json\/wp\/v2\/types\/page"}],"author":[{"embeddable":true,"href":"https:\/\/prudentwater.com\/en\/wp-json\/wp\/v2\/users\/1"}],"replies":[{"embeddable":true,"href":"https:\/\/prudentwater.com\/en\/wp-json\/wp\/v2\/comments?post=945"}],"version-history":[{"count":0,"href":"https:\/\/prudentwater.com\/en\/wp-json\/wp\/v2\/pages\/945\/revisions"}],"wp:attachment":[{"href":"https:\/\/prudentwater.com\/en\/wp-json\/wp\/v2\/media?parent=945"}],"curies":[{"name":"wp","href":"https:\/\/api.w.org\/{rel}","templated":true}]}}