{"id":947,"date":"2014-09-29T06:59:36","date_gmt":"2014-09-29T06:59:36","guid":{"rendered":"http:\/\/www.kunnskap.de\/?page_id=947"},"modified":"2021-06-25T12:50:16","modified_gmt":"2021-06-25T10:50:16","slug":"wandelanleihe","status":"publish","type":"page","link":"https:\/\/prudentwater.com\/en\/wandelanleihe\/","title":{"rendered":"Wandelanleihe"},"content":{"rendered":"<p>engl. <strong>Convertible Bond<\/strong><br \/>\n<div class=\"perfect-pullquote vcard pullquote-align-full pullquote-border-placement-top\" style=\"font-size:20px !important;\"><blockquote><p style=\"font-size:20px !important;\">Die Wandelanleihe weist zun\u00e4chst die typischen Merkmale einer herk\u00f6mmlichen Anleihe auf, zus\u00e4tzlich r\u00e4umt sie dem Inhaber jedoch die M\u00f6glichkeit ein, w\u00e4hrend eines bestimmten Zeitraumes (Conversion Period) die Wandelanleihe in Aktien des emittierenden Unternehmens umzuwandeln.<\/p><\/blockquote><\/div><\/p>\n<p>In welchem Verh\u00e4ltnis und in welcher Zeit bzw. Frist dies geschieht, ist in den Bedienungen der Wandelanleihe geregelt. Hierbei ist der Wandlungspreis entscheidend, welcher ebenfalls in den Bedienungen der Wandelanleihe festgesetzt ist. Dieser Wandlungspreis gibt an, welcher Preis pro Aktie bezahlt werden muss, wenn die Wandelanleihen vom Inhaber in Aktien getauscht werden. Erst wenn der Wandlungspreis unter dem aktuellen B\u00f6rsenkurs der zugrunde liegenden Aktie notiert, lohnt sich eine Wandlung der Anleihe in Aktien. Betr\u00e4gt der Wandlungspreis zum Beispiel 10 Euro, so macht es erst dann Sinn die Anleihe zu wandeln, wenn der B\u00f6rsenkurs der entsprechenden Aktie aktuell \u00fcber 10 Euro notiert. Denn dann bekommt der Inhaber der Wandelanleihe die Aktie g\u00fcnstiger als zum aktuellen Marktpreis. Nach der Wandlung erlischt die Wandelanleihe und der Investor erh\u00e4lt folglich auch keine weiteren Zinszahlungen mehr, die er jedoch vorher wie \u00fcblich bei einer Anleihe bekommen hat. Eine Wandelanleihe ist also auch mit einem festen Kupon ausgestattet. Daf\u00fcr, dass der Inhaber jedoch die M\u00f6glichkeit hat, die Anleihe in Aktien zu wandeln, erh\u00e4lt er in der Regel f\u00fcr die Wandelanleihe eine geringere Verzinsung als \u00fcblich. Ein Anstieg des Aktienkurses f\u00fchrt jedoch auch zu einem entsprechenden Anstieg der Wandelanleihe. F\u00e4llt die entsprechende Aktie jedoch sehr stark, so verh\u00e4lt sich die Wandelanleihe mehr und mehr wie eine gew\u00f6hnliche Anleihe mit geringeren Kursbewegungen. Grob l\u00e4sst sich sagen, dass je niedriger der Kurs der Aktie ist, desto st\u00e4rker verh\u00e4lt sich die Wandelanleihe wie eine herk\u00f6mmliche Anleihe und je h\u00f6her der Aktienkurs ist, desto st\u00e4rker verh\u00e4lt sich die Wandelanleihe wie eine Aktie.<\/p>\n<h4>Vorteile f\u00fcr den Emittenten<\/h4>\n<p>Werden Anleihen in Aktien gewandelt, hat dies auch vor allem Vorteile f\u00fcr den Emittenten. Durch die Wandlung wird n\u00e4mlich Fremdkapital zu Eigenkapital und steht von nun an dem Unternehmen zeitlich unbegrenzt zur Verf\u00fcgung. \u00dcbt der Anleger die Option jedoch nicht aus, wird die Anleihe am Ende der Laufzeit zum Nennwert zur\u00fcckgezahlt. F\u00fcr den Emittenten bietet die Wandelanleihe jedoch zus\u00e4tzlich den Vorteil eines schnelleren Genehmigungsprozesses als auch einer h\u00f6heren Flexibilit\u00e4t als andere Kapitalbeschaffungsma\u00dfnahmen wie beispielsweise bei der Zweitplatzierung.<\/p>\n<h4>Vorteile f\u00fcr den Investor<\/h4>\n<p>Der Vorteil einer Wandelanleihe f\u00fcr den Investor besteht darin, dass bei einem Kursanstieg der Aktie auch der Kurs der Wandelanleihe steigt. Trotzdem geht er im Vergleich zur Aktie weiterhin nur ein begrenztes Kursrisiko ein, falls der Aktienkurs stark fallen sollte, da die Anleihe bei F\u00e4lligkeit zum Nominalwert von 100 % getilgt wird. Zus\u00e4tzlich hat der gegen\u00fcber dem Aktion\u00e4r das Recht auf eine j\u00e4hrliche Zinszahlung, wohingegen die Dividendenzahlung f\u00fcr Aktieninhaber ausgesetzt werden kann. Im Konkursfall werden Inhaber von Wandelanleihen zus\u00e4tzlich vor den Aktion\u00e4ren bedient.<\/p>\n","protected":false},"excerpt":{"rendered":"<p>engl. Convertible Bond In welchem Verh\u00e4ltnis und in welcher Zeit bzw. Frist dies geschieht, ist in den Bedienungen der Wandelanleihe geregelt. Hierbei ist der Wandlungspreis entscheidend, welcher ebenfalls in den Bedienungen der Wandelanleihe festgesetzt ist. Dieser Wandlungspreis gibt an, welcher Preis pro Aktie bezahlt werden muss, wenn die Wandelanleihen vom Inhaber in Aktien getauscht werden. [&hellip;]<\/p>\n","protected":false},"author":1,"featured_media":0,"parent":0,"menu_order":0,"comment_status":"closed","ping_status":"closed","template":"","meta":{"site-sidebar-layout":"default","site-content-layout":"","ast-site-content-layout":"","site-content-style":"default","site-sidebar-style":"default","ast-global-header-display":"","ast-banner-title-visibility":"","ast-main-header-display":"","ast-hfb-above-header-display":"","ast-hfb-below-header-display":"","ast-hfb-mobile-header-display":"","site-post-title":"","ast-breadcrumbs-content":"","ast-featured-img":"","footer-sml-layout":"","theme-transparent-header-meta":"","adv-header-id-meta":"","stick-header-meta":"","header-above-stick-meta":"","header-main-stick-meta":"","header-below-stick-meta":"","astra-migrate-meta-layouts":"default","ast-page-background-enabled":"default","ast-page-background-meta":{"desktop":{"background-color":"","background-image":"","background-repeat":"repeat","background-position":"center center","background-size":"auto","background-attachment":"scroll","background-type":"","background-media":"","overlay-type":"","overlay-color":"","overlay-opacity":"","overlay-gradient":""},"tablet":{"background-color":"","background-image":"","background-repeat":"repeat","background-position":"center center","background-size":"auto","background-attachment":"scroll","background-type":"","background-media":"","overlay-type":"","overlay-color":"","overlay-opacity":"","overlay-gradient":""},"mobile":{"background-color":"","background-image":"","background-repeat":"repeat","background-position":"center center","background-size":"auto","background-attachment":"scroll","background-type":"","background-media":"","overlay-type":"","overlay-color":"","overlay-opacity":"","overlay-gradient":""}},"ast-content-background-meta":{"desktop":{"background-color":"var(--ast-global-color-5)","background-image":"","background-repeat":"repeat","background-position":"center center","background-size":"auto","background-attachment":"scroll","background-type":"","background-media":"","overlay-type":"","overlay-color":"","overlay-opacity":"","overlay-gradient":""},"tablet":{"background-color":"var(--ast-global-color-5)","background-image":"","background-repeat":"repeat","background-position":"center center","background-size":"auto","background-attachment":"scroll","background-type":"","background-media":"","overlay-type":"","overlay-color":"","overlay-opacity":"","overlay-gradient":""},"mobile":{"background-color":"var(--ast-global-color-5)","background-image":"","background-repeat":"repeat","background-position":"center center","background-size":"auto","background-attachment":"scroll","background-type":"","background-media":"","overlay-type":"","overlay-color":"","overlay-opacity":"","overlay-gradient":""}},"footnotes":""},"class_list":["post-947","page","type-page","status-publish","hentry"],"translation":{"provider":"WPGlobus","version":"3.0.2","language":"en","enabled_languages":["de","en"],"languages":{"de":{"title":true,"content":true,"excerpt":false},"en":{"title":false,"content":false,"excerpt":false}}},"featured_image_urls_v2":{"full":"","thumbnail":"","medium":"","medium_large":"","large":"","1536x1536":"","2048x2048":""},"post_excerpt_stackable_v2":"<p>engl. Convertible Bond Die Wandelanleihe weist zun\u00e4chst die typischen Merkmale einer herk\u00f6mmlichen Anleihe auf, zus\u00e4tzlich r\u00e4umt sie dem Inhaber jedoch die M\u00f6glichkeit ein, w\u00e4hrend eines bestimmten Zeitraumes (Conversion Period) die Wandelanleihe in Aktien des emittierenden Unternehmens umzuwandeln. In welchem Verh\u00e4ltnis und in welcher Zeit bzw. Frist dies geschieht, ist in den Bedienungen der Wandelanleihe geregelt. Hierbei ist der Wandlungspreis entscheidend, welcher ebenfalls in den Bedienungen der Wandelanleihe festgesetzt ist. Dieser Wandlungspreis gibt an, welcher Preis pro Aktie bezahlt werden muss, wenn die Wandelanleihen vom Inhaber in Aktien getauscht werden. Erst wenn der Wandlungspreis unter dem aktuellen B\u00f6rsenkurs der zugrunde liegenden&hellip;<\/p>\n","category_list_v2":"","author_info_v2":{"name":"PrudentWater","url":"https:\/\/prudentwater.com\/en\/author\/niklas33\/"},"comments_num_v2":"0 comments","_links":{"self":[{"href":"https:\/\/prudentwater.com\/en\/wp-json\/wp\/v2\/pages\/947","targetHints":{"allow":["GET"]}}],"collection":[{"href":"https:\/\/prudentwater.com\/en\/wp-json\/wp\/v2\/pages"}],"about":[{"href":"https:\/\/prudentwater.com\/en\/wp-json\/wp\/v2\/types\/page"}],"author":[{"embeddable":true,"href":"https:\/\/prudentwater.com\/en\/wp-json\/wp\/v2\/users\/1"}],"replies":[{"embeddable":true,"href":"https:\/\/prudentwater.com\/en\/wp-json\/wp\/v2\/comments?post=947"}],"version-history":[{"count":0,"href":"https:\/\/prudentwater.com\/en\/wp-json\/wp\/v2\/pages\/947\/revisions"}],"wp:attachment":[{"href":"https:\/\/prudentwater.com\/en\/wp-json\/wp\/v2\/media?parent=947"}],"curies":[{"name":"wp","href":"https:\/\/api.w.org\/{rel}","templated":true}]}}