{"id":950,"date":"2014-09-29T09:04:40","date_gmt":"2014-09-29T09:04:40","guid":{"rendered":"http:\/\/www.kunnskap.de\/?page_id=950"},"modified":"2023-01-15T15:01:32","modified_gmt":"2023-01-15T14:01:32","slug":"eigenkapital","status":"publish","type":"page","link":"https:\/\/prudentwater.com\/en\/eigenkapital\/","title":{"rendered":"Eigenkapital"},"content":{"rendered":"<p>Auch <b>Reinverm\u00f6gen<\/b><br \/>\nengl. <b>Equity<\/b> oder <b>Shareholders&#8217; Equity<\/b><\/p>\n<p>Das Eigenkapital eines Unternehmens ist jener Betrag, der nach Abzug aller Verbindlichkeiten \u00fcbrig bleibt. Eigenkapital kann somit als Restgr\u00f6\u00dfe angesehen werden, welche sich aus dem Differenzbetrag zwischen Verm\u00f6genswerten und Schulden ergibt. Es sind somit jene Mittel, die den Eigent\u00fcmern des Unternehmens geh\u00f6ren und dem Unternehmen selbst f\u00fcr eine unbestimmte Zeit zur Verf\u00fcgung stehen. Das Eigenkapital ist n\u00e4mlich im Gegensatz zum Fremdkapital nicht zeitgebunden. In der Bilanz ist das Eigenkapital die Differenz zwischen der Bilanzsumme und dem gesamten Fremdkapital des Unternehmens. Sowohl das Eigenkapital als auch das Fremdkapital wird in der Bilanz auf der Passivseite ausgewiesen.<\/p>\n<hr>\n<p><b><small>Berechnung:<\/small><\/b><br \/>\n<img loading=\"lazy\" decoding=\"async\" src=\"https:\/\/prudentwater.com\/wp-content\/uploads\/2021\/05\/Eigenkapital.png\" alt=\"eigenkapital\" class=\"aligncenter size-full wp-image-12029\" width=\"569\" height=\"68\" title=\"\"><\/p>\n<hr>\n<p>Eigenkapitalgeber, also Investoren die Aktien des Unternehmens gekauft haben, verlangen ebenso wie Fremdkapitalgeber eine entsprechende Rendite auf ihr investiertes Geld. Dabei handelt es sich um die Eigenkapitalkosten. Dar\u00fcber hinaus hat das Eigenkapital eine vertrauensbildende Funktion, da Gl\u00e4ubiger alleine durch die Haftungsfunktion des Eigenkapitals eher bereit sind, Unternehmen mit hohen Eigenkapitalquoten Geld zu leihen als wenn dem Unternehmen nur ungen\u00fcgend Eigenkapital zur Verf\u00fcgung steht. Ist das Eigenkapital jedoch durch Verluste aufgebraucht, so ist die Summe aller Passiva gr\u00f6\u00dfer als die Summe als Aktiva. In diesem Fall liegt bei dem Unternehmen negatives Eigenkapital vor.<\/p>\n<h3>Bestandteile des Eigenkapitals<\/h3>\n<p>Folgende Posten geh\u00f6ren zum Eigenkapital eines Unternehmens mit der Gemeinsamkeit, dass sie alle dem Unternehmen von den Eigent\u00fcmern ohne zeitliche Begrenzung zur Verf\u00fcgung gestellt wurden. Das gezeichnete Kapital entspricht dem Nennwert aller emittierten Aktien. Die Gewinnr\u00fccklagen sind die erwirtschafteten und angeh\u00e4uften Gewinne des Unternehmens. Die Kapitalr\u00fccklagen entsprechen dem kumulierten Betrag (Ausgabeaufschlag) \u00fcber dem Nennwert je Aktie, welcher bei der Emission der Aktien von den K\u00e4ufern bezahlt wurde. Der Gewinnvortrag bildet sich aus den nicht verwendeten Gewinnen aus den vorherigen Gesch\u00e4ftsjahren. Beim Verlustvortrag handelt es sich um das entsprechende Pendant. Der Jahres\u00fcberschuss ist der Gewinn nach Abzug s\u00e4mtlicher Steuern. Das Gegenteil ist der Jahresverlust.<\/p>\n","protected":false},"excerpt":{"rendered":"<p>Auch Reinverm\u00f6gen engl. Equity oder Shareholders&#8217; Equity Das Eigenkapital eines Unternehmens ist jener Betrag, der nach Abzug aller Verbindlichkeiten \u00fcbrig bleibt. Eigenkapital kann somit als Restgr\u00f6\u00dfe angesehen werden, welche sich aus dem Differenzbetrag zwischen Verm\u00f6genswerten und Schulden ergibt. Es sind somit jene Mittel, die den Eigent\u00fcmern des Unternehmens geh\u00f6ren und dem Unternehmen selbst f\u00fcr eine [&hellip;]<\/p>\n","protected":false},"author":1,"featured_media":0,"parent":0,"menu_order":0,"comment_status":"closed","ping_status":"closed","template":"","meta":{"site-sidebar-layout":"default","site-content-layout":"","ast-site-content-layout":"","site-content-style":"default","site-sidebar-style":"default","ast-global-header-display":"","ast-banner-title-visibility":"","ast-main-header-display":"","ast-hfb-above-header-display":"","ast-hfb-below-header-display":"","ast-hfb-mobile-header-display":"","site-post-title":"","ast-breadcrumbs-content":"","ast-featured-img":"","footer-sml-layout":"","theme-transparent-header-meta":"","adv-header-id-meta":"","stick-header-meta":"","header-above-stick-meta":"","header-main-stick-meta":"","header-below-stick-meta":"","astra-migrate-meta-layouts":"default","ast-page-background-enabled":"default","ast-page-background-meta":{"desktop":{"background-color":"","background-image":"","background-repeat":"repeat","background-position":"center center","background-size":"auto","background-attachment":"scroll","background-type":"","background-media":"","overlay-type":"","overlay-color":"","overlay-opacity":"","overlay-gradient":""},"tablet":{"background-color":"","background-image":"","background-repeat":"repeat","background-position":"center center","background-size":"auto","background-attachment":"scroll","background-type":"","background-media":"","overlay-type":"","overlay-color":"","overlay-opacity":"","overlay-gradient":""},"mobile":{"background-color":"","background-image":"","background-repeat":"repeat","background-position":"center center","background-size":"auto","background-attachment":"scroll","background-type":"","background-media":"","overlay-type":"","overlay-color":"","overlay-opacity":"","overlay-gradient":""}},"ast-content-background-meta":{"desktop":{"background-color":"var(--ast-global-color-5)","background-image":"","background-repeat":"repeat","background-position":"center center","background-size":"auto","background-attachment":"scroll","background-type":"","background-media":"","overlay-type":"","overlay-color":"","overlay-opacity":"","overlay-gradient":""},"tablet":{"background-color":"var(--ast-global-color-5)","background-image":"","background-repeat":"repeat","background-position":"center center","background-size":"auto","background-attachment":"scroll","background-type":"","background-media":"","overlay-type":"","overlay-color":"","overlay-opacity":"","overlay-gradient":""},"mobile":{"background-color":"var(--ast-global-color-5)","background-image":"","background-repeat":"repeat","background-position":"center center","background-size":"auto","background-attachment":"scroll","background-type":"","background-media":"","overlay-type":"","overlay-color":"","overlay-opacity":"","overlay-gradient":""}},"footnotes":""},"class_list":["post-950","page","type-page","status-publish","hentry"],"translation":{"provider":"WPGlobus","version":"3.0.2","language":"en","enabled_languages":["de","en"],"languages":{"de":{"title":true,"content":true,"excerpt":false},"en":{"title":false,"content":false,"excerpt":false}}},"featured_image_urls_v2":{"full":"","thumbnail":"","medium":"","medium_large":"","large":"","1536x1536":"","2048x2048":""},"post_excerpt_stackable_v2":"<p>Auch Reinverm\u00f6gen engl. Equity oder Shareholders&#8217; Equity Das Eigenkapital eines Unternehmens ist jener Betrag, der nach Abzug aller Verbindlichkeiten \u00fcbrig bleibt. Eigenkapital kann somit als Restgr\u00f6\u00dfe angesehen werden, welche sich aus dem Differenzbetrag zwischen Verm\u00f6genswerten und Schulden ergibt. Es sind somit jene Mittel, die den Eigent\u00fcmern des Unternehmens geh\u00f6ren und dem Unternehmen selbst f\u00fcr eine unbestimmte Zeit zur Verf\u00fcgung stehen. Das Eigenkapital ist n\u00e4mlich im Gegensatz zum Fremdkapital nicht zeitgebunden. In der Bilanz ist das Eigenkapital die Differenz zwischen der Bilanzsumme und dem gesamten Fremdkapital des Unternehmens. Sowohl das Eigenkapital als auch das Fremdkapital wird in der Bilanz auf der&hellip;<\/p>\n","category_list_v2":"","author_info_v2":{"name":"PrudentWater","url":"https:\/\/prudentwater.com\/en\/author\/niklas33\/"},"comments_num_v2":"0 comments","_links":{"self":[{"href":"https:\/\/prudentwater.com\/en\/wp-json\/wp\/v2\/pages\/950","targetHints":{"allow":["GET"]}}],"collection":[{"href":"https:\/\/prudentwater.com\/en\/wp-json\/wp\/v2\/pages"}],"about":[{"href":"https:\/\/prudentwater.com\/en\/wp-json\/wp\/v2\/types\/page"}],"author":[{"embeddable":true,"href":"https:\/\/prudentwater.com\/en\/wp-json\/wp\/v2\/users\/1"}],"replies":[{"embeddable":true,"href":"https:\/\/prudentwater.com\/en\/wp-json\/wp\/v2\/comments?post=950"}],"version-history":[{"count":0,"href":"https:\/\/prudentwater.com\/en\/wp-json\/wp\/v2\/pages\/950\/revisions"}],"wp:attachment":[{"href":"https:\/\/prudentwater.com\/en\/wp-json\/wp\/v2\/media?parent=950"}],"curies":[{"name":"wp","href":"https:\/\/api.w.org\/{rel}","templated":true}]}}